{"id":42,"date":"2015-03-13T08:40:47","date_gmt":"2015-03-13T08:40:47","guid":{"rendered":"http:\/\/blogsaverroes.juntadeandalucia.es\/pre\/ceip\/?page_id=42"},"modified":"2021-11-18T11:39:14","modified_gmt":"2021-11-18T11:39:14","slug":"equipo-directivo","status":"publish","type":"page","link":"https:\/\/blogsaverroes.juntadeandalucia.es\/ieslaalgaida\/equipo-directivo\/","title":{"rendered":"Claustro de profesores"},"content":{"rendered":"<p><a href=\"https:\/\/blogsaverroes.juntadeandalucia.es\/ieslaalgaida\/files\/2015\/03\/teaserbox_21414337.png\"><img loading=\"lazy\" decoding=\"async\" class=\"size-full wp-image-2466 alignleft\" src=\"https:\/\/blogsaverroes.juntadeandalucia.es\/ieslaalgaida\/files\/2015\/03\/teaserbox_21414337.png\" alt=\"\" width=\"118\" height=\"145\" srcset=\"https:\/\/blogsaverroes.juntadeandalucia.es\/ieslaalgaida\/files\/2015\/03\/teaserbox_21414337.png 118w, https:\/\/blogsaverroes.juntadeandalucia.es\/ieslaalgaida\/files\/2015\/03\/teaserbox_21414337-20x24.png 20w, https:\/\/blogsaverroes.juntadeandalucia.es\/ieslaalgaida\/files\/2015\/03\/teaserbox_21414337-29x36.png 29w, https:\/\/blogsaverroes.juntadeandalucia.es\/ieslaalgaida\/files\/2015\/03\/teaserbox_21414337-39x48.png 39w\" sizes=\"(max-width: 118px) 100vw, 118px\" \/><\/a>IES LA ALGAIDA RIO SAN PEDRO se caracteriza por&nbsp;su esp\u00edritu convivencia, su alto nivel de profesionalidad y su forma de entender la educaci\u00f3n. La misi\u00f3n del claustro de profesores es plasmar en la realidad estos valores. La planificaci\u00f3n de las clases contempla la necesidad de adaptar los contenidos tanto al plan de estudios como a las circunstancias reales de los alumnos y alumnas. De esta forma, les brindamos la ocasi\u00f3n de sentar las bases de una carrera profesional exitosa.<\/p>\n<p><strong>&nbsp;<\/strong><br \/>\nEstaremos encantados de poder formar a sus hijos en nuestro centro durante el curso 2021\/2022 los siguientes profesionales:<\/p>\n<table border=\"1\" cellspacing=\"0\" cellpadding=\"0\">\n<tbody>\n<tr>\n<td valign=\"top\" width=\"216\"><span style=\"color: #000\"><b>NOMBRE<\/b><\/span><\/td>\n<td valign=\"top\" width=\"216\"><strong>CARGO DIRECTIVO&nbsp;<\/strong><\/td>\n<\/tr>\n<tr>\n<td valign=\"top\" width=\"216\">Juan Carlos Dom\u00ednguez P\u00e9rez<\/td>\n<td valign=\"top\" width=\"216\"><strong>Director<\/strong><\/td>\n<\/tr>\n<tr>\n<td valign=\"top\" width=\"216\">Raquel Robles Monta\u00f1o<\/td>\n<td valign=\"top\" width=\"216\"><strong>Jefa de Estudios<\/strong><\/td>\n<\/tr>\n<tr>\n<td valign=\"top\" width=\"216\">Jose Mar\u00eda Capilla Alba<\/td>\n<td valign=\"top\" width=\"216\"><strong>Secretario<\/strong><\/td>\n<\/tr>\n<\/tbody>\n<\/table>\n<h3>&nbsp;<\/h3>\n<h3><span class=\"diyfeDecoration\">Miembros del claustro, por departamentos y cargos.<\/span><\/h3>\n<div class=\"n module-type-text diyfeLiveArea \">\n<table style=\"height: 3063px;width: 44.9136%\" border=\"1\" width=\"446\" cellspacing=\"0\" cellpadding=\"0\">\n<tbody>\n<tr style=\"height: 36px\">\n<td style=\"width: 36.4759%;height: 36px\">\n<p align=\"center\"><strong>DEPARTAMENTOS<\/strong><\/p>\n<\/td>\n<td style=\"width: 21.5461%;height: 36px\">\n<p align=\"center\"><strong>MIEMBROS<\/strong><\/p>\n<\/td>\n<td style=\"width: 52.3552%;height: 36px\" colspan=\"2\">\n<p align=\"center\"><strong>CARGOS<\/strong><\/p>\n<\/td>\n<\/tr>\n<tr style=\"height: 44px\">\n<td style=\"width: 36.4759%;height: 154px\" rowspan=\"3\"><strong>CIENCIAS NATURALES<\/strong><\/td>\n<td style=\"width: 21.5461%;height: 44px\">Mar\u00eda del Mar D\u00edaz Castellano<\/td>\n<td style=\"width: 25.0549%;height: 44px\">Jefa de Departamento<\/td>\n<td style=\"width: 27.3003%;height: 44px\">&nbsp;<\/td>\n<\/tr>\n<tr style=\"height: 66px\">\n<td style=\"width: 21.5461%;height: 66px\">Raquel Robles Monta\u00f1o<\/td>\n<td style=\"width: 25.0549%;height: 66px\">Jefa&nbsp; de Estudios<\/td>\n<td style=\"width: 27.3003%;height: 66px\">&nbsp;<\/td>\n<\/tr>\n<tr style=\"height: 44px\">\n<td style=\"width: 21.5461%;height: 44px\">Jos\u00e9 Carlos Navarrete Fern\u00e1ndez<\/td>\n<td style=\"width: 25.0549%;height: 44px\">&nbsp;<\/td>\n<td style=\"width: 27.3003%;height: 44px\">&nbsp;<\/td>\n<\/tr>\n<tr style=\"height: 66px\">\n<td style=\"width: 36.4759%;height: 176px\" rowspan=\"3\"><strong>GEOGRAF\u00cdA E HISTORIA<\/strong><\/td>\n<td style=\"width: 21.5461%;height: 66px\">Raquel Mill\u00e1n S\u00e1nchez&nbsp;<\/td>\n<td style=\"width: 25.0549%;height: 66px\">Jefa de Departamento<\/td>\n<td style=\"width: 27.3003%;height: 66px\">&nbsp;<\/td>\n<\/tr>\n<tr style=\"height: 66px\">\n<td style=\"width: 21.5461%;height: 66px\">Juan Carlos Dom\u00ednguez P\u00e9rez&nbsp;<\/td>\n<td style=\"width: 25.0549%;height: 66px\">Director&nbsp;<\/td>\n<td style=\"width: 27.3003%;height: 66px\">&nbsp;<\/td>\n<\/tr>\n<tr style=\"height: 44px\">\n<td style=\"width: 21.5461%;height: 44px\">Francisco Vel\u00e1zquez Manzano&nbsp;<\/td>\n<td style=\"width: 25.0549%;height: 44px\">&nbsp;Jefe de EFEI<\/td>\n<td style=\"width: 27.3003%;height: 44px\">&nbsp;<\/td>\n<\/tr>\n<tr style=\"height: 139px\">\n<td style=\"width: 36.4759%;height: 205px\" rowspan=\"2\"><strong>LENGUA Y LITERATURA<\/strong><\/td>\n<td style=\"width: 21.5461%;height: 139px\">Inmaculada Garc\u00eda&nbsp; Moreno<\/td>\n<td style=\"width: 25.0549%;height: 139px\">Jefa de Departamento.<\/p>\n<p>Coordinadora&nbsp;<\/p>\n<p>\u00c1rea Socioling\u00fc\u00edstica<\/p>\n<p>&nbsp;<\/td>\n<td style=\"width: 27.3003%;height: 139px\">&nbsp;<\/td>\n<\/tr>\n<tr style=\"height: 66px\">\n<td style=\"width: 21.5461%;height: 66px\">Carmen P\u00e9rez Fern\u00e1ndez<\/td>\n<td style=\"width: 25.0549%;height: 66px\">&nbsp;<\/td>\n<td style=\"width: 27.3003%;height: 66px\">Tutora 3\u00baA<\/td>\n<\/tr>\n<tr style=\"height: 66px\">\n<td style=\"width: 36.4759%;height: 66px\">&nbsp;<\/td>\n<td style=\"width: 21.5461%;height: 66px\">Sonia Luc\u00eda Moreno Rodr\u00edguez&nbsp;<\/td>\n<td style=\"width: 25.0549%;height: 66px\">&nbsp;<\/td>\n<td style=\"width: 27.3003%;height: 66px\">Tutora 4\u00baB&nbsp;&nbsp;<\/td>\n<\/tr>\n<tr style=\"height: 44px\">\n<td style=\"width: 36.4759%;height: 184px\" rowspan=\"4\"><strong>MATEM\u00c1TICAS<\/strong><\/td>\n<td style=\"width: 21.5461%;height: 44px\">Jos\u00e9 Mar\u00eda Capilla Alba&nbsp;<\/td>\n<td style=\"width: 25.0549%;height: 44px\">Secretario. Coordinador Covid.<\/td>\n<td style=\"width: 27.3003%;height: 44px\">&nbsp;<\/td>\n<\/tr>\n<tr style=\"height: 44px\">\n<td style=\"width: 21.5461%;height: 44px\">Francisco Javier Argudo Pe\u00f1a&nbsp;<\/td>\n<td style=\"width: 25.0549%;height: 44px\">Coordinador Prevenci\u00f3n y riesgos laborales<\/td>\n<td style=\"width: 27.3003%;height: 44px\">Tutor 1\u00ba A<\/td>\n<\/tr>\n<tr style=\"height: 86px\">\n<td style=\"width: 21.5461%;height: 86px\">Felipe Gonz\u00e1lez Fern\u00e1ndez&nbsp;<\/td>\n<td style=\"width: 25.0549%;height: 86px\">Jefe de Departamento&nbsp;<\/td>\n<td style=\"width: 27.3003%;height: 86px\">&nbsp;<\/td>\n<\/tr>\n<tr style=\"height: 1px\">\n<td style=\"width: 21.5461%;height: 10px\">Lidia&nbsp; Su\u00e1rez Rosado<\/td>\n<td style=\"width: 25.0549%;height: 10px\">&nbsp;<\/p>\n<p>&nbsp;<\/p>\n<p>&nbsp;<\/td>\n<td style=\"width: 27.3003%;height: 10px\">Tutora 2\u00baB<\/td>\n<\/tr>\n<tr>\n<td style=\"width: 36.4759%\"><strong>&nbsp;<\/strong><\/td>\n<td style=\"width: 21.5461%\">&nbsp;<\/td>\n<td style=\"width: 25.0549%\">&nbsp;<\/td>\n<td style=\"width: 27.3003%\">&nbsp;<\/td>\n<\/tr>\n<tr style=\"height: 144px\">\n<td style=\"width: 36.4759%;height: 210px\" rowspan=\"2\"><strong>TECNOLOG\u00cdA<\/strong><\/td>\n<td style=\"width: 21.5461%;height: 144px\">Ana Garc\u00eda Jim\u00e9nez<\/td>\n<td style=\"width: 25.0549%;height: 144px\">Jefa de Departamento<\/p>\n<p>Coordinadora&nbsp;<\/p>\n<p>\u00c1rea Cient\u00edfico- Tecnol\u00f3gica.<\/td>\n<td style=\"width: 27.3003%;height: 144px\">&nbsp;<\/td>\n<\/tr>\n<tr style=\"height: 66px\">\n<td style=\"width: 21.5461%;height: 66px\">&nbsp;Antonio Rodr\u00edguez P\u00e9rez<\/td>\n<td style=\"width: 25.0549%;height: 66px\">Coordinador TDE.<\/td>\n<td style=\"width: 27.3003%;height: 66px\">&nbsp;<\/td>\n<\/tr>\n<tr style=\"height: 90px\">\n<td style=\"width: 36.4759%;height: 156px\" rowspan=\"3\"><strong>IDIOMAS <\/strong><\/td>\n<td style=\"width: 21.5461%;height: 90px\">Carmina Asegurado Montoya<\/p>\n<p>&nbsp;<\/td>\n<td style=\"width: 25.0549%;height: 90px\">Jefa de Departamento<\/td>\n<td style=\"width: 27.3003%;height: 90px\">&nbsp;<\/td>\n<\/tr>\n<tr style=\"height: 44px\">\n<td style=\"width: 21.5461%;height: 44px\">M\u00aa Luisa Ferrer<\/td>\n<td style=\"width: 25.0549%;height: 44px\">Jefa de Departamento de Convivencia&nbsp;<\/td>\n<td style=\"width: 27.3003%;height: 44px\">&nbsp;<\/td>\n<\/tr>\n<tr style=\"height: 22px\">\n<td style=\"width: 21.5461%;height: 22px\">Vanesa Baro P\u00e9rez<\/td>\n<td style=\"width: 25.0549%;height: 22px\">Franc\u00e9s<\/td>\n<td style=\"width: 27.3003%;height: 22px\">Tutora 4\u00baA<\/td>\n<\/tr>\n<tr>\n<td style=\"width: 36.4759%\"><strong>&nbsp;<\/strong><\/td>\n<td style=\"width: 21.5461%\">&nbsp;<\/td>\n<td style=\"width: 25.0549%\">&nbsp;<\/td>\n<td style=\"width: 27.3003%\">&nbsp;<\/td>\n<\/tr>\n<tr style=\"height: 68px\">\n<td style=\"width: 36.4759%;height: 68px\"><strong>EDUCACI\u00d3N F\u00cdSICA- ART\u00cdATICA Y MUSICAL<\/strong><\/td>\n<td style=\"width: 21.5461%;height: 68px\">Fco. Javier Jim\u00e9nez Fonseca<\/td>\n<td style=\"width: 25.0549%;height: 68px\">Jefe de Departamento&nbsp;<\/td>\n<td style=\"width: 27.3003%;height: 68px\">&nbsp;<\/p>\n<p>&nbsp;<\/td>\n<\/tr>\n<tr>\n<td style=\"width: 36.4759%\"><strong>&nbsp;<\/strong><\/td>\n<td style=\"width: 21.5461%\">Luc\u00eda Godoy Vilches\/Raquel Mart\u00edn Jim\u00e9nez<\/td>\n<td style=\"width: 25.0549%\">M\u00fasica<\/td>\n<td style=\"width: 27.3003%\">Tutora 1\u00baB<\/td>\n<\/tr>\n<tr>\n<td style=\"width: 36.4759%\"><strong>&nbsp;<\/strong><\/td>\n<td style=\"width: 21.5461%\">Antonio C\u00e1novas Valero<\/td>\n<td style=\"width: 25.0549%\">E.F.<\/td>\n<td style=\"width: 27.3003%\">&nbsp;<\/td>\n<\/tr>\n<tr style=\"height: 22px\">\n<td style=\"width: 36.4759%;height: 178px\" rowspan=\"4\"><strong>ORIENTACI\u00d3N<\/strong><\/td>\n<td style=\"width: 21.5461%;height: 22px\">Sonia Mel\u00e9ndez Luque&nbsp;<\/td>\n<td style=\"width: 25.0549%;height: 22px\">Jefa de Departamento&nbsp;<\/td>\n<td style=\"width: 27.3003%;height: 22px\">&nbsp;<\/td>\n<\/tr>\n<tr style=\"height: 68px\">\n<td style=\"width: 21.5461%;height: 68px\">Oliva Mel\u00e9ndez Bellido<\/td>\n<td style=\"width: 25.0549%;height: 68px\">Apoyo Compensatoria.<\/td>\n<td style=\"width: 27.3003%;height: 68px\">&nbsp;<\/p>\n<p>&nbsp;<\/td>\n<\/tr>\n<tr style=\"height: 44px\">\n<td style=\"width: 21.5461%;height: 44px\">Aida Blanco Salazar<\/td>\n<td style=\"width: 25.0549%;height: 44px\">Pedagog\u00eda Terap\u00e9utica.<\/td>\n<td style=\"width: 27.3003%;height: 44px\">&nbsp;<\/td>\n<\/tr>\n<tr style=\"height: 44px\">\n<td style=\"width: 21.5461%;height: 44px\">Tamara Osorio Villegas.<\/td>\n<td style=\"width: 25.0549%;height: 44px\">Pedagog\u00eda Terap\u00e9utica.<\/td>\n<td style=\"width: 27.3003%;height: 44px\">&nbsp;<\/td>\n<\/tr>\n<tr style=\"height: 68px\">\n<td style=\"width: 36.4759%;height: 68px\"><strong>RELIGI\u00d3N<\/strong><\/td>\n<td style=\"width: 21.5461%;height: 68px\">Lourdes Garc\u00eda Bandera.<\/td>\n<td style=\"width: 25.0549%;height: 68px\">Jefa de Departamento<\/td>\n<td style=\"width: 27.3003%;height: 68px\">&nbsp;<\/p>\n<p>&nbsp;<\/td>\n<\/tr>\n<tr>\n<td style=\"width: 36.4759%\"><strong>&nbsp;<\/strong><\/td>\n<td style=\"width: 21.5461%\">Macarena Moscosio Rosso<\/td>\n<td style=\"width: 25.0549%\">&nbsp;<\/td>\n<td style=\"width: 27.3003%\">&nbsp;<\/td>\n<\/tr>\n<\/tbody>\n<\/table>\n<h3>&nbsp;<\/h3>\n<h3><span class=\"diyfeDecoration\">Horario de atenci\u00f3n Tutores\/Tutoras:<\/span><\/h3>\n<p><strong>Lunes 16:30 a 17:30&nbsp; Previa petici\u00f3n de cita<br \/>\n<\/strong><\/p>\n<table border=\"1\" cellspacing=\"0\" cellpadding=\"0\">\n<tbody>\n<tr style=\"height: 91px\">\n<td style=\"height: 91px\" valign=\"top\" width=\"105\">&nbsp;<\/p>\n<p><strong>Nombre Tutor\/a<\/strong><\/td>\n<td style=\"height: 91px\" valign=\"top\" width=\"71\">&nbsp;<\/p>\n<p><strong>Curso<\/strong><br \/>\n&nbsp;<\/td>\n<td style=\"height: 91px\" valign=\"top\" width=\"71\">&nbsp;<\/p>\n<p><strong>Horario de consultas<\/strong><br \/>\n&nbsp;<\/td>\n<\/tr>\n<tr style=\"height: 22px\">\n<td style=\"height: 22px\" valign=\"top\" width=\"105\">Ver\u00f3nica Vir\u00faes&nbsp;<\/td>\n<td style=\"height: 22px;text-align: center\" valign=\"top\" width=\"71\">1\u00baA<\/td>\n<td style=\"height: 22px\" valign=\"top\" width=\"85\"><strong>&nbsp;<\/strong><\/td>\n<\/tr>\n<tr style=\"height: 22px\">\n<td style=\"height: 22px\" valign=\"top\" width=\"105\">Felipe Gonz\u00e1lez Fern\u00e1ndez&nbsp;<\/td>\n<td style=\"height: 22px;text-align: center\" valign=\"top\" width=\"71\">1\u00baB<\/td>\n<td style=\"height: 22px\" valign=\"top\" width=\"85\"><strong>&nbsp;<\/strong><\/td>\n<\/tr>\n<tr style=\"height: 22px\">\n<td style=\"height: 22px\" valign=\"top\" width=\"105\">Carolina M\u00e1rquez Ca\u00f1as&nbsp;<\/td>\n<td style=\"height: 22px;text-align: center\" valign=\"top\" width=\"71\">2\u00baA<\/td>\n<td style=\"height: 22px\" valign=\"top\" width=\"85\"><strong>&nbsp;<\/strong><\/td>\n<\/tr>\n<tr style=\"height: 22px\">\n<td style=\"height: 22px\" valign=\"top\" width=\"105\">Luc\u00eda Godoy Vilches&nbsp;<\/td>\n<td style=\"height: 22px;text-align: center\" valign=\"top\" width=\"71\">2\u00baB<\/td>\n<td style=\"height: 22px\" valign=\"top\" width=\"85\"><strong>&nbsp;<\/strong><\/td>\n<\/tr>\n<tr style=\"height: 22px\">\n<td style=\"height: 22px\" valign=\"top\" width=\"105\">Eva Mar\u00eda Luna Dur\u00e1n&nbsp;<\/td>\n<td style=\"height: 22px;text-align: center\" valign=\"top\" width=\"71\">3\u00baA<\/td>\n<td style=\"height: 22px\" valign=\"top\" width=\"85\"><strong>&nbsp;<\/strong><\/td>\n<\/tr>\n<tr style=\"height: 22px\">\n<td style=\"height: 22px\" valign=\"top\" width=\"105\">Carmen P\u00e9rez Fern\u00e1ndez&nbsp;<\/td>\n<td style=\"height: 22px;text-align: center\" valign=\"top\" width=\"71\">3\u00baB<\/td>\n<td style=\"height: 22px\" valign=\"top\" width=\"85\"><strong>&nbsp;<\/strong><\/td>\n<\/tr>\n<tr style=\"height: 22.7px\">\n<td style=\"height: 22.7px\" valign=\"top\" width=\"105\">&nbsp;<\/td>\n<td style=\"height: 22.7px;text-align: center\" valign=\"top\" width=\"71\">&nbsp;<\/td>\n<td style=\"height: 22.7px\" valign=\"top\" width=\"85\"><strong>&nbsp;<\/strong><\/td>\n<\/tr>\n<tr style=\"height: 22px\">\n<td style=\"height: 22px\" valign=\"top\" width=\"105\">Sonia Mel\u00e9ndez Luque&nbsp;<\/td>\n<td style=\"height: 22px;text-align: center\" valign=\"top\" width=\"71\">PMAR<\/p>\n<p>( Co-Tutor\u00eda)<\/td>\n<td style=\"height: 22px\" valign=\"top\" width=\"85\"><strong>&nbsp;<\/strong><\/td>\n<\/tr>\n<tr style=\"height: 22px\">\n<td style=\"height: 22px\" valign=\"top\" width=\"105\">Luis Caballero Calatrava&nbsp;<\/td>\n<td style=\"height: 22px;text-align: center\" valign=\"top\" width=\"71\">4\u00baA<\/td>\n<td style=\"height: 22px\" valign=\"top\" width=\"85\"><strong>&nbsp;<\/strong><\/td>\n<\/tr>\n<tr style=\"height: 36px\">\n<td style=\"height: 36px\" valign=\"top\" width=\"105\">Sonia Luc\u00eda Moreno Rodr\u00edguez&nbsp;<\/td>\n<td style=\"height: 36px;text-align: center\" valign=\"top\" width=\"71\">4\u00baB<\/td>\n<td style=\"height: 36px\" valign=\"top\" width=\"85\">\n<p align=\"center\"><strong>&nbsp;<\/strong><\/p>\n<\/td>\n<\/tr>\n<\/tbody>\n<\/table>\n<\/div>\n","protected":false},"excerpt":{"rendered":"<p>IES LA ALGAIDA RIO SAN PEDRO se caracteriza por&nbsp;su esp\u00edritu convivencia, su alto nivel de profesionalidad y su forma de entender la educaci\u00f3n. La misi\u00f3n del claustro de profesores es plasmar en la realidad estos valores. La planificaci\u00f3n de las clases contempla la necesidad de adaptar los contenidos tanto al plan de estudios como a &hellip; <\/p>\n<p class=\"link-more\"><a href=\"https:\/\/blogsaverroes.juntadeandalucia.es\/ieslaalgaida\/equipo-directivo\/\" class=\"more-link\">Continuar leyendo<span class=\"screen-reader-text\"> \u00abClaustro de profesores\u00bb<\/span><\/a><\/p>\n","protected":false},"author":1,"featured_media":0,"parent":0,"menu_order":0,"comment_status":"closed","ping_status":"open","template":"","meta":{"ngg_post_thumbnail":0,"footnotes":"","_mc_calendar":[]},"aioseo_notices":[],"_links":{"self":[{"href":"https:\/\/blogsaverroes.juntadeandalucia.es\/ieslaalgaida\/wp-json\/wp\/v2\/pages\/42"}],"collection":[{"href":"https:\/\/blogsaverroes.juntadeandalucia.es\/ieslaalgaida\/wp-json\/wp\/v2\/pages"}],"about":[{"href":"https:\/\/blogsaverroes.juntadeandalucia.es\/ieslaalgaida\/wp-json\/wp\/v2\/types\/page"}],"author":[{"embeddable":true,"href":"https:\/\/blogsaverroes.juntadeandalucia.es\/ieslaalgaida\/wp-json\/wp\/v2\/users\/1"}],"replies":[{"embeddable":true,"href":"https:\/\/blogsaverroes.juntadeandalucia.es\/ieslaalgaida\/wp-json\/wp\/v2\/comments?post=42"}],"version-history":[{"count":26,"href":"https:\/\/blogsaverroes.juntadeandalucia.es\/ieslaalgaida\/wp-json\/wp\/v2\/pages\/42\/revisions"}],"predecessor-version":[{"id":4174,"href":"https:\/\/blogsaverroes.juntadeandalucia.es\/ieslaalgaida\/wp-json\/wp\/v2\/pages\/42\/revisions\/4174"}],"wp:attachment":[{"href":"https:\/\/blogsaverroes.juntadeandalucia.es\/ieslaalgaida\/wp-json\/wp\/v2\/media?parent=42"}],"curies":[{"name":"wp","href":"https:\/\/api.w.org\/{rel}","templated":true}]}}