{"id":82,"date":"2015-03-16T06:59:55","date_gmt":"2015-03-16T06:59:55","guid":{"rendered":"http:\/\/blogsaverroes.juntadeandalucia.es\/pre\/ceip\/?page_id=82"},"modified":"2021-12-22T09:52:32","modified_gmt":"2021-12-22T09:52:32","slug":"horarios","status":"publish","type":"page","link":"https:\/\/blogsaverroes.juntadeandalucia.es\/ieslaalgaida\/horarios\/","title":{"rendered":"Horarios"},"content":{"rendered":"<p><img loading=\"lazy\" decoding=\"async\" class=\"alignnone size-medium wp-image-1675\" src=\"http:\/\/blogsaverroes.juntadeandalucia.es\/ieslaalgaida\/files\/2015\/03\/horario2-300x211.jpg\" alt=\"horario2\" width=\"300\" height=\"211\" srcset=\"https:\/\/blogsaverroes.juntadeandalucia.es\/ieslaalgaida\/files\/2015\/03\/horario2-300x211.jpg 300w, https:\/\/blogsaverroes.juntadeandalucia.es\/ieslaalgaida\/files\/2015\/03\/horario2.jpg 640w\" sizes=\"(max-width: 300px) 100vw, 300px\" \/><\/p>\n<h3><span class=\"diyfeDecoration\">HORARIO DE SECRETAR\u00cdA<\/span><\/h3>\n<p>El horario de atenci\u00f3n al p\u00fablico es de 9:30 a 12:30<\/p>\n<p>De Lunes a Viernes<\/p>\n<h3>AMPA<\/h3>\n<p>Horario de atenci\u00f3n al p\u00fablico<br \/>\nLunes y Jueves De 11:00 a 12:00<\/p>\n<h3>HORARIO DE GRUPOS<\/h3>\n<h4><strong><a href=\"https:\/\/blogsaverroes.juntadeandalucia.es\/ieslaalgaida\/files\/2021\/12\/Horario-peque\u00f1o-Grupos.pdf\">Horario Grupos<\/a><\/strong><\/h4>\n<p><a href=\"https:\/\/blogsaverroes.juntadeandalucia.es\/ieslaalgaida\/files\/2021\/12\/IMG_20211222_100026.jpg\"><img loading=\"lazy\" decoding=\"async\" class=\"alignnone size-full wp-image-4297\" src=\"https:\/\/blogsaverroes.juntadeandalucia.es\/ieslaalgaida\/files\/2021\/12\/IMG_20211222_100026.jpg\" alt=\"\" width=\"1005\" height=\"1400\" srcset=\"https:\/\/blogsaverroes.juntadeandalucia.es\/ieslaalgaida\/files\/2021\/12\/IMG_20211222_100026.jpg 1005w, https:\/\/blogsaverroes.juntadeandalucia.es\/ieslaalgaida\/files\/2021\/12\/IMG_20211222_100026-215x300.jpg 215w, https:\/\/blogsaverroes.juntadeandalucia.es\/ieslaalgaida\/files\/2021\/12\/IMG_20211222_100026-735x1024.jpg 735w, https:\/\/blogsaverroes.juntadeandalucia.es\/ieslaalgaida\/files\/2021\/12\/IMG_20211222_100026-768x1070.jpg 768w\" sizes=\"(max-width: 767px) 89vw, (max-width: 1000px) 54vw, (max-width: 1071px) 543px, 580px\" \/><\/a> <a href=\"https:\/\/blogsaverroes.juntadeandalucia.es\/ieslaalgaida\/files\/2021\/12\/IMG_20211222_100726.jpg\"><img loading=\"lazy\" decoding=\"async\" class=\"alignnone size-full wp-image-4298\" src=\"https:\/\/blogsaverroes.juntadeandalucia.es\/ieslaalgaida\/files\/2021\/12\/IMG_20211222_100726.jpg\" alt=\"\" width=\"1010\" height=\"670\" srcset=\"https:\/\/blogsaverroes.juntadeandalucia.es\/ieslaalgaida\/files\/2021\/12\/IMG_20211222_100726.jpg 1010w, https:\/\/blogsaverroes.juntadeandalucia.es\/ieslaalgaida\/files\/2021\/12\/IMG_20211222_100726-300x199.jpg 300w, https:\/\/blogsaverroes.juntadeandalucia.es\/ieslaalgaida\/files\/2021\/12\/IMG_20211222_100726-768x509.jpg 768w\" sizes=\"(max-width: 767px) 89vw, (max-width: 1000px) 54vw, (max-width: 1071px) 543px, 580px\" \/><\/a><\/p>\n<p>&nbsp;<\/p>\n","protected":false},"excerpt":{"rendered":"<p>HORARIO DE SECRETAR\u00cdA El horario de atenci\u00f3n al p\u00fablico es de 9:30 a 12:30 De Lunes a Viernes AMPA Horario de atenci\u00f3n al p\u00fablico Lunes y Jueves De 11:00 a 12:00 HORARIO DE GRUPOS Horario Grupos &nbsp;<\/p>\n","protected":false},"author":1,"featured_media":0,"parent":0,"menu_order":0,"comment_status":"closed","ping_status":"open","template":"","meta":{"ngg_post_thumbnail":0,"footnotes":"","_mc_calendar":[]},"aioseo_notices":[],"_links":{"self":[{"href":"https:\/\/blogsaverroes.juntadeandalucia.es\/ieslaalgaida\/wp-json\/wp\/v2\/pages\/82"}],"collection":[{"href":"https:\/\/blogsaverroes.juntadeandalucia.es\/ieslaalgaida\/wp-json\/wp\/v2\/pages"}],"about":[{"href":"https:\/\/blogsaverroes.juntadeandalucia.es\/ieslaalgaida\/wp-json\/wp\/v2\/types\/page"}],"author":[{"embeddable":true,"href":"https:\/\/blogsaverroes.juntadeandalucia.es\/ieslaalgaida\/wp-json\/wp\/v2\/users\/1"}],"replies":[{"embeddable":true,"href":"https:\/\/blogsaverroes.juntadeandalucia.es\/ieslaalgaida\/wp-json\/wp\/v2\/comments?post=82"}],"version-history":[{"count":13,"href":"https:\/\/blogsaverroes.juntadeandalucia.es\/ieslaalgaida\/wp-json\/wp\/v2\/pages\/82\/revisions"}],"predecessor-version":[{"id":4299,"href":"https:\/\/blogsaverroes.juntadeandalucia.es\/ieslaalgaida\/wp-json\/wp\/v2\/pages\/82\/revisions\/4299"}],"wp:attachment":[{"href":"https:\/\/blogsaverroes.juntadeandalucia.es\/ieslaalgaida\/wp-json\/wp\/v2\/media?parent=82"}],"curies":[{"name":"wp","href":"https:\/\/api.w.org\/{rel}","templated":true}]}}