{"id":2708,"date":"2021-01-21T19:37:51","date_gmt":"2021-01-21T19:37:51","guid":{"rendered":"https:\/\/blogsaverroes.juntadeandalucia.es\/ieslabahia\/?page_id=2708"},"modified":"2021-01-30T12:40:40","modified_gmt":"2021-01-30T12:40:40","slug":"alumnado-y-tutores-legales","status":"publish","type":"page","link":"https:\/\/blogsaverroes.juntadeandalucia.es\/ieslabahia\/alumnado-y-tutores-legales\/","title":{"rendered":"S.V. Alumnado y Tutores"},"content":{"rendered":"<h3>Accede a<strong> S.V. del IES La Bah\u00eda<\/strong> para solicitar:<\/h3>\n<ul>\n<li>\n<h3>Certificados: acad\u00e9micos, matriculaci\u00f3n, asistencia regular,&#8230;<\/h3>\n<\/li>\n<li>\n<h3>Copias de ex\u00e1menes.<\/h3>\n<\/li>\n<li>\n<h3>Convalidaci\u00f3n de m\u00f3dulos profesionales.<\/h3>\n<\/li>\n<li>\n<h3>Aportaci\u00f3n de documentaci\u00f3n solicitada por el propio centro.<\/h3>\n<\/li>\n<li>\n<h3>Solicitud gen\u00e9rica.<\/h3>\n<\/li>\n<\/ul>\n<h3>Accede a <strong>S.V. de la Consejer\u00eda de Educaci\u00f3n y Deporte de la Junta de Andaluc\u00eda<\/strong> para solicitar:<\/h3>\n<ul>\n<li>\n<h3>T\u00edtulos.<\/h3>\n<\/li>\n<li>\n<h3>Becas.<\/h3>\n<\/li>\n<li>\n<h3>Pago del Seguro Escolar.<\/h3>\n<\/li>\n<\/ul>\n","protected":false},"excerpt":{"rendered":"<p>Accede a S.V. del IES La Bah\u00eda para solicitar: Certificados: acad\u00e9micos, matriculaci\u00f3n, asistencia regular,&#8230; Copias de ex\u00e1menes. Convalidaci\u00f3n de m\u00f3dulos&#46;&#46;&#46;<\/p>\n","protected":false},"author":11878,"featured_media":0,"parent":0,"menu_order":0,"comment_status":"closed","ping_status":"closed","template":"page-c.php","meta":{"ngg_post_thumbnail":0,"footnotes":"","_mc_calendar":[]},"aioseo_notices":[],"_links":{"self":[{"href":"https:\/\/blogsaverroes.juntadeandalucia.es\/ieslabahia\/wp-json\/wp\/v2\/pages\/2708"}],"collection":[{"href":"https:\/\/blogsaverroes.juntadeandalucia.es\/ieslabahia\/wp-json\/wp\/v2\/pages"}],"about":[{"href":"https:\/\/blogsaverroes.juntadeandalucia.es\/ieslabahia\/wp-json\/wp\/v2\/types\/page"}],"author":[{"embeddable":true,"href":"https:\/\/blogsaverroes.juntadeandalucia.es\/ieslabahia\/wp-json\/wp\/v2\/users\/11878"}],"replies":[{"embeddable":true,"href":"https:\/\/blogsaverroes.juntadeandalucia.es\/ieslabahia\/wp-json\/wp\/v2\/comments?post=2708"}],"version-history":[{"count":8,"href":"https:\/\/blogsaverroes.juntadeandalucia.es\/ieslabahia\/wp-json\/wp\/v2\/pages\/2708\/revisions"}],"predecessor-version":[{"id":2913,"href":"https:\/\/blogsaverroes.juntadeandalucia.es\/ieslabahia\/wp-json\/wp\/v2\/pages\/2708\/revisions\/2913"}],"wp:attachment":[{"href":"https:\/\/blogsaverroes.juntadeandalucia.es\/ieslabahia\/wp-json\/wp\/v2\/media?parent=2708"}],"curies":[{"name":"wp","href":"https:\/\/api.w.org\/{rel}","templated":true}]}}