{"id":2711,"date":"2021-01-21T19:40:19","date_gmt":"2021-01-21T19:40:19","guid":{"rendered":"https:\/\/blogsaverroes.juntadeandalucia.es\/ieslabahia\/?page_id=2711"},"modified":"2024-03-06T12:33:26","modified_gmt":"2024-03-06T11:33:26","slug":"permisos-y-licencias","status":"publish","type":"page","link":"https:\/\/blogsaverroes.juntadeandalucia.es\/ieslabahia\/permisos-y-licencias\/","title":{"rendered":"Permisos y Licencias"},"content":{"rendered":"<h1><span style=\"color: #800000\"><span style=\"color: #ff0000\">NOVEDAD &nbsp;<\/span><\/span><span style=\"color: #ff0000\"> ENERO 2024 &nbsp; &nbsp; &nbsp; &nbsp; NOVEDAD ENERO 2024<br \/>\n<\/span><\/h1>\n<p style=\"text-align: justify\">Por orden de la Consejer\u00eda de Educaci\u00f3n y siguiendo sus instrucciones, desde el d\u00eda 9 de enero de 2024 se encuentra habilitado en S\u00e9neca el nuevo m\u00f3dulo para la solicitud y gesti\u00f3n de todas las ausencias del profesorado que presta servicio en los centros educativos de la Junta de Andaluc\u00eda. Dichas solicitudes de permiso\/licencias, de incapacidad temporal (bajas y altas) y\/o ausencias tienen que ser solicitadas y tramitadas por el interesado a trav\u00e9s de S\u00c9NECA siguiendo la ruta:&nbsp; PERSONAL \u2192 AUSENCIAS \u2192 SOLICITUD DE PERMISOS Y LICENCIAS \u2192 NUEVA SOLICITUD<\/p>\n<p style=\"text-align: justify\">Las solicitudes tienen que estar debidamente cumplimentadas en todos sus campos y firmadas por el interesado, adem\u00e1s adjuntando la justificaci\u00f3n necesaria en funci\u00f3n del tipo de permiso\/licencia. Muy importante tener en cuenta los plazos para solicitar los permisos.<\/p>\n<p style=\"text-align: justify\">Toda la normativa e informaci\u00f3n al respecto de cada permiso\/licencia la ten\u00e9is disponible en la <a href=\"https:\/\/blogsaverroes.juntadeandalucia.es\/ieslabahia\/files\/2024\/01\/CIRCULAR-DE-11-DE-JUNIO-DE-2021-PERMISOS-Y-LICENCIASF.pdf\">Circular de 11 de junio de 2021, de la Direcci\u00f3n General del Profesorado y Gesti\u00f3n de Recursos Humanos, sobre permisos, licencias y reducciones de jornada del personal docente<\/a>.<\/p>\n<p style=\"text-align: justify\">Se adjunta a continuaci\u00f3n el \u201cManual de usuario para la solicitud de licencias y permisos\u201d facilitado por la Consejer\u00eda de Educaci\u00f3n con las instrucciones para su consulta por parte del profesorado.&nbsp; <a href=\"https:\/\/blogsaverroes.juntadeandalucia.es\/ieslabahia\/files\/2024\/01\/Manual-Solicitud-Permisos-Licencias.pdf\">MANUAL DE GESTI\u00d3N PARA PERMISOS Y LICENCIAS. S\u00c9NECA.<\/a><\/p>\n<p><a href=\"https:\/\/blogsaverroes.juntadeandalucia.es\/ieslabahia\/files\/2024\/02\/Aclaraciones.-C\u00f3digos-Motivos-Mayor-Frecuencia.pdf\">GU\u00cdA DE ACLARACIONES. CONSULTA LOS C\u00d3DIGOS\/MOTIVOS DE MAYOR FRECUENCIA.<\/a><\/p>\n<p>En la siguiente imagen se muestran los pasos a seguir:<\/p>\n<p><a href=\"https:\/\/blogsaverroes.juntadeandalucia.es\/ieslabahia\/files\/2024\/01\/Imagen-Permisos-Licencias-S\u00e9neca.png\"><img loading=\"lazy\" decoding=\"async\" class=\"wp-image-3764 alignleft\" src=\"https:\/\/blogsaverroes.juntadeandalucia.es\/ieslabahia\/files\/2024\/01\/Imagen-Permisos-Licencias-S\u00e9neca.png\" alt=\"\" width=\"640\" height=\"361\" srcset=\"https:\/\/blogsaverroes.juntadeandalucia.es\/ieslabahia\/files\/2024\/01\/Imagen-Permisos-Licencias-S\u00e9neca.png 972w, https:\/\/blogsaverroes.juntadeandalucia.es\/ieslabahia\/files\/2024\/01\/Imagen-Permisos-Licencias-S\u00e9neca-300x169.png 300w, https:\/\/blogsaverroes.juntadeandalucia.es\/ieslabahia\/files\/2024\/01\/Imagen-Permisos-Licencias-S\u00e9neca-768x433.png 768w\" sizes=\"(max-width: 640px) 100vw, 640px\" \/><\/a><\/p>\n<p>&nbsp;<\/p>\n<p>&nbsp;<\/p>\n<p>&nbsp;<\/p>\n<p>&nbsp;<\/p>\n<p>&nbsp;<\/p>\n<p>&nbsp;<\/p>\n<p>&nbsp;<\/p>\n<p>&nbsp;<\/p>\n<p>&nbsp;<\/p>\n<p>&nbsp;<\/p>\n<p>&nbsp;<\/p>\n<p><strong><span style=\"color: #ff0000\">NOTA INFORMATIVA PARA LOS PARTES DE BAJA Y ALTA<\/span><\/strong><\/p>\n<p style=\"text-align: justify\">Desde la asesor\u00eda m\u00e9dica de la delegaci\u00f3n territorial nos comunican que est\u00e1n detectando <strong>muchos errores<\/strong> en la cumplimentaci\u00f3n de los partes de baja y alta de los empleados, errores que dificultan o impiden la gesti\u00f3n de las sustituciones y del pago de retribuciones. Para evitar&nbsp; problemas con la tramitaci\u00f3n de los partes, os indicamos las <strong>directrices<\/strong> enviadas a los centros educativos por parte de la asesor\u00eda m\u00e9dica en referencia a la correcta cumplimentaci\u00f3n de dichos documentos:<\/p>\n<p style=\"text-align: justify\">1. Los partes de situaciones de IT deber\u00e1n estar DEBIDAMENTE CUMPLIMENTADOS. El docente debe estar perfectamente identificado (NOMBRE, APELLIDOS y DNI), en una letra que sea legible para cualquier persona y con la suficiente claridad para poder tramitarlo (a la hora de escanearlo, pedimos que se haga en una calidad que permita la lectura del parte).<\/p>\n<p style=\"text-align: justify\">2. Las distintas situaciones de IT (Baja, Continuidad, Alta) del personal docente funcionario de carrera deben comunicarse OBLIGATORIAMENTE utilizando el FORMULARIO DE MUFACE. En ning\u00fan caso ser\u00e1 v\u00e1lido el formulario del SAS (aunque el docente haya elegido el SAS como entidad prestataria de la asistencia sanitaria).<\/p>\n<p style=\"text-align: justify\">3. MUFACE no admite que el m\u00e9dico utilice un mismo formulario para la baja y el alta; deber\u00e1 expedir UN FORMULARIO DE BAJA Y OTRO DE ALTA debidamente cumplimentados.<\/p>\n<p style=\"text-align: justify\">4. NO se pueden tramitar los formularios electr\u00f3nicos en formato EDITABLE ni aquellos protegidos por contrase\u00f1a.<\/p>\n<p style=\"text-align: justify\">5. Cuando se trate de partes de Confirmaci\u00f3n o Alta, la \u2018Fecha de inicio de la situaci\u00f3n\u2019 de dichos partes hace referencia a la fecha de inicio de la \u2018Baja Inicial\u2019, por tanto, dichas fechas de inicio DEBEN COINCIDIR.<\/p>\n<p style=\"text-align: justify\">6. En cuanto a los partes de Confirmaci\u00f3n, es fundamental que sean CORRELATIVOS. El parte de confirmaci\u00f3n que sigue a la baja inicial ser\u00eda el parte de Confirmaci\u00f3n n\u00ba1 (debe quedar claro que es un parte de confirmaci\u00f3n, es decir, NO hay que marcar la casilla de baja inicial cuando se trate de un parte de confirmaci\u00f3n). Adem\u00e1s, deben presentarse en la fecha que toque.<\/p>\n<p style=\"text-align: justify\">(Los partes de baja y alta del personal interino se cursan directamente desde el SAS\/INSS a la Delegaci\u00f3n Territorial de Educaci\u00f3n).<\/p>\n<p><span style=\"color: #ff0000\"><strong>22 de febrero de 2024&nbsp;&nbsp;&nbsp; M\u00c1S ACLARACIONES DE LA D.G. DE RECURSOS HUMANOS<br \/>\n<\/strong><\/span><\/p>\n<p style=\"text-align: justify\">1. El personal docente acogido al r\u00e9gimen de SEGURIDAD SOCIAL, NO DEBE TRAMITAR Anexo I en caso de situaci\u00f3n de incapacidad temporal (IT), ya que \u00e9sta se seguir\u00e1 tramitando de forma automatizada como se ven\u00eda haciendo durante 2023.<\/p>\n<p style=\"text-align: justify\">2. Personal de MUFACE: la solicitud de licencia por enfermedad que d\u00e9 lugar a IT (Motivo L.1.B), se debe solicitar a trav\u00e9s del Anexo I SOLO UNA VEZ PARA EL MISMO MOTIVO. Los partes de continuidad de la misma baja NO REQUIEREN la cumplimentaci\u00f3n de otro Anexo I, se deben trasladar directamente a las direcciones de los centros que ser\u00e1 quien los gestione.<\/p>\n<p>&nbsp;<\/p>\n<hr>\n<h3>INFORMACI\u00d3N ANTERIOR A ENERO DE 2024<\/h3>\n<h3><a href=\"https:\/\/blogsaverroes.juntadeandalucia.es\/ieslabahia\/files\/2021\/02\/ANEXO-_III.pdf\" target=\"_blank\" rel=\"noopener noreferrer\">Cuadro resumen de permisos, licencias y reducciones de jornada<\/a><\/h3>\n<ul>\n<li><a href=\"https:\/\/blogsaverroes.juntadeandalucia.es\/ieslabahia\/files\/2021\/02\/ANEXO-1-PERMISOS-Y-LICENCIAS-2021_AutorizadosDirector.pdf\" target=\"_blank\" rel=\"noopener noreferrer\">ANEXO I PERMISOS Y LICENCIAS 2021 Autorizados por Direcci\u00f3n<\/a><\/li>\n<li><a href=\"https:\/\/blogsaverroes.juntadeandalucia.es\/ieslabahia\/files\/2021\/02\/ANEXO-1-PERMISOS-Y-LICENCIAS-2021_AutorizadosDelegado.pdf\" target=\"_blank\" rel=\"noopener noreferrer\">ANEXO I PERMISOS Y LICENCIAS 2021 Autorizados por Delegaci\u00f3n<\/a><\/li>\n<\/ul>\n","protected":false},"excerpt":{"rendered":"<p>NOVEDAD &nbsp; ENERO 2024 &nbsp; &nbsp; &nbsp; &nbsp; NOVEDAD ENERO 2024 Por orden de la Consejer\u00eda de Educaci\u00f3n y siguiendo&#46;&#46;&#46;<\/p>\n","protected":false},"author":11878,"featured_media":0,"parent":0,"menu_order":0,"comment_status":"closed","ping_status":"closed","template":"page-c.php","meta":{"ngg_post_thumbnail":0,"footnotes":"","_mc_calendar":[]},"aioseo_notices":[],"_links":{"self":[{"href":"https:\/\/blogsaverroes.juntadeandalucia.es\/ieslabahia\/wp-json\/wp\/v2\/pages\/2711"}],"collection":[{"href":"https:\/\/blogsaverroes.juntadeandalucia.es\/ieslabahia\/wp-json\/wp\/v2\/pages"}],"about":[{"href":"https:\/\/blogsaverroes.juntadeandalucia.es\/ieslabahia\/wp-json\/wp\/v2\/types\/page"}],"author":[{"embeddable":true,"href":"https:\/\/blogsaverroes.juntadeandalucia.es\/ieslabahia\/wp-json\/wp\/v2\/users\/11878"}],"replies":[{"embeddable":true,"href":"https:\/\/blogsaverroes.juntadeandalucia.es\/ieslabahia\/wp-json\/wp\/v2\/comments?post=2711"}],"version-history":[{"count":48,"href":"https:\/\/blogsaverroes.juntadeandalucia.es\/ieslabahia\/wp-json\/wp\/v2\/pages\/2711\/revisions"}],"predecessor-version":[{"id":3803,"href":"https:\/\/blogsaverroes.juntadeandalucia.es\/ieslabahia\/wp-json\/wp\/v2\/pages\/2711\/revisions\/3803"}],"wp:attachment":[{"href":"https:\/\/blogsaverroes.juntadeandalucia.es\/ieslabahia\/wp-json\/wp\/v2\/media?parent=2711"}],"curies":[{"name":"wp","href":"https:\/\/api.w.org\/{rel}","templated":true}]}}