{"id":2818,"date":"2021-01-27T12:06:27","date_gmt":"2021-01-27T12:06:27","guid":{"rendered":"https:\/\/blogsaverroes.juntadeandalucia.es\/ieslabahia\/?page_id=2818"},"modified":"2025-06-02T21:09:51","modified_gmt":"2025-06-02T19:09:51","slug":"ampa","status":"publish","type":"page","link":"https:\/\/blogsaverroes.juntadeandalucia.es\/ieslabahia\/ampa\/","title":{"rendered":"AMPA"},"content":{"rendered":"<h2><a href=\"https:\/\/www.facebook.com\/AMPALuisBerenguer\/\" target=\"_blank\" rel=\"noopener noreferrer\"><img loading=\"lazy\" decoding=\"async\" class=\"alignleft wp-image-2819\" src=\"https:\/\/blogsaverroes.juntadeandalucia.es\/ieslabahia\/files\/2021\/01\/AMPA_LuisBerenguer-300x274.jpg\" alt=\"\" width=\"220\" height=\"201\" srcset=\"https:\/\/blogsaverroes.juntadeandalucia.es\/ieslabahia\/files\/2021\/01\/AMPA_LuisBerenguer-300x274.jpg 300w, https:\/\/blogsaverroes.juntadeandalucia.es\/ieslabahia\/files\/2021\/01\/AMPA_LuisBerenguer-24x22.jpg 24w, https:\/\/blogsaverroes.juntadeandalucia.es\/ieslabahia\/files\/2021\/01\/AMPA_LuisBerenguer-36x33.jpg 36w, https:\/\/blogsaverroes.juntadeandalucia.es\/ieslabahia\/files\/2021\/01\/AMPA_LuisBerenguer-48x44.jpg 48w, https:\/\/blogsaverroes.juntadeandalucia.es\/ieslabahia\/files\/2021\/01\/AMPA_LuisBerenguer.jpg 349w\" sizes=\"(max-width: 220px) 100vw, 220px\" \/><\/a><span style=\"font-size: 20px\"><strong>Presidenta<\/strong>: Carmen Villal\u00f3n Carbellido<\/span><\/h2>\n<div>\n<h2><span style=\"font-size: 20px\"><strong>Vicepresidenta<\/strong>: Mar\u00eda Luisa Rodr\u00edguez Rodr\u00edguez<\/span><\/h2>\n<p>&nbsp;<\/p>\n<\/div>\n<h2><span style=\"font-size: 20px\"><strong>Secretaria<\/strong>: Eva Bernal Sainz de la Maza<\/span><\/h2>\n<h2><span style=\"font-size: 20px\"><strong>Tesorera<\/strong>: Isabel Ramos Garc\u00eda<\/span><strong><br \/>\n<\/strong><\/h2>\n<h2><strong><span style=\"font-size: 20px\">Horario de atenci\u00f3n: martes de 11.00 a 12.30 h<\/span><br \/>\n<\/strong><\/h2>\n<h2><span style=\"font-size: 20px\"><strong>Estamos en FaceBook<\/strong>:&nbsp; &nbsp;<a href=\"https:\/\/www.facebook.com\/AMPALuisBerenguer\/\" target=\"_blank\" rel=\"noopener noreferrer\">AMPA Luis Berenguer<\/a><\/span><\/h2>\n<h2><span style=\"font-size: 20px\"><strong>Correo electr\u00f3nico: <\/strong>ampaluisberenguer@hotmail.com<\/span><\/h2>\n<p>&nbsp;<\/p>\n<h2><span style=\"text-decoration: underline\"><span style=\"color: #000080\"><strong>Instrucciones para la inscripci\u00f3n de socios:<\/strong><\/span><\/span><\/h2>\n<ul>\n<li><strong>Rellena y env\u00eda el Formulario<\/strong> de Inscripci\u00f3n, que se encuentra en la parte inferior de esta p\u00e1gina.<\/li>\n<li><strong>Realiza el ingreso o transferencia bancaria<\/strong> de la cuota anual de socio con los siguientes datos:\n<ul>\n<li>c\/c: <span style=\"color: #008000\"><strong>ES40 3187 0132 7623 8170 9415<\/strong><\/span><\/li>\n<li>Destinatario: <strong><span style=\"color: #008000\">AMPA Luis Berenguer<\/span><\/strong><\/li>\n<li>Importe: <span style=\"color: #008000\"><strong>15 \u20ac<\/strong><\/span><\/li>\n<li>Concepto: <strong><span style=\"color: #008000\">Nombre del socio \/ pago cuota<\/span><\/strong><\/li>\n<\/ul>\n<\/li>\n<li>La inscripci\u00f3n se har\u00e1 <strong>efectiva<\/strong> cuando se tenga <strong>constancia<\/strong> del <strong>ingreso<\/strong> o <strong>transferencia<\/strong> bancaria, y <strong>recibir\u00e1s<\/strong> la confirmaci\u00f3n y el n\u00ba de asociado a trav\u00e9s del <strong>correo<\/strong> <strong>electr\u00f3nico<\/strong> facilitado, y podr\u00e1 recoger el carnet en horario de atenci\u00f3n de la AMPA.<\/li>\n<\/ul>\n<div>&nbsp;<\/div>\n<div>\n<table style=\"border-collapse: collapse;width: 100%\">\n<tbody>\n<tr>\n<td style=\"width: 100%\">\n<h2><span style=\"color: #ff0000\">Formulario de Inscripci\u00f3n<\/span><\/h2>\n<h2>\n<div class=\"wpcf7 no-js\" id=\"wpcf7-f3127-o1\" lang=\"es-ES\" dir=\"ltr\">\n<div class=\"screen-reader-response\"><p role=\"status\" aria-live=\"polite\" aria-atomic=\"true\"><\/p> <ul><\/ul><\/div>\n<form action=\"\/ieslabahia\/wp-json\/wp\/v2\/pages\/2818#wpcf7-f3127-o1\" method=\"post\" class=\"wpcf7-form init\" aria-label=\"Formulario de contacto\" novalidate=\"novalidate\" data-status=\"init\">\n<div style=\"display: none;\">\n<input type=\"hidden\" name=\"_wpcf7\" value=\"3127\" \/>\n<input type=\"hidden\" name=\"_wpcf7_version\" value=\"5.9.8\" \/>\n<input type=\"hidden\" name=\"_wpcf7_locale\" value=\"es_ES\" \/>\n<input type=\"hidden\" name=\"_wpcf7_unit_tag\" value=\"wpcf7-f3127-o1\" \/>\n<input type=\"hidden\" name=\"_wpcf7_container_post\" value=\"0\" \/>\n<input type=\"hidden\" name=\"_wpcf7_posted_data_hash\" value=\"\" \/>\n<\/div>\n<p><label> Selecciona tipo de socio (nuevo\/antiguo)<br \/>\n<span class=\"wpcf7-form-control-wrap\" data-name=\"menu-84\"><select class=\"wpcf7-form-control wpcf7-select wpcf7-validates-as-required\" aria-required=\"true\" aria-invalid=\"false\" name=\"menu-84\"><option value=\"Nuevo socio\">Nuevo socio<\/option><option value=\"Socio antiguo\">Socio antiguo<\/option><\/select><\/span><br \/>\n<label> Nombre del Socio (madre, padre o tutor\/a) -- Nombre del c\u00f3nyuge<br \/>\n<span class=\"wpcf7-form-control-wrap\" data-name=\"NombreSocio\"><input size=\"40\" maxlength=\"400\" class=\"wpcf7-form-control wpcf7-text wpcf7-validates-as-required\" aria-required=\"true\" aria-invalid=\"false\" value=\"\" type=\"text\" name=\"NombreSocio\" \/><\/span> <span class=\"wpcf7-form-control-wrap\" data-name=\"NombreConyuge\"><input size=\"40\" maxlength=\"400\" class=\"wpcf7-form-control wpcf7-text wpcf7-validates-as-required\" aria-required=\"true\" aria-invalid=\"false\" value=\"\" type=\"text\" name=\"NombreConyuge\" \/><\/span><br \/>\n<label> Domicilio<br \/>\n<span class=\"wpcf7-form-control-wrap\" data-name=\"Domicilio\"><input size=\"40\" maxlength=\"400\" class=\"wpcf7-form-control wpcf7-text wpcf7-validates-as-required\" aria-required=\"true\" aria-invalid=\"false\" value=\"\" type=\"text\" name=\"Domicilio\" \/><\/span><br \/>\n<label> M\u00f3vil 1 ------ M\u00f3vil 2 ------------ Tel\u00e9fono fijo<br \/>\n<span class=\"wpcf7-form-control-wrap\" data-name=\"TfnMovil1\"><input size=\"40\" maxlength=\"400\" class=\"wpcf7-form-control wpcf7-text\" aria-invalid=\"false\" value=\"\" type=\"text\" name=\"TfnMovil1\" \/><\/span> <span class=\"wpcf7-form-control-wrap\" data-name=\"TfnMovil2\"><input size=\"40\" maxlength=\"400\" class=\"wpcf7-form-control wpcf7-text\" aria-invalid=\"false\" value=\"\" type=\"text\" name=\"TfnMovil2\" \/><\/span> <span class=\"wpcf7-form-control-wrap\" data-name=\"TfnFijo\"><input size=\"40\" maxlength=\"400\" class=\"wpcf7-form-control wpcf7-text\" aria-invalid=\"false\" value=\"\" type=\"text\" name=\"TfnFijo\" \/><\/span><br \/>\n<label> Correo electr\u00f3nico (requerido)<br \/>\n<span class=\"wpcf7-form-control-wrap\" data-name=\"your-email\"><input size=\"40\" maxlength=\"400\" class=\"wpcf7-form-control wpcf7-email wpcf7-validates-as-required wpcf7-text wpcf7-validates-as-email\" aria-required=\"true\" aria-invalid=\"false\" value=\"\" type=\"email\" name=\"your-email\" \/><\/span><br \/>\n<label> Nombre Alumno\/a 1 --- Curso<br \/>\n<span class=\"wpcf7-form-control-wrap\" data-name=\"Alumno1\"><input size=\"40\" maxlength=\"400\" class=\"wpcf7-form-control wpcf7-text wpcf7-validates-as-required\" aria-required=\"true\" aria-invalid=\"false\" value=\"\" type=\"text\" name=\"Alumno1\" \/><\/span> <span class=\"wpcf7-form-control-wrap\" data-name=\"Curso1\"><input size=\"40\" maxlength=\"400\" class=\"wpcf7-form-control wpcf7-text wpcf7-validates-as-required\" aria-required=\"true\" aria-invalid=\"false\" value=\"\" type=\"text\" name=\"Curso1\" \/><\/span><br \/>\n<label> Nombre Alumno\/a 2 --- Curso<br \/>\n<span class=\"wpcf7-form-control-wrap\" data-name=\"Alumno2\"><input size=\"40\" maxlength=\"400\" class=\"wpcf7-form-control wpcf7-text\" aria-invalid=\"false\" value=\"\" type=\"text\" name=\"Alumno2\" \/><\/span> <span class=\"wpcf7-form-control-wrap\" data-name=\"Curso2\"><input size=\"40\" maxlength=\"400\" class=\"wpcf7-form-control wpcf7-text\" aria-invalid=\"false\" value=\"\" type=\"text\" name=\"Curso2\" \/><\/span><br \/>\n<label> Nombre Alumno\/a 3 --- Curso<br \/>\n<span class=\"wpcf7-form-control-wrap\" data-name=\"Alumno3\"><input size=\"40\" maxlength=\"400\" class=\"wpcf7-form-control wpcf7-text\" aria-invalid=\"false\" value=\"\" type=\"text\" name=\"Alumno3\" \/><\/span> <span class=\"wpcf7-form-control-wrap\" data-name=\"Curso3\"><input size=\"40\" maxlength=\"400\" class=\"wpcf7-form-control wpcf7-text\" aria-invalid=\"false\" value=\"\" type=\"text\" name=\"Curso3\" \/><\/span><br \/>\n<label> Observaciones<br \/>\n<span class=\"wpcf7-form-control-wrap\" data-name=\"Observaciones\"><textarea cols=\"40\" rows=\"10\" maxlength=\"2000\" class=\"wpcf7-form-control wpcf7-textarea\" aria-invalid=\"false\" name=\"Observaciones\"><\/textarea><\/span><br \/>\n<input class=\"wpcf7-form-control wpcf7-submit has-spinner\" type=\"submit\" value=\"Enviar\" \/><\/label><\/label><\/label><\/label><\/label><\/label><\/label><\/label><\/label>\n<\/p><div class=\"wpcf7-response-output\" aria-hidden=\"true\"><\/div>\n<\/form>\n<\/div>\n<\/h2>\n<p>&nbsp;<\/td>\n<\/tr>\n<\/tbody>\n<\/table>\n<p>&nbsp;<\/p>\n<\/div>\n","protected":false},"excerpt":{"rendered":"<p>Presidenta: Carmen Villal\u00f3n Carbellido Vicepresidenta: Mar\u00eda Luisa Rodr\u00edguez Rodr\u00edguez &nbsp; Secretaria: Eva Bernal Sainz de la Maza Tesorera: Isabel Ramos&#46;&#46;&#46;<\/p>\n","protected":false},"author":11878,"featured_media":0,"parent":0,"menu_order":0,"comment_status":"closed","ping_status":"closed","template":"","meta":{"ngg_post_thumbnail":0,"footnotes":"","_mc_calendar":[]},"aioseo_notices":[],"_links":{"self":[{"href":"https:\/\/blogsaverroes.juntadeandalucia.es\/ieslabahia\/wp-json\/wp\/v2\/pages\/2818"}],"collection":[{"href":"https:\/\/blogsaverroes.juntadeandalucia.es\/ieslabahia\/wp-json\/wp\/v2\/pages"}],"about":[{"href":"https:\/\/blogsaverroes.juntadeandalucia.es\/ieslabahia\/wp-json\/wp\/v2\/types\/page"}],"author":[{"embeddable":true,"href":"https:\/\/blogsaverroes.juntadeandalucia.es\/ieslabahia\/wp-json\/wp\/v2\/users\/11878"}],"replies":[{"embeddable":true,"href":"https:\/\/blogsaverroes.juntadeandalucia.es\/ieslabahia\/wp-json\/wp\/v2\/comments?post=2818"}],"version-history":[{"count":25,"href":"https:\/\/blogsaverroes.juntadeandalucia.es\/ieslabahia\/wp-json\/wp\/v2\/pages\/2818\/revisions"}],"predecessor-version":[{"id":4075,"href":"https:\/\/blogsaverroes.juntadeandalucia.es\/ieslabahia\/wp-json\/wp\/v2\/pages\/2818\/revisions\/4075"}],"wp:attachment":[{"href":"https:\/\/blogsaverroes.juntadeandalucia.es\/ieslabahia\/wp-json\/wp\/v2\/media?parent=2818"}],"curies":[{"name":"wp","href":"https:\/\/api.w.org\/{rel}","templated":true}]}}