{"id":2924,"date":"2021-01-31T12:07:44","date_gmt":"2021-01-31T12:07:44","guid":{"rendered":"https:\/\/blogsaverroes.juntadeandalucia.es\/ieslabahia\/?page_id=2924"},"modified":"2021-02-21T20:26:11","modified_gmt":"2021-02-21T20:26:11","slug":"vt-secretaria-virtual","status":"publish","type":"page","link":"https:\/\/blogsaverroes.juntadeandalucia.es\/ieslabahia\/vt-secretaria-virtual\/","title":{"rendered":"Tr\u00e1mites administrativos a trav\u00e9s de la Secretar\u00eda Virtual"},"content":{"rendered":"<h2>&nbsp;<\/h2>\n<table style=\"border-collapse: collapse;width: 100%;height: 514px\">\n<tbody>\n<tr style=\"height: 65px\">\n<td style=\"width: 50%;text-align: center;background-color: #05235e;height: 65px\">\n<h1><span style=\"color: #ffff00\">Solicitud de certificados<\/span><\/h1>\n<\/td>\n<td style=\"width: 50%;text-align: center;background-color: #05235e;height: 65px\">\n<h1><span style=\"color: #ffff00\">Solicitud de copia de ex\u00e1menes<\/span><\/h1>\n<\/td>\n<\/tr>\n<tr style=\"height: 332px\">\n<td style=\"width: 50%;text-align: center;height: 332px\"><div style=\"width: 580px;\" class=\"wp-video\"><!--[if lt IE 9]><script>document.createElement('video');<\/script><![endif]-->\n<video class=\"wp-video-shortcode\" id=\"video-2924-1\" width=\"580\" height=\"288\" preload=\"metadata\" controls=\"controls\"><source type=\"video\/mp4\" src=\"https:\/\/blogsaverroes.juntadeandalucia.es\/ieslabahia\/files\/2021\/02\/1.SolicitudCertificados.mp4?_=1\" \/><a href=\"https:\/\/blogsaverroes.juntadeandalucia.es\/ieslabahia\/files\/2021\/02\/1.SolicitudCertificados.mp4\">https:\/\/blogsaverroes.juntadeandalucia.es\/ieslabahia\/files\/2021\/02\/1.SolicitudCertificados.mp4<\/a><\/video><\/div><\/td>\n<td style=\"width: 50%;text-align: center;height: 332px\"><div style=\"width: 500px;\" class=\"wp-video\"><video class=\"wp-video-shortcode\" id=\"video-2924-2\" width=\"500\" height=\"375\" preload=\"metadata\" controls=\"controls\"><source type=\"video\/mp4\" src=\"https:\/\/blogsaverroes.juntadeandalucia.es\/ieslabahia\/files\/2021\/02\/2.SolicitudCopiaExamen.mp4?_=2\" \/><a href=\"https:\/\/blogsaverroes.juntadeandalucia.es\/ieslabahia\/files\/2021\/02\/2.SolicitudCopiaExamen.mp4\">https:\/\/blogsaverroes.juntadeandalucia.es\/ieslabahia\/files\/2021\/02\/2.SolicitudCopiaExamen.mp4<\/a><\/video><\/div><\/td>\n<\/tr>\n<tr style=\"height: 93px\">\n<td style=\"width: 50%;text-align: center;background-color: #05235e;height: 93px\">\n<h1><span style=\"color: #ffff00\">Solicitud de convalidaci\u00f3n de m\u00f3dulos profesionales<\/span><\/h1>\n<\/td>\n<td style=\"width: 50%;text-align: center;background-color: #05235e;height: 93px\">\n<h1><span style=\"color: #ffff00\">Env\u00edo de documentaci\u00f3n solicitada por el centro<\/span><\/h1>\n<\/td>\n<\/tr>\n<tr style=\"height: 24px\">\n<td style=\"width: 50%;height: 24px\"><div style=\"width: 580px;\" class=\"wp-video\"><video class=\"wp-video-shortcode\" id=\"video-2924-3\" width=\"580\" height=\"288\" preload=\"metadata\" controls=\"controls\"><source type=\"video\/mp4\" src=\"https:\/\/blogsaverroes.juntadeandalucia.es\/ieslabahia\/files\/2021\/02\/3.SolicitudConvalidaciones.mp4?_=3\" \/><a href=\"https:\/\/blogsaverroes.juntadeandalucia.es\/ieslabahia\/files\/2021\/02\/3.SolicitudConvalidaciones.mp4\">https:\/\/blogsaverroes.juntadeandalucia.es\/ieslabahia\/files\/2021\/02\/3.SolicitudConvalidaciones.mp4<\/a><\/video><\/div><\/td>\n<td style=\"width: 50%;height: 24px;text-align: center\"><div style=\"width: 500px;\" class=\"wp-video\"><video class=\"wp-video-shortcode\" id=\"video-2924-4\" width=\"500\" height=\"375\" preload=\"metadata\" controls=\"controls\"><source type=\"video\/mp4\" src=\"https:\/\/blogsaverroes.juntadeandalucia.es\/ieslabahia\/files\/2021\/02\/4.EnvioDocumentos.mp4?_=4\" \/><a href=\"https:\/\/blogsaverroes.juntadeandalucia.es\/ieslabahia\/files\/2021\/02\/4.EnvioDocumentos.mp4\">https:\/\/blogsaverroes.juntadeandalucia.es\/ieslabahia\/files\/2021\/02\/4.EnvioDocumentos.mp4<\/a><\/video><\/div><\/td>\n<\/tr>\n<\/tbody>\n<\/table>\n","protected":false},"excerpt":{"rendered":"<p>&nbsp; Solicitud de certificados Solicitud de copia de ex\u00e1menes Solicitud de convalidaci\u00f3n de m\u00f3dulos profesionales Env\u00edo de documentaci\u00f3n solicitada por&#46;&#46;&#46;<\/p>\n","protected":false},"author":11878,"featured_media":0,"parent":0,"menu_order":0,"comment_status":"closed","ping_status":"closed","template":"page-c.php","meta":{"ngg_post_thumbnail":0,"footnotes":"","_mc_calendar":[]},"aioseo_notices":[],"_links":{"self":[{"href":"https:\/\/blogsaverroes.juntadeandalucia.es\/ieslabahia\/wp-json\/wp\/v2\/pages\/2924"}],"collection":[{"href":"https:\/\/blogsaverroes.juntadeandalucia.es\/ieslabahia\/wp-json\/wp\/v2\/pages"}],"about":[{"href":"https:\/\/blogsaverroes.juntadeandalucia.es\/ieslabahia\/wp-json\/wp\/v2\/types\/page"}],"author":[{"embeddable":true,"href":"https:\/\/blogsaverroes.juntadeandalucia.es\/ieslabahia\/wp-json\/wp\/v2\/users\/11878"}],"replies":[{"embeddable":true,"href":"https:\/\/blogsaverroes.juntadeandalucia.es\/ieslabahia\/wp-json\/wp\/v2\/comments?post=2924"}],"version-history":[{"count":13,"href":"https:\/\/blogsaverroes.juntadeandalucia.es\/ieslabahia\/wp-json\/wp\/v2\/pages\/2924\/revisions"}],"predecessor-version":[{"id":3099,"href":"https:\/\/blogsaverroes.juntadeandalucia.es\/ieslabahia\/wp-json\/wp\/v2\/pages\/2924\/revisions\/3099"}],"wp:attachment":[{"href":"https:\/\/blogsaverroes.juntadeandalucia.es\/ieslabahia\/wp-json\/wp\/v2\/media?parent=2924"}],"curies":[{"name":"wp","href":"https:\/\/api.w.org\/{rel}","templated":true}]}}