{"id":3205,"date":"2021-05-24T19:19:03","date_gmt":"2021-05-24T19:19:03","guid":{"rendered":"https:\/\/blogsaverroes.juntadeandalucia.es\/ieslabahia\/?page_id=3205"},"modified":"2025-06-02T18:49:19","modified_gmt":"2025-06-02T16:49:19","slug":"oferta-de-optativas","status":"publish","type":"page","link":"https:\/\/blogsaverroes.juntadeandalucia.es\/ieslabahia\/oferta-de-optativas\/","title":{"rendered":"Oferta de Optativas"},"content":{"rendered":"<table>\n<tbody>\n<tr>\n<td>\n<h2 align=\"center\"><strong>1\u00baESO<\/strong><\/h2>\n<\/td>\n<td>\n<h3><a href=\"https:\/\/blogsaverroes.juntadeandalucia.es\/ieslabahia\/files\/2024\/06\/1oESO-Cartel-Computacion-y-Robotica-2425.pdf\" target=\"_blank\" rel=\"noopener\">Computaci\u00f3n y Rob\u00f3tica<\/a><\/h3>\n<h3><a href=\"https:\/\/view.genially.com\/663b3ed2927ca6001445f029\/interactive-content-copia-elige-cultura-clasica-como-optativa\" target=\"_blank\" rel=\"noopener\">Cultura Cl\u00e1sica<\/a><\/h3>\n<h3><a href=\"https:\/\/blogsaverroes.juntadeandalucia.es\/ieslabahia\/files\/2024\/06\/1oESO-Cartel-Huerto-Escolar-Ecologico-2425.pdf\" target=\"_blank\" rel=\"noopener\">Huerto Escolar Ecol\u00f3gico<\/a><\/h3>\n<h3><a href=\"https:\/\/blogsaverroes.juntadeandalucia.es\/ieslabahia\/files\/2023\/06\/4_Oratoria-y-debate-1\u00ba-2\u00ba-3\u00ba-.pdf\" target=\"_blank\" rel=\"noopener noreferrer\">Oratoria y Debate<\/a><\/h3>\n<h3><a href=\"https:\/\/blogsaverroes.juntadeandalucia.es\/ieslabahia\/files\/2023\/06\/5_TECNICAS-DE-ESTUDIO.pdf\" target=\"_blank\" rel=\"noopener noreferrer\">T\u00e9cnicas de Estudio<\/a> <strong>(<a href=\"https:\/\/blogsaverroes.juntadeandalucia.es\/ieslabahia\/files\/2023\/06\/5b_VIDEO-TECNICAS-DE-ESTUDIO.mp4\" target=\"_blank\" rel=\"noopener noreferrer\">v\u00eddeo<\/a>)<\/strong><\/h3>\n<\/td>\n<\/tr>\n<tr>\n<td>\n<h2 align=\"center\"><strong>2\u00baESO<\/strong><\/h2>\n<\/td>\n<td>\n<h3><a href=\"https:\/\/blogsaverroes.juntadeandalucia.es\/ieslabahia\/files\/2024\/06\/2oESO-Cartel-Computacion-y-Robotica-2425.pdf\" target=\"_blank\" rel=\"noopener\">Computaci\u00f3n y Rob\u00f3tica<\/a><\/h3>\n<h3><a href=\"https:\/\/view.genially.com\/663b3ed2927ca6001445f029\/interactive-content-copia-elige-cultura-clasica-como-optativa\" target=\"_blank\" rel=\"noopener\">Cultura Cl\u00e1sica<\/a><\/h3>\n<h3><a href=\"https:\/\/blogsaverroes.juntadeandalucia.es\/ieslabahia\/files\/2023\/06\/3_FRANC\u00c9S-2\u00aa-LE.pdf\" target=\"_blank\" rel=\"noopener noreferrer\">Franc\u00e9s 2\u00aa Lengua Extranjera<\/a> <strong>(<a href=\"https:\/\/blogsaverroes.juntadeandalucia.es\/ieslabahia\/files\/2023\/06\/FRANCESvideo_.mp4\" target=\"_blank\" rel=\"noopener noreferrer\">v\u00eddeo<\/a>)<\/strong><\/h3>\n<h3><a href=\"https:\/\/blogsaverroes.juntadeandalucia.es\/ieslabahia\/files\/2024\/06\/2oESO-Cartel-Ajedrez.pdf\" target=\"_blank\" rel=\"noopener\">Ajedrez I<\/a><\/h3>\n<h3><a href=\"https:\/\/blogsaverroes.juntadeandalucia.es\/ieslabahia\/files\/2023\/06\/5_Oratoria-y-debate-1\u00ba-2\u00ba-3\u00ba-.pdf\" target=\"_blank\" rel=\"noopener noreferrer\">Oratoria y Debate<\/a><\/h3>\n<h3><a href=\"https:\/\/blogsaverroes.juntadeandalucia.es\/ieslabahia\/files\/2024\/06\/2oESO-Proy-Expr-Plastica-y-Visual-PEPA.pdf\" target=\"_blank\" rel=\"noopener\">Proyecto de Expresi\u00f3n Pl\u00e1stica y Visual PEPA<\/a><\/h3>\n<\/td>\n<\/tr>\n<tr>\n<td>\n<h2 align=\"center\"><strong>3\u00baESO<\/strong><\/h2>\n<\/td>\n<td>\n<h3><a href=\"https:\/\/blogsaverroes.juntadeandalucia.es\/ieslabahia\/files\/2024\/06\/3oESO-Cartel-Computacion-y-Robotica-2425.pdf\" target=\"_blank\" rel=\"noopener\">Computaci\u00f3n y Rob\u00f3tica<\/a><\/h3>\n<h3><a href=\"https:\/\/view.genially.com\/663b3ed2927ca6001445f029\/interactive-content-copia-elige-cultura-clasica-como-optativa\" target=\"_blank\" rel=\"noopener\">Cultura Cl\u00e1sica<\/a><\/h3>\n<h3><a href=\"https:\/\/blogsaverroes.juntadeandalucia.es\/ieslabahia\/files\/2024\/06\/3oESO-Cartel-Cultura-del-Flamenco.pdf\" target=\"_blank\" rel=\"noopener\">Cultura del Flamenco<\/a> (<a href=\"https:\/\/blogsaverroes.juntadeandalucia.es\/ieslabahia\/files\/2024\/06\/3oESO-Cartel-Cultura-del-Flamenco.png\" target=\"_blank\" rel=\"noopener\">cartel<\/a>)<\/h3>\n<h3><a href=\"https:\/\/blogsaverroes.juntadeandalucia.es\/ieslabahia\/files\/2024\/06\/3oESO-Cartel-Ajedrez.pdf\" target=\"_blank\" rel=\"noopener\">Ajedrez II<\/a><\/h3>\n<h3><a href=\"https:\/\/blogsaverroes.juntadeandalucia.es\/ieslabahia\/files\/2023\/06\/4_FRANC\u00c9S-2\u00aa-LE.pdf\" target=\"_blank\" rel=\"noopener noreferrer\">Franc\u00e9s 2\u00aa Lengua Extranjera<\/a> (<strong><a href=\"https:\/\/blogsaverroes.juntadeandalucia.es\/ieslabahia\/files\/2023\/06\/FRANCESvideo_.mp4\" target=\"_blank\" rel=\"noopener\">v\u00eddeo<\/a><\/strong>)<\/h3>\n<h3><a href=\"https:\/\/blogsaverroes.juntadeandalucia.es\/ieslabahia\/files\/2023\/06\/5_Oratoria-y-debate-1\u00ba-2\u00ba-3\u00ba-1-1.pdf\" target=\"_blank\" rel=\"noopener noreferrer\">Oratoria y Debate<\/a><\/h3>\n<\/td>\n<\/tr>\n<tr>\n<td>\n<h2 align=\"center\"><strong>4\u00baESO<\/strong><\/h2>\n<\/td>\n<td>\n<h3><a href=\"https:\/\/view.genially.com\/663b3ed2927ca6001445f029\/interactive-content-copia-elige-cultura-clasica-como-optativa\" target=\"_blank\" rel=\"noopener\">Ampliaci\u00f3n de Cultura Cl\u00e1sica<\/a><\/h3>\n<h3><a href=\"https:\/\/blogsaverroes.juntadeandalucia.es\/ieslabahia\/files\/2024\/06\/4oESO-Dibujo-Tecnico.pdf\" target=\"_blank\" rel=\"noopener\">Dibujo T\u00e9cnico<\/a><\/h3>\n<h3><a href=\"https:\/\/blogsaverroes.juntadeandalucia.es\/ieslabahia\/files\/2024\/06\/4oESO-Cartel-Digitalizacion-2425.pdf\" target=\"_blank\" rel=\"noopener\">Digitalizaci\u00f3n<\/a><\/h3>\n<h3><a href=\"https:\/\/blogsaverroes.juntadeandalucia.es\/ieslabahia\/files\/2025\/05\/4oESO-Ingles-B2.pdf\" target=\"_blank\" rel=\"noopener\">Ingl\u00e9s B2<\/a><\/h3>\n<h3><a href=\"https:\/\/blogsaverroes.juntadeandalucia.es\/ieslabahia\/files\/2024\/06\/4oESO-Expresion-Artistica.pdf\" target=\"_blank\" rel=\"noopener\">Expresi\u00f3n Art\u00edstica<\/a><\/h3>\n<h3><a href=\"https:\/\/blogsaverroes.juntadeandalucia.es\/ieslabahia\/files\/2021\/06\/Cuadro_Filo_4ESO.pdf\" target=\"_blank\" rel=\"noopener noreferrer\">Filosof\u00eda<\/a><\/h3>\n<h3><a href=\"https:\/\/blogsaverroes.juntadeandalucia.es\/ieslabahia\/files\/2023\/06\/FOPP.pdf\" target=\"_blank\" rel=\"noopener noreferrer\">Formaci\u00f3n y Orientaci\u00f3n Personal y Profesional<\/a><\/h3>\n<h3><a href=\"https:\/\/blogsaverroes.juntadeandalucia.es\/ieslabahia\/files\/2023\/06\/FRANC\u00c9S-2\u00aa-LE.pdf\" target=\"_blank\" rel=\"noopener noreferrer\">Franc\u00e9s 2\u00aa Lengua Extranjera<\/a> <strong>(<a href=\"https:\/\/blogsaverroes.juntadeandalucia.es\/ieslabahia\/files\/2023\/06\/FRANCESvideo_.mp4\" target=\"_blank\" rel=\"noopener noreferrer\">v\u00eddeo<\/a>)<\/strong><\/h3>\n<h3><a href=\"https:\/\/blogsaverroes.juntadeandalucia.es\/ieslabahia\/files\/2023\/06\/FRANC\u00c9S-POR-PROYECTOS.pdf\" target=\"_blank\" rel=\"noopener noreferrer\">Franc\u00e9s por Proyectos<\/a><\/h3>\n<h3><a href=\"https:\/\/blogsaverroes.juntadeandalucia.es\/ieslabahia\/files\/2023\/06\/Guitarra-y-Flamenco-.pdf\" target=\"_blank\" rel=\"noopener noreferrer\">Guitarra y Flamenco<\/a><\/h3>\n<h3><a href=\"https:\/\/blogsaverroes.juntadeandalucia.es\/ieslabahia\/files\/2024\/06\/4oESO-Cartel-Laboratorio-Fisica-y-Quimica-2425.pdf\" target=\"_blank\" rel=\"noopener\">Laboratorio de F\u00edsica y Qu\u00edmica<\/a><\/h3>\n<h3><a href=\"https:\/\/blogsaverroes.juntadeandalucia.es\/ieslabahia\/files\/2021\/05\/4\u00ba-ESO-MU\u0301SICA-.pdf\" target=\"_blank\" rel=\"noopener noreferrer\">M\u00fasica<\/a><\/h3>\n<h3><a href=\"https:\/\/blogsaverroes.juntadeandalucia.es\/ieslabahia\/files\/2024\/06\/4oESO-Cartel-Tecnologia-2425.pdf\" target=\"_blank\" rel=\"noopener\">Tecnolog\u00eda<\/a><\/h3>\n<\/td>\n<\/tr>\n<tr>\n<td>\n<h2 align=\"center\"><strong>1\u00baBACH<\/strong><\/h2>\n<\/td>\n<td>\n<h3><a href=\"https:\/\/blogsaverroes.juntadeandalucia.es\/ieslabahia\/files\/2024\/06\/1oBACH-Anatomia-Aplicada-2425.pdf\" target=\"_blank\" rel=\"noopener\">Anatom\u00eda Aplicada<\/a><\/h3>\n<h3><a href=\"https:\/\/blogsaverroes.juntadeandalucia.es\/ieslabahia\/files\/2024\/06\/1oBACH-Cartel-Cultura-Emprendedora-Empresarial.pdf\" target=\"_blank\" rel=\"noopener\">Cultura Emprendedora y Empresarial<\/a><\/h3>\n<h3><a href=\"https:\/\/blogsaverroes.juntadeandalucia.es\/ieslabahia\/files\/2024\/06\/1oBACH-DIBUJO-TECNICO-I.pdf\" target=\"_blank\" rel=\"noopener\">Dibujo T\u00e9cnico I<\/a><\/h3>\n<h3><a href=\"https:\/\/blogsaverroes.juntadeandalucia.es\/ieslabahia\/files\/2024\/06\/1oBACH-Cartel-Estadistica-I-2425.pdf\" target=\"_blank\" rel=\"noopener\">Estad\u00edstica I<\/a><\/h3>\n<h3><a href=\"https:\/\/blogsaverroes.juntadeandalucia.es\/ieslabahia\/files\/2023\/06\/FRANC\u00c9S-en-1\u00ba-BACH.pdf\" target=\"_blank\" rel=\"noopener noreferrer\">Optativas de Franc\u00e9s: 1\u00aa Lengua Extr., 2\u00aa Lengua Extr. y B1 <\/a>&nbsp;<strong>(<a href=\"https:\/\/blogsaverroes.juntadeandalucia.es\/ieslabahia\/files\/2023\/06\/FRANCESvideo_.mp4\" target=\"_blank\" rel=\"noopener noreferrer\">v\u00eddeo<\/a>)<\/strong><\/h3>\n<h3>Historia del Mundo Contempor\u00e1neo<\/h3>\n<h3>Ingl\u00e9s 2\u00aa Lengua Extranjera<\/h3>\n<h3><a href=\"https:\/\/blogsaverroes.juntadeandalucia.es\/ieslabahia\/files\/2024\/06\/1oBACH-Cartel-Laboratorio-e-Investigacion-Cientifica-2425.pdf\" target=\"_blank\" rel=\"noopener\">Laboratorio e Investigaci\u00f3n Cient\u00edfica I<\/a><\/h3>\n<h3><a href=\"https:\/\/blogsaverroes.juntadeandalucia.es\/ieslabahia\/files\/2023\/06\/LIT.-UNIVERSAL.pdf\" target=\"_blank\" rel=\"noopener noreferrer\">Literatura Universal<\/a><\/h3>\n<h3><a href=\"https:\/\/blogsaverroes.juntadeandalucia.es\/ieslabahia\/files\/2023\/06\/PATRIMONIO-CULTURAL-Y-ARTISTICO-ANDALUCIA.pdf\" target=\"_blank\" rel=\"noopener noreferrer\">Patrimonio Cultural y Art\u00edstico de Andaluc\u00eda<\/a><\/h3>\n<h3><a href=\"https:\/\/blogsaverroes.juntadeandalucia.es\/ieslabahia\/files\/2024\/06\/1oBACH-Cartel-Tecnologia-e-Ingenieria-2425.pdf\" target=\"_blank\" rel=\"noopener\">Tecnolog\u00eda e Ingenier\u00eda I<\/a><\/h3>\n<h3><a href=\"https:\/\/blogsaverroes.juntadeandalucia.es\/ieslabahia\/files\/2024\/06\/1oBACH-Cartel-Tecnologia-Informacion-Comunicacion-2425.pdf\" target=\"_blank\" rel=\"noopener\">Tecnolog\u00edas de la Informaci\u00f3n y Comunicaci\u00f3n I&nbsp;<\/a><\/h3>\n<\/td>\n<\/tr>\n<tr>\n<td>\n<h2 align=\"center\"><strong>2\u00baBACH<\/strong><\/h2>\n<\/td>\n<td>\n<h3><a href=\"https:\/\/blogsaverroes.juntadeandalucia.es\/ieslabahia\/files\/2023\/06\/actividad-fisica-salud-y-sociedad-cuadro.pdf\" target=\"_blank\" rel=\"noopener noreferrer\">Actividad F\u00edsica, Salud y Sociedad<\/a> (<a href=\"https:\/\/blogsaverroes.juntadeandalucia.es\/ieslabahia\/files\/2023\/06\/ACTIVIDAD-FI\u0301SICA-SALUD-Y-SOCIEDAD-1.pdf\" target=\"_blank\" rel=\"noopener noreferrer\">cartel<\/a>)<\/h3>\n<h3><a href=\"https:\/\/blogsaverroes.juntadeandalucia.es\/ieslabahia\/files\/2024\/06\/2-BACH-Cartel-Aleman-2425.pdf\" target=\"_blank\" rel=\"noopener\">Alem\u00e1n (Deutsch F\u00fcr Dich)<\/a><\/h3>\n<h3><a href=\"https:\/\/blogsaverroes.juntadeandalucia.es\/ieslabahia\/files\/2024\/06\/2oBACH-Cartel-Ciencias-Generales-para-la-PAU-2526.pdf\" target=\"_blank\" rel=\"noopener\">Ciencias Generales para la PAU<\/a><\/h3>\n<h3><a href=\"https:\/\/blogsaverroes.juntadeandalucia.es\/ieslabahia\/files\/2024\/06\/2oBACH-Cartel-Estadistica-II-2425.pdf\" target=\"_blank\" rel=\"noopener\">Estad\u00edstica II<\/a>&nbsp; <strong>(<a href=\"https:\/\/app.animaker.com\/animo\/KoKX4UIj8DybKhoA\/\" target=\"_blank\" rel=\"noopener noreferrer\">v\u00eddeo<\/a>)<\/strong><\/h3>\n<h3><a href=\"https:\/\/blogsaverroes.juntadeandalucia.es\/ieslabahia\/files\/2023\/06\/FRANC\u00c9S-en-2\u00ba-Bachillerato.pdf\" target=\"_blank\" rel=\"noopener noreferrer\">Franc\u00e9s 2\u00aa Lengua Extranjera<\/a><\/h3>\n<h3><a href=\"https:\/\/blogsaverroes.juntadeandalucia.es\/ieslabahia\/files\/2024\/06\/2oBACH-Cartel-Fund-Adm-Gestion-2425.pdf\" target=\"_blank\" rel=\"noopener\">Fundamentos de Administraci\u00f3n y Gesti\u00f3n<\/a><\/h3>\n<h3><a href=\"https:\/\/blogsaverroes.juntadeandalucia.es\/ieslabahia\/files\/2024\/06\/2oBACH-Cartel-Geologia-y-Ciencias-Ambientales-2425.pdf\" target=\"_blank\" rel=\"noopener\">Geolog\u00eda y Ciencias Ambientales<\/a><\/h3>\n<h3>Ingl\u00e9s 2\u00aa Lengua Extranjera<\/h3>\n<h3><a href=\"https:\/\/blogsaverroes.juntadeandalucia.es\/ieslabahia\/files\/2024\/06\/2oBACH-Dibujo-Tecnico-II.pdf\" target=\"_blank\" rel=\"noopener\">Dibujo T\u00e9cnico II<\/a><\/h3>\n<h3><a href=\"https:\/\/blogsaverroes.juntadeandalucia.es\/ieslabahia\/files\/2024\/06\/2oBACH-Cartel-Laboratorio-e-Investigacion-Cientifica-2425.pdf\" target=\"_blank\" rel=\"noopener\">Laboratorio e Investigaci\u00f3n Cient\u00edfica II<\/a><\/h3>\n<h3><a href=\"https:\/\/blogsaverroes.juntadeandalucia.es\/ieslabahia\/files\/2021\/06\/Cuadro_Psicolog\u00eda_2Bach.pdf\" target=\"_blank\" rel=\"noopener noreferrer\">Psicolog\u00eda<\/a><\/h3>\n<h3><a href=\"https:\/\/blogsaverroes.juntadeandalucia.es\/ieslabahia\/files\/2024\/06\/2oBACH-Cartel-Tecnologia-Informacion-Comunicacion-2425.pdf\" target=\"_blank\" rel=\"noopener\">Tecnolog\u00edas de la Informaci\u00f3n y Comunicaci\u00f3n II<\/a><\/h3>\n<h3><a href=\"https:\/\/blogsaverroes.juntadeandalucia.es\/ieslabahia\/files\/2024\/06\/2oBACH-Cartel-Tecnologia-e-Ingenieria-2425.pdf\" target=\"_blank\" rel=\"noopener\">Tecnolog\u00eda e Ingenier\u00eda II<\/a><\/h3>\n<\/td>\n<\/tr>\n<\/tbody>\n<\/table>\n","protected":false},"excerpt":{"rendered":"<p>1\u00baESO Computaci\u00f3n y Rob\u00f3tica Cultura Cl\u00e1sica Huerto Escolar Ecol\u00f3gico Oratoria y Debate T\u00e9cnicas de Estudio (v\u00eddeo) 2\u00baESO Computaci\u00f3n y Rob\u00f3tica&#46;&#46;&#46;<\/p>\n","protected":false},"author":11878,"featured_media":0,"parent":0,"menu_order":0,"comment_status":"closed","ping_status":"closed","template":"","meta":{"ngg_post_thumbnail":0,"footnotes":"","_mc_calendar":[]},"aioseo_notices":[],"_links":{"self":[{"href":"https:\/\/blogsaverroes.juntadeandalucia.es\/ieslabahia\/wp-json\/wp\/v2\/pages\/3205"}],"collection":[{"href":"https:\/\/blogsaverroes.juntadeandalucia.es\/ieslabahia\/wp-json\/wp\/v2\/pages"}],"about":[{"href":"https:\/\/blogsaverroes.juntadeandalucia.es\/ieslabahia\/wp-json\/wp\/v2\/types\/page"}],"author":[{"embeddable":true,"href":"https:\/\/blogsaverroes.juntadeandalucia.es\/ieslabahia\/wp-json\/wp\/v2\/users\/11878"}],"replies":[{"embeddable":true,"href":"https:\/\/blogsaverroes.juntadeandalucia.es\/ieslabahia\/wp-json\/wp\/v2\/comments?post=3205"}],"version-history":[{"count":67,"href":"https:\/\/blogsaverroes.juntadeandalucia.es\/ieslabahia\/wp-json\/wp\/v2\/pages\/3205\/revisions"}],"predecessor-version":[{"id":4065,"href":"https:\/\/blogsaverroes.juntadeandalucia.es\/ieslabahia\/wp-json\/wp\/v2\/pages\/3205\/revisions\/4065"}],"wp:attachment":[{"href":"https:\/\/blogsaverroes.juntadeandalucia.es\/ieslabahia\/wp-json\/wp\/v2\/media?parent=3205"}],"curies":[{"name":"wp","href":"https:\/\/api.w.org\/{rel}","templated":true}]}}