{"id":35,"date":"2015-03-13T08:21:43","date_gmt":"2015-03-13T08:21:43","guid":{"rendered":"http:\/\/blogsaverroes.juntadeandalucia.es\/pre\/ceip\/?page_id=35"},"modified":"2025-05-16T18:56:50","modified_gmt":"2025-05-16T16:56:50","slug":"el-centro-2","status":"publish","type":"page","link":"https:\/\/blogsaverroes.juntadeandalucia.es\/ieslabahia\/el-centro-2\/","title":{"rendered":"Datos del centro"},"content":{"rendered":"<p><iframe loading=\"lazy\" src=\"https:\/\/www.google.com\/maps\/embed?pb=!1m18!1m12!1m3!1d3209.2477455667795!2d-6.211936984719865!3d36.45156868002183!2m3!1f0!2f0!3f0!3m2!1i1024!2i768!4f13.1!3m3!1m2!1s0xd0dcd2d8333885b%3A0xc175347a53c0b85d!2sInstituto%20de%20Educaci%C3%B3n%20Secundaria%20La%20Bah%C3%ADa!5e0!3m2!1ses!2ses!4v1610039076719!5m2!1ses!2ses\" width=\"100%\" height=\"300\" frameborder=\"0\"><span data-mce-type=\"bookmark\" style=\"display: inline-block;width: 0px;overflow: hidden;line-height: 0\" class=\"mce_SELRES_start\">\ufeff<\/span><\/iframe><\/p>\n<p><iframe loading=\"lazy\" src=\"https:\/\/www.google.com\/maps\/embed?pb=!4v1610039305798!6m8!1m7!1suO7Sz0grN6pRb8_SaZ4T6w!2m2!1d36.45193655466303!2d-6.209705874283742!3f181.92140625231121!4f2.9206618242535143!5f0.7820865974627469\" width=\"100%\" height=\"300\" frameborder=\"0\"><span data-mce-type=\"bookmark\" style=\"display: inline-block;width: 0px;overflow: hidden;line-height: 0\" class=\"mce_SELRES_start\">\ufeff<\/span><\/iframe><\/p>\n<h4><span style=\"text-decoration: underline\"><strong>Datos de contacto<\/strong><\/span><\/h4>\n<p><strong>&nbsp; &nbsp;Centro<\/strong>: IES La Bah\u00eda.<br \/>\n<strong>&nbsp; &nbsp;Direcci\u00f3n:<\/strong>&nbsp; Avenida Constituci\u00f3n s\/n, 11100 San Fernando (C\u00e1diz)<br \/>\n<strong>&nbsp; &nbsp;Tel\u00e9fono \/ FAX: <\/strong>956243676 \/ 956243682<br \/>\n<strong>&nbsp; &nbsp;Email:<\/strong> 11700147.edu@juntadeandalucia.es<\/p>\n<h4 style=\"text-align: left\"><span style=\"text-decoration: underline\"><strong>Oferta educativa<\/strong><\/span><\/h4>\n<table class=\" alignleft\" style=\"width: 75.2899%\" width=\"643\" cellspacing=\"0\" cellpadding=\"4\">\n<colgroup>\n<col width=\"339\">\n<col width=\"287\"> <\/colgroup>\n<tbody>\n<tr valign=\"top\">\n<td style=\"width: 51.5714%\" width=\"339\">1\u00ba E.S.O.<\/td>\n<td style=\"width: 48.1585%\" width=\"287\">&nbsp;<\/td>\n<\/tr>\n<tr valign=\"top\">\n<td style=\"width: 51.5714%\" width=\"339\">2\u00ba E.S.O.<\/td>\n<td style=\"width: 48.1585%\" width=\"287\">&nbsp;<\/td>\n<\/tr>\n<\/tbody>\n<tbody>\n<tr valign=\"top\">\n<td style=\"width: 51.5714%\" width=\"339\">3\u00ba E.S.O.<\/td>\n<td style=\"width: 48.1585%\" width=\"287\">1\u00ba C.F.G.B. (Servicios Administrativos)<\/td>\n<\/tr>\n<\/tbody>\n<tbody>\n<tr valign=\"top\">\n<td style=\"width: 51.5714%\" width=\"339\">4\u00ba E.S.O.<\/td>\n<td style=\"width: 48.1585%\" width=\"287\">2\u00ba C.F.G.B. (Servicios Administrativos)<\/td>\n<\/tr>\n<\/tbody>\n<tbody>\n<tr valign=\"top\">\n<td style=\"width: 51.5714%\" width=\"339\">1\u00ba Bachillerato (Cient\u00edfico-Tecnol\u00f3gico)<\/td>\n<td style=\"width: 48.1585%\" width=\"287\">1\u00ba F.P.I.G.M. (Gesti\u00f3n Administrativa)<\/td>\n<\/tr>\n<\/tbody>\n<tbody>\n<tr valign=\"top\">\n<td style=\"width: 51.5714%\" width=\"339\">1\u00ba Bachillerato (Humanidades y Ciencias Sociales)<\/td>\n<td style=\"width: 48.1585%\" width=\"287\">2\u00ba F.P.I.G.M. (Gesti\u00f3n Administrativa)<\/td>\n<\/tr>\n<\/tbody>\n<tbody>\n<tr valign=\"top\">\n<td style=\"width: 51.5714%\" width=\"339\">2\u00ba Bachillerato (Cient\u00edfico-Tecnol\u00f3gico)<\/td>\n<td style=\"width: 48.1585%\" width=\"287\">1\u00ba F.P.I.G.S. (Asistencia a la Direcci\u00f3n)<\/td>\n<\/tr>\n<\/tbody>\n<tbody>\n<tr valign=\"top\">\n<td style=\"width: 51.5714%\" width=\"339\">2\u00ba Bachillerato (Humanidades y Ciencias Sociales)<\/td>\n<td style=\"width: 48.1585%\" width=\"287\">2\u00ba F.P.I.G.S. (Asistencia a la Direcci\u00f3n)<\/td>\n<\/tr>\n<\/tbody>\n<\/table>\n<h4>&nbsp;<\/h4>\n<h4>&nbsp;<\/h4>\n<h4>&nbsp;<\/h4>\n<h4>&nbsp;<\/h4>\n<h4>&nbsp;<\/h4>\n<h4>&nbsp;<\/h4>\n<p>&nbsp;<\/p>\n","protected":false},"excerpt":{"rendered":"<p>\ufeff \ufeff Datos de contacto &nbsp; &nbsp;Centro: IES La Bah\u00eda. &nbsp; &nbsp;Direcci\u00f3n:&nbsp; Avenida Constituci\u00f3n s\/n, 11100 San Fernando (C\u00e1diz) &nbsp;&#46;&#46;&#46;<\/p>\n","protected":false},"author":1,"featured_media":2725,"parent":0,"menu_order":0,"comment_status":"closed","ping_status":"open","template":"","meta":{"ngg_post_thumbnail":0,"footnotes":"","_mc_calendar":[]},"aioseo_notices":[],"_links":{"self":[{"href":"https:\/\/blogsaverroes.juntadeandalucia.es\/ieslabahia\/wp-json\/wp\/v2\/pages\/35"}],"collection":[{"href":"https:\/\/blogsaverroes.juntadeandalucia.es\/ieslabahia\/wp-json\/wp\/v2\/pages"}],"about":[{"href":"https:\/\/blogsaverroes.juntadeandalucia.es\/ieslabahia\/wp-json\/wp\/v2\/types\/page"}],"author":[{"embeddable":true,"href":"https:\/\/blogsaverroes.juntadeandalucia.es\/ieslabahia\/wp-json\/wp\/v2\/users\/1"}],"replies":[{"embeddable":true,"href":"https:\/\/blogsaverroes.juntadeandalucia.es\/ieslabahia\/wp-json\/wp\/v2\/comments?post=35"}],"version-history":[{"count":53,"href":"https:\/\/blogsaverroes.juntadeandalucia.es\/ieslabahia\/wp-json\/wp\/v2\/pages\/35\/revisions"}],"predecessor-version":[{"id":3963,"href":"https:\/\/blogsaverroes.juntadeandalucia.es\/ieslabahia\/wp-json\/wp\/v2\/pages\/35\/revisions\/3963"}],"wp:featuredmedia":[{"embeddable":true,"href":"https:\/\/blogsaverroes.juntadeandalucia.es\/ieslabahia\/wp-json\/wp\/v2\/media\/2725"}],"wp:attachment":[{"href":"https:\/\/blogsaverroes.juntadeandalucia.es\/ieslabahia\/wp-json\/wp\/v2\/media?parent=35"}],"curies":[{"name":"wp","href":"https:\/\/api.w.org\/{rel}","templated":true}]}}