{"id":82,"date":"2015-03-16T06:59:55","date_gmt":"2015-03-16T06:59:55","guid":{"rendered":"http:\/\/blogsaverroes.juntadeandalucia.es\/pre\/ceip\/?page_id=82"},"modified":"2021-01-27T18:38:55","modified_gmt":"2021-01-27T18:38:55","slug":"horarios","status":"publish","type":"page","link":"https:\/\/blogsaverroes.juntadeandalucia.es\/ieslabahia\/horarios\/","title":{"rendered":"Horarios"},"content":{"rendered":"<p><img loading=\"lazy\" decoding=\"async\" class=\"alignnone size-medium wp-image-1675\" src=\"http:\/\/blogsaverroes.juntadeandalucia.es\/temafrontieries\/files\/2015\/03\/horario2-300x211.jpg\" alt=\"horario2\" width=\"300\" height=\"211\" srcset=\"https:\/\/blogsaverroes.juntadeandalucia.es\/ieslabahia\/files\/2015\/03\/horario2-300x211.jpg 300w, https:\/\/blogsaverroes.juntadeandalucia.es\/ieslabahia\/files\/2015\/03\/horario2.jpg 640w\" sizes=\"(max-width: 300px) 100vw, 300px\" \/><\/p>\n<h4><strong><span style=\"text-decoration: underline\">Jornada lectiva<\/span>:<\/strong>&nbsp;El horario normal de clases es el siguiente&nbsp;<\/h4>\n<table class=\" alignleft\" style=\"width: 54.3647%\">\n<tbody>\n<tr>\n<td style=\"width: 39.4872%;text-align: center\"><strong>Sesi\u00f3n<\/strong><\/td>\n<td style=\"width: 146.915%;text-align: center\"><strong>Franja horaria<\/strong><\/td>\n<\/tr>\n<tr>\n<td style=\"width: 39.4872%;text-align: center\"><strong>1\u00aa<\/strong><\/td>\n<td style=\"width: 146.915%;text-align: center\">08:00 \u2013 09:00<\/td>\n<\/tr>\n<tr>\n<td style=\"width: 39.4872%;text-align: center\"><strong>2\u00aa<\/strong><\/td>\n<td style=\"width: 146.915%;text-align: center\">09:00 \u2013 10:00<\/td>\n<\/tr>\n<tr>\n<td style=\"width: 39.4872%;text-align: center\"><strong>3\u00aa<\/strong><\/td>\n<td style=\"width: 146.915%;text-align: center\">10:00 \u2013 11:00<\/td>\n<\/tr>\n<tr>\n<td style=\"width: 39.4872%;text-align: center\"><strong>Recreo<\/strong><\/td>\n<td style=\"width: 146.915%;text-align: center\">11:00 \u2013 11:30<\/td>\n<\/tr>\n<tr>\n<td style=\"width: 39.4872%;text-align: center\"><strong>4\u00aa<\/strong><\/td>\n<td style=\"width: 146.915%;text-align: center\">11:30 \u2013 12:30<\/td>\n<\/tr>\n<tr>\n<td style=\"width: 39.4872%;text-align: center\"><strong>5\u00aa<\/strong><\/td>\n<td style=\"width: 146.915%;text-align: center\">12:30 \u2013 13:30<\/td>\n<\/tr>\n<tr>\n<td style=\"width: 39.4872%;text-align: center\"><strong>6\u00aa<\/strong><\/td>\n<td style=\"width: 146.915%;text-align: center\">13: 30 \u2013 14:30<\/td>\n<\/tr>\n<\/tbody>\n<\/table>\n<h4>&nbsp;<\/h4>\n<h4>&nbsp;<\/h4>\n<h4>&nbsp;<\/h4>\n<h4>&nbsp;<\/h4>\n<h4>&nbsp;<\/h4>\n<p>&nbsp;<\/p>\n<p>&nbsp;<\/p>\n<p>&nbsp;<\/p>\n<p>&nbsp;<\/p>\n<p>&nbsp;<\/p>\n<p>&nbsp;<\/p>\n<h4><strong><span style=\"text-decoration: underline\">Horario de Secretar\u00eda <\/span>:<\/strong> de 10:30 a 13:00 horas, aunque es recomendable la tramitaci\u00f3n online a trav\u00e9s de la Secretar\u00eda Virtual.<\/h4>\n<p>&nbsp;<\/p>\n<h4><strong><span style=\"text-decoration: underline\">Horario de atenci\u00f3n de la Asociaci\u00f3n de Madres y Padres del Alumnado (AMPA)<\/span>:<\/strong> Martes de 09\u201930 a 11\u201900<\/h4>\n<h4>&nbsp;<\/h4>\n<h4>&nbsp;<\/h4>\n<h4>&nbsp;<\/h4>\n<h4>&nbsp;<\/h4>\n","protected":false},"excerpt":{"rendered":"<p>Jornada lectiva:&nbsp;El horario normal de clases es el siguiente&nbsp; Sesi\u00f3n Franja horaria 1\u00aa 08:00 \u2013 09:00 2\u00aa 09:00 \u2013 10:00&#46;&#46;&#46;<\/p>\n","protected":false},"author":1,"featured_media":0,"parent":0,"menu_order":0,"comment_status":"closed","ping_status":"open","template":"page-c.php","meta":{"ngg_post_thumbnail":0,"footnotes":"","_mc_calendar":[]},"aioseo_notices":[],"_links":{"self":[{"href":"https:\/\/blogsaverroes.juntadeandalucia.es\/ieslabahia\/wp-json\/wp\/v2\/pages\/82"}],"collection":[{"href":"https:\/\/blogsaverroes.juntadeandalucia.es\/ieslabahia\/wp-json\/wp\/v2\/pages"}],"about":[{"href":"https:\/\/blogsaverroes.juntadeandalucia.es\/ieslabahia\/wp-json\/wp\/v2\/types\/page"}],"author":[{"embeddable":true,"href":"https:\/\/blogsaverroes.juntadeandalucia.es\/ieslabahia\/wp-json\/wp\/v2\/users\/1"}],"replies":[{"embeddable":true,"href":"https:\/\/blogsaverroes.juntadeandalucia.es\/ieslabahia\/wp-json\/wp\/v2\/comments?post=82"}],"version-history":[{"count":10,"href":"https:\/\/blogsaverroes.juntadeandalucia.es\/ieslabahia\/wp-json\/wp\/v2\/pages\/82\/revisions"}],"predecessor-version":[{"id":2853,"href":"https:\/\/blogsaverroes.juntadeandalucia.es\/ieslabahia\/wp-json\/wp\/v2\/pages\/82\/revisions\/2853"}],"wp:attachment":[{"href":"https:\/\/blogsaverroes.juntadeandalucia.es\/ieslabahia\/wp-json\/wp\/v2\/media?parent=82"}],"curies":[{"name":"wp","href":"https:\/\/api.w.org\/{rel}","templated":true}]}}