{"id":16,"date":"2021-02-12T18:24:44","date_gmt":"2021-02-12T18:24:44","guid":{"rendered":"https:\/\/blogsaverroes.juntadeandalucia.es\/ieslabahiafil\/?page_id=16"},"modified":"2022-10-27T07:36:12","modified_gmt":"2022-10-27T07:36:12","slug":"programaciones-y-criterios-de-evaluacion","status":"publish","type":"page","link":"https:\/\/blogsaverroes.juntadeandalucia.es\/ieslabahiafil\/programaciones-y-criterios-de-evaluacion\/","title":{"rendered":"Programaciones y criterios de evaluaci\u00f3n"},"content":{"rendered":"<p><a href=\"https:\/\/blogsaverroes.juntadeandalucia.es\/ieslabahiafil\/files\/2022\/10\/Filosofia-1bach-sistema-ev-cal-LOMLOE-1.pdf\">EV-FILOSOF\u00cdA-1Bach-LOMLOE<\/a><\/p>\n<table style=\"height: 168px;width: 87.7578%;border-collapse: collapse;border-color: #000000\">\n<tbody>\n<tr style=\"height: 24px\">\n<td style=\"width: 43.9794%;height: 24px;text-align: center\"><strong>Materia<\/strong><\/td>\n<td style=\"width: 29.1116%;height: 24px;text-align: center\"><strong>Criterios de evaluaci\u00f3n\/calificaci\u00f3n<\/strong><\/td>\n<td style=\"width: 26.909%;text-align: center;height: 24px\"><strong>Programaciones did\u00e1cticas<br \/>\n<\/strong><\/td>\n<\/tr>\n<tr style=\"height: 24px\">\n<td style=\"width: 43.9794%;height: 24px\">HISTORIA DE LA FILOSOF\u00cdA &#8211; 2\u00ba BACHILLERATO<\/td>\n<td style=\"width: 29.1116%;height: 24px;text-align: center\"><a href=\"https:\/\/blogsaverroes.juntadeandalucia.es\/ieslabahiafil\/files\/2022\/10\/Evaluaci\u00f3n-2\u00ba-BACH-Filo.pdf\">EV 2\u00ba Bach HISTORIA FILOSOF\u00cdA<\/a><\/td>\n<td style=\"width: 26.909%;text-align: center;height: 24px\"><a href=\"https:\/\/blogsaverroes.juntadeandalucia.es\/ieslabahiafil\/files\/2022\/10\/Programaciones_didacticas-Historia-de-la-Filosof\u00eda.pdf\">Programaciones_didacticas-Historia de la Filosof\u00eda<\/a><\/td>\n<\/tr>\n<tr style=\"height: 24px\">\n<td style=\"width: 43.9794%;height: 24px\">PSICOLOG\u00cdA &#8211; 2\u00ba BACHILLERATO<\/td>\n<td style=\"width: 29.1116%;height: 24px;text-align: center\"><a href=\"https:\/\/blogsaverroes.juntadeandalucia.es\/ieslabahiafil\/files\/2022\/10\/Evaluaci\u00f3n-2\u00ba-BACH-Psico.pdf\">Ev 2\u00ba Bach PSICOLOG\u00cdA<\/a><\/td>\n<td style=\"width: 26.909%;text-align: center;height: 24px\"><a href=\"https:\/\/blogsaverroes.juntadeandalucia.es\/ieslabahiafil\/files\/2022\/10\/Programaciones_didacticas-Psicolog\u00eda.pdf\">Programaciones_didacticas-Psicolog\u00eda<\/a><\/td>\n<\/tr>\n<tr style=\"height: 24px\">\n<td style=\"width: 43.9794%;height: 24px\">FILOSOF\u00cdA &#8211; 1\u00ba BACHILLERATO<\/td>\n<td style=\"width: 29.1116%;height: 24px;text-align: center\"><a href=\"https:\/\/blogsaverroes.juntadeandalucia.es\/ieslabahiafil\/files\/2022\/10\/Filosofia-1bach-sistema-ev-cal-LOMLOE-1.pdf\">EV-FILOSOF\u00cdA-1Bach-LOMLOE<\/a><\/td>\n<td style=\"width: 26.909%;text-align: center;height: 24px\">&nbsp;<\/td>\n<\/tr>\n<tr style=\"height: 24px\">\n<td style=\"width: 43.9794%;height: 24px\">FILOSOF\u00cdA &#8211; 4\u00baESO<\/td>\n<td style=\"width: 29.1116%;height: 24px;text-align: center\"><a href=\"https:\/\/blogsaverroes.juntadeandalucia.es\/ieslabahiafil\/files\/2022\/10\/4FIL-V.pdf\">EV 4ESO FILOSOF\u00cdA<\/a><\/td>\n<td style=\"width: 26.909%;text-align: center;height: 24px\"><a href=\"https:\/\/blogsaverroes.juntadeandalucia.es\/ieslabahiafil\/files\/2022\/10\/Programaciones_didacticas-4ESO-Filosof\u00eda-v2.pdf\">Programaciones_didacticas-4ESO Filosof\u00eda<\/a><\/td>\n<\/tr>\n<tr style=\"height: 24px\">\n<td style=\"width: 43.9794%;height: 24px\">VALORES \u00c9TICOS &#8211; 4\u00baESO<\/td>\n<td style=\"width: 29.1116%;height: 24px;text-align: center\"><a href=\"https:\/\/blogsaverroes.juntadeandalucia.es\/ieslabahiafil\/files\/2022\/10\/VE-EV-4ESO.pdf\">EV-\u00c9TICOS-4\u00baESO<\/a><\/td>\n<td style=\"width: 26.909%;text-align: center;height: 48px\" rowspan=\"2\"><a href=\"https:\/\/blogsaverroes.juntadeandalucia.es\/ieslabahiafil\/files\/2022\/10\/Programaciones_didacticas-VE.pdf\">Programaciones_didacticas-VE<\/a><\/td>\n<\/tr>\n<tr style=\"height: 24px\">\n<td style=\"width: 43.9794%;height: 24px\">VALORES \u00c9TICOS &#8211; PRIMER CICLO ESO &#8211; 2\u00ba ESO<\/td>\n<td style=\"width: 29.1116%;height: 24px;text-align: center\"><a href=\"https:\/\/blogsaverroes.juntadeandalucia.es\/ieslabahiafil\/files\/2022\/10\/VE-EV-1-3ESO.pdf\">EV-\u00c9TICOS-2\u00baESO<\/a><\/td>\n<\/tr>\n<\/tbody>\n<\/table>\n<p>&nbsp;<\/p>\n<p>&nbsp;<\/p>\n<p>&nbsp;<\/p>\n<p>&nbsp;<\/p>\n<p>&nbsp;<\/p>\n<p>&nbsp;<\/p>\n<p>&nbsp;<\/p>\n<p>&nbsp;<\/p>\n<p>&nbsp;<\/p>\n<p>&nbsp;<\/p>\n","protected":false},"excerpt":{"rendered":"<p>EV-FILOSOF\u00cdA-1Bach-LOMLOE Materia Criterios de evaluaci\u00f3n\/calificaci\u00f3n Programaciones did\u00e1cticas HISTORIA DE LA FILOSOF\u00cdA &#8211; 2\u00ba BACHILLERATO EV 2\u00ba Bach HISTORIA FILOSOF\u00cdA Programaciones_didacticas-Historia&#46;&#46;&#46;<\/p>\n","protected":false},"author":11878,"featured_media":0,"parent":0,"menu_order":0,"comment_status":"closed","ping_status":"closed","template":"page-c.php","meta":{"ngg_post_thumbnail":0,"footnotes":""},"aioseo_notices":[],"_links":{"self":[{"href":"https:\/\/blogsaverroes.juntadeandalucia.es\/ieslabahiafil\/wp-json\/wp\/v2\/pages\/16"}],"collection":[{"href":"https:\/\/blogsaverroes.juntadeandalucia.es\/ieslabahiafil\/wp-json\/wp\/v2\/pages"}],"about":[{"href":"https:\/\/blogsaverroes.juntadeandalucia.es\/ieslabahiafil\/wp-json\/wp\/v2\/types\/page"}],"author":[{"embeddable":true,"href":"https:\/\/blogsaverroes.juntadeandalucia.es\/ieslabahiafil\/wp-json\/wp\/v2\/users\/11878"}],"replies":[{"embeddable":true,"href":"https:\/\/blogsaverroes.juntadeandalucia.es\/ieslabahiafil\/wp-json\/wp\/v2\/comments?post=16"}],"version-history":[{"count":19,"href":"https:\/\/blogsaverroes.juntadeandalucia.es\/ieslabahiafil\/wp-json\/wp\/v2\/pages\/16\/revisions"}],"predecessor-version":[{"id":68,"href":"https:\/\/blogsaverroes.juntadeandalucia.es\/ieslabahiafil\/wp-json\/wp\/v2\/pages\/16\/revisions\/68"}],"wp:attachment":[{"href":"https:\/\/blogsaverroes.juntadeandalucia.es\/ieslabahiafil\/wp-json\/wp\/v2\/media?parent=16"}],"curies":[{"name":"wp","href":"https:\/\/api.w.org\/{rel}","templated":true}]}}