{"id":136,"date":"2021-04-17T18:44:02","date_gmt":"2021-04-17T18:44:02","guid":{"rendered":"https:\/\/blogsaverroes.juntadeandalucia.es\/ieslabahiafra\/?page_id=136"},"modified":"2025-05-01T18:12:02","modified_gmt":"2025-05-01T18:12:02","slug":"intercambio","status":"publish","type":"page","link":"https:\/\/blogsaverroes.juntadeandalucia.es\/ieslabahiafra\/intercambio\/","title":{"rendered":"INTERCAMBIO ESCOLAR"},"content":{"rendered":"<p><span style=\"font-size: 14pt\"><strong>INTERCAMBIO ESCOLAR CURSO 2024\/2025: LYC\u00c9E CAMILLE CLAUDEL &#8211; TROYES &#8211; PAR\u00cdS<\/strong><\/span><\/p>\nngg_shortcode_0_placeholder\n<p>Un grupo de alumnos de nuestro instituto ha participado en un intercambio escolar con el lyc\u00e9e Camille Claudel de Troyes. Durante la estancia de diez d\u00edas (del 25 de marzo al 3 de abril) el alumnado ha visitado las ciudades de Troyes, de Reims y su impresionante catedral, de Provins y de Par\u00eds. Numerosas actividades se han llevado a cabo con el alumnado franc\u00e9s: actividades comunicativas, canciones, cocinar platos t\u00edpicos de la cocina francesa, soir\u00e9e de despedida&#8230;<\/p>\n<p>En la capital francesa, los alumnos tuvieron la inmensa fortuna de ser recibido por la alcaldesa, Anne Hidalgo, que les dedic\u00f3 unas bonitas palabras.<\/p>\n<p>&nbsp;<\/p>\n<p><span style=\"font-size: 14pt\"><strong>INTERCAMBIO ESCOLAR CURSO 2022\/2023: LYC\u00c9E PHILIPPE LAMOUR &#8211; N\u00ceMES<\/strong><\/span><\/p>\nngg_shortcode_1_placeholder\n<p>Un grupo de veinte alumnos de nuestro instituto de 4\u00ba de ESO han participado en un intercambio escolar con alumnos franceses del lyc\u00e9e Philippe Lamour de N\u00eemes. Durante la estancia en Francia el grupo ha visitado las ciudades de N\u00eemes, Montpellier, Aigues-Mortes y el parque natural de la Camarga.<\/p>\n<p>&nbsp;<\/p>\n<p><span style=\"font-size: 14pt;font-family: tahoma, arial, helvetica, sans-serif\"><strong>INTERCAMBIO ESCOLAR CURSO 2021\/2022<\/strong><\/span><\/p>\n<p><span style=\"font-family: tahoma, arial, helvetica, sans-serif\">El departamento de Franc\u00e9s retoma contacto con varios centros franceses para reanudar el intercambio escolar de alumnos espa\u00f1oles\/franceses para el pr\u00f3ximo curso 2021\/2022 siempre y cuando la situaci\u00f3n sanitaria lo permita.<\/span><\/p>\n<p>&nbsp;<\/p>\n","protected":false},"excerpt":{"rendered":"<p>INTERCAMBIO ESCOLAR CURSO 2024\/2025: LYC\u00c9E CAMILLE CLAUDEL &#8211; TROYES &#8211; PAR\u00cdS &nbsp; Un grupo de alumnos de nuestro instituto ha&#46;&#46;&#46;<\/p>\n","protected":false},"author":12315,"featured_media":0,"parent":0,"menu_order":0,"comment_status":"closed","ping_status":"closed","template":"","meta":{"ngg_post_thumbnail":0,"footnotes":""},"aioseo_notices":[],"_links":{"self":[{"href":"https:\/\/blogsaverroes.juntadeandalucia.es\/ieslabahiafra\/wp-json\/wp\/v2\/pages\/136"}],"collection":[{"href":"https:\/\/blogsaverroes.juntadeandalucia.es\/ieslabahiafra\/wp-json\/wp\/v2\/pages"}],"about":[{"href":"https:\/\/blogsaverroes.juntadeandalucia.es\/ieslabahiafra\/wp-json\/wp\/v2\/types\/page"}],"author":[{"embeddable":true,"href":"https:\/\/blogsaverroes.juntadeandalucia.es\/ieslabahiafra\/wp-json\/wp\/v2\/users\/12315"}],"replies":[{"embeddable":true,"href":"https:\/\/blogsaverroes.juntadeandalucia.es\/ieslabahiafra\/wp-json\/wp\/v2\/comments?post=136"}],"version-history":[{"count":10,"href":"https:\/\/blogsaverroes.juntadeandalucia.es\/ieslabahiafra\/wp-json\/wp\/v2\/pages\/136\/revisions"}],"predecessor-version":[{"id":443,"href":"https:\/\/blogsaverroes.juntadeandalucia.es\/ieslabahiafra\/wp-json\/wp\/v2\/pages\/136\/revisions\/443"}],"wp:attachment":[{"href":"https:\/\/blogsaverroes.juntadeandalucia.es\/ieslabahiafra\/wp-json\/wp\/v2\/media?parent=136"}],"curies":[{"name":"wp","href":"https:\/\/api.w.org\/{rel}","templated":true}]}}