{"id":40,"date":"2021-04-06T14:46:02","date_gmt":"2021-04-06T14:46:02","guid":{"rendered":"https:\/\/blogsaverroes.juntadeandalucia.es\/ieslabahiafra\/?page_id=40"},"modified":"2025-05-01T17:04:40","modified_gmt":"2025-05-01T17:04:40","slug":"frances-b1","status":"publish","type":"page","link":"https:\/\/blogsaverroes.juntadeandalucia.es\/ieslabahiafra\/frances-b1\/","title":{"rendered":"FRANC\u00c9S B1"},"content":{"rendered":"<p><span style=\"font-size: 14pt\"><strong>ALUMNADO DEL CURSO 24\/25<\/strong><\/span><\/p>\n<p><span style=\"font-size: 14pt\"><strong>&nbsp;&nbsp;&nbsp;&nbsp;&nbsp;&nbsp;&nbsp;&nbsp;&nbsp;&nbsp;&nbsp;&nbsp;&nbsp;&nbsp;&nbsp;&nbsp;&nbsp;&nbsp;&nbsp;&nbsp;&nbsp;&nbsp;&nbsp;&nbsp;&nbsp;&nbsp;&nbsp;&nbsp;&nbsp;&nbsp;&nbsp;&nbsp;&nbsp;&nbsp;&nbsp;&nbsp;&nbsp;&nbsp; <img loading=\"lazy\" decoding=\"async\" class=\"alignnone wp-image-372\" src=\"https:\/\/blogsaverroes.juntadeandalucia.es\/ieslabahiafra\/files\/2025\/05\/IMG_20250428_164049-300x225.jpg\" alt=\"\" width=\"479\" height=\"359\" srcset=\"https:\/\/blogsaverroes.juntadeandalucia.es\/ieslabahiafra\/files\/2025\/05\/IMG_20250428_164049-300x225.jpg 300w, https:\/\/blogsaverroes.juntadeandalucia.es\/ieslabahiafra\/files\/2025\/05\/IMG_20250428_164049-1024x768.jpg 1024w, https:\/\/blogsaverroes.juntadeandalucia.es\/ieslabahiafra\/files\/2025\/05\/IMG_20250428_164049-768x576.jpg 768w, https:\/\/blogsaverroes.juntadeandalucia.es\/ieslabahiafra\/files\/2025\/05\/IMG_20250428_164049-1536x1152.jpg 1536w, https:\/\/blogsaverroes.juntadeandalucia.es\/ieslabahiafra\/files\/2025\/05\/IMG_20250428_164049-2048x1536.jpg 2048w\" sizes=\"(max-width: 479px) 100vw, 479px\" \/><\/strong><\/span><\/p>\n<p>Los pasados 28 y 29 de abril veinte alumnos de nuestro instituto de 1\u00ba y 2\u00ba de bachillerato pasaron las pruebas de DELF SCOLAIRE (18 alumnos para B1 y dos alumnas para B2: Claudia Hern\u00e1ndez y Davinia Tiz\u00f3n) en el IES La Jarcia de Puerto Real y en el IES Tejada de EL Puerto de Santa Mar\u00eda. \u00a1Enhorabuena a todos por el trabajo!<\/p>\n<p>&nbsp;<\/p>\n<p><span style=\"font-size: 14pt\"><strong>ALUMNOS DEL CURSO 23\/24: B1 Y B2<\/strong><\/span><\/p>\nngg_shortcode_0_placeholder\n<p>El pasado 23 y 24 de abril, catorce alumnos y alumnas de nuestro instituto pasaron las pruebas de DELF B1 y B2 en el instituto Drago de C\u00e1diz. En las fotos faltan dos alumnas (Lourdes Hern\u00e1ndez y Elena Busto que se presentaron a B2)<\/p>\n<p>BON COURAGE \u00c0 TOUS!<\/p>\n<p>&nbsp;<\/p>\n<p>&nbsp;<\/p>\n<p><span style=\"font-size: 14pt\"><strong>B1: B2 ALUMNOS QUE OBTIENEN TITULACI\u00d3N<\/strong><\/span><\/p>\n<p>&nbsp;&nbsp;&nbsp;&nbsp;&nbsp;&nbsp;&nbsp;&nbsp;&nbsp;&nbsp;&nbsp;&nbsp;&nbsp;&nbsp;&nbsp;&nbsp;&nbsp;&nbsp;&nbsp;&nbsp;&nbsp;&nbsp;&nbsp;&nbsp;&nbsp; <img loading=\"lazy\" decoding=\"async\" class=\"alignnone size-medium wp-image-227\" src=\"https:\/\/blogsaverroes.juntadeandalucia.es\/ieslabahiafra\/files\/2022\/01\/B1-300x273.jpg\" alt=\"\" width=\"300\" height=\"273\" srcset=\"https:\/\/blogsaverroes.juntadeandalucia.es\/ieslabahiafra\/files\/2022\/01\/B1-300x273.jpg 300w, https:\/\/blogsaverroes.juntadeandalucia.es\/ieslabahiafra\/files\/2022\/01\/B1-1024x932.jpg 1024w, https:\/\/blogsaverroes.juntadeandalucia.es\/ieslabahiafra\/files\/2022\/01\/B1-768x699.jpg 768w, https:\/\/blogsaverroes.juntadeandalucia.es\/ieslabahiafra\/files\/2022\/01\/B1.jpg 1062w\" sizes=\"(max-width: 300px) 100vw, 300px\" \/><\/p>\n<p>Alumnos de 2\u00ba de Bachillerato del centro han obtenido el t\u00edtulo oficial de B1 y B2 entre finales del curso pasado y principios de este. Estamos content\u00edsmos por ellos. F\u00c9LICITATIONS!!!!!!<\/p>\n<p>Animaos a cursar la optativa de B1 en bachillerato.<\/p>\n<p>*Marina Mart\u00edn Aragon\u00e9s: B1 por Escuela de idioma, por libre curso 2020-2021.<\/p>\n<p>*Alicia Barrena Guerrero: obtuvo Delf Junior B1 en la convocatoria de Octubre de 2021.<\/p>\n<p>*Lola Carvajal Morales: obtuvo Delf Junior B1 en la convocatoria de Octubre de 2021.<\/p>\n<p>*David Peri\u00f1\u00e1n Corbacho: obtuvo Delf Junior B1 en la convocatoria de Octubre de 2021.<\/p>\n<p>*Gonzalo Jaime Coladas: obtuvo Delf Junior B1 en la convocatoria de Junio de 2021 y Delf Junior B2 en la convocatoria de Octubre de 2021.<\/p>\n<p>&nbsp;<\/p>\n<p><span style=\"font-size: 14pt\"><strong>1a PROMOCI\u00d3N DEL B1 FRANC\u00c9S<\/strong><\/span><\/p>\n<p>Primera promoci\u00f3n de alumnos preparados para la obtenci\u00f3n del B1 del IES La Bah\u00eda.<\/p>\n<p>ngg_shortcode_1_placeholder&nbsp;&nbsp;&nbsp;&nbsp;&nbsp;&nbsp;&nbsp;&nbsp;&nbsp;&nbsp;&nbsp;&nbsp;&nbsp;&nbsp;&nbsp;&nbsp;&nbsp;&nbsp;&nbsp;&nbsp;&nbsp;&nbsp;&nbsp;&nbsp;&nbsp;&nbsp;&nbsp;&nbsp;&nbsp;&nbsp;&nbsp;&nbsp;&nbsp;&nbsp;&nbsp;&nbsp;&nbsp;&nbsp;&nbsp;&nbsp;&nbsp;&nbsp;&nbsp;&nbsp;&nbsp;&nbsp;&nbsp;&nbsp;&nbsp;&nbsp;&nbsp;&nbsp;&nbsp;&nbsp;&nbsp;&nbsp;&nbsp;&nbsp;&nbsp;&nbsp;&nbsp;&nbsp;&nbsp;&nbsp;&nbsp;&nbsp;&nbsp;&nbsp;&nbsp;&nbsp;&nbsp;&nbsp;&nbsp;&nbsp;&nbsp;&nbsp;&nbsp;&nbsp;&nbsp;&nbsp;&nbsp;&nbsp;&nbsp;&nbsp;&nbsp;&nbsp;&nbsp;&nbsp;&nbsp;&nbsp;&nbsp;&nbsp;&nbsp;&nbsp;&nbsp;&nbsp;&nbsp;&nbsp;&nbsp;&nbsp;&nbsp;&nbsp;&nbsp;&nbsp;&nbsp;&nbsp;&nbsp;&nbsp;&nbsp;&nbsp;&nbsp; (pincha la imagen para ver al grupo completo)<\/p>\n<p>Profesora\/preparadora: M\u00aa del Carmen Palacios Clavijo<\/p>\n<p>Alumnado:<\/p>\n<p>Alejandro Cu\u00e9llar Montes, Alex Granado D\u00e1vila, Coral Lobete Garc\u00eda, Mario Cach\u00f3n Rodr\u00edguez, Lola Carvajal Morales, Manuel Dom\u00ednguez Sestelo, Claudia Aurora Garc\u00eda C\u00e1ceres, Helena Garc\u00eda Garri, Ismael Garc\u00eda Gonz\u00e1lez, Pablo Lagostena Hermida, Marina Mart\u00edn Aragon\u00e9s<\/p>\n<p>Alejandro Mera Revidiego, Cristian Moreno L\u00f3pez, David Peri\u00f1\u00e1n Corbacho, Alejandro Quintana Mesa, Alicia Barrena Guerrero, Eva Fern\u00e1ndez Morillas, Jorge Fern\u00e1ndez Galv\u00edn, Paula Rodr\u00edguez Heredia y Luc\u00eda Torralva Oneto.<\/p>\n<p>&nbsp;<\/p>\n<p><span style=\"font-size: 14pt\"><strong>OPTATIVA PARA 1\u00ba BACHILERATO: B1<\/strong><\/span><\/p>\n<p>Planfleto informativo<\/p>\n<p><a href=\"https:\/\/blogsaverroes.juntadeandalucia.es\/ieslabahiafra\/files\/2021\/04\/Delf-B1-1\u00ba-BACH.pdf\" target=\"_blank\" rel=\"noopener noreferrer\">Delf B1 &#8211; 1\u00ba BACH<\/a><\/p>\n","protected":false},"excerpt":{"rendered":"<p>ALUMNADO DEL CURSO 24\/25 &nbsp;&nbsp;&nbsp;&nbsp;&nbsp;&nbsp;&nbsp;&nbsp;&nbsp;&nbsp;&nbsp;&nbsp;&nbsp;&nbsp;&nbsp;&nbsp;&nbsp;&nbsp;&nbsp;&nbsp;&nbsp;&nbsp;&nbsp;&nbsp;&nbsp;&nbsp;&nbsp;&nbsp;&nbsp;&nbsp;&nbsp;&nbsp;&nbsp;&nbsp;&nbsp;&nbsp;&nbsp;&nbsp; Los pasados 28 y 29 de abril veinte alumnos de nuestro instituto de 1\u00ba y&#46;&#46;&#46;<\/p>\n","protected":false},"author":12315,"featured_media":0,"parent":0,"menu_order":0,"comment_status":"closed","ping_status":"closed","template":"page-c.php","meta":{"ngg_post_thumbnail":0,"footnotes":""},"aioseo_notices":[],"_links":{"self":[{"href":"https:\/\/blogsaverroes.juntadeandalucia.es\/ieslabahiafra\/wp-json\/wp\/v2\/pages\/40"}],"collection":[{"href":"https:\/\/blogsaverroes.juntadeandalucia.es\/ieslabahiafra\/wp-json\/wp\/v2\/pages"}],"about":[{"href":"https:\/\/blogsaverroes.juntadeandalucia.es\/ieslabahiafra\/wp-json\/wp\/v2\/types\/page"}],"author":[{"embeddable":true,"href":"https:\/\/blogsaverroes.juntadeandalucia.es\/ieslabahiafra\/wp-json\/wp\/v2\/users\/12315"}],"replies":[{"embeddable":true,"href":"https:\/\/blogsaverroes.juntadeandalucia.es\/ieslabahiafra\/wp-json\/wp\/v2\/comments?post=40"}],"version-history":[{"count":12,"href":"https:\/\/blogsaverroes.juntadeandalucia.es\/ieslabahiafra\/wp-json\/wp\/v2\/pages\/40\/revisions"}],"predecessor-version":[{"id":377,"href":"https:\/\/blogsaverroes.juntadeandalucia.es\/ieslabahiafra\/wp-json\/wp\/v2\/pages\/40\/revisions\/377"}],"wp:attachment":[{"href":"https:\/\/blogsaverroes.juntadeandalucia.es\/ieslabahiafra\/wp-json\/wp\/v2\/media?parent=40"}],"curies":[{"name":"wp","href":"https:\/\/api.w.org\/{rel}","templated":true}]}}