{"id":99,"date":"2021-04-17T18:09:34","date_gmt":"2021-04-17T18:09:34","guid":{"rendered":"https:\/\/blogsaverroes.juntadeandalucia.es\/ieslabahiafra\/?page_id=99"},"modified":"2021-04-17T18:17:09","modified_gmt":"2021-04-17T18:17:09","slug":"concurso-de-marcapaginas","status":"publish","type":"page","link":"https:\/\/blogsaverroes.juntadeandalucia.es\/ieslabahiafra\/concurso-de-marcapaginas\/","title":{"rendered":"Concurso de marcap\u00e1ginas"},"content":{"rendered":"<p><span style=\"font-family: tahoma, arial, helvetica, sans-serif\">Concurso de marcap\u00e1ginas en franc\u00e9s sobre <em>Le Petit Prince<\/em> con motivo de la celebraci\u00f3n del D\u00eda del Libro.<\/span><\/p>\nngg_shortcode_0_placeholder\n","protected":false},"excerpt":{"rendered":"<p>Concurso de marcap\u00e1ginas en franc\u00e9s sobre Le Petit Prince con motivo de la celebraci\u00f3n del D\u00eda del Libro.<\/p>\n","protected":false},"author":12315,"featured_media":0,"parent":0,"menu_order":0,"comment_status":"closed","ping_status":"closed","template":"","meta":{"ngg_post_thumbnail":0,"footnotes":""},"aioseo_notices":[],"_links":{"self":[{"href":"https:\/\/blogsaverroes.juntadeandalucia.es\/ieslabahiafra\/wp-json\/wp\/v2\/pages\/99"}],"collection":[{"href":"https:\/\/blogsaverroes.juntadeandalucia.es\/ieslabahiafra\/wp-json\/wp\/v2\/pages"}],"about":[{"href":"https:\/\/blogsaverroes.juntadeandalucia.es\/ieslabahiafra\/wp-json\/wp\/v2\/types\/page"}],"author":[{"embeddable":true,"href":"https:\/\/blogsaverroes.juntadeandalucia.es\/ieslabahiafra\/wp-json\/wp\/v2\/users\/12315"}],"replies":[{"embeddable":true,"href":"https:\/\/blogsaverroes.juntadeandalucia.es\/ieslabahiafra\/wp-json\/wp\/v2\/comments?post=99"}],"version-history":[{"count":5,"href":"https:\/\/blogsaverroes.juntadeandalucia.es\/ieslabahiafra\/wp-json\/wp\/v2\/pages\/99\/revisions"}],"predecessor-version":[{"id":114,"href":"https:\/\/blogsaverroes.juntadeandalucia.es\/ieslabahiafra\/wp-json\/wp\/v2\/pages\/99\/revisions\/114"}],"wp:attachment":[{"href":"https:\/\/blogsaverroes.juntadeandalucia.es\/ieslabahiafra\/wp-json\/wp\/v2\/media?parent=99"}],"curies":[{"name":"wp","href":"https:\/\/api.w.org\/{rel}","templated":true}]}}