{"id":2,"date":"2020-11-19T12:21:40","date_gmt":"2020-11-19T12:21:40","guid":{"rendered":"https:\/\/blogsaverroes.juntadeandalucia.es\/ieslabahiainfocovid\/?page_id=2"},"modified":"2021-05-31T09:00:39","modified_gmt":"2021-05-31T08:00:39","slug":"pagina-ejemplo","status":"publish","type":"page","link":"https:\/\/blogsaverroes.juntadeandalucia.es\/ieslabahiainfocovid\/","title":{"rendered":"P\u00e1gina de Inicio"},"content":{"rendered":"\r\n<p>Bienvenidos\/as<\/p>\r\n<p>En este blog trataremos de compartir con toda la comunidad educativa la informaci\u00f3n relativa a la gesti\u00f3n del coronavirus en el IES La Bah\u00eda. Para los\/as que acced\u00e9is desde el m\u00f3vil, pod\u00e9is encontrar el men\u00fa con las secciones en el icono de men\u00fa arriba a la derecha.<\/p>\r\n<p align=\"justify\"><b>Informe Covid Mayo 2021<\/b><\/p>\r\n<p align=\"justify\">Estimadas familias, el mes de mayo nos ha tra\u00eddo la alegr\u00eda (contenida quiz\u00e1) de la relajaci\u00f3n oficial de las medidas y el fin del Estado de Alarma. La responsabilidad, m\u00e1s que en ning\u00fan otro momento, reside en la conciencia individual.<\/p>\r\n<p align=\"justify\">En nuestro centro, han sido cinco los casos positivos durante el mes que termina. No son buenos n\u00fameros, porque el buen n\u00famero que querr\u00edamos dar es el n\u00famero cero. Pero es la demostraci\u00f3n de lo que tenemos que tener muy presente: las medidas oficiales se han relajado, pero la pandemia no ha tocado a su fin.<\/p>\r\n<p align=\"justify\">As\u00ed que nos toca ser m\u00e1s categ\u00f3ricos que nunca: por favor, extrememos las precauciones. Nos quedan apenas unas semanas de clase, semanas en las que algunos alumnos y alumnas se juegan mucho (titulaci\u00f3n, PEvAU\u2026) y todos nos jugamos lo m\u00e1s importante, la salud. No cuesta nada seguir como hasta ahora: las mascarillas, la distancia y la higiene son nuestro \u00fanico seguro. Hemos hecho las cosas bien hasta ahora y, entre todos y todas, vamos a seguir haci\u00e9ndolas bien hasta el final.<\/p>\r\n<p align=\"justify\">Gracias.<\/p>\r\n<p><strong>INFORMACI\u00d3N ABRIL 2021<\/strong><\/p>\r\n<p>Estimadas familias, nos asomamos de nuevo por aqu\u00ed para contaros c\u00f3mo ha ido el mes que acaba. Las cifras son buenas, solo dos positivos en el mes de abril. Ojal\u00e1 no tuvi\u00e9ramos que reportar ning\u00fan caso, por supuesto. Pero a\u00fan as\u00ed, no podemos quejarnos, porque las cosas, siendo el instituto un claro reflejo de nuestra ciudad, no est\u00e1n yendo mal. Hemos registrado contactos de familiares o alumnado con casos positivos, casos de los que se nos ha informado inmediatamente y en los que las familias han guardado las debidas cuarentenas para asegurar que sus hijas e hijos volv\u00edan a clase sin representar ning\u00fan riesgo para nadie, as\u00ed que se confirma que el buen trabajo de todas las partes es lo que nos lleva a esta situaci\u00f3n de relativa calma y control. Los purificadores con filtros Hepa, colocados hace unas semanas en las aulas de 1\u00ba ESO principalmente, nos dan un plus de tranquilidad, aunque la ventilaci\u00f3n sigue siendo constante e ininterrumpida a lo largo de las horas de clase.<\/p>\r\n<p>Dada la situaci\u00f3n, durante este tercer trimestre, y con la proximidad de las Pruebas de Acceso a la Universidad (PevAU 2021), se va a permitir que el alumnado de 2\u00ba de Bachillerato que as\u00ed lo desee asista de manera presencial a todas las clases.<\/p>\r\n<p>&nbsp;&nbsp;&nbsp;&nbsp;&nbsp;&nbsp;&nbsp;&nbsp;&nbsp;&nbsp;&nbsp; Y concluimos recordando que las medidas (mascarilla, higiene de manos, distancia interpersonal y mucho sentido com\u00fan) son la \u00fanica cosa que, frente a este virus, podemos hacer. De ah\u00ed que, una vez m\u00e1s, apelemos a la responsabilidad de toda la Comunidad Educativa, porque esa responsabilidad es la clave para poder terminar el curso con \u00e9xito. Un cordial saludo.<\/p>\r\n<p><a href=\"https:\/\/blogsaverroes.juntadeandalucia.es\/ieslabahiainfocovid\/files\/2021\/04\/20210412_ANEX_PROT_ACT_CASOS_DOC_NO_UNI.pdf\">20210412_ANEX_PROT_ACT_CASOS_DOC_NO_UNI<\/a><\/p>\r\n<p>Adjuntamos la actualizaci\u00f3n del Protocolo Covid para centros educativos de la Junta de Andaluc\u00eda, con fecha del 25 de marzo.<\/p>\r\n<p><strong>INFORMACI\u00d3N MARZO 2021<\/strong><\/p>\r\n<p>Estimadas familias. Un mes m\u00e1s abrimos esta ventana para contaros c\u00f3mo han ido las<br>\u00faltimas semanas en nuestro centro con respecto al Covid. Y han ido bastante bien. La<br>remontada que se ha producido en nuestra ciudad de San Fernando se ha reflejado<br>tambi\u00e9n en los contagios entre nuestro alumnado. Si los meses de enero y febrero nos<br>hab\u00edan dejado 18 y 14 casos respectivamente, el mes de marzo termina con solo cuatro<br>alumnos contagiados, tres de los cuales ya se encuentran restablecidos e incorporados<br>en el centro desde hace d\u00edas.<br>Como os cont\u00e1bamos la \u00faltima vez, hay razones para el optimismo, o, al menos, para<br>confiar en que las medidas funcionan. Y una vez m\u00e1s tenemos que seguir pidi\u00e9ndoos<br>vuestra inestimable colaboraci\u00f3n: la distancia, el uso del hidrogel y las mascarillas son<br>nuestros aliados imprescindibles.<br>Cuando se empiezan a o\u00edr las voces que anuncian la llegada de la cuarta ola, tenemos<br>que prepararnos. Disfrutemos del merecido descanso que nos brinda la Semana Santa y<br>volvamos con las energ\u00edas renovadas para afrontar el \u00faltimo tir\u00f3n del curso. Con<br>responsabilidad y autocuidado, como hasta ahora, este viaje tendr\u00e1 un buen final.<\/p>\r\n<p><strong>INFORME FEBRERO 2021<\/strong><\/p>\r\n<p>Estimadas familias, tras seis meses desde el inicio de curso, continuamos nuestra particular batalla contra el virus. Y no la estamos perdiendo. Los contagios siguen presentes, el repunte tras las navidades fue grave y preocupante, pero la parte buena es que los positivos se han detectado pronto, y hemos podido evitar que se produzcan brotes en las aulas, lo cual debe hacernos sentir optimistas. Porque si hemos conseguido esto cuando nuestra ciudad ten\u00eda que cerrarse por el alarmante aumento de los casos, hay razones para creer que lo estamos haciendo bien. Y esto es posible GRACIAS AL CUIDADO DE TODOS, de las familias, del alumnado y del profesorado, gracias a que estamos cumpliendo escrupulosamente las medidas de seguridad, de uso de las mascarillas, de higiene, de distancia y de ventilaci\u00f3n de las aulas. Gracias a la actuaci\u00f3n responsable por parte de toda la Comunidad Educativa del \u00cdES La Bah\u00eda. Y as\u00ed debemos seguir, porque con este virus no podemos bajar la guardia. As\u00ed que, una vez m\u00e1s, os pedimos que continuemos actuando responsablemente, extremando las medidas de seguridad, sin confiarnos, porque solo as\u00ed podremos seguir como hasta ahora y, el mes que viene, quiz\u00e1, los datos sean a\u00fan mejores.<\/p>\r\n<p>Durante el mes de febrero el n\u00famero de casos positivos detectado en el centro entre el alumnado ha sido de 14, de los cuales Salud P\u00fablica ha abierto protocolo (anexo III de la Normativa) en 12 casos. A fecha de hoy siguen 4 casos abiertos.<\/p>\r\n<p>Todos los contagios se han producido fuera del centro.<\/p>\r\n<p>A principios de mes, cuando se ten\u00eda constancia de un positivo en un grupo, se marchaba todo el grupo a su casa para aislarse preventivamente hasta que el Servicio de Epidemiolog\u00eda determinaba qui\u00e9nes eran los contactos estrechos que ten\u00edan que confirmase definitivamente y hacerse la prueba de detecci\u00f3n. Pero a mediados de mes cambiaron las instrucciones de Salud P\u00fablica y ahora se a\u00edslan preventivamente s\u00f3lo los alumnos\/as que se sientan alrededor del alumno\/a positivo, y tambi\u00e9n sus contactos de recreo, a la espera del dictamen de epidemiolog\u00eda.<\/p>\r\n<p><strong>INFORMACI\u00d3N ENERO 2021<\/strong><\/p>\r\n<p>Gracias a las medidas adoptadas en nuestro centro (distancia, ventilaci\u00f3n, mascarillas, desdobles&#8230;), no se ha producido ning\u00fan brote de covid-19. Todos los casos positivos de alumnos\/as registrados durante el primer trimestre y en el mes de enero han sido por contagios fuera del centro.<\/p>\r\n<p>Desde el 11 de enero, cuando al centro llega una notificaci\u00f3n de un caso positivo, se avisa a las familias para que acudan a recoger al alumnado del grupo del alumno\/a positivo. El alumnado de ese grupo deber\u00e1 aislarse preventivamente hasta el dictamen de Epidemiolog\u00eda, que es quien concreta qui\u00e9nes son los contactos estrechos del alumno\/a positivo. Ese listado establecido por Epidemiolog\u00eda ser\u00e1 el alumnado que tendr\u00e1 que confinarse el periodo dictaminado. El resto de alumnos\/as del grupo se reincorporar\u00e1 al centro.<\/p>\r\n<p>El n\u00famero de alumnos\/as positivos en el centro desde el 11 de enero han sido 18. Pero no en todos los casos Salud P\u00fablica ha considerado necesario iniciar el protocolo determinado en el anexo 3 de la normativa. Y s\u00f3lo han sido 4 las unidades cuyo alumnado ha tenido que mantener aislamiento preventivo. En ninguna de ellas Epidemiolog\u00eda ha determinado el confinamiento de los grupos completos.<\/p>\r\n<p>Como hemos dicho antes, todas las medidas adoptadas est\u00e1n siendo efectivas, pero no podemos bajar la guardia. Debemos aunar esfuerzos todos: alumnado, familias, docentes y PAS. Desde el centro, rogamos la colaboraci\u00f3n de toda la comunidad educativa, extremando las medidas de seguridad:<\/p>\r\n<p>&#8211; Evitar aglomeraciones en las inmediaciones del centro a la entrada y a la salida.<\/p>\r\n<p>&#8211; Extremar las medidas de higiene: uso de mascarilla homologada, higiene de manos, distancia\u2026<\/p>\r\n<p>&#8211; El alumno\/a con s\u00edntomas compatibles con el covid-19 no debe asistir al centro hasta su valoraci\u00f3n m\u00e9dica.<\/p>\r\n<p>&#8211; Si alg\u00fan conviviente de alumno\/a est\u00e1 a la espera de resultados de alguna prueba covid, el alumno\/a no debe acudir al centro, hasta el resultado negativo de la misma.<\/p>\r\n<p>&#8211; Ser\u00eda recomendable que el alumnado que est\u00e9 en aislamiento preventivo se mantenga lo m\u00e1s aislado posible del resto de su n\u00facleo familiar.<\/p>\r\n<p>Much\u00edsimas gracias a las todos\/as por vuestra colaboraci\u00f3n. Quedamos a vuestra disposici\u00f3n.<\/p>\r\n<p>&nbsp;<\/p>\r\n<p>&nbsp;<\/p>\r\n","protected":false},"excerpt":{"rendered":"<p>Bienvenidos\/as En este blog trataremos de compartir con toda la comunidad educativa la informaci\u00f3n relativa a la gesti\u00f3n del coronavirus en el IES La Bah\u00eda. Para los\/as que acced\u00e9is desde el m\u00f3vil, pod\u00e9is encontrar&#46;&#46;&#46;<\/p>\n","protected":false},"author":11512,"featured_media":0,"parent":0,"menu_order":0,"comment_status":"closed","ping_status":"open","template":"","meta":{"ngg_post_thumbnail":0,"footnotes":""},"aioseo_notices":[],"_links":{"self":[{"href":"https:\/\/blogsaverroes.juntadeandalucia.es\/ieslabahiainfocovid\/wp-json\/wp\/v2\/pages\/2"}],"collection":[{"href":"https:\/\/blogsaverroes.juntadeandalucia.es\/ieslabahiainfocovid\/wp-json\/wp\/v2\/pages"}],"about":[{"href":"https:\/\/blogsaverroes.juntadeandalucia.es\/ieslabahiainfocovid\/wp-json\/wp\/v2\/types\/page"}],"author":[{"embeddable":true,"href":"https:\/\/blogsaverroes.juntadeandalucia.es\/ieslabahiainfocovid\/wp-json\/wp\/v2\/users\/11512"}],"replies":[{"embeddable":true,"href":"https:\/\/blogsaverroes.juntadeandalucia.es\/ieslabahiainfocovid\/wp-json\/wp\/v2\/comments?post=2"}],"version-history":[{"count":15,"href":"https:\/\/blogsaverroes.juntadeandalucia.es\/ieslabahiainfocovid\/wp-json\/wp\/v2\/pages\/2\/revisions"}],"predecessor-version":[{"id":277,"href":"https:\/\/blogsaverroes.juntadeandalucia.es\/ieslabahiainfocovid\/wp-json\/wp\/v2\/pages\/2\/revisions\/277"}],"wp:attachment":[{"href":"https:\/\/blogsaverroes.juntadeandalucia.es\/ieslabahiainfocovid\/wp-json\/wp\/v2\/media?parent=2"}],"curies":[{"name":"wp","href":"https:\/\/api.w.org\/{rel}","templated":true}]}}