{"id":89,"date":"2021-01-02T19:08:43","date_gmt":"2021-01-02T18:08:43","guid":{"rendered":"https:\/\/blogsaverroes.juntadeandalucia.es\/ieslabahiainfocovid\/?page_id=89"},"modified":"2021-01-24T17:52:51","modified_gmt":"2021-01-24T16:52:51","slug":"como-contactar","status":"publish","type":"page","link":"https:\/\/blogsaverroes.juntadeandalucia.es\/ieslabahiainfocovid\/como-contactar\/","title":{"rendered":"C\u00f3mo contactar"},"content":{"rendered":"<p>A trav\u00e9s del correo electr\u00f3nico:<\/p>\n<p>prmerce@ieslabahia.es<\/p>\n<p>pmjara@ieslabahia.es<\/p>\n<p>A trav\u00e9s del tel\u00e9fono del centro: 956 24 36 76<\/p>\n<p>&nbsp;<\/p>\n","protected":false},"excerpt":{"rendered":"<p>A trav\u00e9s del correo electr\u00f3nico: prmerce@ieslabahia.es pmjara@ieslabahia.es A trav\u00e9s del tel\u00e9fono del centro: 956 24 36 76 &nbsp;<\/p>\n","protected":false},"author":11512,"featured_media":0,"parent":0,"menu_order":0,"comment_status":"closed","ping_status":"closed","template":"","meta":{"ngg_post_thumbnail":0,"footnotes":""},"aioseo_notices":[],"_links":{"self":[{"href":"https:\/\/blogsaverroes.juntadeandalucia.es\/ieslabahiainfocovid\/wp-json\/wp\/v2\/pages\/89"}],"collection":[{"href":"https:\/\/blogsaverroes.juntadeandalucia.es\/ieslabahiainfocovid\/wp-json\/wp\/v2\/pages"}],"about":[{"href":"https:\/\/blogsaverroes.juntadeandalucia.es\/ieslabahiainfocovid\/wp-json\/wp\/v2\/types\/page"}],"author":[{"embeddable":true,"href":"https:\/\/blogsaverroes.juntadeandalucia.es\/ieslabahiainfocovid\/wp-json\/wp\/v2\/users\/11512"}],"replies":[{"embeddable":true,"href":"https:\/\/blogsaverroes.juntadeandalucia.es\/ieslabahiainfocovid\/wp-json\/wp\/v2\/comments?post=89"}],"version-history":[{"count":2,"href":"https:\/\/blogsaverroes.juntadeandalucia.es\/ieslabahiainfocovid\/wp-json\/wp\/v2\/pages\/89\/revisions"}],"predecessor-version":[{"id":176,"href":"https:\/\/blogsaverroes.juntadeandalucia.es\/ieslabahiainfocovid\/wp-json\/wp\/v2\/pages\/89\/revisions\/176"}],"wp:attachment":[{"href":"https:\/\/blogsaverroes.juntadeandalucia.es\/ieslabahiainfocovid\/wp-json\/wp\/v2\/media?parent=89"}],"curies":[{"name":"wp","href":"https:\/\/api.w.org\/{rel}","templated":true}]}}