{"id":15,"date":"2021-02-12T18:10:42","date_gmt":"2021-02-12T18:10:42","guid":{"rendered":"https:\/\/blogsaverroes.juntadeandalucia.es\/ieslabahialen\/?page_id=15"},"modified":"2022-11-07T08:27:48","modified_gmt":"2022-11-07T08:27:48","slug":"programaciones-y-criterios-de-evaluacion","status":"publish","type":"page","link":"https:\/\/blogsaverroes.juntadeandalucia.es\/ieslabahialen\/programaciones-y-criterios-de-evaluacion\/","title":{"rendered":"PROGRAMACIONES"},"content":{"rendered":"<p>Pinchando en los siguientes enlaces, podr\u00e1s acceder a las programaciones de los cursos pares (seg\u00fan LOMCE)&nbsp; de nuestro Departamento. Y a los criterios de evaluaci\u00f3n de cada nivel.<\/p>\n<p><a href=\"https:\/\/blogsaverroes.juntadeandalucia.es\/ieslabahialen\/files\/2022\/11\/PROGR.-ESO-LOMCE-S\u00c9NECA.pdf\">PROGR. ESO LOMCE S\u00c9NECA<\/a><\/p>\n<p><a href=\"https:\/\/blogsaverroes.juntadeandalucia.es\/ieslabahialen\/files\/2022\/11\/PROGR.S\u00c9NECA-2\u00ba-BACH.-LOMCE.pdf\">PROGR.S\u00c9NECA 2\u00ba BACH. LOMCE<\/a><\/p>\n<p><a href=\"https:\/\/blogsaverroes.juntadeandalucia.es\/ieslabahialen\/files\/2022\/11\/Criterios-de-Calificaci\u00f3n-2\u00ba-BACH.22-23pdf.pdf\">Criterios de Calificaci\u00f3n 2\u00ba BACH.22-23pdf<\/a><\/p>\n<p><a href=\"https:\/\/blogsaverroes.juntadeandalucia.es\/ieslabahialen\/files\/2022\/11\/Criterios-de-Calificaci\u00f3n-4\u00ba-ESO.pdf\">Criterios de Calificaci\u00f3n 4\u00ba ESO<\/a><\/p>\n<p>&nbsp;<\/p>\n<p><a href=\"https:\/\/blogsaverroes.juntadeandalucia.es\/ieslabahialen\/files\/2022\/11\/CRITERIOS-LOMLOE-1\u00ba-BACH..pdf\">CRITERIOS LOMLOE 1\u00ba BACH.<\/a><\/p>\n<p><a href=\"https:\/\/blogsaverroes.juntadeandalucia.es\/ieslabahialen\/files\/2022\/11\/CRITERIOS-LOMLOE-1\u00ba-BACH.-LIT.-UNIV..pdf\">CRITERIOS LOMLOE 1\u00ba BACH. LIT. UNIV.<\/a><\/p>\n<p><a href=\"https:\/\/blogsaverroes.juntadeandalucia.es\/ieslabahialen\/files\/2022\/11\/CRITERIOS-LOMLOE-1\u00ba-ESO.pdf\">CRITERIOS LOMLOE 1\u00ba ESO<\/a><\/p>\n<p><a href=\"https:\/\/blogsaverroes.juntadeandalucia.es\/ieslabahialen\/files\/2022\/11\/CRITERIOS-LOMLOE-3\u00ba-ESO.pdf\">CRITERIOS LOMLOE 3\u00ba ESO<\/a><\/p>\n<p>&nbsp;<\/p>\n","protected":false},"excerpt":{"rendered":"<p>Pinchando en los siguientes enlaces, podr\u00e1s acceder a las programaciones de los cursos pares (seg\u00fan LOMCE)&nbsp; de nuestro Departamento. Y&#46;&#46;&#46;<\/p>\n","protected":false},"author":11878,"featured_media":0,"parent":0,"menu_order":0,"comment_status":"closed","ping_status":"closed","template":"page-c.php","meta":{"ngg_post_thumbnail":0,"footnotes":""},"aioseo_notices":[],"_links":{"self":[{"href":"https:\/\/blogsaverroes.juntadeandalucia.es\/ieslabahialen\/wp-json\/wp\/v2\/pages\/15"}],"collection":[{"href":"https:\/\/blogsaverroes.juntadeandalucia.es\/ieslabahialen\/wp-json\/wp\/v2\/pages"}],"about":[{"href":"https:\/\/blogsaverroes.juntadeandalucia.es\/ieslabahialen\/wp-json\/wp\/v2\/types\/page"}],"author":[{"embeddable":true,"href":"https:\/\/blogsaverroes.juntadeandalucia.es\/ieslabahialen\/wp-json\/wp\/v2\/users\/11878"}],"replies":[{"embeddable":true,"href":"https:\/\/blogsaverroes.juntadeandalucia.es\/ieslabahialen\/wp-json\/wp\/v2\/comments?post=15"}],"version-history":[{"count":8,"href":"https:\/\/blogsaverroes.juntadeandalucia.es\/ieslabahialen\/wp-json\/wp\/v2\/pages\/15\/revisions"}],"predecessor-version":[{"id":65,"href":"https:\/\/blogsaverroes.juntadeandalucia.es\/ieslabahialen\/wp-json\/wp\/v2\/pages\/15\/revisions\/65"}],"wp:attachment":[{"href":"https:\/\/blogsaverroes.juntadeandalucia.es\/ieslabahialen\/wp-json\/wp\/v2\/media?parent=15"}],"curies":[{"name":"wp","href":"https:\/\/api.w.org\/{rel}","templated":true}]}}