{"id":122,"date":"2021-03-09T16:46:23","date_gmt":"2021-03-09T16:46:23","guid":{"rendered":"https:\/\/blogsaverroes.juntadeandalucia.es\/ieslabahiamat\/?page_id=122"},"modified":"2023-08-23T08:46:55","modified_gmt":"2023-08-23T08:46:55","slug":"fotografia","status":"publish","type":"page","link":"https:\/\/blogsaverroes.juntadeandalucia.es\/ieslabahiamat\/fotografia\/","title":{"rendered":"Concurso de Fotograf\u00eda"},"content":{"rendered":"<p style=\"text-align: justify\"><span style=\"font-size: 12pt\">Durante el presente curso 2022\/2023, se convoca el V Concurso de Fotograf\u00eda Matem\u00e1tica en el centro IES La Bah\u00eda. Las bases del concurso se colocar\u00e1n en el tabl\u00f3n de aula de cada grupo, y en ellas se detallan cu\u00e1les son los dos premios a la primera y segunda mejor fotograf\u00eda en cada categor\u00eda, respectivamente. B\u00e1sicamente se trata de enviar a la direcci\u00f3n <a href=\"mailto:fotomat@ieslabahia.es\">fotomat@ieslabahia.es<\/a> una fotograf\u00eda&nbsp; que guarde alguna relaci\u00f3n con las matem\u00e1ticas. La fotograf\u00eda ha de ser original, tomada en el entorno de cada persona: puede ser en la naturaleza, en la calle, en el hogar, en una pista deportiva, en la playa, en el campo, en la sierra, &#8230;&nbsp; y ha de reflejar alg\u00fan concepto, alg\u00fan contenido de tipo matem\u00e1tico.<\/span><\/p>\n<p style=\"text-align: justify\"><span style=\"font-size: 12pt\">Se puede enviar m\u00e1s de una fotograf\u00eda pero siempre y cuando se refieran a distintos temas. Cu\u00e1ntos m\u00e1s aspectos positivos tenga la foto (especialmente originalidad y calidad de la imagen, relaci\u00f3n con el contenido que pretende ilustrar, \u2026), m\u00e1s probabilidad tendr\u00e1 de situarse entre las mejores y ganar alguno de los dos premios. Se descalificar\u00e1n las fotograf\u00edas que no cumplan con las bases del concurso: por ejemplo, las bajadas directamente de Internet, que no sean de autor\u00eda propia o las que no expliquen la conexi\u00f3n entre la imagen de la fotograf\u00eda y el contenido matem\u00e1tico que se pretende ilustrar.<\/span><\/p>\n<p>Habr\u00e1 dos categor\u00edas:&nbsp;&nbsp; Categor\u00eda A:&nbsp;&nbsp; 1\u00baESO, 2\u00baESO,&nbsp; 3\u00ba ESO, FPB&nbsp;&nbsp;&nbsp;&nbsp;&nbsp;&nbsp;&nbsp;&nbsp;&nbsp; Categor\u00eda B:&nbsp; 4\u00baESO, 1\u00baBACH, 2\u00baBACH, CFGM, CFGS<\/p>\n<p>Para cada categor\u00eda habr\u00e1 dos premios:&nbsp;&nbsp;&nbsp;&nbsp;&nbsp;&nbsp; Primer premio:&nbsp;&nbsp;&nbsp;&nbsp;&nbsp;&nbsp;&nbsp;&nbsp; euros &nbsp; \/&nbsp;&nbsp; Segundo premio:&nbsp;&nbsp;&nbsp;&nbsp;&nbsp;&nbsp;&nbsp; euros<\/p>\n<p>PARA PARTICIPAR: env\u00eda un mensaje a la direcci\u00f3n <a href=\"mailto:fotomat@ieslabahia.es\">fotomat@ieslabahia.es<\/a> que adjunte la fotograf\u00eda, y en el que se detalle lo siguiente:<\/p>\n<p><strong>ASUNTO: Nombre y Apellidos y Grupo<\/strong> (por ejemplo Mar\u00eda G\u00f3mez Garc\u00eda 4\u00baESO E)<\/p>\n<p>En el cuerpo del mensaje, detallar:<\/p>\n<p><strong>T\u00edtulo de la fotograf\u00eda<br \/>\n<\/strong><\/p>\n<p><strong>Lugar y fecha en la que fue realizada<br \/>\n<\/strong><\/p>\n<p><strong>Explicaci\u00f3n sobre la conexi\u00f3n entre la imagen de la fotograf\u00eda y el contenido matem\u00e1tico que se pretende ilustrar<\/strong><\/p>\n<p>(REPETIMOS: no se aceptar\u00e1n fotograf\u00edas de mensajes en los que no aparezca detallado este apartado)<\/p>\n<p>An\u00edmense a participar y suerte !<\/p>\n<p>Ejemplos:<\/p>\n<p><img loading=\"lazy\" decoding=\"async\" class=\"wp-image-341 alignleft\" src=\"https:\/\/blogsaverroes.juntadeandalucia.es\/ieslabahiamat\/files\/2021\/03\/An\u00e9mona-Oporto-1-300x169.jpg\" alt=\"\" width=\"300\" height=\"169\" srcset=\"https:\/\/blogsaverroes.juntadeandalucia.es\/ieslabahiamat\/files\/2021\/03\/An\u00e9mona-Oporto-1-300x169.jpg 300w, https:\/\/blogsaverroes.juntadeandalucia.es\/ieslabahiamat\/files\/2021\/03\/An\u00e9mona-Oporto-1-1024x576.jpg 1024w, https:\/\/blogsaverroes.juntadeandalucia.es\/ieslabahiamat\/files\/2021\/03\/An\u00e9mona-Oporto-1-768x432.jpg 768w, https:\/\/blogsaverroes.juntadeandalucia.es\/ieslabahiamat\/files\/2021\/03\/An\u00e9mona-Oporto-1-1536x864.jpg 1536w, https:\/\/blogsaverroes.juntadeandalucia.es\/ieslabahiamat\/files\/2021\/03\/An\u00e9mona-Oporto-1-2048x1152.jpg 2048w\" sizes=\"(max-width: 300px) 100vw, 300px\" \/> <img loading=\"lazy\" decoding=\"async\" class=\"alignnone wp-image-567\" src=\"https:\/\/blogsaverroes.juntadeandalucia.es\/ieslabahiamat\/files\/2023\/08\/32-RA\u00daL-GAL\u00c1N--300x225.jpg\" alt=\"\" width=\"285\" height=\"214\" srcset=\"https:\/\/blogsaverroes.juntadeandalucia.es\/ieslabahiamat\/files\/2023\/08\/32-RA\u00daL-GAL\u00c1N--300x225.jpg 300w, https:\/\/blogsaverroes.juntadeandalucia.es\/ieslabahiamat\/files\/2023\/08\/32-RA\u00daL-GAL\u00c1N--1024x768.jpg 1024w, https:\/\/blogsaverroes.juntadeandalucia.es\/ieslabahiamat\/files\/2023\/08\/32-RA\u00daL-GAL\u00c1N--768x576.jpg 768w, https:\/\/blogsaverroes.juntadeandalucia.es\/ieslabahiamat\/files\/2023\/08\/32-RA\u00daL-GAL\u00c1N-.jpg 1326w\" sizes=\"(max-width: 285px) 100vw, 285px\" \/><img loading=\"lazy\" decoding=\"async\" class=\"wp-image-559 alignleft\" src=\"https:\/\/blogsaverroes.juntadeandalucia.es\/ieslabahiamat\/files\/2023\/08\/05-NOA-SARA-FDEZ.-300x228.jpg\" alt=\"\" width=\"285\" height=\"217\" srcset=\"https:\/\/blogsaverroes.juntadeandalucia.es\/ieslabahiamat\/files\/2023\/08\/05-NOA-SARA-FDEZ.-300x228.jpg 300w, https:\/\/blogsaverroes.juntadeandalucia.es\/ieslabahiamat\/files\/2023\/08\/05-NOA-SARA-FDEZ.-1024x780.jpg 1024w, https:\/\/blogsaverroes.juntadeandalucia.es\/ieslabahiamat\/files\/2023\/08\/05-NOA-SARA-FDEZ.-768x585.jpg 768w, https:\/\/blogsaverroes.juntadeandalucia.es\/ieslabahiamat\/files\/2023\/08\/05-NOA-SARA-FDEZ.-1536x1170.jpg 1536w, https:\/\/blogsaverroes.juntadeandalucia.es\/ieslabahiamat\/files\/2023\/08\/05-NOA-SARA-FDEZ.-2048x1559.jpg 2048w\" sizes=\"(max-width: 285px) 100vw, 285px\" \/><\/p>\n<p><img loading=\"lazy\" decoding=\"async\" class=\"alignleft wp-image-563\" src=\"https:\/\/blogsaverroes.juntadeandalucia.es\/ieslabahiamat\/files\/2023\/08\/21-FCO-BULPE-187x300.jpg\" alt=\"\" width=\"250\" height=\"400\" srcset=\"https:\/\/blogsaverroes.juntadeandalucia.es\/ieslabahiamat\/files\/2023\/08\/21-FCO-BULPE-187x300.jpg 187w, https:\/\/blogsaverroes.juntadeandalucia.es\/ieslabahiamat\/files\/2023\/08\/21-FCO-BULPE-640x1024.jpg 640w, https:\/\/blogsaverroes.juntadeandalucia.es\/ieslabahiamat\/files\/2023\/08\/21-FCO-BULPE.jpg 678w\" sizes=\"(max-width: 250px) 100vw, 250px\" \/><img loading=\"lazy\" decoding=\"async\" class=\"wp-image-552 alignleft\" src=\"https:\/\/blogsaverroes.juntadeandalucia.es\/ieslabahiamat\/files\/2023\/08\/Escalera-Atalaya-N\u00edjar-225x300.jpg\" alt=\"\" width=\"275\" height=\"367\" srcset=\"https:\/\/blogsaverroes.juntadeandalucia.es\/ieslabahiamat\/files\/2023\/08\/Escalera-Atalaya-N\u00edjar-225x300.jpg 225w, https:\/\/blogsaverroes.juntadeandalucia.es\/ieslabahiamat\/files\/2023\/08\/Escalera-Atalaya-N\u00edjar-768x1024.jpg 768w, https:\/\/blogsaverroes.juntadeandalucia.es\/ieslabahiamat\/files\/2023\/08\/Escalera-Atalaya-N\u00edjar-1152x1536.jpg 1152w, https:\/\/blogsaverroes.juntadeandalucia.es\/ieslabahiamat\/files\/2023\/08\/Escalera-Atalaya-N\u00edjar-1536x2048.jpg 1536w, https:\/\/blogsaverroes.juntadeandalucia.es\/ieslabahiamat\/files\/2023\/08\/Escalera-Atalaya-N\u00edjar-scaled.jpg 1920w\" sizes=\"(max-width: 275px) 100vw, 275px\" \/><\/p>\n<p><img loading=\"lazy\" decoding=\"async\" class=\"wp-image-346 alignleft\" src=\"https:\/\/blogsaverroes.juntadeandalucia.es\/ieslabahiamat\/files\/2021\/03\/PACO-ORTUS-1-768x1024.jpg\" alt=\"\" width=\"300\" height=\"400\" srcset=\"https:\/\/blogsaverroes.juntadeandalucia.es\/ieslabahiamat\/files\/2021\/03\/PACO-ORTUS-1-768x1024.jpg 768w, https:\/\/blogsaverroes.juntadeandalucia.es\/ieslabahiamat\/files\/2021\/03\/PACO-ORTUS-1-225x300.jpg 225w, https:\/\/blogsaverroes.juntadeandalucia.es\/ieslabahiamat\/files\/2021\/03\/PACO-ORTUS-1-1152x1536.jpg 1152w, https:\/\/blogsaverroes.juntadeandalucia.es\/ieslabahiamat\/files\/2021\/03\/PACO-ORTUS-1-1536x2048.jpg 1536w, https:\/\/blogsaverroes.juntadeandalucia.es\/ieslabahiamat\/files\/2021\/03\/PACO-ORTUS-1-scaled.jpg 1920w\" sizes=\"(max-width: 300px) 100vw, 300px\" \/><\/p>\n<p>&nbsp;<\/p>\n<p>&nbsp;<\/p>\n<p>&nbsp;<\/p>\n<p>&nbsp;<\/p>\n<p>&nbsp;<\/p>\n<p>&nbsp;<\/p>\n<p>&nbsp;<\/p>\n<p>&nbsp;<\/p>\n<p>&nbsp;<\/p>\n<p>&nbsp;<\/p>\n<p>&nbsp;<\/p>\n<p><img loading=\"lazy\" decoding=\"async\" class=\"wp-image-525 alignleft\" src=\"https:\/\/blogsaverroes.juntadeandalucia.es\/ieslabahiamat\/files\/2023\/01\/Fotograf\u00eda-matem\u00e1tica.jpg\" alt=\"\" width=\"300\" height=\"300\" srcset=\"https:\/\/blogsaverroes.juntadeandalucia.es\/ieslabahiamat\/files\/2023\/01\/Fotograf\u00eda-matem\u00e1tica.jpg 747w, https:\/\/blogsaverroes.juntadeandalucia.es\/ieslabahiamat\/files\/2023\/01\/Fotograf\u00eda-matem\u00e1tica-300x300.jpg 300w, https:\/\/blogsaverroes.juntadeandalucia.es\/ieslabahiamat\/files\/2023\/01\/Fotograf\u00eda-matem\u00e1tica-150x150.jpg 150w\" sizes=\"(max-width: 300px) 100vw, 300px\" \/><img loading=\"lazy\" decoding=\"async\" class=\"size-medium wp-image-558 alignleft\" src=\"https:\/\/blogsaverroes.juntadeandalucia.es\/ieslabahiamat\/files\/2023\/08\/02-GUILLERMO-BARBARITO-276x300.jpg\" alt=\"\" width=\"276\" height=\"300\" srcset=\"https:\/\/blogsaverroes.juntadeandalucia.es\/ieslabahiamat\/files\/2023\/08\/02-GUILLERMO-BARBARITO-276x300.jpg 276w, https:\/\/blogsaverroes.juntadeandalucia.es\/ieslabahiamat\/files\/2023\/08\/02-GUILLERMO-BARBARITO-768x835.jpg 768w, https:\/\/blogsaverroes.juntadeandalucia.es\/ieslabahiamat\/files\/2023\/08\/02-GUILLERMO-BARBARITO.jpg 883w\" sizes=\"(max-width: 276px) 100vw, 276px\" \/><img loading=\"lazy\" decoding=\"async\" class=\"alignleft wp-image-551\" src=\"https:\/\/blogsaverroes.juntadeandalucia.es\/ieslabahiamat\/files\/2023\/08\/C\u00edrculo-templario-300x300.jpg\" alt=\"\" width=\"285\" height=\"285\" srcset=\"https:\/\/blogsaverroes.juntadeandalucia.es\/ieslabahiamat\/files\/2023\/08\/C\u00edrculo-templario-300x300.jpg 300w, https:\/\/blogsaverroes.juntadeandalucia.es\/ieslabahiamat\/files\/2023\/08\/C\u00edrculo-templario-150x150.jpg 150w, https:\/\/blogsaverroes.juntadeandalucia.es\/ieslabahiamat\/files\/2023\/08\/C\u00edrculo-templario.jpg 728w\" sizes=\"(max-width: 285px) 100vw, 285px\" \/><\/p>\n","protected":false},"excerpt":{"rendered":"<p>Durante el presente curso 2022\/2023, se convoca el V Concurso de Fotograf\u00eda Matem\u00e1tica en el&#46;&#46;&#46;<\/p>\n","protected":false},"author":12306,"featured_media":0,"parent":0,"menu_order":0,"comment_status":"closed","ping_status":"closed","template":"page-c.php","meta":{"ngg_post_thumbnail":0,"footnotes":""},"aioseo_notices":[],"_links":{"self":[{"href":"https:\/\/blogsaverroes.juntadeandalucia.es\/ieslabahiamat\/wp-json\/wp\/v2\/pages\/122"}],"collection":[{"href":"https:\/\/blogsaverroes.juntadeandalucia.es\/ieslabahiamat\/wp-json\/wp\/v2\/pages"}],"about":[{"href":"https:\/\/blogsaverroes.juntadeandalucia.es\/ieslabahiamat\/wp-json\/wp\/v2\/types\/page"}],"author":[{"embeddable":true,"href":"https:\/\/blogsaverroes.juntadeandalucia.es\/ieslabahiamat\/wp-json\/wp\/v2\/users\/12306"}],"replies":[{"embeddable":true,"href":"https:\/\/blogsaverroes.juntadeandalucia.es\/ieslabahiamat\/wp-json\/wp\/v2\/comments?post=122"}],"version-history":[{"count":16,"href":"https:\/\/blogsaverroes.juntadeandalucia.es\/ieslabahiamat\/wp-json\/wp\/v2\/pages\/122\/revisions"}],"predecessor-version":[{"id":570,"href":"https:\/\/blogsaverroes.juntadeandalucia.es\/ieslabahiamat\/wp-json\/wp\/v2\/pages\/122\/revisions\/570"}],"wp:attachment":[{"href":"https:\/\/blogsaverroes.juntadeandalucia.es\/ieslabahiamat\/wp-json\/wp\/v2\/media?parent=122"}],"curies":[{"name":"wp","href":"https:\/\/api.w.org\/{rel}","templated":true}]}}