{"id":32,"date":"2021-06-07T09:58:16","date_gmt":"2021-06-07T09:58:16","guid":{"rendered":"https:\/\/blogsaverroes.juntadeandalucia.es\/ieslabahiasl\/?page_id=32"},"modified":"2025-01-06T19:33:35","modified_gmt":"2025-01-06T18:33:35","slug":"imagen","status":"publish","type":"page","link":"https:\/\/blogsaverroes.juntadeandalucia.es\/ieslabahiasl\/imagen\/","title":{"rendered":"IMAGEN"},"content":{"rendered":"<p><span style=\"font-family: arial, helvetica, sans-serif;font-size: 12pt\"><a href=\"https:\/\/www.reducirfotos.com\/\" target=\"_blank\" rel=\"noopener\"><strong><span style=\"color: #ff0000\">Reducir Fotos<\/span><\/strong><\/a> &nbsp;&nbsp;&nbsp;&nbsp; <em>Aplicaci\u00f3n online de sencillo manejo para redimensionar im\u00e1genes<\/em>.<\/span><\/p>\n<p><a href=\"https:\/\/www.photopea.com\/\" target=\"_blank\" rel=\"noopener\"><span style=\"font-family: arial, helvetica, sans-serif;font-size: 12pt\"><strong><span style=\"color: #ff0000\">Photopea<\/span><\/strong><\/span><\/a><span style=\"font-family: arial, helvetica, sans-serif;font-size: 12pt\"> &nbsp; <\/span><em><span style=\"font-family: arial, helvetica, sans-serif;font-size: 12pt\">Servicio de edici\u00f3n y retoque de im\u00e1genes, fotos y gr\u00e1ficos online y gratuito.<\/span><\/em><\/p>\n<p><a href=\"https:\/\/www.canva.com\/es_es\/\" target=\"_blank\" rel=\"noopener\"><strong><span style=\"font-family: arial, helvetica, sans-serif;font-size: 12pt\"><span style=\"color: #ff0000\">Canva<\/span><\/span><\/strong><\/a><span style=\"font-family: arial, helvetica, sans-serif;font-size: 12pt\">&nbsp; &nbsp;&nbsp; <em>Editor de dise\u00f1o gr\u00e1fico: carteles, logos, pizarras, presentaciones, folletos, etc.<\/em><\/span><\/p>\n<p><a href=\"http:\/\/www.gimp.org.es\/descargar-gimp.html\" target=\"_blank\" rel=\"noopener\"><b><span style=\"font-family: arial, helvetica, sans-serif;font-size: 12pt\"><span style=\"color: #ff0000\">Gimp<\/span><\/span><\/b><\/a><span style=\"font-family: arial, helvetica, sans-serif;font-size: 12pt\"> &nbsp;&nbsp; &nbsp;<em>Editor para retocar, componer y editar im\u00e1genes. Muchas peque\u00f1as empresas lo utilizan para crear logotipos o gr\u00e1ficos de forma gratuita.<\/em><\/span><\/p>\n<p><a href=\"https:\/\/www.cdmon.com\/es\/apps\/tabla-colores\" target=\"_blank\" rel=\"noopener\"><strong><span style=\"font-family: arial, helvetica, sans-serif;font-size: 12pt\"><span style=\"color: #ff0000\">Cdmon<\/span><\/span><\/strong><\/a><span style=\"font-family: arial, helvetica, sans-serif;font-size: 12pt\"> &nbsp; <em>Lista de colores HTML. Cada color con su c\u00f3digo hexadecimal y su c\u00f3digo RGB.<\/em><\/span><\/p>\n<p><a href=\"https:\/\/www.pngegg.com\/es\" target=\"_blank\" rel=\"noopener\"><strong><span style=\"font-family: arial, helvetica, sans-serif;font-size: 12pt\"><span style=\"color: #ff0000\">PNGEGG<\/span><\/span><\/strong><\/a> &nbsp;&nbsp;&nbsp;<em><span style=\"font-family: arial, helvetica, sans-serif;font-size: 12pt\">Descarga gratuita de im\u00e1genes PNG de alta calidad.<\/span><\/em><\/p>\n<p><a href=\"https:\/\/www.freepik.es\/\" target=\"_blank\" rel=\"noopener\"><span style=\"font-family: arial, helvetica, sans-serif;font-size: 12pt\"><strong><span style=\"color: #ff0000\">Freepik<\/span><\/strong><\/span><\/a><span style=\"font-family: arial, helvetica, sans-serif;font-size: 12pt\"> &nbsp;&nbsp; <em>Buscador y generador de im\u00e1genes. Desde im\u00e1genes de stock hasta v\u00eddeos y herramientas de dise\u00f1o con tecnolog\u00eda de IA.<\/em><\/span><\/p>\n<p><a href=\"https:\/\/iconos8.es\/\" target=\"_blank\" rel=\"noopener\"><span style=\"color: #ff0000\"><strong><span style=\"font-family: arial, helvetica, sans-serif;font-size: 12pt\">Iconos8<\/span><\/strong><\/span><\/a> &nbsp;&nbsp; <em><span style=\"font-family: arial, helvetica, sans-serif;font-size: 12pt\">Gr\u00e1ficos originales de stock: iconos, ilustraciones, ilustraciones 3D, mejorador de im\u00e1genes, generador de fotos con IA, etc.<br \/>\n<\/span><\/em><\/p>\n<p><strong><span style=\"font-family: arial, helvetica, sans-serif;font-size: 12pt\"><span style=\"color: #ff0000\"><a style=\"color: #ff0000\" href=\"https:\/\/pixabay.com\/es\/\" target=\"_blank\" rel=\"noopener\">Pixabay<\/a><\/span><\/span><\/strong>&nbsp; &nbsp; <em><span style=\"font-family: arial, helvetica, sans-serif;font-size: 12pt\">Banco con m\u00e1s de 1 000 000 de im\u00e1genes y v\u00eddeos de uso libre.<br \/>\n<\/span><\/em><\/p>\n<p><a href=\"https:\/\/www.pexels.com\/es-ES\/license\/\" target=\"_blank\" rel=\"noopener\"><span style=\"font-family: arial, helvetica, sans-serif;font-size: 12pt;color: #ff0000\"><strong>Pexels<\/strong><\/span><\/a>&nbsp;&nbsp; <span style=\"font-family: arial, helvetica, sans-serif;font-size: 12pt\"><em>Buscador de fotos y v\u00eddeos, que se pueden descargar y modificar y sin obligaci\u00f3n de mencionar la fuente.<\/em><\/span><\/p>\n<p><span style=\"font-family: arial, helvetica, sans-serif;font-size: 12pt\"><a href=\"https:\/\/unsplash.com\/es\" target=\"_blank\" rel=\"noopener\"><span style=\"color: #ff0000\"><strong>Unsplash<\/strong><\/span><\/a>&nbsp;&nbsp;&nbsp; <em>Contenedor de fotos e ilustraciones con una amplia gama de tem\u00e1ticas.<\/em><\/span><\/p>\n<p><span style=\"font-family: arial, helvetica, sans-serif;font-size: 12pt\"><a href=\"https:\/\/morguefile.com\/\" target=\"_blank\" rel=\"noopener\"><span style=\"color: #ff0000\"><strong>MorgueFile<\/strong><\/span><\/a>&nbsp;&nbsp;&nbsp; <em>Buscador con m\u00e1s de 400 000 fotos e im\u00e1genes en stock.<\/em> <\/span><\/p>\n<p><span style=\"font-family: arial, helvetica, sans-serif;font-size: 12pt\"><strong><a href=\"https:\/\/depositphotos.com\/\" target=\"_blank\" rel=\"noopener\"><span style=\"color: #ff0000\"><span style=\"font-size: 12pt\"><span style=\"font-family: arial, helvetica, sans-serif\">Depositphotos<\/span><\/span><\/span><\/a><\/strong> &nbsp;&nbsp; <em>Dep\u00f3sito con m\u00e1s de 300 000 im\u00e1genes, v\u00eddeos e ilustraciones.<\/em><\/span><\/p>\n<p><a href=\"https:\/\/www.pics4learning.com\/\" target=\"_blank\" rel=\"noopener\"><span style=\"color: #ff0000\"><strong><span style=\"font-family: arial, helvetica, sans-serif;font-size: 12pt\">Pics4Learning<\/span><\/strong><\/span><\/a><span style=\"font-family: arial, helvetica, sans-serif;font-size: 12pt\"><em> &nbsp; Banco de fotos organizadas por tem\u00e1ticas para usar en proyectos educativos.<\/em><\/span><\/p>\n","protected":false},"excerpt":{"rendered":"<p>Reducir Fotos &nbsp;&nbsp;&nbsp;&nbsp; Aplicaci\u00f3n online de sencillo manejo para redimensionar im\u00e1genes. Photopea &nbsp; Servicio de edici\u00f3n y retoque de im\u00e1genes,&#46;&#46;&#46;<\/p>\n","protected":false},"author":11878,"featured_media":0,"parent":0,"menu_order":0,"comment_status":"closed","ping_status":"closed","template":"","meta":{"ngg_post_thumbnail":0,"footnotes":""},"aioseo_notices":[],"_links":{"self":[{"href":"https:\/\/blogsaverroes.juntadeandalucia.es\/ieslabahiasl\/wp-json\/wp\/v2\/pages\/32"}],"collection":[{"href":"https:\/\/blogsaverroes.juntadeandalucia.es\/ieslabahiasl\/wp-json\/wp\/v2\/pages"}],"about":[{"href":"https:\/\/blogsaverroes.juntadeandalucia.es\/ieslabahiasl\/wp-json\/wp\/v2\/types\/page"}],"author":[{"embeddable":true,"href":"https:\/\/blogsaverroes.juntadeandalucia.es\/ieslabahiasl\/wp-json\/wp\/v2\/users\/11878"}],"replies":[{"embeddable":true,"href":"https:\/\/blogsaverroes.juntadeandalucia.es\/ieslabahiasl\/wp-json\/wp\/v2\/comments?post=32"}],"version-history":[{"count":29,"href":"https:\/\/blogsaverroes.juntadeandalucia.es\/ieslabahiasl\/wp-json\/wp\/v2\/pages\/32\/revisions"}],"predecessor-version":[{"id":227,"href":"https:\/\/blogsaverroes.juntadeandalucia.es\/ieslabahiasl\/wp-json\/wp\/v2\/pages\/32\/revisions\/227"}],"wp:attachment":[{"href":"https:\/\/blogsaverroes.juntadeandalucia.es\/ieslabahiasl\/wp-json\/wp\/v2\/media?parent=32"}],"curies":[{"name":"wp","href":"https:\/\/api.w.org\/{rel}","templated":true}]}}