{"id":38,"date":"2021-06-07T10:07:48","date_gmt":"2021-06-07T10:07:48","guid":{"rendered":"https:\/\/blogsaverroes.juntadeandalucia.es\/ieslabahiasl\/?page_id=38"},"modified":"2025-01-06T20:19:27","modified_gmt":"2025-01-06T19:19:27","slug":"video","status":"publish","type":"page","link":"https:\/\/blogsaverroes.juntadeandalucia.es\/ieslabahiasl\/video\/","title":{"rendered":"V\u00cdDEO"},"content":{"rendered":"<p><strong><a href=\"https:\/\/www.videolan.org\/vlc\/index.es.html\" target=\"_blank\" rel=\"noopener\"><span style=\"font-family: arial, helvetica, sans-serif;font-size: 12pt\"><span style=\"color: #800000\">VLC Media Player<\/span><\/span><\/a><span style=\"font-family: arial, helvetica, sans-serif;font-size: 12pt\"> &nbsp;&nbsp;<\/span><\/strong><span style=\"font-family: arial, helvetica, sans-serif;font-size: 12pt\">&nbsp;&nbsp;<em>Reproductor multimedia libre de c\u00f3digo abierto multiplataforma y que reproduce la mayor\u00eda de archivos multimedia.<\/em><\/span><\/p>\n<p><a href=\"https:\/\/es.videezy.com\/\" target=\"_blank\" rel=\"noopener\"><span style=\"font-size: 12pt\"><strong><span style=\"font-family: arial, helvetica, sans-serif\"><span style=\"font-size: 12pt\"><span style=\"font-family: arial, helvetica, sans-serif\"><span style=\"color: #800000\">Videezy&nbsp;<\/span><\/span><\/span><\/span><\/strong><\/span><\/a><span style=\"font-size: 12pt;font-family: arial, helvetica, sans-serif\"> &nbsp; <em>Buscador para la descarga gratuita de miles de v\u00eddeos de alta calidad.<\/em><\/span><\/p>\n<p><span style=\"font-family: arial, helvetica, sans-serif;font-size: 12pt\"><a href=\"https:\/\/www.vidsplay.com\/\" target=\"_blank\" rel=\"noopener\"><strong><span style=\"color: #800000\">Vidsplay<\/span><\/strong><\/a> &nbsp; <em>Descarga gratuita de cientos de v\u00eddeos en stock.<\/em><br \/>\n<\/span><\/p>\n<p align=\"justify\"><a href=\"https:\/\/www.openshot.org\/es\/download\/\" target=\"_blank\" rel=\"noopener\"><strong><span style=\"font-family: arial, helvetica, sans-serif;font-size: 12pt\"><span style=\"color: #800000\">Openshot<\/span><\/span><\/strong><\/a><span style=\"font-family: arial, helvetica, sans-serif;font-size: 12pt\"> &nbsp; <em>Editor de v\u00eddeo gratuito y de c\u00f3digo abierto.<br \/>\n<\/em><\/span><\/p>\n<p align=\"justify\"><a href=\"https:\/\/shotcut.org\/\" target=\"_blank\" rel=\"noopener\"><strong><span style=\"font-family: arial, helvetica, sans-serif;font-size: 12pt\"><span style=\"color: #800000\">Shotcut<\/span><\/span><\/strong><\/a><span style=\"font-family: arial, helvetica, sans-serif;font-size: 12pt\"> &nbsp; <em>Editor de v\u00eddeo multiplataforma, gratuito y de c\u00f3digo abierto.<\/em><\/span><\/p>\n<p align=\"justify\"><b><a href=\"https:\/\/obsproject.com\/es\" target=\"_blank\" rel=\"noopener\"><span style=\"font-family: arial, helvetica, sans-serif;font-size: 12pt\"><span style=\"color: #800000\">OBS Studio<\/span><\/span><\/a><span style=\"font-family: arial, helvetica, sans-serif;font-size: 12pt\"> &nbsp;&nbsp; <\/span><\/b><span style=\"font-family: arial, helvetica, sans-serif;font-size: 12pt\"><em>Aplicaci\u00f3n libre para la grabaci\u00f3n de v\u00eddeo y transmisi\u00f3n en vivo.<\/em><\/span><\/p>\n<p align=\"justify\"><span style=\"font-family: arial, helvetica, sans-serif;font-size: 12pt\"><a href=\"https:\/\/vimeo.com\/\" target=\"_blank\" rel=\"noopener\"><strong><span style=\"color: #800000\">Vimeo<\/span><\/strong><\/a> &nbsp;&nbsp; <em>Plataforma online para la edici\u00f3n y creaci\u00f3n de v\u00eddeo.<\/em><\/span><\/p>\n<p align=\"justify\"><span style=\"font-family: arial, helvetica, sans-serif;font-size: 12pt\"><a href=\"https:\/\/edpuzzle.com\/\" target=\"_blank\" rel=\"noopener\"><strong><span style=\"color: #800000\">Edpuzzle<\/span><\/strong><\/a>&nbsp; <em>C<span class=\"bsaJfnp73T GKc02pbyf2 dNTM9ex3KT JK6tBdy8ND HlY1iAl_O8 w0oklmvKGL yZCYFbgwUg cNZyCKo_fp gO5p5Cciys YGDmpg3geQ nznVn34Hny KELsrnoIJ0 TjWzs8DVMw zvqLLz_nhf HAZ8pD_rVH nKh_kMP5mc e0xk1HYmD3\">reador de lecciones interactivas en v\u00eddeo para compartir. Permite a\u00f1adir preguntas, im\u00e1genes y anotaciones en un v\u00eddeo.<\/span><\/em><\/span><\/p>\n<p align=\"justify\"><a href=\"https:\/\/www.animaker.es\/\" target=\"_blank\" rel=\"noopener\"><span style=\"font-family: arial, helvetica, sans-serif;font-size: 12pt\"><strong><span style=\"color: #800000\">Animaker<\/span><\/strong><\/span><\/a><span style=\"font-family: arial, helvetica, sans-serif;font-size: 12pt\"> &nbsp; <em>Plataforma potenciada por IA para crear v\u00eddeos de animaci\u00f3n y de acci\u00f3n real.<\/em><\/span><\/p>\n<p align=\"justify\"><strong><a href=\"https:\/\/www.powtoon.com\/\" target=\"_blank\" rel=\"noopener\"><span style=\"font-family: arial, helvetica, sans-serif;font-size: 12pt\"><span style=\"color: #800000\">Powtoon<\/span><\/span><\/a><\/strong><span style=\"font-family: arial, helvetica, sans-serif;font-size: 12pt\">&nbsp; <em>Plataforma online para&nbsp;crear presentaciones y v\u00eddeos animados con un enfoque divertido e intuitivo.<\/em><\/span><\/p>\n","protected":false},"excerpt":{"rendered":"<p>VLC Media Player &nbsp;&nbsp;&nbsp;&nbsp;Reproductor multimedia libre de c\u00f3digo abierto multiplataforma y que reproduce la mayor\u00eda de archivos multimedia. Videezy&nbsp; &nbsp;&#46;&#46;&#46;<\/p>\n","protected":false},"author":11878,"featured_media":0,"parent":0,"menu_order":0,"comment_status":"closed","ping_status":"closed","template":"","meta":{"ngg_post_thumbnail":0,"footnotes":""},"aioseo_notices":[],"_links":{"self":[{"href":"https:\/\/blogsaverroes.juntadeandalucia.es\/ieslabahiasl\/wp-json\/wp\/v2\/pages\/38"}],"collection":[{"href":"https:\/\/blogsaverroes.juntadeandalucia.es\/ieslabahiasl\/wp-json\/wp\/v2\/pages"}],"about":[{"href":"https:\/\/blogsaverroes.juntadeandalucia.es\/ieslabahiasl\/wp-json\/wp\/v2\/types\/page"}],"author":[{"embeddable":true,"href":"https:\/\/blogsaverroes.juntadeandalucia.es\/ieslabahiasl\/wp-json\/wp\/v2\/users\/11878"}],"replies":[{"embeddable":true,"href":"https:\/\/blogsaverroes.juntadeandalucia.es\/ieslabahiasl\/wp-json\/wp\/v2\/comments?post=38"}],"version-history":[{"count":26,"href":"https:\/\/blogsaverroes.juntadeandalucia.es\/ieslabahiasl\/wp-json\/wp\/v2\/pages\/38\/revisions"}],"predecessor-version":[{"id":239,"href":"https:\/\/blogsaverroes.juntadeandalucia.es\/ieslabahiasl\/wp-json\/wp\/v2\/pages\/38\/revisions\/239"}],"wp:attachment":[{"href":"https:\/\/blogsaverroes.juntadeandalucia.es\/ieslabahiasl\/wp-json\/wp\/v2\/media?parent=38"}],"curies":[{"name":"wp","href":"https:\/\/api.w.org\/{rel}","templated":true}]}}