{"id":40,"date":"2021-06-07T10:10:57","date_gmt":"2021-06-07T10:10:57","guid":{"rendered":"https:\/\/blogsaverroes.juntadeandalucia.es\/ieslabahiasl\/?page_id=40"},"modified":"2025-01-06T20:18:01","modified_gmt":"2025-01-06T19:18:01","slug":"audio","status":"publish","type":"page","link":"https:\/\/blogsaverroes.juntadeandalucia.es\/ieslabahiasl\/audio\/","title":{"rendered":"AUDIO"},"content":{"rendered":"<p><strong><a href=\"https:\/\/www.videolan.org\/vlc\/index.es.html\" target=\"_blank\" rel=\"noopener\"><span style=\"font-family: arial, helvetica, sans-serif;font-size: 12pt\"><span style=\"color: #008080\">VLC Media Player<\/span><\/span><\/a><span style=\"font-family: arial, helvetica, sans-serif;font-size: 12pt\"> &nbsp;&nbsp;<\/span><\/strong><span style=\"font-family: arial, helvetica, sans-serif;font-size: 12pt\"> <em>Reproductor multimedia libre de c\u00f3digo abierto multiplataforma y que reproduce la mayor\u00eda de archivos multimedia.&nbsp;<\/em><\/span><\/p>\n<p><a href=\"https:\/\/audacity.es\/\" target=\"_blank\" rel=\"noopener\"><b><span style=\"font-family: arial, helvetica, sans-serif;font-size: 12pt\"><span style=\"color: #008080\">Audacity<\/span><\/span><\/b><\/a><span style=\"font-family: arial, helvetica, sans-serif;font-size: 12pt\"><em> &nbsp;&nbsp;&nbsp; Software de edici\u00f3n de audio y grabaci\u00f3n de sonido digital.<\/em><\/span><\/p>\n<p><a href=\"https:\/\/www.youtube.com\/channel\/UCht8qITGkBvXKsR1Byln-wA\" target=\"_blank\" rel=\"noopener\"><span style=\"font-family: arial, helvetica, sans-serif;font-size: 12pt\"><span style=\"color: #008080\"><strong>YouTube Audio Library<\/strong><\/span><\/span><\/a><span style=\"font-family: arial, helvetica, sans-serif;font-size: 12pt\">&nbsp;&nbsp;&nbsp;&nbsp; <em>Canal de YouTube dedicado a la b\u00fasqueda, catalogaci\u00f3n y difusi\u00f3n de m\u00fasica libre de derechos de autor. Cuenta con casi 5 millones de suscriptores y m\u00e1s de 3600 v\u00eddeos.<\/em><\/span><\/p>\n<p><strong><span style=\"color: #008080\"><a style=\"color: #008080\" href=\"https:\/\/musopen.org\/es\/\" target=\"_blank\" rel=\"noopener\"><span style=\"font-family: arial, helvetica, sans-serif;font-size: 12pt\">Musopen<\/span><\/a><\/span><\/strong><span style=\"font-family: arial, helvetica, sans-serif;font-size: 12pt\"> &nbsp;&nbsp;&nbsp; <em>Recursos de m\u00fasica con grabaciones, partituras y libros de texto de manera gratuita, sin restricciones de derechos de autor.<\/em><\/span><\/p>\n<p><span style=\"font-family: arial, helvetica, sans-serif;font-size: 12pt\"><a href=\"https:\/\/www.jamendo.com\/?language=es\" target=\"_blank\" rel=\"noopener\"><span style=\"color: #008080\"><strong>Jamendo<\/strong><\/span><\/a> &nbsp;&nbsp; <em>M\u00fasica libre de derechos para uso comercial.<\/em><\/span><\/p>\n<p><a href=\"https:\/\/audionautix.com\/\" target=\"_blank\" rel=\"noopener\"><span style=\"color: #008080\"><strong><span style=\"font-family: arial, helvetica, sans-serif;font-size: 12pt\">Audionautix<\/span><\/strong><\/span><\/a><span style=\"font-family: arial, helvetica, sans-serif;font-size: 12pt\"><span style=\"color: #008080\"><strong> &nbsp;&nbsp; <\/strong><\/span><em>Piezas musicales de descarga gratuita creadas por Jason Shaw.<\/em><\/span><\/p>\n<p><a href=\"https:\/\/freesound.org\/\" target=\"_blank\" rel=\"noopener\"><span style=\"font-family: arial, helvetica, sans-serif;font-size: 12pt\"><strong><span style=\"color: #33cccc\"><span style=\"color: #008080\"><span style=\"font-family: arial, helvetica, sans-serif;font-size: 12pt\">Freesound<\/span><\/span><\/span><\/strong><\/span><\/a><span style=\"font-family: arial, helvetica, sans-serif;font-size: 12pt\"> &nbsp;&nbsp; <em>Colecci\u00f3n de m\u00e1s de 670 000 ficheros de sonido para descarga gratuita.<\/em><\/span><\/p>\n","protected":false},"excerpt":{"rendered":"<p>VLC Media Player &nbsp;&nbsp; Reproductor multimedia libre de c\u00f3digo abierto multiplataforma y que reproduce la mayor\u00eda de archivos multimedia.&nbsp; Audacity&#46;&#46;&#46;<\/p>\n","protected":false},"author":11878,"featured_media":0,"parent":0,"menu_order":0,"comment_status":"closed","ping_status":"closed","template":"","meta":{"ngg_post_thumbnail":0,"footnotes":""},"aioseo_notices":[],"_links":{"self":[{"href":"https:\/\/blogsaverroes.juntadeandalucia.es\/ieslabahiasl\/wp-json\/wp\/v2\/pages\/40"}],"collection":[{"href":"https:\/\/blogsaverroes.juntadeandalucia.es\/ieslabahiasl\/wp-json\/wp\/v2\/pages"}],"about":[{"href":"https:\/\/blogsaverroes.juntadeandalucia.es\/ieslabahiasl\/wp-json\/wp\/v2\/types\/page"}],"author":[{"embeddable":true,"href":"https:\/\/blogsaverroes.juntadeandalucia.es\/ieslabahiasl\/wp-json\/wp\/v2\/users\/11878"}],"replies":[{"embeddable":true,"href":"https:\/\/blogsaverroes.juntadeandalucia.es\/ieslabahiasl\/wp-json\/wp\/v2\/comments?post=40"}],"version-history":[{"count":17,"href":"https:\/\/blogsaverroes.juntadeandalucia.es\/ieslabahiasl\/wp-json\/wp\/v2\/pages\/40\/revisions"}],"predecessor-version":[{"id":236,"href":"https:\/\/blogsaverroes.juntadeandalucia.es\/ieslabahiasl\/wp-json\/wp\/v2\/pages\/40\/revisions\/236"}],"wp:attachment":[{"href":"https:\/\/blogsaverroes.juntadeandalucia.es\/ieslabahiasl\/wp-json\/wp\/v2\/media?parent=40"}],"curies":[{"name":"wp","href":"https:\/\/api.w.org\/{rel}","templated":true}]}}