{"id":271,"date":"2024-01-01T20:41:13","date_gmt":"2024-01-01T19:41:13","guid":{"rendered":"https:\/\/blogsaverroes.juntadeandalucia.es\/ieslabahiatde\/?page_id=271"},"modified":"2024-06-09T12:00:09","modified_gmt":"2024-06-09T10:00:09","slug":"test-cdd","status":"publish","type":"page","link":"https:\/\/blogsaverroes.juntadeandalucia.es\/ieslabahiatde\/test-cdd\/","title":{"rendered":"TEST CDD"},"content":{"rendered":"<p style=\"text-align: justify\">El test de autodiagn\u00f3stico de la Competencia Digital Docente (CDD) est\u00e1 basado en el Marco de Referencia de la CDD (<a href=\"https:\/\/blogsaverroes.juntadeandalucia.es\/ieslabahiatde\/marco-referencia-cdd\/\">MRCDD<\/a>), que a su vez, se estructura en seis <strong>\u00c1reas<\/strong> recogidas en las correspondientes pesta\u00f1as que conforman el <a href=\"https:\/\/blogsaverroes.juntadeandalucia.es\/ieslabahiatde\/files\/2024\/01\/Test-CDD-2324.pdf\">Test CDD<\/a>.<\/p>\n<p style=\"text-align: justify\">Al igual que en el Marco DigCompEdu, estas seis \u00e1reas se desglosan a su vez, en 23 competencias agrupadas en tres bloques:<\/p>\n<p style=\"text-align: justify\">\u2013 Competencias profesionales de los educadores\/as<\/p>\n<p style=\"text-align: justify\">\u2013 Competencias pedag\u00f3gicas de los educadores\/as<\/p>\n<p style=\"text-align: justify\">\u2013 Competencias docentes para el desarrollo de la competencia digital del alumnado<\/p>\n<p><img loading=\"lazy\" decoding=\"async\" class=\"aligncenter wp-image-272\" src=\"https:\/\/blogsaverroes.juntadeandalucia.es\/ieslabahiatde\/files\/2024\/01\/Test-CDD.png\" alt=\"\" width=\"640\" height=\"318\" srcset=\"https:\/\/blogsaverroes.juntadeandalucia.es\/ieslabahiatde\/files\/2024\/01\/Test-CDD.png 1199w, https:\/\/blogsaverroes.juntadeandalucia.es\/ieslabahiatde\/files\/2024\/01\/Test-CDD-300x149.png 300w, https:\/\/blogsaverroes.juntadeandalucia.es\/ieslabahiatde\/files\/2024\/01\/Test-CDD-1024x508.png 1024w, https:\/\/blogsaverroes.juntadeandalucia.es\/ieslabahiatde\/files\/2024\/01\/Test-CDD-768x381.png 768w\" sizes=\"(max-width: 640px) 100vw, 640px\" \/><\/p>\n<p style=\"text-align: justify\">El Test de Competencia Digital CDD&nbsp; est\u00e1 implementado en S\u00e9neca. El test se realiza dos veces. Una al principio de curso a partir del 1 de septiembre (obligatoria) y otra al final del curso entre el 1 de mayo y el 30 de junio (opcional).<\/p>\n<p style=\"text-align: justify\">Para su realizaci\u00f3n hay que seguir la ruta&nbsp;&nbsp; <em>Personal \/ Competencia Digital Docente \/ Test CDD<\/em><br \/>\nUna vez completado, permite al profesorado obtener un <strong>Informe Individual<\/strong> con la valoraci\u00f3n global de su nivel competencial (A1-A2-B1-B2-C1-C2). Para obtener el Informe Individual hay que pedir a S\u00e9neca que lo imprima. En la fila de iconos situados en la fila horizontal superior de S\u00e9neca, hay que hacer clic en:&nbsp; <em>Documentos que se pueden pedir \/ Personal del Centro \/Competencia Digital Docente \/ Informe individual \/ Aceptar&nbsp;&nbsp; <\/em>y finalmente ir a&nbsp;&nbsp; <em>Documentos solicitados<\/em><\/p>\n<p style=\"text-align: justify\">Una vez se accede al Test, hay que seleccionar, en cada competencia, la opci\u00f3n u opciones con las que usted se identifica seg\u00fan su experiencia docente. En el siguiente enlace se pueden consultar la estructura del Test con todo detalle: <a href=\"https:\/\/blogsaverroes.juntadeandalucia.es\/ieslabahiatde\/files\/2024\/01\/Test-CDD-2324.pdf\">Test CDD<\/a><\/p>\n","protected":false},"excerpt":{"rendered":"<p>El test de autodiagn\u00f3stico de la Competencia Digital Docente (CDD) est\u00e1 basado en el Marco de Referencia de la CDD&#46;&#46;&#46;<\/p>\n","protected":false},"author":12306,"featured_media":0,"parent":0,"menu_order":0,"comment_status":"closed","ping_status":"closed","template":"page-c.php","meta":{"ngg_post_thumbnail":0,"footnotes":""},"aioseo_notices":[],"_links":{"self":[{"href":"https:\/\/blogsaverroes.juntadeandalucia.es\/ieslabahiatde\/wp-json\/wp\/v2\/pages\/271"}],"collection":[{"href":"https:\/\/blogsaverroes.juntadeandalucia.es\/ieslabahiatde\/wp-json\/wp\/v2\/pages"}],"about":[{"href":"https:\/\/blogsaverroes.juntadeandalucia.es\/ieslabahiatde\/wp-json\/wp\/v2\/types\/page"}],"author":[{"embeddable":true,"href":"https:\/\/blogsaverroes.juntadeandalucia.es\/ieslabahiatde\/wp-json\/wp\/v2\/users\/12306"}],"replies":[{"embeddable":true,"href":"https:\/\/blogsaverroes.juntadeandalucia.es\/ieslabahiatde\/wp-json\/wp\/v2\/comments?post=271"}],"version-history":[{"count":11,"href":"https:\/\/blogsaverroes.juntadeandalucia.es\/ieslabahiatde\/wp-json\/wp\/v2\/pages\/271\/revisions"}],"predecessor-version":[{"id":563,"href":"https:\/\/blogsaverroes.juntadeandalucia.es\/ieslabahiatde\/wp-json\/wp\/v2\/pages\/271\/revisions\/563"}],"wp:attachment":[{"href":"https:\/\/blogsaverroes.juntadeandalucia.es\/ieslabahiatde\/wp-json\/wp\/v2\/media?parent=271"}],"curies":[{"name":"wp","href":"https:\/\/api.w.org\/{rel}","templated":true}]}}