{"id":292,"date":"2024-01-05T21:08:45","date_gmt":"2024-01-05T20:08:45","guid":{"rendered":"https:\/\/blogsaverroes.juntadeandalucia.es\/ieslabahiatde\/?page_id=292"},"modified":"2024-06-09T11:59:36","modified_gmt":"2024-06-09T09:59:36","slug":"rubrica-tde","status":"publish","type":"page","link":"https:\/\/blogsaverroes.juntadeandalucia.es\/ieslabahiatde\/rubrica-tde\/","title":{"rendered":"R\u00daBRICA TDE"},"content":{"rendered":"<p><strong>R\u00fabrica #TDE del Nivel de Competencia Digital del Centro en S\u00e9neca<\/strong><\/p>\n<p style=\"text-align: justify\">Como paso previo al dise\u00f1o del Plan de Actuaci\u00f3n Digital, el Equipo de Coordinaci\u00f3n TDE tiene que realizar la autoevaluaci\u00f3n de la Competencia Digital del Centro a trav\u00e9s de la <em><a href=\"https:\/\/blogsaverroes.juntadeandalucia.es\/ieslabahiatde\/files\/2024\/01\/03-R\u00fabrica-TDE-distribuible-2324.pdf\">R\u00fabrica #TDE<\/a><\/em> implementada en S\u00e9neca. La R\u00fabrica #TDE es una herramienta que contempla de manera exhaustiva aspectos a tener en cuenta para la evaluaci\u00f3n y seguimiento de la competencia digital del centro. Est\u00e1 contextualizada en el entorno educativo de los centros andaluces y se estructura en tres \u00e1mbitos basados en el Marco Europeo #DigCompOrg y en la Orden de 29 de marzo de 2021. &nbsp;<\/p>\n<p style=\"text-align: justify\">\u2013 \u00c1mbito Organizaci\u00f3n del Centro. Abarca los elementos del Marco #DigCompOrg&nbsp;&nbsp; 1. Pr\u00e1cticas de Liderazgo y Gobernanza. \/ 3. Desarrollo Profesional. \/ 7. Infraestructuras.<\/p>\n<p style=\"text-align: justify\">\u2013 \u00c1mbito Informaci\u00f3n y Comunicaci\u00f3n. Abarca el elemento del Marco #DigCompOrg&nbsp;&nbsp;&nbsp; 6. Colaboraci\u00f3n y Networking.<\/p>\n<p style=\"text-align: justify\">\u2013 \u00c1mbito Procesos de Ense\u00f1anza-Aprendizaje. Abarca los elementos del Marco #DigCompOrg&nbsp;&nbsp;&nbsp; 2. Pr\u00e1cticas de Ense\u00f1anza y Aprendizaje. \/ 4. Pr\u00e1cticas de evaluaci\u00f3n. \/ 5. Contenidos y curr\u00edculos.<\/p>\n<p style=\"text-align: justify\">Se accede a la R\u00fabrica con&nbsp; <strong>perfil de Coordinador TDE<\/strong>&nbsp; siguiendo en S\u00e9neca la ruta <em>Centro \/ Planes y Programas Educativos \/ Transformaci\u00f3n Digital Educativa. <\/em>Una vez completada, se obtiene el <a href=\"https:\/\/blogsaverroes.juntadeandalucia.es\/ieslabahiatde\/files\/2024\/01\/04-Informe-R\u00fabrica-TDE-Centro-2324.pdf\"><em>Informe de R\u00fabrica<\/em><\/a>, que muestra las preguntas, las opciones seleccionadas y un feedback espec\u00edfico. Este Informe se toma como referencia para el dise\u00f1o del <a href=\"https:\/\/blogsaverroes.juntadeandalucia.es\/ieslabahiatde\/files\/2024\/01\/06-Informe-PAD.pdf\"><em>Plan de Actuaci\u00f3n Digital<\/em><\/a>.<\/p>\n<p style=\"text-align: justify\"><strong>Versi\u00f3n Distribuible de la <\/strong><strong>R\u00fabrica #TDE<br \/>\n<\/strong><\/p>\n<p style=\"text-align: justify\">El objetivo de la <a href=\"https:\/\/blogsaverroes.juntadeandalucia.es\/ieslabahiatde\/files\/2024\/01\/03-R\u00fabrica-TDE-distribuible-2324.pdf\"><em>Versi\u00f3n Distribuible de la R\u00fabrica<\/em><\/a> es facilitar el conocimiento de la R\u00fabrica #TDE y potenciar la participaci\u00f3n del mayor n\u00famero posible de personas. Se recomienda que se distribuya la copia realizada entre el claustro y se establezca un plazo prudencial para que el profesorado pueda completarlo, de tal manera que la Direcci\u00f3n del centro, la persona que desempe\u00f1a la coordinaci\u00f3n TDE y la responsable #CompDigEdu puedan tener en consideraci\u00f3n las respuestas ofrecidas cuando procedan a la cumplimentaci\u00f3n de la R\u00fabrica #TDE en S\u00e9neca.<\/p>\n<p style=\"text-align: justify\">Se podr\u00e1 utilizar este formulario para recabar la opini\u00f3n de los grupos a los que se dirija; quien emite la copia, una vez concluido el plazo que el centro haya establecido, estar\u00e1 en condiciones de cumplimentar la R\u00fabrica seleccionando la opci\u00f3n elegida mayoritariamente.<\/p>\n<p style=\"text-align: justify\">La R\u00fabrica #TDE tambi\u00e9n se puede utilizar para la revisi\u00f3n del Plan de Actuaci\u00f3n Digital al finalizar el curso, con el objeto de ver el grado de consecuci\u00f3n de las L\u00edneas de Actuaci\u00f3n propuestas y establecer nuevas metas para el siguiente curso escolar.<\/p>\n","protected":false},"excerpt":{"rendered":"<p>R\u00fabrica #TDE del Nivel de Competencia Digital del Centro en S\u00e9neca Como paso previo al dise\u00f1o del Plan de Actuaci\u00f3n&#46;&#46;&#46;<\/p>\n","protected":false},"author":12306,"featured_media":0,"parent":0,"menu_order":0,"comment_status":"closed","ping_status":"closed","template":"page-c.php","meta":{"ngg_post_thumbnail":0,"footnotes":""},"aioseo_notices":[],"_links":{"self":[{"href":"https:\/\/blogsaverroes.juntadeandalucia.es\/ieslabahiatde\/wp-json\/wp\/v2\/pages\/292"}],"collection":[{"href":"https:\/\/blogsaverroes.juntadeandalucia.es\/ieslabahiatde\/wp-json\/wp\/v2\/pages"}],"about":[{"href":"https:\/\/blogsaverroes.juntadeandalucia.es\/ieslabahiatde\/wp-json\/wp\/v2\/types\/page"}],"author":[{"embeddable":true,"href":"https:\/\/blogsaverroes.juntadeandalucia.es\/ieslabahiatde\/wp-json\/wp\/v2\/users\/12306"}],"replies":[{"embeddable":true,"href":"https:\/\/blogsaverroes.juntadeandalucia.es\/ieslabahiatde\/wp-json\/wp\/v2\/comments?post=292"}],"version-history":[{"count":15,"href":"https:\/\/blogsaverroes.juntadeandalucia.es\/ieslabahiatde\/wp-json\/wp\/v2\/pages\/292\/revisions"}],"predecessor-version":[{"id":562,"href":"https:\/\/blogsaverroes.juntadeandalucia.es\/ieslabahiatde\/wp-json\/wp\/v2\/pages\/292\/revisions\/562"}],"wp:attachment":[{"href":"https:\/\/blogsaverroes.juntadeandalucia.es\/ieslabahiatde\/wp-json\/wp\/v2\/media?parent=292"}],"curies":[{"name":"wp","href":"https:\/\/api.w.org\/{rel}","templated":true}]}}