{"id":299,"date":"2024-01-05T21:17:13","date_gmt":"2024-01-05T20:17:13","guid":{"rendered":"https:\/\/blogsaverroes.juntadeandalucia.es\/ieslabahiatde\/?page_id=299"},"modified":"2024-09-29T09:12:47","modified_gmt":"2024-09-29T07:12:47","slug":"que-es-el-pad","status":"publish","type":"page","link":"https:\/\/blogsaverroes.juntadeandalucia.es\/ieslabahiatde\/que-es-el-pad\/","title":{"rendered":"QU\u00c9 ES EL PAD"},"content":{"rendered":"<p style=\"text-align: justify\">El <strong>Plan de Actuaci\u00f3n Digital<\/strong> (<a href=\"https:\/\/blogsaverroes.juntadeandalucia.es\/ieslabahiatde\/files\/2024\/01\/06-Informe-PAD.pdf\">PAD<\/a>) es el medio que gu\u00eda al centro educativo para pasar a la acci\u00f3n, definiendo l\u00edneas de actuaci\u00f3n realistas, consensuadas y ponderables para llevar a cabo el proceso de Transformaci\u00f3n Digital<em>. <\/em>El objetivo general del PAD es el desarrollo de capacidades digitales que mejoren la calidad de ense\u00f1anza en la competencia digital as\u00ed como el fomento de herramientas digitales que puedan ajustarse a diferentes metodolog\u00edas did\u00e1cticas.<\/p>\n<p style=\"text-align: justify\">El PAD es elaborado conjuntamente por la <em>Direcci\u00f3n del Centro<\/em>, la persona que desempe\u00f1a la <em>coordinaci\u00f3n TDE<\/em> y la responsable <em>#CompDigEdu<\/em>. Para ello, deben tomar como punto de partida los informes generados al inicio de cada curso escolar en la evaluaci\u00f3n de:<\/p>\n<p>a) La <strong>Competencia Digital Docente<\/strong>, a trav\u00e9s de los <a href=\"https:\/\/blogsaverroes.juntadeandalucia.es\/ieslabahiatde\/files\/2024\/01\/Test-CDD-2324.pdf\"><em>test CDD<\/em><\/a> cumplimentados por el profesorado participante en el Proceso TDE.<\/p>\n<p>b) La <strong>Competencia Digital de Centro<\/strong>, a trav\u00e9s de la <a href=\"https:\/\/blogsaverroes.juntadeandalucia.es\/ieslabahiatde\/files\/2024\/01\/03-R\u00fabrica-TDE-distribuible-2324.pdf\"><em>R\u00fabrica #TDE<\/em><\/a>, cumplimentada por el Equipo de Coordinaci\u00f3n TDE.<\/p>\n<p>&nbsp;<\/p>\n<p style=\"text-align: justify\"><img loading=\"lazy\" decoding=\"async\" class=\"aligncenter wp-image-309\" src=\"https:\/\/blogsaverroes.juntadeandalucia.es\/ieslabahiatde\/files\/2024\/01\/05-Qu\u00e9-es-el-PAD.png\" alt=\"\" width=\"900\" height=\"442\" srcset=\"https:\/\/blogsaverroes.juntadeandalucia.es\/ieslabahiatde\/files\/2024\/01\/05-Qu\u00e9-es-el-PAD.png 1387w, https:\/\/blogsaverroes.juntadeandalucia.es\/ieslabahiatde\/files\/2024\/01\/05-Qu\u00e9-es-el-PAD-300x147.png 300w, https:\/\/blogsaverroes.juntadeandalucia.es\/ieslabahiatde\/files\/2024\/01\/05-Qu\u00e9-es-el-PAD-1024x503.png 1024w, https:\/\/blogsaverroes.juntadeandalucia.es\/ieslabahiatde\/files\/2024\/01\/05-Qu\u00e9-es-el-PAD-768x377.png 768w\" sizes=\"(max-width: 900px) 100vw, 900px\" \/><\/p>\n<p>&nbsp;<\/p>\n<p style=\"text-align: justify\">El PAD se elabora con ayuda de un <strong>formulario<\/strong> implementado en la plataforma S\u00e9neca, que permite su cumplimentaci\u00f3n guiada. El resultado es un <a href=\"https:\/\/blogsaverroes.juntadeandalucia.es\/ieslabahiatde\/files\/2024\/01\/06-Informe-PAD.pdf\"><em>informe<\/em><\/a> en el que se concretan las l\u00edneas de actuaci\u00f3n organizadas en tres \u00e1mbitos: \u00c1mbito I. Organizaci\u00f3n del centro; \u00c1mbito II. Informaci\u00f3n y comunicaci\u00f3n; \u00c1mbito III. Procesos de ense\u00f1anza-aprendizaje.<\/p>\n<p style=\"text-align: justify\">A su vez, en cada l\u00ednea de actuaci\u00f3n se planifican las tareas previstas y su evaluaci\u00f3n, los grupos responsables\/participantes y la temporalizaci\u00f3n. Al final del documento tambi\u00e9n se detallan los recursos tecnol\u00f3gicos disponibles en el centro para su correcto desarrollo.<\/p>\n<p style=\"text-align: justify\">El PAD es p\u00fablico y accesible para toda la comunidad educativa ya que forma parte del Proyecto Educativo de Centro. Aunque se debe completar en S\u00e9neca entre el <strong>15 de septiembre y el 15 de noviembre<\/strong> de cada curso escolar, tiene car\u00e1cter abierto, debe estar en continua revisi\u00f3n y adecuaci\u00f3n peri\u00f3dica, recogiendo las aportaciones, no solo del Equipo de Coordinaci\u00f3n TDE, sino de toda la comunidad educativa a trav\u00e9s de la <a href=\"https:\/\/blogsaverroes.juntadeandalucia.es\/ieslabahiatde\/files\/2024\/01\/03-R\u00fabrica-TDE-distribuible-2324.pdf\"><em>R\u00fabrica #TDE Distribuible<\/em><\/a>. \u00c9sta puede volver a pasarse al finalizar el curso, con el objeto de ver el grado de consecuci\u00f3n de las L\u00edneas de Actuaci\u00f3n propuestas y establecer nuevas metas para el siguiente curso escolar.<\/p>\n","protected":false},"excerpt":{"rendered":"<p>El Plan de Actuaci\u00f3n Digital (PAD) es el medio que gu\u00eda al centro educativo para pasar a la acci\u00f3n, definiendo&#46;&#46;&#46;<\/p>\n","protected":false},"author":12306,"featured_media":0,"parent":0,"menu_order":0,"comment_status":"closed","ping_status":"closed","template":"page-c.php","meta":{"ngg_post_thumbnail":0,"footnotes":""},"aioseo_notices":[],"_links":{"self":[{"href":"https:\/\/blogsaverroes.juntadeandalucia.es\/ieslabahiatde\/wp-json\/wp\/v2\/pages\/299"}],"collection":[{"href":"https:\/\/blogsaverroes.juntadeandalucia.es\/ieslabahiatde\/wp-json\/wp\/v2\/pages"}],"about":[{"href":"https:\/\/blogsaverroes.juntadeandalucia.es\/ieslabahiatde\/wp-json\/wp\/v2\/types\/page"}],"author":[{"embeddable":true,"href":"https:\/\/blogsaverroes.juntadeandalucia.es\/ieslabahiatde\/wp-json\/wp\/v2\/users\/12306"}],"replies":[{"embeddable":true,"href":"https:\/\/blogsaverroes.juntadeandalucia.es\/ieslabahiatde\/wp-json\/wp\/v2\/comments?post=299"}],"version-history":[{"count":18,"href":"https:\/\/blogsaverroes.juntadeandalucia.es\/ieslabahiatde\/wp-json\/wp\/v2\/pages\/299\/revisions"}],"predecessor-version":[{"id":590,"href":"https:\/\/blogsaverroes.juntadeandalucia.es\/ieslabahiatde\/wp-json\/wp\/v2\/pages\/299\/revisions\/590"}],"wp:attachment":[{"href":"https:\/\/blogsaverroes.juntadeandalucia.es\/ieslabahiatde\/wp-json\/wp\/v2\/media?parent=299"}],"curies":[{"name":"wp","href":"https:\/\/api.w.org\/{rel}","templated":true}]}}