{"id":564,"date":"2024-06-09T12:17:33","date_gmt":"2024-06-09T10:17:33","guid":{"rendered":"https:\/\/blogsaverroes.juntadeandalucia.es\/ieslabahiatde\/?page_id=564"},"modified":"2024-06-09T12:49:16","modified_gmt":"2024-06-09T10:49:16","slug":"community-manager","status":"publish","type":"page","link":"https:\/\/blogsaverroes.juntadeandalucia.es\/ieslabahiatde\/community-manager\/","title":{"rendered":"COMMUNITY MANAGER"},"content":{"rendered":"<p><strong>POL\u00cdTICA DE PUBLICACIONES EN LAS RRSS DEL IES LA BAH\u00cdA<\/strong><\/p>\n<p style=\"text-align: justify\">El IES La Bah\u00eda est\u00e1 presente en las Redes Sociales a trav\u00e9s de Facebook, X (antigua Twitter), Instagram y Tik Tok. En el tabl\u00f3n de la entrada a la Sala del Profesorado, se encuentran los c\u00f3digos QR para poder acceder directamente a nuestros perfiles en las redes citadas y as\u00ed seguir nuestras publicaciones.<\/p>\n<p style=\"text-align: justify\">La responsabilidad de publicar en las Redes Sociales recae sobre un equipo formado por varios docentes con el rol de <strong>Community Manager<\/strong>. El objetivo de este equipo es mantener actualizadas las publicaciones que den visibilidad a las actuaciones a nivel educativo que se realizan en el IES La Bah\u00eda. Logicamente existe una pol\u00edtica de publicaciones que todo el mundo debe conocer:<\/p>\n<p style=\"text-align: justify\">1. Se har\u00e1 siempre un uso responsable y respetuoso de las redes sociales.<\/p>\n<p style=\"text-align: justify\">2. El uso de las redes sociales del centro, por parte de cualquier miembro de la comunidad educativa, se regir\u00e1 siempre por la legislaci\u00f3n vigente.<\/p>\n<p style=\"text-align: justify\">3. Todas las publicaciones se har\u00e1n de acuerdo a la Ley de Protecci\u00f3n de Datos y Derechos de Imagen.<\/p>\n<p style=\"text-align: justify\">4. Todas las publicaciones, comentarios y menciones que se realicen deben cumplir siempre con la legislaci\u00f3n vigente, por la que se regula el uso de las redes sociales. No se permitir\u00e1n faltas de respeto, vejaciones, humillaciones, insultos, amenazas, comentarios malsonantes o que cuestionen la labor docente.<\/p>\n<p style=\"text-align: justify\">5. No se permitir\u00e1 el uso indebido, la manipulaci\u00f3n o la difusi\u00f3n inapropiada de las im\u00e1genes o v\u00eddeos publicados en dichas redes.<\/p>\n<p style=\"text-align: justify\">6. Cualquier incumplimiento de estas normas de uso ser\u00e1 denunciado a las autoridades competentes y sancionado por el centro seg\u00fan el Plan de Convivencia.<\/p>\n<p><img loading=\"lazy\" decoding=\"async\" class=\"aligncenter wp-image-565 size-full\" src=\"https:\/\/blogsaverroes.juntadeandalucia.es\/ieslabahiatde\/files\/2024\/06\/Logotipos-RRSS.png\" alt=\"\" width=\"479\" height=\"110\" srcset=\"https:\/\/blogsaverroes.juntadeandalucia.es\/ieslabahiatde\/files\/2024\/06\/Logotipos-RRSS.png 479w, https:\/\/blogsaverroes.juntadeandalucia.es\/ieslabahiatde\/files\/2024\/06\/Logotipos-RRSS-300x69.png 300w\" sizes=\"(max-width: 479px) 100vw, 479px\" \/><\/p>\n<p>&nbsp;<\/p>\n<p><strong>INSTRUCCIONES PARA LA PUBLICACI\u00d3N EN REDES SOCIALES<\/strong><\/p>\n<p style=\"text-align: justify\">Si tienes inter\u00e9s en que Community Manager publique cualquier cuesti\u00f3n relevante sobre una materia, cualquier actividad o actuaci\u00f3n organizada en las que participa el Centro, para el env\u00edo de materiales debes seguir las siguientes instrucciones:<\/p>\n<p style=\"text-align: justify\">1. Breve descripci\u00f3n del tipo de actividad. Indicar niveles o\/y grupos de alumnado, as\u00ed como Departamentos, Planes, Programas, Proyectos y profesorado implicado. Debe ser un texto <strong>breve<\/strong> y <strong>preciso<\/strong> en formato editable (Word, Open Office, etc).<\/p>\n<p style=\"text-align: justify\">2. Fotos, im\u00e1genes o v\u00eddeos que acompa\u00f1en al texto obligatoriamente. Las im\u00e1genes deben estar en formato JPG o PNG y los v\u00eddeos en formato MP4. Selecciona las fotos para publicar. Entre <strong>10 y 15 fotos como m\u00e1ximo<\/strong>. Adem\u00e1s de que las redes sociales no permiten superar cierto l\u00edmite, un n\u00famero excesivo puede aburrir a los seguidores. Indica si quieres resaltar alguna en particular o si quieres que se publiquen en un determinado orden, numerando las fotos para ello. Si se trata de <strong>v\u00eddeos<\/strong>, <strong>como m\u00e1ximo 1 \u00f3 2<\/strong> de corta duraci\u00f3n. Hay redes que no permiten subir fotos y v\u00eddeos en la misma publicaci\u00f3n.<\/p>\n<p style=\"text-align: justify\">3. <strong>Rapidez<\/strong> en el env\u00edo de la informaci\u00f3n para la publicaci\u00f3n. Lo que no es de <strong>actualidad<\/strong> pierde inter\u00e9s en las Redes Sociales. Community Manager lo publicar\u00e1 lo antes posible o en el momento que nos dig\u00e1is. Se agradece que el env\u00edo se realice con cierta antelaci\u00f3n.<\/p>\n<p><strong>Importante<\/strong>:<\/p>\n<p style=\"text-align: justify\">a) No se realizan publicaciones durante el fin de semana.<\/p>\n<p style=\"text-align: justify\">b) Si se acumulan muchas publicaciones en un corto periodo de tiempo, se pautar\u00e1 la subida para que nuestros seguidores no se pierdan ninguna de ellas.<\/p>\n<p style=\"text-align: justify\">c) El env\u00edo se puede realizar a la Vicedirectora Isabel Tocino (integrante del Community Manager) a trav\u00e9s de correo electr\u00f3nico o WhatsApp (m\u00e1s r\u00e1pido).<\/p>\n<p>&nbsp;<\/p>\n<p><strong>OBJETIVOS DE CENTRO EN LAS REDES SOCIALES<\/strong><\/p>\n<p style=\"text-align: justify\">1. Dar visibilidad al centro en la localidad y fuera de ella.<\/p>\n<p style=\"text-align: justify\">2. Difundir informaci\u00f3n de inter\u00e9s para toda la comunidad educativa (mejoras en el centro, instalaciones, fechas importantes, efem\u00e9rides, tr\u00e1mites administrativos, &#8230;).<\/p>\n<p style=\"text-align: justify\">3. Promocionar los programas y proyectos en los que est\u00e1 inscrito el centro, d\u00e1ndoles visibilidad y haciendo part\u00edcipe a familias y alumnado.<\/p>\n<p style=\"text-align: justify\">4. Anunciar y promover la participaci\u00f3n en las actividades extraescolares y complementarias que se celebran en el centro.<\/p>\n<p style=\"text-align: justify\">5. Compartir im\u00e1genes y v\u00eddeos de las actividades extraescolares y complementarias realizadas en el centro, siempre teniendo en cuenta la Ley de Protecci\u00f3n de Datos y Derechos de Imagen.<\/p>\n<p style=\"text-align: justify\">6. Abrir nuevos canales de comunicaci\u00f3n a los miembros de la comunidad educativa, teniendo en cuenta que se seguir\u00e1n priorizando los canales de comunicaci\u00f3n oficial con tutor\u00edas, profesorado y directiva (Pasen, Classroom, Moodle, correo electr\u00f3nico&#8230;).<\/p>\n","protected":false},"excerpt":{"rendered":"<p>POL\u00cdTICA DE PUBLICACIONES EN LAS RRSS DEL IES LA BAH\u00cdA El IES La Bah\u00eda est\u00e1 presente en las Redes Sociales&#46;&#46;&#46;<\/p>\n","protected":false},"author":11878,"featured_media":0,"parent":0,"menu_order":0,"comment_status":"closed","ping_status":"closed","template":"","meta":{"ngg_post_thumbnail":0,"footnotes":""},"aioseo_notices":[],"_links":{"self":[{"href":"https:\/\/blogsaverroes.juntadeandalucia.es\/ieslabahiatde\/wp-json\/wp\/v2\/pages\/564"}],"collection":[{"href":"https:\/\/blogsaverroes.juntadeandalucia.es\/ieslabahiatde\/wp-json\/wp\/v2\/pages"}],"about":[{"href":"https:\/\/blogsaverroes.juntadeandalucia.es\/ieslabahiatde\/wp-json\/wp\/v2\/types\/page"}],"author":[{"embeddable":true,"href":"https:\/\/blogsaverroes.juntadeandalucia.es\/ieslabahiatde\/wp-json\/wp\/v2\/users\/11878"}],"replies":[{"embeddable":true,"href":"https:\/\/blogsaverroes.juntadeandalucia.es\/ieslabahiatde\/wp-json\/wp\/v2\/comments?post=564"}],"version-history":[{"count":4,"href":"https:\/\/blogsaverroes.juntadeandalucia.es\/ieslabahiatde\/wp-json\/wp\/v2\/pages\/564\/revisions"}],"predecessor-version":[{"id":570,"href":"https:\/\/blogsaverroes.juntadeandalucia.es\/ieslabahiatde\/wp-json\/wp\/v2\/pages\/564\/revisions\/570"}],"wp:attachment":[{"href":"https:\/\/blogsaverroes.juntadeandalucia.es\/ieslabahiatde\/wp-json\/wp\/v2\/media?parent=564"}],"curies":[{"name":"wp","href":"https:\/\/api.w.org\/{rel}","templated":true}]}}