{"id":371,"date":"2025-02-19T09:46:39","date_gmt":"2025-02-19T09:46:39","guid":{"rendered":"https:\/\/blogsaverroes.juntadeandalucia.es\/ieslabahiatec\/?page_id=371"},"modified":"2025-02-19T11:22:30","modified_gmt":"2025-02-19T11:22:30","slug":"tic-i","status":"publish","type":"page","link":"https:\/\/blogsaverroes.juntadeandalucia.es\/ieslabahiatec\/tic-i\/","title":{"rendered":"TIC I"},"content":{"rendered":"<p><span style=\"font-size: 18px;text-decoration: underline double darkorange 1.5px\">Tecnolog\u00edas de la Informaci\u00f3n y la Comunicaci\u00f3n I &#8211; 1\u00baBachillerato<\/span><\/p>\n<p>En esta materia emplearemos en todo momento o software de libre distribuci\u00f3n, o plataformas on-line.<\/p>\n<p>En el caso del software, para que el alumnado pueda practicar en casa, a continuaci\u00f3n se indican los enlaces para poder descargar los programas, as\u00ed como el enlace a los manuales.<\/p>\n<ul style=\"list-style-type: disc\">\n<li>Enlace al paquete de oficina <a class=\"enlace\" title=\"Descargar LibreOffice\" href=\"https:\/\/es.libreoffice.org\/descarga\/libreoffice\/\" target=\"_blank\" rel=\"noopener\">LibreOffice<\/a>.<\/li>\n<\/ul>\n<blockquote><p>Al instalar este paquete de programas se instalar\u00e1n, entre otros, los programas <a class=\"texto\" title=\"Procesador de textos\" href=\"#\">Writer<\/a>, <a class=\"texto\" title=\"Hoja de c\u00e1lculo\" href=\"#\">Clac<\/a>, <a class=\"texto\" title=\"Gestor de bases de datos.\" href=\"#\">Base<\/a> e <a class=\"texto\" title=\"Programa de presentaciones\" href=\"#\">Impress<\/a><a class=\"texto\" title=\"Gestor de bases de datos.\" href=\"#\">.<\/a><\/p>\n<p>Enlaces a la documentaci\u00f3n disponible sobre cada uno de estos programas:<\/p>\n<ul style=\"list-style-type: square\">\n<li>Manual de <a class=\"enlace\" href=\"https:\/\/documentation.libreoffice.org\/es\/documentacion-en-espanol\/writer\/\" target=\"_blank\" rel=\"noopener\"> Writer<\/a><\/li>\n<li>Manual de <a class=\"enlace\" href=\"https:\/\/documentation.libreoffice.org\/es\/documentacion-en-espanol\/calc\/\" target=\"_blank\" rel=\"noopener\">Clac<\/a><\/li>\n<li>Manual de <a class=\"enlace\" href=\"https:\/\/documentation.libreoffice.org\/es\/documentacion-en-espanol\/base\/\" target=\"_blank\" rel=\"noopener\">Base<\/a><\/li>\n<li>Manual de <a class=\"enlace\" href=\"https:\/\/documentation.libreoffice.org\/es\/documentacion-en-espanol\/impress\/\" target=\"_blank\" rel=\"noopener\">Impress<\/a><\/li>\n<\/ul>\n<\/blockquote>\n","protected":false},"excerpt":{"rendered":"<p>Tecnolog\u00edas de la Informaci\u00f3n y la Comunicaci\u00f3n I &#8211; 1\u00baBachillerato En esta materia emplearemos en todo momento o software de&#46;&#46;&#46;<\/p>\n","protected":false},"author":18662,"featured_media":0,"parent":0,"menu_order":0,"comment_status":"closed","ping_status":"closed","template":"","meta":{"ngg_post_thumbnail":0,"footnotes":""},"aioseo_notices":[],"_links":{"self":[{"href":"https:\/\/blogsaverroes.juntadeandalucia.es\/ieslabahiatec\/wp-json\/wp\/v2\/pages\/371"}],"collection":[{"href":"https:\/\/blogsaverroes.juntadeandalucia.es\/ieslabahiatec\/wp-json\/wp\/v2\/pages"}],"about":[{"href":"https:\/\/blogsaverroes.juntadeandalucia.es\/ieslabahiatec\/wp-json\/wp\/v2\/types\/page"}],"author":[{"embeddable":true,"href":"https:\/\/blogsaverroes.juntadeandalucia.es\/ieslabahiatec\/wp-json\/wp\/v2\/users\/18662"}],"replies":[{"embeddable":true,"href":"https:\/\/blogsaverroes.juntadeandalucia.es\/ieslabahiatec\/wp-json\/wp\/v2\/comments?post=371"}],"version-history":[{"count":4,"href":"https:\/\/blogsaverroes.juntadeandalucia.es\/ieslabahiatec\/wp-json\/wp\/v2\/pages\/371\/revisions"}],"predecessor-version":[{"id":385,"href":"https:\/\/blogsaverroes.juntadeandalucia.es\/ieslabahiatec\/wp-json\/wp\/v2\/pages\/371\/revisions\/385"}],"wp:attachment":[{"href":"https:\/\/blogsaverroes.juntadeandalucia.es\/ieslabahiatec\/wp-json\/wp\/v2\/media?parent=371"}],"curies":[{"name":"wp","href":"https:\/\/api.w.org\/{rel}","templated":true}]}}