{"id":374,"date":"2025-02-19T09:54:38","date_gmt":"2025-02-19T09:54:38","guid":{"rendered":"https:\/\/blogsaverroes.juntadeandalucia.es\/ieslabahiatec\/?page_id=374"},"modified":"2025-02-19T11:29:55","modified_gmt":"2025-02-19T11:29:55","slug":"tic-ii","status":"publish","type":"page","link":"https:\/\/blogsaverroes.juntadeandalucia.es\/ieslabahiatec\/tic-ii\/","title":{"rendered":"TIC II"},"content":{"rendered":"<p>Tecnolog\u00edas de la Informaci\u00f3n y la Comunicaci\u00f3n II &#8211; 2\u00baBachillerato<\/p>\n","protected":false},"excerpt":{"rendered":"<p>Tecnolog\u00edas de la Informaci\u00f3n y la Comunicaci\u00f3n II &#8211; 2\u00baBachillerato<\/p>\n","protected":false},"author":18662,"featured_media":0,"parent":0,"menu_order":0,"comment_status":"closed","ping_status":"closed","template":"","meta":{"ngg_post_thumbnail":0,"footnotes":""},"aioseo_notices":[],"_links":{"self":[{"href":"https:\/\/blogsaverroes.juntadeandalucia.es\/ieslabahiatec\/wp-json\/wp\/v2\/pages\/374"}],"collection":[{"href":"https:\/\/blogsaverroes.juntadeandalucia.es\/ieslabahiatec\/wp-json\/wp\/v2\/pages"}],"about":[{"href":"https:\/\/blogsaverroes.juntadeandalucia.es\/ieslabahiatec\/wp-json\/wp\/v2\/types\/page"}],"author":[{"embeddable":true,"href":"https:\/\/blogsaverroes.juntadeandalucia.es\/ieslabahiatec\/wp-json\/wp\/v2\/users\/18662"}],"replies":[{"embeddable":true,"href":"https:\/\/blogsaverroes.juntadeandalucia.es\/ieslabahiatec\/wp-json\/wp\/v2\/comments?post=374"}],"version-history":[{"count":1,"href":"https:\/\/blogsaverroes.juntadeandalucia.es\/ieslabahiatec\/wp-json\/wp\/v2\/pages\/374\/revisions"}],"predecessor-version":[{"id":375,"href":"https:\/\/blogsaverroes.juntadeandalucia.es\/ieslabahiatec\/wp-json\/wp\/v2\/pages\/374\/revisions\/375"}],"wp:attachment":[{"href":"https:\/\/blogsaverroes.juntadeandalucia.es\/ieslabahiatec\/wp-json\/wp\/v2\/media?parent=374"}],"curies":[{"name":"wp","href":"https:\/\/api.w.org\/{rel}","templated":true}]}}