{"id":389,"date":"2025-02-23T20:25:01","date_gmt":"2025-02-23T20:25:01","guid":{"rendered":"https:\/\/blogsaverroes.juntadeandalucia.es\/ieslabahiatec\/?page_id=389"},"modified":"2025-02-23T20:48:32","modified_gmt":"2025-02-23T20:48:32","slug":"tecnologia-e-ingenieria-i","status":"publish","type":"page","link":"https:\/\/blogsaverroes.juntadeandalucia.es\/ieslabahiatec\/tecnologia-e-ingenieria-i\/","title":{"rendered":"Tecnolog\u00eda e Ingenier\u00eda I"},"content":{"rendered":"<p>UD 5 CIRCUITOS EL\u00c9CTRICOS Y ELECTR\u00d3NICOS:<\/p>\n<p><a href=\"https:\/\/blogsaverroes.juntadeandalucia.es\/ieslabahiatec\/files\/2025\/02\/SIMBOLOS-ELECTRICOS-Y-ELECTRONICOS.pdf\">S\u00cdMBOLOS EL\u00c9CTRICOS Y ELECTR\u00d3NICOS<\/a><\/p>\n<p><a href=\"https:\/\/blogsaverroes.juntadeandalucia.es\/ieslabahiatec\/files\/2025\/02\/Unidad-5-Electricidad-y-electronica.pdf\">Unidad 5 Electricidad y electr\u00f3nica<\/a><\/p>\n","protected":false},"excerpt":{"rendered":"<p>UD 5 CIRCUITOS EL\u00c9CTRICOS Y ELECTR\u00d3NICOS: S\u00cdMBOLOS EL\u00c9CTRICOS Y ELECTR\u00d3NICOS Unidad 5 Electricidad y electr\u00f3nica<\/p>\n","protected":false},"author":11512,"featured_media":0,"parent":0,"menu_order":0,"comment_status":"closed","ping_status":"closed","template":"","meta":{"ngg_post_thumbnail":0,"footnotes":""},"aioseo_notices":[],"_links":{"self":[{"href":"https:\/\/blogsaverroes.juntadeandalucia.es\/ieslabahiatec\/wp-json\/wp\/v2\/pages\/389"}],"collection":[{"href":"https:\/\/blogsaverroes.juntadeandalucia.es\/ieslabahiatec\/wp-json\/wp\/v2\/pages"}],"about":[{"href":"https:\/\/blogsaverroes.juntadeandalucia.es\/ieslabahiatec\/wp-json\/wp\/v2\/types\/page"}],"author":[{"embeddable":true,"href":"https:\/\/blogsaverroes.juntadeandalucia.es\/ieslabahiatec\/wp-json\/wp\/v2\/users\/11512"}],"replies":[{"embeddable":true,"href":"https:\/\/blogsaverroes.juntadeandalucia.es\/ieslabahiatec\/wp-json\/wp\/v2\/comments?post=389"}],"version-history":[{"count":4,"href":"https:\/\/blogsaverroes.juntadeandalucia.es\/ieslabahiatec\/wp-json\/wp\/v2\/pages\/389\/revisions"}],"predecessor-version":[{"id":408,"href":"https:\/\/blogsaverroes.juntadeandalucia.es\/ieslabahiatec\/wp-json\/wp\/v2\/pages\/389\/revisions\/408"}],"wp:attachment":[{"href":"https:\/\/blogsaverroes.juntadeandalucia.es\/ieslabahiatec\/wp-json\/wp\/v2\/media?parent=389"}],"curies":[{"name":"wp","href":"https:\/\/api.w.org\/{rel}","templated":true}]}}