{"id":392,"date":"2025-02-23T20:28:10","date_gmt":"2025-02-23T20:28:10","guid":{"rendered":"https:\/\/blogsaverroes.juntadeandalucia.es\/ieslabahiatec\/?page_id=392"},"modified":"2025-02-23T21:38:46","modified_gmt":"2025-02-23T21:38:46","slug":"tecnologia-e-ingenieria-ii","status":"publish","type":"page","link":"https:\/\/blogsaverroes.juntadeandalucia.es\/ieslabahiatec\/tecnologia-e-ingenieria-ii\/","title":{"rendered":"Tecnolog\u00eda e Ingenier\u00eda II"},"content":{"rendered":"<p>UD 5 CIRCUITOS OLEOHIDR\u00c1ULICA:<\/p>\n<p><a href=\"https:\/\/blogsaverroes.juntadeandalucia.es\/ieslabahiatec\/files\/2025\/02\/Teoria-Oleohidraulica.pdf\">Teor\u00eda Oleohidr\u00e1ulica<\/a><\/p>\n<p><a href=\"https:\/\/blogsaverroes.juntadeandalucia.es\/ieslabahiatec\/files\/2025\/02\/FORMULARIO-OLEOHIDRAULICA.pdf\">FORMULARIO OLEOHIDR\u00c1ULICA<\/a><\/p>\n<p><a href=\"https:\/\/blogsaverroes.juntadeandalucia.es\/ieslabahiatec\/files\/2025\/02\/Enunciados-Selectividad-Circuitos-Neumaticos-y-Oleohidraulicos.pdf\">Enunciados Selectividad Circuitos Neum\u00e1ticos y Oleohidr\u00e1ulicos<\/a><\/p>\n<p>&nbsp;<\/p>\n","protected":false},"excerpt":{"rendered":"<p>UD 5 CIRCUITOS OLEOHIDR\u00c1ULICA: Teor\u00eda Oleohidr\u00e1ulica FORMULARIO OLEOHIDR\u00c1ULICA Enunciados Selectividad Circuitos Neum\u00e1ticos y Oleohidr\u00e1ulicos &nbsp;<\/p>\n","protected":false},"author":11512,"featured_media":0,"parent":0,"menu_order":0,"comment_status":"closed","ping_status":"closed","template":"","meta":{"ngg_post_thumbnail":0,"footnotes":""},"aioseo_notices":[],"_links":{"self":[{"href":"https:\/\/blogsaverroes.juntadeandalucia.es\/ieslabahiatec\/wp-json\/wp\/v2\/pages\/392"}],"collection":[{"href":"https:\/\/blogsaverroes.juntadeandalucia.es\/ieslabahiatec\/wp-json\/wp\/v2\/pages"}],"about":[{"href":"https:\/\/blogsaverroes.juntadeandalucia.es\/ieslabahiatec\/wp-json\/wp\/v2\/types\/page"}],"author":[{"embeddable":true,"href":"https:\/\/blogsaverroes.juntadeandalucia.es\/ieslabahiatec\/wp-json\/wp\/v2\/users\/11512"}],"replies":[{"embeddable":true,"href":"https:\/\/blogsaverroes.juntadeandalucia.es\/ieslabahiatec\/wp-json\/wp\/v2\/comments?post=392"}],"version-history":[{"count":4,"href":"https:\/\/blogsaverroes.juntadeandalucia.es\/ieslabahiatec\/wp-json\/wp\/v2\/pages\/392\/revisions"}],"predecessor-version":[{"id":409,"href":"https:\/\/blogsaverroes.juntadeandalucia.es\/ieslabahiatec\/wp-json\/wp\/v2\/pages\/392\/revisions\/409"}],"wp:attachment":[{"href":"https:\/\/blogsaverroes.juntadeandalucia.es\/ieslabahiatec\/wp-json\/wp\/v2\/media?parent=392"}],"curies":[{"name":"wp","href":"https:\/\/api.w.org\/{rel}","templated":true}]}}