{"id":1958,"date":"2023-01-10T21:32:58","date_gmt":"2023-01-10T20:32:58","guid":{"rendered":"https:\/\/blogsaverroes.juntadeandalucia.es\/ieslacaleta\/?page_id=1958"},"modified":"2025-03-04T11:25:50","modified_gmt":"2025-03-04T10:25:50","slug":"nuestro-centro-antes","status":"publish","type":"page","link":"https:\/\/blogsaverroes.juntadeandalucia.es\/ieslacaleta\/nuestro-centro-antes\/","title":{"rendered":"Nuestro Centro &#8211; Antes&#8230;"},"content":{"rendered":"<p>[et_pb_section fb_built=&#8221;1&#8243; fullwidth=&#8221;on&#8221; admin_label=&#8221;Hero&#8221; _builder_version=&#8221;4.16&#8243; background_color=&#8221;RGBA(255,255,255,0)&#8221; parallax=&#8221;on&#8221; top_divider_color=&#8221;rgba(255,255,255,0.06)&#8221; top_divider_height=&#8221;30%&#8221; z_index_tablet=&#8221;500&#8243; box_shadow_horizontal_tablet=&#8221;0px&#8221; box_shadow_vertical_tablet=&#8221;0px&#8221; box_shadow_blur_tablet=&#8221;40px&#8221; box_shadow_spread_tablet=&#8221;0px&#8221; global_colors_info=&#8221;{}&#8221;][et_pb_fullwidth_header title=&#8221;@ET-DC@eyJkeW5hbWljIjp0cnVlLCJjb250ZW50IjoiY3VycmVudF9kYXRlIiwic2V0dGluZ3MiOnsiYmVmb3JlIjoiIiwiYWZ0ZXIiOiIiLCJkYXRlX2Zvcm1hdCI6ImRlZmF1bHQiLCJjdXN0b21fZGF0ZV9mb3JtYXQiOiJkIC8gbSAvIFkiLCJlbmFibGVfaHRtbCI6Im9mZiJ9fQ==@&#8221; subhead=&#8221;IES La Caleta&#8221; image_orientation=&#8221;bottom&#8221; title_tablet=&#8221;Blog IES La Caleta | C\u00e1diz&#8221; title_phone=&#8221;Blog IES La Caleta | C\u00e1diz&#8221; title_last_edited=&#8221;on|desktop&#8221; admin_label=&#8221;Cabecera de la web. Imagen, nombre del centro y ciudad&#8221; _builder_version=&#8221;4.16&#8243; _dynamic_attributes=&#8221;title&#8221; title_level=&#8221;h5&#8243; title_font=&#8221;|700|||||||&#8221; title_text_color=&#8221;#FFFFFF&#8221; title_font_size=&#8221;16px&#8221; title_letter_spacing=&#8221;5px&#8221; title_line_height=&#8221;1.4em&#8221; content_font=&#8221;Open Sans||||||||&#8221; content_font_size=&#8221;18px&#8221; content_line_height=&#8221;2em&#8221; subhead_font=&#8221;|700|||||||&#8221; subhead_font_size=&#8221;50px&#8221; subhead_line_height=&#8221;1.4em&#8221; background_image=&#8221;https:\/\/blogsaverroes.juntadeandalucia.es\/ieslacaleta\/files\/2023\/01\/SILUETAIESv2.png&#8221; background_size=&#8221;contain&#8221; background_position=&#8221;bottom_center&#8221; custom_button_one=&#8221;on&#8221; button_one_text_size=&#8221;16px&#8221; button_one_text_color=&#8221;#ffffff&#8221; button_one_bg_color=&#8221;#ff7355&#8243; button_one_border_width=&#8221;15px&#8221; button_one_border_color=&#8221;rgba(210,159,104,0)&#8221; button_one_border_radius=&#8221;100px&#8221; button_one_font=&#8221;Open Sans|700|||||||&#8221; button_one_use_icon=&#8221;off&#8221; custom_button_two=&#8221;on&#8221; button_two_text_size=&#8221;16px&#8221; button_two_text_color=&#8221;#ffffff&#8221; button_two_bg_color=&#8221;rgba(0,0,0,0.6)&#8221; button_two_border_width=&#8221;15px&#8221; button_two_border_color=&#8221;rgba(210,159,104,0)&#8221; button_two_border_radius=&#8221;100px&#8221; button_two_font=&#8221;Open Sans|700|||||||&#8221; button_two_use_icon=&#8221;off&#8221; max_height=&#8221;320px&#8221; max_height_tablet=&#8221;200px&#8221; max_height_phone=&#8221;&#8221; max_height_last_edited=&#8221;on|phone&#8221; custom_margin=&#8221;|||&#8221; custom_padding=&#8221;0vw||19vw|&#8221; animation_style=&#8221;slide&#8221; animation_direction=&#8221;bottom&#8221; animation_intensity_slide=&#8221;1%&#8221; content_font_size_tablet=&#8221;&#8221; content_font_size_phone=&#8221;16px&#8221; content_font_size_last_edited=&#8221;on|phone&#8221; subhead_font_size_tablet=&#8221;&#8221; subhead_font_size_phone=&#8221;30px&#8221; subhead_font_size_last_edited=&#8221;on|phone&#8221; z_index_tablet=&#8221;500&#8243; title_text_shadow_style=&#8221;preset4&#8243; title_text_shadow_color=&#8221;#000000&#8243; title_text_shadow_horizontal_length_tablet=&#8221;0px&#8221; title_text_shadow_vertical_length_tablet=&#8221;0px&#8221; title_text_shadow_blur_strength_tablet=&#8221;1px&#8221; content_text_shadow_horizontal_length_tablet=&#8221;0px&#8221; content_text_shadow_vertical_length_tablet=&#8221;0px&#8221; content_text_shadow_blur_strength_tablet=&#8221;1px&#8221; subhead_text_shadow_style=&#8221;preset4&#8243; subhead_text_shadow_horizontal_length_tablet=&#8221;0px&#8221; subhead_text_shadow_vertical_length_tablet=&#8221;0px&#8221; subhead_text_shadow_blur_strength_tablet=&#8221;1px&#8221; content_link_text_shadow_horizontal_length_tablet=&#8221;0px&#8221; content_link_text_shadow_vertical_length_tablet=&#8221;0px&#8221; content_link_text_shadow_blur_strength_tablet=&#8221;1px&#8221; content_ul_text_shadow_horizontal_length_tablet=&#8221;0px&#8221; content_ul_text_shadow_vertical_length_tablet=&#8221;0px&#8221; content_ul_text_shadow_blur_strength_tablet=&#8221;1px&#8221; content_ol_text_shadow_horizontal_length_tablet=&#8221;0px&#8221; content_ol_text_shadow_vertical_length_tablet=&#8221;0px&#8221; content_ol_text_shadow_blur_strength_tablet=&#8221;1px&#8221; content_quote_text_shadow_horizontal_length_tablet=&#8221;0px&#8221; content_quote_text_shadow_vertical_length_tablet=&#8221;0px&#8221; content_quote_text_shadow_blur_strength_tablet=&#8221;1px&#8221; border_color_all=&#8221;#000000&#8243; border_radii_image=&#8221;off||||&#8221; button_one_text_shadow_horizontal_length_tablet=&#8221;0px&#8221; button_one_text_shadow_vertical_length_tablet=&#8221;0px&#8221; button_one_text_shadow_blur_strength_tablet=&#8221;1px&#8221; button_two_text_shadow_horizontal_length_tablet=&#8221;0px&#8221; button_two_text_shadow_vertical_length_tablet=&#8221;0px&#8221; button_two_text_shadow_blur_strength_tablet=&#8221;1px&#8221; box_shadow_horizontal_image_tablet=&#8221;0px&#8221; box_shadow_vertical_image_tablet=&#8221;0px&#8221; box_shadow_blur_image_tablet=&#8221;40px&#8221; box_shadow_spread_image_tablet=&#8221;0px&#8221; box_shadow_horizontal_button_one_tablet=&#8221;0px&#8221; box_shadow_vertical_button_one_tablet=&#8221;0px&#8221; box_shadow_blur_button_one_tablet=&#8221;40px&#8221; box_shadow_spread_button_one_tablet=&#8221;0px&#8221; box_shadow_horizontal_button_two_tablet=&#8221;0px&#8221; box_shadow_vertical_button_two_tablet=&#8221;0px&#8221; box_shadow_blur_button_two_tablet=&#8221;40px&#8221; box_shadow_spread_button_two_tablet=&#8221;0px&#8221; text_shadow_style=&#8221;preset1&#8243; text_shadow_horizontal_length_tablet=&#8221;0px&#8221; text_shadow_vertical_length_tablet=&#8221;0px&#8221; text_shadow_blur_strength_tablet=&#8221;1px&#8221; saved_tabs=&#8221;all&#8221; global_colors_info=&#8221;{}&#8221; button_one_text_size__hover_enabled=&#8221;off&#8221; button_one_text_size__hover=&#8221;null&#8221; button_two_text_size__hover_enabled=&#8221;off&#8221; button_two_text_size__hover=&#8221;null&#8221; button_one_text_color__hover_enabled=&#8221;off&#8221; button_one_text_color__hover=&#8221;null&#8221; button_two_text_color__hover_enabled=&#8221;off&#8221; button_two_text_color__hover=&#8221;null&#8221; button_one_border_width__hover_enabled=&#8221;off&#8221; button_one_border_width__hover=&#8221;null&#8221; button_two_border_width__hover_enabled=&#8221;off&#8221; button_two_border_width__hover=&#8221;null&#8221; button_one_border_color__hover_enabled=&#8221;off&#8221; button_one_border_color__hover=&#8221;null&#8221; button_two_border_color__hover_enabled=&#8221;off&#8221; button_two_border_color__hover=&#8221;null&#8221; button_one_border_radius__hover_enabled=&#8221;on&#8221; button_one_border_radius__hover=&#8221;100px&#8221; button_two_border_radius__hover_enabled=&#8221;on&#8221; button_two_border_radius__hover=&#8221;100px&#8221; button_one_letter_spacing__hover_enabled=&#8221;off&#8221; button_one_letter_spacing__hover=&#8221;null&#8221; button_two_letter_spacing__hover_enabled=&#8221;off&#8221; button_two_letter_spacing__hover=&#8221;null&#8221; button_one_bg_color__hover_enabled=&#8221;on&#8221; button_one_bg_color__hover=&#8221;#ff8a70&#8243; button_two_bg_color__hover_enabled=&#8221;on&#8221; button_two_bg_color__hover=&#8221;#ff8a70&#8243;][\/et_pb_fullwidth_header][\/et_pb_section][et_pb_section fb_built=&#8221;1&#8243; _builder_version=&#8221;4.16&#8243; _module_preset=&#8221;default&#8221; global_colors_info=&#8221;{}&#8221;][et_pb_row _builder_version=&#8221;4.16&#8243; _module_preset=&#8221;default&#8221; global_colors_info=&#8221;{}&#8221;][et_pb_column type=&#8221;4_4&#8243; _builder_version=&#8221;4.16&#8243; _module_preset=&#8221;default&#8221; global_colors_info=&#8221;{}&#8221;][et_pb_gallery gallery_ids=&#8221;2098,1941,2093,2102,1942,2092,1944,2100&#8243; posts_number=&#8221;8&#8243; show_title_and_caption=&#8221;off&#8221; show_pagination=&#8221;off&#8221; zoom_icon_color=&#8221;#0C71C3&#8243; hover_icon=&#8221;&#xe042;||divi||400&#8243; _builder_version=&#8221;4.16&#8243; _module_preset=&#8221;default&#8221; animation_style=&#8221;slide&#8221; border_radii_image=&#8221;on|10px|10px|10px|10px&#8221; border_width_all_image=&#8221;1px&#8221; border_color_all_image=&#8221;#000000&#8243; box_shadow_style_image=&#8221;preset1&#8243; global_colors_info=&#8221;{}&#8221;][\/et_pb_gallery][\/et_pb_column][\/et_pb_row][et_pb_row _builder_version=&#8221;4.16&#8243; _module_preset=&#8221;default&#8221; global_colors_info=&#8221;{}&#8221;][et_pb_column type=&#8221;4_4&#8243; _builder_version=&#8221;4.16&#8243; _module_preset=&#8221;default&#8221; global_colors_info=&#8221;{}&#8221;][et_pb_text _builder_version=&#8221;4.24.2&#8243; _module_preset=&#8221;default&#8221; text_orientation=&#8221;justified&#8221; hover_enabled=&#8221;0&#8243; global_colors_info=&#8221;{}&#8221; sticky_enabled=&#8221;0&#8243;]<\/p>\n<p align=\"LEFT\"><span style=\"font-size: 18pt\"><strong>El manicomio, Capuchinos y &#8220;El Caleta&#8221;. Breve historia del solar que ocupa el I.E.S. La Caleta<\/strong><\/span><\/p>\n<p align=\"LEFT\"><span style=\"font-size: 12pt\"><strong>AUTOR: Juan Rubio Fern\u00e1ndez, conserje del IES La Caleta 1996-2023<\/strong><\/span><\/p>\n<p align=\"LEFT\">&nbsp;<\/p>\n<p align=\"LEFT\">La mayor\u00eda de la juventud gaditana y m\u00e1s concretamente, el alumnado de nuestro Instituto, no sabe qu\u00e9 hubo en el sitio de nuestro centro anteriormente. Los mayores ya de cierta edad s\u00ed hemos podido conocer lo que existi\u00f3 hace ya bastantes a\u00f1os.<\/p>\n<p align=\"LEFT\">Actualmente todos conocen el edificio, bien como \u201cEl Caleta\u201d o como \u201cCapuchinos\u201d, pero si preguntan a alguien de edad avanzada por el sitio, es posible que diga \u201cEl Manicomio\u201d. Pues bien, en efecto, llevar\u00e1 raz\u00f3n, puesto que en el solar que ocupa el centro educativo existi\u00f3 un \u201cmanicomio\u201d ( ahora se denomina residencia psiqui\u00e1trica, hospital psiqui\u00e1trico, etc). Vamos, pues, a hacer un breve resumen de la historia del citado \u201cmanicomio\u201d.<\/p>\n<p align=\"LEFT\">En 1852 se instala el <em>Manicomio de Santa Catalina<\/em> en parte del antiguo Convento de Capuchinos (de ah\u00ed su denominaci\u00f3n popular de \u201cCapuchinos\u201d).<\/p>\n<p align=\"LEFT\">En 1888 dan inicio las obras para modernizar y adecuar a los tiempos el manicomio respondiendo a las exigencias m\u00e9dicas del momento. Un a\u00f1o m\u00e1s tarde, en 1889, se concluyen las obras y se equipa dicho centro con personal y material.<\/p>\n<p align=\"LEFT\">En la d\u00e9cada de 1960, el manicomio pasa a llamarse &#8220;<em>Residencia Psiqui\u00e1trica Provincial Nuestra Se\u00f1ora de la Paz&#8221;<\/em>.<\/p>\n<p align=\"LEFT\">En 1968, con motivo de la celebraci\u00f3n de la festividad de la citada Virgen, se organiza un festival taurino con becerras de \u00c1lvaro Domecq. Despu\u00e9s hubo una comida extraordinaria para los enfermos y actuaciones de los Coros y Danzas de la Secci\u00f3n Femenina y el coro de carnaval \u201cLos Majos\u201d. En ese a\u00f1o se acuerda el derribo de dos parcelas en desuso del manicomio para dedicarlas a la construcci\u00f3n de viviendas.<\/p>\n<p align=\"LEFT\">En 1969 comienza el traslado de los enfermos al nuevo hospital psiqui\u00e1trico de El Puerto de Santa Mar\u00eda <em>\u201c El Madrugador\u201d<\/em> y en agosto del mismo a\u00f1o comienzan las obras de 70 viviendas que actualmente existen entre las calles Doctores Melendez y profesor Alcina Quesada.<\/p>\n<p align=\"LEFT\">Tambi\u00e9n en ese a\u00f1o se acuerda el derribo ya del resto del psiqui\u00e1trico y en 1974, en los terrenos que ocupaba la explanada exterior y el edificio principal que daba a la misma, se construye un colegio que pasar\u00eda a denominarse \u201cPintor Bartolom\u00e9 Esteban Murillo\u201d, haciendo menci\u00f3n al artista sevillano del siglo de oro espa\u00f1ol que pint\u00f3 varios cuadros del altar mayor de la antigua y tambi\u00e9n desaparecida, iglesia ( de las dos que exist\u00edan) del Convento de Capuchinos, perdiendo la vida tras una fatal ca\u00edda de un andamio donde pintaba.<\/p>\n<p align=\"LEFT\">Del \u201cManicomio\u201d se conservan multitud de historias y an\u00e9cdotas de personal y enfermos que muchos mayores a\u00fan recuerdan y en el actual Instituto \u201cLa Caleta\u201d algo de esa \u201clocura\u201d a\u00fan se respira&#8230; pero \u201clocura\u201d de ense\u00f1ar y saber con gaditana alegr\u00eda (si no sopla muy fuerte \u201cel levante\u201d).<\/p>\n<p>[\/et_pb_text][et_pb_divider _builder_version=&#8221;4.16&#8243; _module_preset=&#8221;default&#8221; global_colors_info=&#8221;{}&#8221;][\/et_pb_divider][et_pb_text _builder_version=&#8221;4.16&#8243; _module_preset=&#8221;default&#8221; text_orientation=&#8221;justified&#8221; global_colors_info=&#8221;{}&#8221;]<\/p>\n<p align=\"LEFT\"><span style=\"font-size: 12pt\"><b>Hay una notable colecci\u00f3n de im\u00e1genes del antiguo manicomio en el siguiente enlace: <\/b><a href=\"http:\/\/www.psiquifotos.com\/2010\/02\/123-el-hospital-psiquiatrico-de-cadiz.html\">123. El hospital psiqui\u00e1trico de C\u00e1diz.<\/a><\/span><\/p>\n<p>[\/et_pb_text][\/et_pb_column][\/et_pb_row][\/et_pb_section]<\/p>\n","protected":false},"excerpt":{"rendered":"<p>El manicomio, Capuchinos y &#8220;El Caleta&#8221;. Breve historia del solar que ocupa el I.E.S. La Caleta AUTOR: Juan Rubio Fern\u00e1ndez, conserje del IES La Caleta 1996-2023 &nbsp; La mayor\u00eda de la juventud gaditana y m\u00e1s concretamente, el alumnado de nuestro Instituto, no sabe qu\u00e9 hubo en el sitio de nuestro centro anteriormente. Los mayores ya [&hellip;]<\/p>\n","protected":false},"author":15488,"featured_media":0,"parent":0,"menu_order":0,"comment_status":"closed","ping_status":"closed","template":"","meta":{"_et_pb_use_builder":"on","_et_pb_old_content":"","_et_gb_content_width":"","ngg_post_thumbnail":0,"footnotes":""},"aioseo_notices":[],"_links":{"self":[{"href":"https:\/\/blogsaverroes.juntadeandalucia.es\/ieslacaleta\/wp-json\/wp\/v2\/pages\/1958"}],"collection":[{"href":"https:\/\/blogsaverroes.juntadeandalucia.es\/ieslacaleta\/wp-json\/wp\/v2\/pages"}],"about":[{"href":"https:\/\/blogsaverroes.juntadeandalucia.es\/ieslacaleta\/wp-json\/wp\/v2\/types\/page"}],"author":[{"embeddable":true,"href":"https:\/\/blogsaverroes.juntadeandalucia.es\/ieslacaleta\/wp-json\/wp\/v2\/users\/15488"}],"replies":[{"embeddable":true,"href":"https:\/\/blogsaverroes.juntadeandalucia.es\/ieslacaleta\/wp-json\/wp\/v2\/comments?post=1958"}],"version-history":[{"count":41,"href":"https:\/\/blogsaverroes.juntadeandalucia.es\/ieslacaleta\/wp-json\/wp\/v2\/pages\/1958\/revisions"}],"predecessor-version":[{"id":3227,"href":"https:\/\/blogsaverroes.juntadeandalucia.es\/ieslacaleta\/wp-json\/wp\/v2\/pages\/1958\/revisions\/3227"}],"wp:attachment":[{"href":"https:\/\/blogsaverroes.juntadeandalucia.es\/ieslacaleta\/wp-json\/wp\/v2\/media?parent=1958"}],"curies":[{"name":"wp","href":"https:\/\/api.w.org\/{rel}","templated":true}]}}