{"id":3347,"date":"2025-07-01T11:24:09","date_gmt":"2025-07-01T10:24:09","guid":{"rendered":"https:\/\/blogsaverroes.juntadeandalucia.es\/ieslacaleta\/?page_id=3347"},"modified":"2025-07-01T11:24:13","modified_gmt":"2025-07-01T10:24:13","slug":"proa-transformate","status":"publish","type":"page","link":"https:\/\/blogsaverroes.juntadeandalucia.es\/ieslacaleta\/proa-transformate\/","title":{"rendered":"PROA + TRANSF\u00d3RMATE"},"content":{"rendered":"<p>[et_pb_section fb_built=&#8221;1&#8243; fullwidth=&#8221;on&#8221; admin_label=&#8221;Hero&#8221; _builder_version=&#8221;4.16&#8243; background_color=&#8221;RGBA(255,255,255,0)&#8221; parallax=&#8221;on&#8221; top_divider_color=&#8221;rgba(255,255,255,0.06)&#8221; top_divider_height=&#8221;30%&#8221; z_index_tablet=&#8221;500&#8243; box_shadow_horizontal_tablet=&#8221;0px&#8221; box_shadow_vertical_tablet=&#8221;0px&#8221; box_shadow_blur_tablet=&#8221;40px&#8221; box_shadow_spread_tablet=&#8221;0px&#8221; global_colors_info=&#8221;{}&#8221;][et_pb_fullwidth_header title=&#8221;@ET-DC@eyJkeW5hbWljIjp0cnVlLCJjb250ZW50IjoiY3VycmVudF9kYXRlIiwic2V0dGluZ3MiOnsiYmVmb3JlIjoiIiwiYWZ0ZXIiOiIiLCJkYXRlX2Zvcm1hdCI6ImRlZmF1bHQiLCJjdXN0b21fZGF0ZV9mb3JtYXQiOiJkIC8gbSAvIFkiLCJlbmFibGVfaHRtbCI6Im9mZiJ9fQ==@&#8221; subhead=&#8221;IES La Caleta&#8221; image_orientation=&#8221;bottom&#8221; title_tablet=&#8221;Blog IES La Caleta | C\u00e1diz&#8221; title_phone=&#8221;Blog IES La Caleta | C\u00e1diz&#8221; title_last_edited=&#8221;on|desktop&#8221; admin_label=&#8221;Cabecera de la web. Imagen, nombre del centro y ciudad&#8221; _builder_version=&#8221;4.16&#8243; _dynamic_attributes=&#8221;title&#8221; title_level=&#8221;h5&#8243; title_font=&#8221;|700|||||||&#8221; title_text_color=&#8221;#FFFFFF&#8221; title_font_size=&#8221;16px&#8221; title_letter_spacing=&#8221;5px&#8221; title_line_height=&#8221;1.4em&#8221; content_font=&#8221;Open Sans||||||||&#8221; content_font_size=&#8221;18px&#8221; content_line_height=&#8221;2em&#8221; subhead_font=&#8221;|700|||||||&#8221; subhead_font_size=&#8221;50px&#8221; subhead_line_height=&#8221;1.4em&#8221; background_image=&#8221;https:\/\/blogsaverroes.juntadeandalucia.es\/ieslacaleta\/files\/2023\/01\/SILUETAIESv2.png&#8221; background_size=&#8221;contain&#8221; background_position=&#8221;bottom_center&#8221; background_repeat=&#8221;repeat-x&#8221; custom_button_one=&#8221;on&#8221; button_one_text_size=&#8221;16px&#8221; button_one_text_color=&#8221;#ffffff&#8221; button_one_bg_color=&#8221;#ff7355&#8243; button_one_border_width=&#8221;15px&#8221; button_one_border_color=&#8221;rgba(210,159,104,0)&#8221; button_one_border_radius=&#8221;100px&#8221; button_one_font=&#8221;Open Sans|700|||||||&#8221; button_one_use_icon=&#8221;off&#8221; custom_button_two=&#8221;on&#8221; button_two_text_size=&#8221;16px&#8221; button_two_text_color=&#8221;#ffffff&#8221; button_two_bg_color=&#8221;rgba(0,0,0,0.6)&#8221; button_two_border_width=&#8221;15px&#8221; button_two_border_color=&#8221;rgba(210,159,104,0)&#8221; button_two_border_radius=&#8221;100px&#8221; button_two_font=&#8221;Open Sans|700|||||||&#8221; button_two_use_icon=&#8221;off&#8221; max_height=&#8221;320px&#8221; max_height_tablet=&#8221;200px&#8221; max_height_phone=&#8221;&#8221; max_height_last_edited=&#8221;on|phone&#8221; custom_margin=&#8221;|||&#8221; custom_padding=&#8221;0vw||19vw|&#8221; animation_style=&#8221;zoom&#8221; animation_direction=&#8221;bottom&#8221; animation_duration=&#8221;2000ms&#8221; animation_intensity_zoom=&#8221;20%&#8221; content_font_size_tablet=&#8221;&#8221; content_font_size_phone=&#8221;16px&#8221; content_font_size_last_edited=&#8221;on|phone&#8221; subhead_font_size_tablet=&#8221;&#8221; subhead_font_size_phone=&#8221;30px&#8221; subhead_font_size_last_edited=&#8221;on|phone&#8221; z_index_tablet=&#8221;500&#8243; title_text_shadow_style=&#8221;preset4&#8243; title_text_shadow_color=&#8221;#000000&#8243; title_text_shadow_horizontal_length_tablet=&#8221;0px&#8221; title_text_shadow_vertical_length_tablet=&#8221;0px&#8221; title_text_shadow_blur_strength_tablet=&#8221;1px&#8221; content_text_shadow_horizontal_length_tablet=&#8221;0px&#8221; content_text_shadow_vertical_length_tablet=&#8221;0px&#8221; content_text_shadow_blur_strength_tablet=&#8221;1px&#8221; subhead_text_shadow_style=&#8221;preset4&#8243; subhead_text_shadow_horizontal_length_tablet=&#8221;0px&#8221; subhead_text_shadow_vertical_length_tablet=&#8221;0px&#8221; subhead_text_shadow_blur_strength_tablet=&#8221;1px&#8221; content_link_text_shadow_horizontal_length_tablet=&#8221;0px&#8221; content_link_text_shadow_vertical_length_tablet=&#8221;0px&#8221; content_link_text_shadow_blur_strength_tablet=&#8221;1px&#8221; content_ul_text_shadow_horizontal_length_tablet=&#8221;0px&#8221; content_ul_text_shadow_vertical_length_tablet=&#8221;0px&#8221; content_ul_text_shadow_blur_strength_tablet=&#8221;1px&#8221; content_ol_text_shadow_horizontal_length_tablet=&#8221;0px&#8221; content_ol_text_shadow_vertical_length_tablet=&#8221;0px&#8221; content_ol_text_shadow_blur_strength_tablet=&#8221;1px&#8221; content_quote_text_shadow_horizontal_length_tablet=&#8221;0px&#8221; content_quote_text_shadow_vertical_length_tablet=&#8221;0px&#8221; content_quote_text_shadow_blur_strength_tablet=&#8221;1px&#8221; border_color_all=&#8221;#000000&#8243; border_radii_image=&#8221;off||||&#8221; button_one_text_shadow_horizontal_length_tablet=&#8221;0px&#8221; button_one_text_shadow_vertical_length_tablet=&#8221;0px&#8221; button_one_text_shadow_blur_strength_tablet=&#8221;1px&#8221; button_two_text_shadow_horizontal_length_tablet=&#8221;0px&#8221; button_two_text_shadow_vertical_length_tablet=&#8221;0px&#8221; button_two_text_shadow_blur_strength_tablet=&#8221;1px&#8221; box_shadow_horizontal_image_tablet=&#8221;0px&#8221; box_shadow_vertical_image_tablet=&#8221;0px&#8221; box_shadow_blur_image_tablet=&#8221;40px&#8221; box_shadow_spread_image_tablet=&#8221;0px&#8221; box_shadow_horizontal_button_one_tablet=&#8221;0px&#8221; box_shadow_vertical_button_one_tablet=&#8221;0px&#8221; box_shadow_blur_button_one_tablet=&#8221;40px&#8221; box_shadow_spread_button_one_tablet=&#8221;0px&#8221; box_shadow_horizontal_button_two_tablet=&#8221;0px&#8221; box_shadow_vertical_button_two_tablet=&#8221;0px&#8221; box_shadow_blur_button_two_tablet=&#8221;40px&#8221; box_shadow_spread_button_two_tablet=&#8221;0px&#8221; text_shadow_style=&#8221;preset1&#8243; text_shadow_horizontal_length_tablet=&#8221;0px&#8221; text_shadow_vertical_length_tablet=&#8221;0px&#8221; text_shadow_blur_strength_tablet=&#8221;1px&#8221; saved_tabs=&#8221;all&#8221; global_colors_info=&#8221;{}&#8221; button_one_text_size__hover_enabled=&#8221;off&#8221; button_one_text_size__hover=&#8221;null&#8221; button_two_text_size__hover_enabled=&#8221;off&#8221; button_two_text_size__hover=&#8221;null&#8221; button_one_text_color__hover_enabled=&#8221;off&#8221; button_one_text_color__hover=&#8221;null&#8221; button_two_text_color__hover_enabled=&#8221;off&#8221; button_two_text_color__hover=&#8221;null&#8221; button_one_border_width__hover_enabled=&#8221;off&#8221; button_one_border_width__hover=&#8221;null&#8221; button_two_border_width__hover_enabled=&#8221;off&#8221; button_two_border_width__hover=&#8221;null&#8221; button_one_border_color__hover_enabled=&#8221;off&#8221; button_one_border_color__hover=&#8221;null&#8221; button_two_border_color__hover_enabled=&#8221;off&#8221; button_two_border_color__hover=&#8221;null&#8221; button_one_border_radius__hover_enabled=&#8221;on&#8221; button_one_border_radius__hover=&#8221;100px&#8221; button_two_border_radius__hover_enabled=&#8221;on&#8221; button_two_border_radius__hover=&#8221;100px&#8221; button_one_letter_spacing__hover_enabled=&#8221;off&#8221; button_one_letter_spacing__hover=&#8221;null&#8221; button_two_letter_spacing__hover_enabled=&#8221;off&#8221; button_two_letter_spacing__hover=&#8221;null&#8221; button_one_bg_color__hover_enabled=&#8221;on&#8221; button_one_bg_color__hover=&#8221;#ff8a70&#8243; button_two_bg_color__hover_enabled=&#8221;on&#8221; button_two_bg_color__hover=&#8221;#ff8a70&#8243;][\/et_pb_fullwidth_header][\/et_pb_section][et_pb_section fb_built=&#8221;1&#8243; _builder_version=&#8221;4.16&#8243; custom_padding=&#8221;0px||0px|&#8221; z_index_tablet=&#8221;500&#8243; box_shadow_horizontal_tablet=&#8221;0px&#8221; box_shadow_vertical_tablet=&#8221;0px&#8221; box_shadow_blur_tablet=&#8221;40px&#8221; box_shadow_spread_tablet=&#8221;0px&#8221; global_colors_info=&#8221;{}&#8221;][et_pb_row disabled_on=&#8221;off|off|off&#8221; _builder_version=&#8221;4.16&#8243; background_size=&#8221;initial&#8221; background_position=&#8221;top_left&#8221; background_repeat=&#8221;repeat&#8221; global_colors_info=&#8221;{}&#8221;][et_pb_column type=&#8221;4_4&#8243; _builder_version=&#8221;4.16&#8243; custom_padding=&#8221;|||&#8221; global_colors_info=&#8221;{}&#8221; custom_padding__hover=&#8221;|||&#8221;][et_pb_text _builder_version=&#8221;4.24.2&#8243; _module_preset=&#8221;default&#8221; animation_style=&#8221;slide&#8221; animation_direction=&#8221;left&#8221; animation_duration=&#8221;2000ms&#8221; text_text_shadow_style=&#8221;preset3&#8243; text_text_shadow_blur_strength=&#8221;0.2em&#8221; global_colors_info=&#8221;{}&#8221;]&nbsp;<\/p>\n<p><span style=\"font-size: 24px\"><b>PROA + TRANSF\u00d3RMATE<\/b><\/span><br \/>\n[\/et_pb_text][et_pb_divider divider_weight=&#8221;2px&#8221; disabled_on=&#8221;off|off|off&#8221; _builder_version=&#8221;4.16&#8243; _module_preset=&#8221;default&#8221; animation_style=&#8221;slide&#8221; animation_direction=&#8221;left&#8221; animation_duration=&#8221;2000ms&#8221; animation_delay=&#8221;300ms&#8221; global_colors_info=&#8221;{}&#8221;][\/et_pb_divider][et_pb_gallery gallery_ids=&#8221;2511,2510,2509,2508,2507,2506,2505,2504&#8243; show_title_and_caption=&#8221;off&#8221; disabled_on=&#8221;on|on|on&#8221; _builder_version=&#8221;4.16&#8243; _module_preset=&#8221;default&#8221; text_orientation=&#8221;center&#8221; border_radii_image=&#8221;on|10px|10px|10px|10px&#8221; border_width_all_image=&#8221;1px&#8221; border_color_all_image=&#8221;#000000&#8243; box_shadow_style_image=&#8221;preset1&#8243; text_shadow_style=&#8221;preset3&#8243; disabled=&#8221;on&#8221; global_colors_info=&#8221;{}&#8221;][\/et_pb_gallery][\/et_pb_column][\/et_pb_row][et_pb_row column_structure=&#8221;2_5,3_5&#8243; _builder_version=&#8221;4.16&#8243; _module_preset=&#8221;default&#8221; global_colors_info=&#8221;{}&#8221;][et_pb_column type=&#8221;2_5&#8243; _builder_version=&#8221;4.16&#8243; _module_preset=&#8221;default&#8221; global_colors_info=&#8221;{}&#8221;][et_pb_image src=&#8221;https:\/\/blogsaverroes.juntadeandalucia.es\/ieslacaleta\/files\/2023\/03\/Steam-Materiales.png&#8221; title_text=&#8221;Steam-Materiales&#8221; disabled_on=&#8221;on|on|on&#8221; _builder_version=&#8221;4.16&#8243; _module_preset=&#8221;default&#8221; animation_style=&#8221;slide&#8221; animation_direction=&#8221;bottom&#8221; animation_duration=&#8221;1600ms&#8221; animation_delay=&#8221;700ms&#8221; disabled=&#8221;on&#8221; global_colors_info=&#8221;{}&#8221;][\/et_pb_image][et_pb_video src=&#8221;https:\/\/www.youtube.com\/watch?v=K3yxgVzqRHc&#8221; disabled_on=&#8221;on|on|on&#8221; _builder_version=&#8221;4.16&#8243; _module_preset=&#8221;default&#8221; disabled=&#8221;on&#8221; global_colors_info=&#8221;{}&#8221;][\/et_pb_video][et_pb_gallery gallery_ids=&#8221;2511,2510,2515,2505,2508,2509,2507,2506,2504,2677,2513,2503&#8243; show_title_and_caption=&#8221;off&#8221; disabled_on=&#8221;on|on|on&#8221; _builder_version=&#8221;4.16&#8243; _module_preset=&#8221;default&#8221; text_orientation=&#8221;center&#8221; animation_style=&#8221;fold&#8221; animation_duration=&#8221;2000ms&#8221; animation_delay=&#8221;1000ms&#8221; hover_transition_duration=&#8221;2000ms&#8221; border_radii_image=&#8221;on|10px|10px|10px|10px&#8221; border_width_all_image=&#8221;1px&#8221; border_color_all_image=&#8221;#000000&#8243; box_shadow_style_image=&#8221;preset1&#8243; text_shadow_style=&#8221;preset3&#8243; disabled=&#8221;on&#8221; global_colors_info=&#8221;{}&#8221; admin_label=&#8221;Galer\u00eda&#8221;][\/et_pb_gallery][et_pb_image src=&#8221;https:\/\/blogsaverroes.juntadeandalucia.es\/ieslacaleta\/files\/2025\/02\/LOGO_PROA.png&#8221; title_text=&#8221;LOGO_PROA+&#8221; _builder_version=&#8221;4.24.2&#8243; _module_preset=&#8221;default&#8221; animation_style=&#8221;slide&#8221; animation_direction=&#8221;bottom&#8221; animation_duration=&#8221;1600ms&#8221; hover_enabled=&#8221;0&#8243; global_colors_info=&#8221;{}&#8221; sticky_enabled=&#8221;0&#8243;][\/et_pb_image][\/et_pb_column][et_pb_column type=&#8221;3_5&#8243; _builder_version=&#8221;4.16&#8243; _module_preset=&#8221;default&#8221; global_colors_info=&#8221;{}&#8221;][et_pb_text disabled_on=&#8221;on|on|on&#8221; _builder_version=&#8221;4.16&#8243; _module_preset=&#8221;default&#8221; animation_style=&#8221;slide&#8221; animation_direction=&#8221;left&#8221; animation_duration=&#8221;2000ms&#8221; disabled=&#8221;on&#8221; global_colors_info=&#8221;{}&#8221;]<\/p>\n<table style=\"width: 60.6925%;border-collapse: collapse;border-style: hidden\">\n<tbody>\n<tr>\n<td style=\"width: 14.5231%;border-style: hidden\"><span style=\"font-size: 14pt\"><a href=\"https:\/\/www.instagram.com\/steam_robotica_ieslacaleta\/\"><img loading=\"lazy\" decoding=\"async\" class=\"aligncenter wp-image-1107\" src=\"https:\/\/blogsaverroes.juntadeandalucia.es\/ieslacaleta\/files\/2022\/10\/instagram-64.png\" alt=\"\" width=\"32\" height=\"32\"><\/a><\/span><\/td>\n<td style=\"width: 23.5881%;border-style: hidden;vertical-align: middle\"><a href=\"https:\/\/www.instagram.com\/steam_robotica_ieslacaleta\/\"><span style=\"font-size: 14pt\">STEAM Rob\u00f3tica<\/span><\/a><\/td>\n<\/tr>\n<tr>\n<td style=\"width: 14.5231%;border-style: hidden\"><span style=\"font-size: 14pt\"><a href=\"https:\/\/www.instagram.com\/steam_aeroespacial_ieslacaleta\/\"><img loading=\"lazy\" decoding=\"async\" class=\"aligncenter wp-image-1107\" src=\"https:\/\/blogsaverroes.juntadeandalucia.es\/ieslacaleta\/files\/2022\/10\/instagram-64.png\" alt=\"\" width=\"32\" height=\"32\"><\/a><\/span><\/td>\n<td style=\"width: 23.5881%;border-style: hidden;text-align: left;vertical-align: middle\"><a href=\"https:\/\/www.instagram.com\/steam_aeroespacial_ieslacaleta\/\"><span style=\"font-size: 14pt\">STEAM Aeroespacial<\/span><\/a><\/td>\n<\/tr>\n<\/tbody>\n<\/table>\n<p>&nbsp;<\/p>\n<p>&nbsp;<br \/>\n[\/et_pb_text][et_pb_text admin_label=&#8221;Texto descriptivo&#8221; _builder_version=&#8221;4.24.2&#8243; animation_style=&#8221;slide&#8221; animation_direction=&#8221;bottom&#8221; animation_duration=&#8221;1600ms&#8221; animation_delay=&#8221;600ms&#8221; hover_enabled=&#8221;0&#8243; z_index_tablet=&#8221;500&#8243; text_text_shadow_horizontal_length_tablet=&#8221;0px&#8221; text_text_shadow_vertical_length_tablet=&#8221;0px&#8221; text_text_shadow_blur_strength_tablet=&#8221;1px&#8221; link_text_shadow_horizontal_length_tablet=&#8221;0px&#8221; link_text_shadow_vertical_length_tablet=&#8221;0px&#8221; link_text_shadow_blur_strength_tablet=&#8221;1px&#8221; ul_text_shadow_horizontal_length_tablet=&#8221;0px&#8221; ul_text_shadow_vertical_length_tablet=&#8221;0px&#8221; ul_text_shadow_blur_strength_tablet=&#8221;1px&#8221; ol_text_shadow_horizontal_length_tablet=&#8221;0px&#8221; ol_text_shadow_vertical_length_tablet=&#8221;0px&#8221; ol_text_shadow_blur_strength_tablet=&#8221;1px&#8221; quote_text_shadow_horizontal_length_tablet=&#8221;0px&#8221; quote_text_shadow_vertical_length_tablet=&#8221;0px&#8221; quote_text_shadow_blur_strength_tablet=&#8221;1px&#8221; header_text_shadow_horizontal_length_tablet=&#8221;0px&#8221; header_text_shadow_vertical_length_tablet=&#8221;0px&#8221; header_text_shadow_blur_strength_tablet=&#8221;1px&#8221; header_2_text_shadow_horizontal_length_tablet=&#8221;0px&#8221; header_2_text_shadow_vertical_length_tablet=&#8221;0px&#8221; header_2_text_shadow_blur_strength_tablet=&#8221;1px&#8221; header_3_text_shadow_horizontal_length_tablet=&#8221;0px&#8221; header_3_text_shadow_vertical_length_tablet=&#8221;0px&#8221; header_3_text_shadow_blur_strength_tablet=&#8221;1px&#8221; header_4_text_shadow_horizontal_length_tablet=&#8221;0px&#8221; header_4_text_shadow_vertical_length_tablet=&#8221;0px&#8221; header_4_text_shadow_blur_strength_tablet=&#8221;1px&#8221; header_5_text_shadow_horizontal_length_tablet=&#8221;0px&#8221; header_5_text_shadow_vertical_length_tablet=&#8221;0px&#8221; header_5_text_shadow_blur_strength_tablet=&#8221;1px&#8221; header_6_text_shadow_horizontal_length_tablet=&#8221;0px&#8221; header_6_text_shadow_vertical_length_tablet=&#8221;0px&#8221; header_6_text_shadow_blur_strength_tablet=&#8221;1px&#8221; box_shadow_horizontal_tablet=&#8221;0px&#8221; box_shadow_vertical_tablet=&#8221;0px&#8221; box_shadow_blur_tablet=&#8221;40px&#8221; box_shadow_spread_tablet=&#8221;0px&#8221; global_colors_info=&#8221;{}&#8221; sticky_enabled=&#8221;0&#8243;]<\/p>\n<p style=\"text-align: left\">El Programa para la orientaci\u00f3n, avance y enriquecimiento educativo PROA+ &#8220;Transf\u00f3rmate&#8221; se presenta como mecanismo de ayuda financiera, fortalecimiento institucional y formativo a los centros. Tiene como objetivo mejorar los \u00edndices de \u00e9xito escolar y garantizar la permanencia del alumnado en aquellos centros p\u00fablicos de Educaci\u00f3n Primaria y Educaci\u00f3n Secundaria en los que se concentre un porcentaje elevado de j\u00f3venes en clara situaci\u00f3n de vulnerabilidad socioeducativa.<\/p>\n<p style=\"text-align: left\">El Programa est\u00e1 dirigido a los centros docentes p\u00fablicos dependientes de la Consejer\u00eda de Educaci\u00f3n y Deporte que tengan un porcentaje m\u00ednimo del 30% de alumnado vulnerable, se encuentren en zonas ERACIS o tengan Planes de compensaci\u00f3n educativa y que impartan ense\u00f1anzas de segundo ciclo de Educaci\u00f3n Infantil, Educaci\u00f3n Primaria, Educaci\u00f3n Secundaria Obligatoria (incluyendo Formaci\u00f3n Profesional B\u00e1sica) y ense\u00f1anzas Postobligatorias de Bachillerato y\/o Ciclos Formativos de Grado Medio.<\/p>\n<p style=\"text-align: left\">El destinatario \u00faltimo es el alumnado de segundo ciclo de Educaci\u00f3n Infantil, Educaci\u00f3n Primaria, Educaci\u00f3n Secundaria Obligatoria (incluyendo Formaci\u00f3n Profesional B\u00e1sica) y ense\u00f1anzas Postobligatorias de Bachillerato y\/o Ciclos Formativos de Grado Medio, con especial atenci\u00f3n al alumnado vulnerable por causas socioeducativas.<\/p>\n<p style=\"text-align: left\">Este programa ha sido financiado por el Ministerio de Educaci\u00f3n y Formaci\u00f3n Profesional y el Mecanismo de Recuperaci\u00f3n y Resiliencia, y por la Uni\u00f3n Europea en el marco de dicho Mecanismo.<\/p>\n<p style=\"text-align: right\"><strong><span style=\"font-size: 14pt\">.<\/span><\/strong><\/p>\n<p>[\/et_pb_text][\/et_pb_column][\/et_pb_row][\/et_pb_section]<\/p>\n","protected":false},"excerpt":{"rendered":"<p>&nbsp; PROA + TRANSF\u00d3RMATE STEAM Rob\u00f3tica STEAM Aeroespacial &nbsp; &nbsp; El Programa para la orientaci\u00f3n, avance y enriquecimiento educativo PROA+ &#8220;Transf\u00f3rmate&#8221; se presenta como mecanismo de ayuda financiera, fortalecimiento institucional y formativo a los centros. Tiene como objetivo mejorar los \u00edndices de \u00e9xito escolar y garantizar la permanencia del alumnado en aquellos centros p\u00fablicos de [&hellip;]<\/p>\n","protected":false},"author":15488,"featured_media":0,"parent":0,"menu_order":0,"comment_status":"closed","ping_status":"closed","template":"","meta":{"_et_pb_use_builder":"on","_et_pb_old_content":"","_et_gb_content_width":"","ngg_post_thumbnail":0,"footnotes":""},"aioseo_notices":[],"_links":{"self":[{"href":"https:\/\/blogsaverroes.juntadeandalucia.es\/ieslacaleta\/wp-json\/wp\/v2\/pages\/3347"}],"collection":[{"href":"https:\/\/blogsaverroes.juntadeandalucia.es\/ieslacaleta\/wp-json\/wp\/v2\/pages"}],"about":[{"href":"https:\/\/blogsaverroes.juntadeandalucia.es\/ieslacaleta\/wp-json\/wp\/v2\/types\/page"}],"author":[{"embeddable":true,"href":"https:\/\/blogsaverroes.juntadeandalucia.es\/ieslacaleta\/wp-json\/wp\/v2\/users\/15488"}],"replies":[{"embeddable":true,"href":"https:\/\/blogsaverroes.juntadeandalucia.es\/ieslacaleta\/wp-json\/wp\/v2\/comments?post=3347"}],"version-history":[{"count":6,"href":"https:\/\/blogsaverroes.juntadeandalucia.es\/ieslacaleta\/wp-json\/wp\/v2\/pages\/3347\/revisions"}],"predecessor-version":[{"id":3355,"href":"https:\/\/blogsaverroes.juntadeandalucia.es\/ieslacaleta\/wp-json\/wp\/v2\/pages\/3347\/revisions\/3355"}],"wp:attachment":[{"href":"https:\/\/blogsaverroes.juntadeandalucia.es\/ieslacaleta\/wp-json\/wp\/v2\/media?parent=3347"}],"curies":[{"name":"wp","href":"https:\/\/api.w.org\/{rel}","templated":true}]}}