{"id":49,"date":"2015-03-13T08:47:05","date_gmt":"2015-03-13T08:47:05","guid":{"rendered":"http:\/\/blogsaverroes.juntadeandalucia.es\/pre\/ceip\/?page_id=49"},"modified":"2024-11-02T20:51:10","modified_gmt":"2024-11-02T19:51:10","slug":"proyecto-educativo","status":"publish","type":"page","link":"https:\/\/blogsaverroes.juntadeandalucia.es\/ieslacampana\/proyecto-educativo\/","title":{"rendered":"Plan de Centro"},"content":{"rendered":"\t\t<div data-elementor-type=\"wp-page\" data-elementor-id=\"49\" class=\"elementor elementor-49\">\n\t\t\t\t\t\t<section class=\"elementor-section elementor-top-section elementor-element elementor-element-722209df elementor-section-boxed elementor-section-height-default elementor-section-height-default\" data-id=\"722209df\" data-element_type=\"section\">\n\t\t\t\t\t\t<div class=\"elementor-container elementor-column-gap-default\">\n\t\t\t\t\t<div class=\"elementor-column elementor-col-100 elementor-top-column elementor-element elementor-element-3c8644e0\" data-id=\"3c8644e0\" data-element_type=\"column\">\n\t\t\t<div class=\"elementor-widget-wrap elementor-element-populated\">\n\t\t\t\t\t\t<div class=\"elementor-element elementor-element-752b5b4 elementor-tabs-view-horizontal elementor-widget elementor-widget-tabs\" data-id=\"752b5b4\" data-element_type=\"widget\" data-widget_type=\"tabs.default\">\n\t\t\t\t<div class=\"elementor-widget-container\">\n\t\t\t\t\t\t\t<div class=\"elementor-tabs\">\n\t\t\t<div class=\"elementor-tabs-wrapper\" role=\"tablist\" >\n\t\t\t\t\t\t\t\t\t<div id=\"elementor-tab-title-1221\" class=\"elementor-tab-title elementor-tab-desktop-title\" aria-selected=\"true\" data-tab=\"1\" role=\"tab\" tabindex=\"0\" aria-controls=\"elementor-tab-content-1221\" aria-expanded=\"false\">Proyecto Educativo de Centro<\/div>\n\t\t\t\t\t\t\t\t\t<div id=\"elementor-tab-title-1222\" class=\"elementor-tab-title elementor-tab-desktop-title\" aria-selected=\"false\" data-tab=\"2\" role=\"tab\" tabindex=\"-1\" aria-controls=\"elementor-tab-content-1222\" aria-expanded=\"false\">Proyecto de Gesti\u00f3n<\/div>\n\t\t\t\t\t\t\t\t\t<div id=\"elementor-tab-title-1223\" class=\"elementor-tab-title elementor-tab-desktop-title\" aria-selected=\"false\" data-tab=\"3\" role=\"tab\" tabindex=\"-1\" aria-controls=\"elementor-tab-content-1223\" aria-expanded=\"false\">Reglamento de Organizaci\u00f3n y Funcionamiento<\/div>\n\t\t\t\t\t\t\t\t\t<div id=\"elementor-tab-title-1224\" class=\"elementor-tab-title elementor-tab-desktop-title\" aria-selected=\"false\" data-tab=\"4\" role=\"tab\" tabindex=\"-1\" aria-controls=\"elementor-tab-content-1224\" aria-expanded=\"false\">Plan de Convivencia<\/div>\n\t\t\t\t\t\t\t<\/div>\n\t\t\t<div class=\"elementor-tabs-content-wrapper\" role=\"tablist\" aria-orientation=\"vertical\">\n\t\t\t\t\t\t\t\t\t<div class=\"elementor-tab-title elementor-tab-mobile-title\" aria-selected=\"true\" data-tab=\"1\" role=\"tab\" tabindex=\"0\" aria-controls=\"elementor-tab-content-1221\" aria-expanded=\"false\">Proyecto Educativo de Centro<\/div>\n\t\t\t\t\t<div id=\"elementor-tab-content-1221\" class=\"elementor-tab-content elementor-clearfix\" data-tab=\"1\" role=\"tabpanel\" aria-labelledby=\"elementor-tab-title-1221\" tabindex=\"0\" hidden=\"false\"><p>En\u00a0nuestro Proyecto Educativo de Centro (P.E.C.) aparecen los diferentes aspectos organizativos y de funcionamiento general del centro, as\u00ed como los distintos criterios que los determinan o apoyan. Se pretende potenciar la identidad del centro y partir del contexto real y diverso de nuestro alumnado, buscando en todo momento mejorar la calidad de la educaci\u00f3n y de la ense\u00f1anza del centro en la oferta educativa de nuestro centro.<\/p><p style=\"text-align: center\"><img decoding=\"async\" class=\"aligncenter\" style=\"border-width: 0px;border-style: initial\" src=\"https:\/\/cdn.website-start.de\/s\/img\/cc\/icons\/pdf.png\" alt=\"Proyecto Educativo 2023-24\" width=\"51\" height=\"51\" \/><a href=\"https:\/\/blogsaverroes.juntadeandalucia.es\/ieslacampana\/files\/2024\/11\/Proyecto-Educativo-2024-25.pdf\">Proyecto Educativo de Centro 24-25.pdf<\/a><\/p><\/div>\n\t\t\t\t\t\t\t\t\t<div class=\"elementor-tab-title elementor-tab-mobile-title\" aria-selected=\"false\" data-tab=\"2\" role=\"tab\" tabindex=\"-1\" aria-controls=\"elementor-tab-content-1222\" aria-expanded=\"false\">Proyecto de Gesti\u00f3n<\/div>\n\t\t\t\t\t<div id=\"elementor-tab-content-1222\" class=\"elementor-tab-content elementor-clearfix\" data-tab=\"2\" role=\"tabpanel\" aria-labelledby=\"elementor-tab-title-1222\" tabindex=\"0\" hidden=\"hidden\"><p>El Proyecto de Gesti\u00f3n del\u00a0IES La campana\u00a0se define como el documento marco que desarrolla las l\u00edneas de gesti\u00f3n econ\u00f3mica de forma que, desde la autonom\u00eda que nuestro centro tiene para definir nuestro Proyecto Educativo, asignemos las dotaciones econ\u00f3micas y materiales precisas para desarrollar los objetivos del P.E.C. cada curso escolar.<\/p><p style=\"text-align: center\"><img decoding=\"async\" class=\"aligncenter\" style=\"border-width: 0px;border-style: initial;font-style: normal;font-weight: 400;font-size: 18px;font-family: Roboto, sans-serif;text-align: center\" src=\"https:\/\/cdn.website-start.de\/s\/img\/cc\/icons\/pdf.png\" alt=\"Proyecto Educativo 2023-24\" width=\"51\" height=\"51\" \/><a style=\"font-style: normal;font-weight: 400;font-size: 18px;font-family: Roboto, sans-serif;text-align: center\" href=\"https:\/\/blogsaverroes.juntadeandalucia.es\/ieslacampana\/files\/2024\/11\/PROYECTO-DE-GESTION-2024-25.pdf\">Proyecto de Gesti\u00f3n 24-25.pdf<\/a><\/p><\/div>\n\t\t\t\t\t\t\t\t\t<div class=\"elementor-tab-title elementor-tab-mobile-title\" aria-selected=\"false\" data-tab=\"3\" role=\"tab\" tabindex=\"-1\" aria-controls=\"elementor-tab-content-1223\" aria-expanded=\"false\">Reglamento de Organizaci\u00f3n y Funcionamiento<\/div>\n\t\t\t\t\t<div id=\"elementor-tab-content-1223\" class=\"elementor-tab-content elementor-clearfix\" data-tab=\"3\" role=\"tabpanel\" aria-labelledby=\"elementor-tab-title-1223\" tabindex=\"0\" hidden=\"hidden\"><p>El Reglamento de Organizaci\u00f3n y Funcionamiento juega dentro del Proyecto Educativo de Centro un papel clave, ya que regula la ordenaci\u00f3n de la pr\u00e1ctica docente, la concreci\u00f3n de los aspectos organizativos y de funcionamiento de las diferentes estructuras del Centro, los recursos humanos y materiales puestos en acci\u00f3n para conseguir los objetivos educativos, los procedimientos para fomentar la participaci\u00f3n de padres\/madres, alumnos\/alumnas y profesores\/profesoras en la vida del centro, as\u00ed como las relaciones de convivencia entre \u00e9stos y las del Centro con su entorno.<\/p><p style=\"text-align: center\"><img decoding=\"async\" class=\"aligncenter\" style=\"border-width: 0px;border-style: initial;font-style: normal;font-weight: 400;font-size: 18px;font-family: Roboto, sans-serif;text-align: center\" src=\"https:\/\/cdn.website-start.de\/s\/img\/cc\/icons\/pdf.png\" alt=\"Proyecto Educativo 2023-24\" width=\"51\" height=\"51\" \/><a style=\"font-style: normal;font-weight: 400;font-size: 18px;font-family: Roboto, sans-serif;text-align: center\" href=\"https:\/\/blogsaverroes.juntadeandalucia.es\/ieslacampana\/files\/2024\/11\/ROF-2023-24.pdf\">Reglamento de Organizaci\u00f3n y Funcionamiento 23-24.pdf<\/a><\/p><\/div>\n\t\t\t\t\t\t\t\t\t<div class=\"elementor-tab-title elementor-tab-mobile-title\" aria-selected=\"false\" data-tab=\"4\" role=\"tab\" tabindex=\"-1\" aria-controls=\"elementor-tab-content-1224\" aria-expanded=\"false\">Plan de Convivencia<\/div>\n\t\t\t\t\t<div id=\"elementor-tab-content-1224\" class=\"elementor-tab-content elementor-clearfix\" data-tab=\"4\" role=\"tabpanel\" aria-labelledby=\"elementor-tab-title-1224\" tabindex=\"0\" hidden=\"hidden\"><p>El enfoque de la convivencia en el centro tiene una visi\u00f3n constructiva y positiva, por lo que las actuaciones van encaminadas al desarrollo de comportamientos adecuados para convivir mejor y resolver conflictos, a trav\u00e9s de la participaci\u00f3n, buenos cauces de comunicaci\u00f3n y la prevenci\u00f3n de problemas de conducta.<\/p>\n<p>Nuestro Plan de Convivencia queda reflejado en el Proyecto Educativo.<\/p><\/div>\n\t\t\t\t\t\t\t<\/div>\n\t\t<\/div>\n\t\t\t\t\t\t<\/div>\n\t\t\t\t<\/div>\n\t\t\t\t\t<\/div>\n\t\t<\/div>\n\t\t\t\t\t<\/div>\n\t\t<\/section>\n\t\t\t\t<\/div>\n\t\t","protected":false},"excerpt":{"rendered":"<p>Proyecto Educativo de Centro Proyecto de Gesti\u00f3n Reglamento de Organizaci\u00f3n y Funcionamiento Plan de Convivencia Proyecto Educativo de Centro En\u00a0nuestro Proyecto Educativo de Centro (P.E.C.) aparecen los diferentes aspectos organizativos y de funcionamiento general&#46;&#46;&#46;<\/p>\n","protected":false},"author":1,"featured_media":0,"parent":0,"menu_order":0,"comment_status":"open","ping_status":"open","template":"","meta":{"ngg_post_thumbnail":0,"footnotes":"","_mc_calendar":[]},"aioseo_notices":[],"_links":{"self":[{"href":"https:\/\/blogsaverroes.juntadeandalucia.es\/ieslacampana\/wp-json\/wp\/v2\/pages\/49"}],"collection":[{"href":"https:\/\/blogsaverroes.juntadeandalucia.es\/ieslacampana\/wp-json\/wp\/v2\/pages"}],"about":[{"href":"https:\/\/blogsaverroes.juntadeandalucia.es\/ieslacampana\/wp-json\/wp\/v2\/types\/page"}],"author":[{"embeddable":true,"href":"https:\/\/blogsaverroes.juntadeandalucia.es\/ieslacampana\/wp-json\/wp\/v2\/users\/1"}],"replies":[{"embeddable":true,"href":"https:\/\/blogsaverroes.juntadeandalucia.es\/ieslacampana\/wp-json\/wp\/v2\/comments?post=49"}],"version-history":[{"count":48,"href":"https:\/\/blogsaverroes.juntadeandalucia.es\/ieslacampana\/wp-json\/wp\/v2\/pages\/49\/revisions"}],"predecessor-version":[{"id":2938,"href":"https:\/\/blogsaverroes.juntadeandalucia.es\/ieslacampana\/wp-json\/wp\/v2\/pages\/49\/revisions\/2938"}],"wp:attachment":[{"href":"https:\/\/blogsaverroes.juntadeandalucia.es\/ieslacampana\/wp-json\/wp\/v2\/media?parent=49"}],"curies":[{"name":"wp","href":"https:\/\/api.w.org\/{rel}","templated":true}]}}