{"id":11813,"date":"2025-09-28T20:51:57","date_gmt":"2025-09-28T18:51:57","guid":{"rendered":"https:\/\/blogsaverroes.juntadeandalucia.es\/ieslagranja\/?page_id=11813"},"modified":"2025-11-04T10:30:11","modified_gmt":"2025-11-04T08:30:11","slug":"formacion-certificado-profesionalidad-grado-c-representacion-de-proyectos-de-edificacion","status":"publish","type":"page","link":"https:\/\/blogsaverroes.juntadeandalucia.es\/ieslagranja\/formacion-certificado-profesionalidad-grado-c-representacion-de-proyectos-de-edificacion\/","title":{"rendered":"Formaci\u00f3n Certificado Profesionalidad Grado C: Representaci\u00f3n de proyectos de edificaci\u00f3n"},"content":{"rendered":"<div>&nbsp;<\/div>\n<div style=\"text-align: center\"><strong>CANCELADO POR FALTA DE ALUMNADO<\/strong><\/div>\n<div>&nbsp;<\/div>\n<div>&nbsp;<\/div>\n<div>&nbsp;<\/div>\n<div>Formaci\u00f3n Certificado Profesionalidad grado C<\/div>\n<div><a href=\"https:\/\/incual.educacion.gob.es\/documents\/20195\/94271\/EOC201_3+-+Q_Documento+publicado\/09360365-8422-421c-ae26-486de7bfea2f\" target=\"_blank\" rel=\"noopener\" data-saferedirecturl=\"https:\/\/www.google.com\/url?q=https:\/\/incual.educacion.gob.es\/documents\/20195\/94271\/EOC201_3%2B-%2BQ_Documento%2Bpublicado\/09360365-8422-421c-ae26-486de7bfea2f&amp;source=gmail&amp;ust=1759171294785000&amp;usg=AOvVaw219aBA9730nQxB3KYJml3V\">REPRESENTACI\u00d3N DE PROYECTOS DE EDIFICACI\u00d3N <\/a>(RD 1228\/2006 de 27, de octubre 2006).<\/div>\n<div>&nbsp;<\/div>\n<div>Duraci\u00f3n 600 horas.<\/div>\n<div>&nbsp;<\/div>\n<div>Comienzo: 10 de noviembre de 2025<\/div>\n<div>Finalizaci\u00f3n: 15 de junio de 2026<\/div>\n<div>&nbsp;<\/div>\n<div>448 horas te\u00f3rico pr\u00e1cticas en clase&nbsp;<\/div>\n<div>152 horas de pr\u00e1cticas en empresa.<\/div>\n<div>&nbsp;<\/div>\n<div>Horario: de 16:00 a 21:00 de lunes a viernes.<\/div>\n<div>&nbsp;<\/div>\n<div>Formaci\u00f3n en Prevenci\u00f3n de Riesgos Laborales: 50 horas.<\/div>\n<div>\n<div>&nbsp;<\/div>\n<div>Unidades de competencia<\/div>\n<div>UC0638_3 Realizar representaciones de construcci\u00f3n.<\/div>\n<div>UC0639_3 Realizar y supervisar desarrollos de proyectos de edificaci\u00f3n.<\/div>\n<div>UC0640_3 Representar instalaciones de edificios.<\/div>\n<div>&nbsp;<\/div>\n<div>Ocupaciones o puestos de trabajo relacionados:<\/div>\n<div>&nbsp;<\/div>\n<div>Delineantes, en general.<br \/>\nDelineante proyectista de edificaci\u00f3n.<br \/>\nDelineante de edificaci\u00f3n.<br \/>\nDelineante de instalaciones.<br \/>\nMaquetista de construcci\u00f3n.<\/p>\n<div>&nbsp;<\/div>\n<div style=\"text-align: center\"><iframe loading=\"lazy\" src=\"https:\/\/www.youtube.com\/embed\/1jQ6uy5KXqE?si=ZNPYsGO3q91Ecmei\" width=\"560\" height=\"315\" frameborder=\"0\"><\/iframe>&nbsp;<\/div>\n<div>&nbsp;<\/div>\n<div style=\"text-align: justify\">Si deseas participar en acciones formativas programadas para personas desempleadas,&nbsp;adem\u00e1s de estar en desempleo, debes ser&nbsp;<a href=\"https:\/\/saempleo.es\/ags\/citaprevia\/?origen=portal\" target=\"_blank\" rel=\"noopener\" data-saferedirecturl=\"https:\/\/www.google.com\/url?q=https:\/\/saempleo.es\/ags\/citaprevia\/?origen%3Dportal&amp;source=gmail&amp;ust=1759171294785000&amp;usg=AOvVaw1N88cl7iY4VU-jL7Wzkdcz\">demandante de empleo en el Servicio Andaluz de Empleo<\/a>&nbsp;a la fecha de presentaci\u00f3n de la solicitud y al inicio de la acci\u00f3n formativa.<\/div>\n<div style=\"text-align: justify\">&nbsp;<\/div>\n<div style=\"text-align: justify\">&nbsp;<\/div>\n<div style=\"text-align: justify\">Requisitos para la inscripci\u00f3n en esta acci\u00f3n formativa.<\/div>\n<div style=\"text-align: justify\">&nbsp;<\/div>\n<div style=\"text-align: justify\">1. Podr\u00e1n participar en las acciones formativas, las personas trabajadoras desempleadas, as\u00ed como las personas trabajadoras ocupadas, cuyo centro de trabajo est\u00e9 ubicado en Andaluc\u00eda. En ambos casos, deber\u00e1n&nbsp;ser mayores de dieciocho a\u00f1os en el momento de la presentaci\u00f3n de la solicitud.<br \/>\n2. La condici\u00f3n como persona trabajadora desempleada u ocupada vendr\u00e1 determinada por la situaci\u00f3n&nbsp;laboral en que se halle al inicio de la acci\u00f3n formativa.<br \/>\n3. Las personas destinatarias deber\u00e1n cumplir los siguientes requisitos:<br \/>\na) Estar inscritas como personas trabajadoras desempleadas en el Servicio Andaluz de Empleo o, tener un&nbsp;contrato laboral vigente en el caso de persona trabajadora ocupada.<br \/>\nb) Estar en posesi\u00f3n del n\u00famero de la Seguridad Social en el momento de presentaci\u00f3n de la solicitud.<br \/>\nc) Reunir los requisitos acad\u00e9micos de acceso establecidos en los art\u00edculos 54.4, 61 y 75 del Real Decreto&nbsp;659\/2023, de 18 de julio para la acci\u00f3n formativa a cursar.<\/div>\n<div style=\"text-align: justify\">&nbsp;<\/div>\n<div style=\"text-align: justify\">Descarga el <a href=\"https:\/\/blogsaverroes.juntadeandalucia.es\/ieslagranja\/files\/2025\/10\/Solicitud-Inscripcion-Certificado-C-1.pdf\">formulario de inscripci\u00f3n.<\/a><\/div>\n<div style=\"text-align: justify\">&nbsp;<\/div>\n<div style=\"text-align: justify\">Tambi\u00e9n te puedes solicitar la inscripci\u00f3n telem\u00e1ticamente en la Secretar\u00eda Virtual: <a href=\"https:\/\/www.juntadeandalucia.es\/educacion\/secretariavirtual\/accesoTramite\/462\/\" target=\"_blank\" rel=\"noopener\" data-saferedirecturl=\"https:\/\/www.google.com\/url?q=https:\/\/www.juntadeandalucia.es\/educacion\/secretariavirtual\/accesoTramite\/462\/&amp;source=gmail&amp;ust=1759171294785000&amp;usg=AOvVaw25zHEb3jY2bWJ1DTFkelNw\">https:\/\/www.juntadeandalucia.es\/educacion\/secretariavirtual\/accesoTramite\/462\/<\/a><\/div>\n<div style=\"text-align: justify\">&nbsp;<\/div>\n<div style=\"text-align: justify\">Plazo de inscripci\u00f3n: del 29 de septiembre al 31 de octubre de 2025.<\/div>\n<div style=\"text-align: justify\">Listados provisionales: 3 de noviembre<\/div>\n<div style=\"text-align: justify\">Listados definitivos: 6 de noviembre.&nbsp;<\/div>\n<div style=\"text-align: justify\">&nbsp;<\/div>\n<div style=\"text-align: justify\">Entrega de documentaci\u00f3n.<br \/>\nLa entrega de documentaci\u00f3n acreditativa tanto de los requisitos de acceso a la formaci\u00f3n como de la pertenencia a los colectivos prioritarios se detallan a continuaci\u00f3n:<\/div>\n<div style=\"text-align: justify\">1. Documentos para acreditar los requisitos exigidos.<br \/>\na) Demanda de Empleo del Servicio Andaluz de Empleo.<br \/>\nb) Documentaci\u00f3n justificativa de los requisitos de acceso seg\u00fan el nivel m\u00e1ximo de formaci\u00f3n:<\/div>\n<div style=\"text-align: justify\">&#8211; <strong>Nivel 3:<\/strong> Se requiere el t\u00edtulo de T\u00e9cnico o T\u00e9cnico Superior, de Bachiller o equivalente a efectos de acceso, un certificado profesional nivel 3, un certificado de competencia incluido en la oferta a realizar, o un certificado profesional de nivel 2 de la misma familia profesional. Se puede acceder tambi\u00e9n a trav\u00e9s de prueba de acceso.<\/div>\n<div style=\"text-align: justify\">&#8211; La aportaci\u00f3n del correspondiente t\u00edtulo oficial o certificado de profesionalidad;<br \/>\n&#8211; Certificados que acrediten el cumplimiento de los requisitos de las pruebas de acceso a la<br \/>\nuniversidad para mayores de 25 a\u00f1os o de 45 a\u00f1os;<br \/>\n&#8211; Certificados que acrediten haber superado con evaluaci\u00f3n positiva las pruebas de competencias&nbsp;claves necesarias o, en su caso, las pruebas de acceso al ciclo formativo de grado medio o superior.<\/div>\n<div>&nbsp;<\/div>\n<div style=\"text-align: justify\">2. Documentos para acreditar la pertenencia a un colectivo prioritario.<\/div>\n<div style=\"text-align: justify\">En los casos en los que la persona solicitante opte por uno de los colectivos prioritarios se\u00f1alados en el&nbsp;apartado sexto, deber\u00e1 aportar la documentaci\u00f3n acreditativa detallada:&nbsp;<\/div>\n<div style=\"text-align: justify\">&nbsp;<\/div>\n<div style=\"text-align: justify\">&nbsp;Tendr\u00e1n prioridad en la realizaci\u00f3n de las acciones formativas las personas trabajadoras solicitantes en situaci\u00f3n de desempleo que re\u00fanan alguna de las circunstancias que se relacionan en el cuadro siguiente. Se otorgar\u00e1 1 punto por cada colectivo incluido con un m\u00e1ximo de 5 puntos.<\/div>\n<p style=\"text-align: justify\">Las personas solicitantes deber\u00e1n acreditar la condici\u00f3n de desempleado con la presentaci\u00f3n de la&nbsp;demanda de empleo del Servicio Andaluz de Empleo.<br \/>\nLas personas solicitantes, acreditar\u00e1n la pertenencia a los colectivos prioritarios que les corresponda,&nbsp;adjuntado la documentaci\u00f3n correspondiente detallada a continuaci\u00f3n:<br \/>\nA) Mujeres:<br \/>\n&#8211; NIF\/NIE.<br \/>\nB) Personas menores de 30 a\u00f1os:<br \/>\n&#8211; NIF\/NIE.<br \/>\nC) Personas perceptoras de rentas m\u00ednimas de inserci\u00f3n social o de ingreso m\u00ednimo vital:<br \/>\n&#8211; Resoluci\u00f3n de reconocimiento correspondiente.<br \/>\nD) Personas trabajadoras en situaci\u00f3n de desempleo de larga duraci\u00f3n (m\u00ednimo 12 meses consecutivos):<br \/>\n&#8211; Informe de periodos de inscripci\u00f3n del Servicio Andaluz de Empleo.<br \/>\nE) Personas mayores de 45 a\u00f1os:<br \/>\n&#8211; NIF\/NIE.<br \/>\nF) Familia numerosa:<br \/>\n&#8211; T\u00edtulo \/ Carnet de familia numerosa.<br \/>\nG) Mujeres en situaci\u00f3n de vulnerabilidad, v\u00edctimas de violencia de g\u00e9nero (se acreditar\u00e1 con uno de los<br \/>\nsiguientes documentos):<br \/>\n&#8211; Certificaci\u00f3n o informe de los servicios sociales y\/o sanitarios de la Administraci\u00f3n P\u00fablica<br \/>\ncompetente.<br \/>\n&#8211; Certificaci\u00f3n o informe de los servicios de atenci\u00f3n a v\u00edctimas de violencia de g\u00e9nero de la<br \/>\nAdministraci\u00f3n P\u00fablica competente.<br \/>\n&#8211; Certificaci\u00f3n o informe de los servicios de acogida de la Administraci\u00f3n P\u00fablica competente.<br \/>\n&#8211; Informe de la Inspecci\u00f3n de Trabajo y de la Seguridad Social, en los casos de acoso sexual y por&nbsp;raz\u00f3n de sexo en el \u00e1mbito laboral.<br \/>\n&#8211; Resoluciones judiciales por violencia de g\u00e9nero: documento acreditativo de la orden de protecci\u00f3n,&nbsp;medidas cautelares o sentencia condenatoria por violencia de g\u00e9nero.<br \/>\n&#8211; Informe del Ministerio Fiscal de cuyo contenido se desprenda que existen indicios de violencia de&nbsp;g\u00e9nero.<br \/>\n&#8211; Atestado de la autoridad policial que acredite la existencia de indicios razonables sobre la<br \/>\ncondici\u00f3n de v\u00edctima de violencia de g\u00e9nero.<\/p>\n<\/div>\n<div style=\"text-align: justify\">&#8211; Cualquier otro que venga establecido por norma de rango legal.<br \/>\nH) Personas con discapacidad reconocida igual o superior al 33%:<br \/>\n&#8211; Certificaci\u00f3n emitida por el \u00f3rgano competente de la Junta de Andaluc\u00eda u otras Administraciones<br \/>\nP\u00fablicas competentes.<br \/>\nI) Emigrantes andaluces retornados:<br \/>\n&#8211; Certificado de emigrante retornado emitido por la Delegaci\u00f3n\/Subdelegaci\u00f3n del Gobierno de la&nbsp;provincia de residencia<br \/>\nJ) Personas que habiendo obtenido la acreditaci\u00f3n de una o varias unidades o est\u00e1ndares de competencia<br \/>\nen un proceso de reconocimiento de las competencias profesionales adquiridas por experiencia laboral u<br \/>\notras v\u00edas no formales e informales no hayan completado la cualificaci\u00f3n de los m\u00f3dulos formativos o<br \/>\nprofesionales que necesiten para completarla:<br \/>\n&#8211; Certificado de las unidades de competencias acreditadas emitido por la Consejer\u00eda competente en<br \/>\nmateria educativa.<br \/>\nK) Personas en posesi\u00f3n de un Certificado Profesional cuya cualificaci\u00f3n est\u00e1 completamente incluida en<br \/>\nun t\u00edtulo y quiera cursa otro Certificado Profesional cuya cualificaci\u00f3n est\u00e9 completamente incluida en el<br \/>\nmismo t\u00edtulo:<br \/>\n&#8211; Certificaci\u00f3n o Informe de evaluaci\u00f3n individualizado (Anexo VI) del Certificado Profesional emitido&nbsp;por la Consejer\u00eda de Empleo.<br \/>\nL) Personas con m\u00f3dulos formativos o profesionales superados pertenecientes a un Certificado Profesional<br \/>\nque deseen completar en su totalidad o en parte el Certificado Profesional correspondiente:<br \/>\n&#8211; Certificaci\u00f3n o Informe de evaluaci\u00f3n individualizado (Anexo VI) de los m\u00f3dulos formativos o<br \/>\nprofesionales correspondientes emitido por la Consejer\u00eda de Empleo.<\/div>\n<div style=\"text-align: justify\">&nbsp;<\/div>\n<div style=\"text-align: justify\">Consulta el baremo en las <a href=\"https:\/\/blogsaverroes.juntadeandalucia.es\/ieslagranja\/files\/2025\/09\/Instruccion-admision-alumnadoF.pdf\">instrucciones anexas.<\/a><\/div>\n<div style=\"text-align: justify\">La documentaci\u00f3n justificativa ha de presentarse en la fecha de finalizaci\u00f3n del plazo de presentaci\u00f3n de&nbsp;solicitudes. El personal participante se responsabiliza expresamente de la veracidad de la documentaci\u00f3n&nbsp;aportada. En caso de falsedad o manipulaci\u00f3n en alg\u00fan documento, decaer\u00e1 el derecho a la participaci\u00f3n en&nbsp;la presente convocatoria, con independencia de la responsabilidad a que hubiera lugar. La documentaci\u00f3n ha<br \/>\nde ser legible, descart\u00e1ndose aquella de la que no pueda desprenderse la informaci\u00f3n que se pretende&nbsp;acreditar. Los documentos presentados en un idioma distinto al castellano s\u00f3lo ser\u00e1n tenidos en cuenta si se&nbsp;acompa\u00f1an de su traducci\u00f3n oficial a dicha lengua, de acuerdo con el art\u00edculo 15 de la Ley 39\/2015, de 1 de&nbsp;octubre, del Procedimiento Administrativo Com\u00fan de las Administraciones P\u00fablicas.<\/div>\n<div>\n<div>&nbsp;<\/div>\n<div><a href=\"https:\/\/blogsaverroes.juntadeandalucia.es\/ieslagranja\/files\/2025\/09\/faqs-preguntas-frecuentes-1-certificados.pdf\">Preguntas frecuentes<\/a>.<\/div>\n<div><span style=\"color: #ff0000\">&nbsp;<\/span><\/div>\n<div><span style=\"color: #000000\">Si tienes dudas puedes escribir a: <a href=\"mailto:lagranjasecretaria@gmail.com\" target=\"_blank\" rel=\"noopener\">lagranjasecretaria@gmail.com<\/a><\/span><\/div>\n<div>&nbsp;<\/div>\n<div style=\"text-align: center\"><a href=\"https:\/\/blogsaverroes.juntadeandalucia.es\/ieslagranja\/files\/2025\/09\/Sello-distribucion-de-fondos.jpg\"><img loading=\"lazy\" decoding=\"async\" class=\"alignnone size-large wp-image-11825\" src=\"https:\/\/blogsaverroes.juntadeandalucia.es\/ieslagranja\/files\/2025\/09\/Sello-distribucion-de-fondos.jpg\" alt=\"\" width=\"620\" height=\"144\" srcset=\"https:\/\/blogsaverroes.juntadeandalucia.es\/ieslagranja\/files\/2025\/09\/Sello-distribucion-de-fondos.jpg 620w, https:\/\/blogsaverroes.juntadeandalucia.es\/ieslagranja\/files\/2025\/09\/Sello-distribucion-de-fondos-300x70.jpg 300w\" sizes=\"(max-width: 620px) 100vw, 620px\" \/><\/a><\/div>\n<div style=\"text-align: center\"><a href=\"https:\/\/blogsaverroes.juntadeandalucia.es\/ieslagranja\/files\/2025\/09\/Logo-Junta-Andalucia-Consejeria-de-Desarrollo-educativo.png\"><img loading=\"lazy\" decoding=\"async\" class=\"alignnone size-full wp-image-11823\" src=\"https:\/\/blogsaverroes.juntadeandalucia.es\/ieslagranja\/files\/2025\/09\/Logo-Junta-Andalucia-Consejeria-de-Desarrollo-educativo.png\" alt=\"\" width=\"796\" height=\"600\" srcset=\"https:\/\/blogsaverroes.juntadeandalucia.es\/ieslagranja\/files\/2025\/09\/Logo-Junta-Andalucia-Consejeria-de-Desarrollo-educativo.png 796w, https:\/\/blogsaverroes.juntadeandalucia.es\/ieslagranja\/files\/2025\/09\/Logo-Junta-Andalucia-Consejeria-de-Desarrollo-educativo-300x226.png 300w, https:\/\/blogsaverroes.juntadeandalucia.es\/ieslagranja\/files\/2025\/09\/Logo-Junta-Andalucia-Consejeria-de-Desarrollo-educativo-768x579.png 768w\" sizes=\"(max-width: 796px) 100vw, 796px\" \/><\/a> <a href=\"https:\/\/blogsaverroes.juntadeandalucia.es\/ieslagranja\/files\/2025\/09\/Logo-MEFP.jpg\"><img loading=\"lazy\" decoding=\"async\" class=\"alignnone size-large wp-image-11824\" src=\"https:\/\/blogsaverroes.juntadeandalucia.es\/ieslagranja\/files\/2025\/09\/Logo-MEFP.jpg\" alt=\"\" width=\"758\" height=\"202\" srcset=\"https:\/\/blogsaverroes.juntadeandalucia.es\/ieslagranja\/files\/2025\/09\/Logo-MEFP.jpg 758w, https:\/\/blogsaverroes.juntadeandalucia.es\/ieslagranja\/files\/2025\/09\/Logo-MEFP-300x80.jpg 300w\" sizes=\"(max-width: 758px) 100vw, 758px\" \/><\/a><\/div>\n<\/div>\n<\/div>\n","protected":false},"excerpt":{"rendered":"<p>&nbsp; CANCELADO POR FALTA DE ALUMNADO &nbsp; &nbsp; &nbsp; Formaci\u00f3n Certificado Profesionalidad grado C REPRESENTACI\u00d3N DE PROYECTOS DE EDIFICACI\u00d3N (RD 1228\/2006 de 27, de octubre 2006). &nbsp; Duraci\u00f3n 600 horas. &nbsp; Comienzo: 10 de&#46;&#46;&#46;<\/p>\n","protected":false},"author":11116,"featured_media":0,"parent":0,"menu_order":0,"comment_status":"closed","ping_status":"closed","template":"","meta":{"ngg_post_thumbnail":0,"footnotes":"","_mc_calendar":[]},"aioseo_notices":[],"_links":{"self":[{"href":"https:\/\/blogsaverroes.juntadeandalucia.es\/ieslagranja\/wp-json\/wp\/v2\/pages\/11813"}],"collection":[{"href":"https:\/\/blogsaverroes.juntadeandalucia.es\/ieslagranja\/wp-json\/wp\/v2\/pages"}],"about":[{"href":"https:\/\/blogsaverroes.juntadeandalucia.es\/ieslagranja\/wp-json\/wp\/v2\/types\/page"}],"author":[{"embeddable":true,"href":"https:\/\/blogsaverroes.juntadeandalucia.es\/ieslagranja\/wp-json\/wp\/v2\/users\/11116"}],"replies":[{"embeddable":true,"href":"https:\/\/blogsaverroes.juntadeandalucia.es\/ieslagranja\/wp-json\/wp\/v2\/comments?post=11813"}],"version-history":[{"count":10,"href":"https:\/\/blogsaverroes.juntadeandalucia.es\/ieslagranja\/wp-json\/wp\/v2\/pages\/11813\/revisions"}],"predecessor-version":[{"id":11958,"href":"https:\/\/blogsaverroes.juntadeandalucia.es\/ieslagranja\/wp-json\/wp\/v2\/pages\/11813\/revisions\/11958"}],"wp:attachment":[{"href":"https:\/\/blogsaverroes.juntadeandalucia.es\/ieslagranja\/wp-json\/wp\/v2\/media?parent=11813"}],"curies":[{"name":"wp","href":"https:\/\/api.w.org\/{rel}","templated":true}]}}