{"id":12481,"date":"2026-01-13T14:11:22","date_gmt":"2026-01-13T12:11:22","guid":{"rendered":"https:\/\/blogsaverroes.juntadeandalucia.es\/ieslagranja\/?page_id=12481"},"modified":"2026-01-14T10:38:26","modified_gmt":"2026-01-14T08:38:26","slug":"cuestionario","status":"publish","type":"page","link":"https:\/\/blogsaverroes.juntadeandalucia.es\/ieslagranja\/cuestionario\/","title":{"rendered":"Cuestionario"},"content":{"rendered":"<p>A la atenci\u00f3n del tutor o tutora de 3.\u00ba de Educaci\u00f3n Secundaria Obligatoria:<br \/>\nA continuaci\u00f3n, le facilitamos los datos de acceso:<br \/>\n\u2022 ID del centro: 33014<br \/>\n\u2022 URL: <a href=\"https:\/\/ec.europa.eu\/eusurvey\/runner\/EvaluacionPCTBienestarAl_3ESO\">https:\/\/ec.europa.eu\/eusurvey\/runner\/EvaluacionPCTBienestarAl_3ESO<\/a><\/p>\n<p>Le hacemos llegar en esta carta los datos de acceso al Cuestionario del Alumnado correspondiente a la evaluaci\u00f3n del Bienestar Emocional en el \u00e1mbito educativo.<br \/>\nEl objetivo de este cuestionario es recopilar informaci\u00f3n sobre el bienestar del alumnado en el centro educativo. La informaci\u00f3n recogida a trav\u00e9s de este cuestionario proporcionar\u00e1 datos muy valiosos sobre la convivencia y establecer\u00e1 las futuras l\u00edneas de actuaci\u00f3n a nivel estatal. Por favor, invite al alumnado a responder con sinceridad y recu\u00e9rdeles que todas las respuestas son completamente an\u00f3nimas.<\/p>\n<p>&nbsp;<\/p>\n","protected":false},"excerpt":{"rendered":"<p>A la atenci\u00f3n del tutor o tutora de 3.\u00ba de Educaci\u00f3n Secundaria Obligatoria: A continuaci\u00f3n, le facilitamos los datos de acceso: \u2022 ID del centro: 33014 \u2022 URL: https:\/\/ec.europa.eu\/eusurvey\/runner\/EvaluacionPCTBienestarAl_3ESO Le hacemos llegar en esta&#46;&#46;&#46;<\/p>\n","protected":false},"author":11116,"featured_media":0,"parent":0,"menu_order":0,"comment_status":"closed","ping_status":"closed","template":"","meta":{"ngg_post_thumbnail":0,"footnotes":"","_mc_calendar":[]},"aioseo_notices":[],"_links":{"self":[{"href":"https:\/\/blogsaverroes.juntadeandalucia.es\/ieslagranja\/wp-json\/wp\/v2\/pages\/12481"}],"collection":[{"href":"https:\/\/blogsaverroes.juntadeandalucia.es\/ieslagranja\/wp-json\/wp\/v2\/pages"}],"about":[{"href":"https:\/\/blogsaverroes.juntadeandalucia.es\/ieslagranja\/wp-json\/wp\/v2\/types\/page"}],"author":[{"embeddable":true,"href":"https:\/\/blogsaverroes.juntadeandalucia.es\/ieslagranja\/wp-json\/wp\/v2\/users\/11116"}],"replies":[{"embeddable":true,"href":"https:\/\/blogsaverroes.juntadeandalucia.es\/ieslagranja\/wp-json\/wp\/v2\/comments?post=12481"}],"version-history":[{"count":4,"href":"https:\/\/blogsaverroes.juntadeandalucia.es\/ieslagranja\/wp-json\/wp\/v2\/pages\/12481\/revisions"}],"predecessor-version":[{"id":12486,"href":"https:\/\/blogsaverroes.juntadeandalucia.es\/ieslagranja\/wp-json\/wp\/v2\/pages\/12481\/revisions\/12486"}],"wp:attachment":[{"href":"https:\/\/blogsaverroes.juntadeandalucia.es\/ieslagranja\/wp-json\/wp\/v2\/media?parent=12481"}],"curies":[{"name":"wp","href":"https:\/\/api.w.org\/{rel}","templated":true}]}}