{"id":12540,"date":"2026-01-20T22:37:21","date_gmt":"2026-01-20T20:37:21","guid":{"rendered":"https:\/\/blogsaverroes.juntadeandalucia.es\/ieslagranja\/?page_id=12540"},"modified":"2026-01-20T22:37:21","modified_gmt":"2026-01-20T20:37:21","slug":"criterios-de-evaluacion-agropecuaria","status":"publish","type":"page","link":"https:\/\/blogsaverroes.juntadeandalucia.es\/ieslagranja\/criterios-de-evaluacion-agropecuaria\/","title":{"rendered":"Criterios de evaluaci\u00f3n Agropecuaria"},"content":{"rendered":"<p>Criterios de calificaci\u00f3n Grado Medio Agropecuaria: (Actualizaci\u00f3n 2025-2026):<\/p>\n<table style=\"width: 85.1552%\" border=\"0\">\n<tbody>\n<tr>\n<td style=\"width: 11.4508%\">CURSO<\/td>\n<td style=\"width: 595.543%\">M\u00d3DULO<\/td>\n<\/tr>\n<tr>\n<td style=\"width: 11.4508%\" rowspan=\"8\">1\u00ba<\/td>\n<td style=\"width: 595.543%\"><a href=\"https:\/\/blogsaverroes.juntadeandalucia.es\/ieslagranja\/files\/2026\/01\/FUNDAMENTOS-AGRONOMICOS-AGOPECUARIA.pdf\">Fundamentos agron\u00f3micos<\/a>.<\/td>\n<\/tr>\n<tr>\n<td style=\"width: 595.543%\"><a href=\"https:\/\/blogsaverroes.juntadeandalucia.es\/ieslagranja\/files\/2026\/01\/FUNDAMENTOS-ZOOTECNICOS.pdf\">Fundamentos zoot\u00e9cnicos<\/a>.<\/td>\n<\/tr>\n<tr>\n<td style=\"width: 595.543%\"><a href=\"https:\/\/blogsaverroes.juntadeandalucia.es\/ieslagranja\/files\/2026\/01\/IMPLANTACION-DE-CULTIVOS.pdf\">Implantaci\u00f3n de cultivos<\/a>.<\/td>\n<\/tr>\n<tr>\n<td style=\"width: 595.543%\"><a href=\"https:\/\/blogsaverroes.juntadeandalucia.es\/ieslagranja\/files\/2026\/01\/INFRAESTRUCTURAS-E-INSTALACIONES-AGRICOLAS-AGROPECUARIA.doc.pdf\">Infraestructuras e instalaciones agr\u00edcolas<\/a>.<\/td>\n<\/tr>\n<tr>\n<td style=\"width: 595.543%\"><a href=\"https:\/\/blogsaverroes.juntadeandalucia.es\/ieslagranja\/files\/2026\/01\/IPE-I-AGROPECUARIA.pdf\">IPE I<\/a>.<\/td>\n<\/tr>\n<tr>\n<td style=\"width: 595.543%\"><a href=\"https:\/\/blogsaverroes.juntadeandalucia.es\/ieslagranja\/files\/2026\/01\/PRINCIPIOS-DE-SANIDAD-VEGETAL-AGROPECUARIA.pdf\">Principios de sanidad vegetal<\/a>.<\/td>\n<\/tr>\n<tr>\n<td style=\"width: 595.543%\"><a href=\"https:\/\/blogsaverroes.juntadeandalucia.es\/ieslagranja\/files\/2026\/01\/SOSTENIBILIDAD-AGROPECUARIA.doc.pdf\">Sostenibilidad agropecuaria<\/a>.<\/td>\n<\/tr>\n<tr>\n<td style=\"width: 595.543%\"><a href=\"https:\/\/blogsaverroes.juntadeandalucia.es\/ieslagranja\/files\/2026\/01\/TALLER-Y-EQUIPO-DE-TRACCION-AGROPECUARIA.pdf\">Taller y equipo de tracci\u00f3n<\/a>.<\/td>\n<\/tr>\n<tr>\n<td style=\"width: 11.4508%\" rowspan=\"7\">2\u00ba<\/td>\n<td style=\"width: 595.543%\">&nbsp;<\/td>\n<\/tr>\n<tr>\n<td style=\"width: 595.543%\">&nbsp;<\/td>\n<\/tr>\n<tr>\n<td style=\"width: 595.543%\">&nbsp;<\/td>\n<\/tr>\n<tr>\n<td style=\"width: 595.543%\">&nbsp;<\/td>\n<\/tr>\n<tr>\n<td style=\"width: 595.543%\">&nbsp;<\/td>\n<\/tr>\n<tr>\n<td style=\"width: 595.543%\">&nbsp;<\/td>\n<\/tr>\n<tr>\n<td style=\"width: 595.543%\">&nbsp;<\/td>\n<\/tr>\n<\/tbody>\n<\/table>\n","protected":false},"excerpt":{"rendered":"<p>Criterios de calificaci\u00f3n Grado Medio Agropecuaria: (Actualizaci\u00f3n 2025-2026): CURSO M\u00d3DULO 1\u00ba Fundamentos agron\u00f3micos. Fundamentos zoot\u00e9cnicos. Implantaci\u00f3n de cultivos. Infraestructuras e instalaciones agr\u00edcolas. IPE I. Principios de sanidad vegetal. Sostenibilidad agropecuaria. Taller y equipo de&#46;&#46;&#46;<\/p>\n","protected":false},"author":11116,"featured_media":0,"parent":0,"menu_order":0,"comment_status":"closed","ping_status":"closed","template":"","meta":{"ngg_post_thumbnail":0,"footnotes":"","_mc_calendar":[]},"aioseo_notices":[],"_links":{"self":[{"href":"https:\/\/blogsaverroes.juntadeandalucia.es\/ieslagranja\/wp-json\/wp\/v2\/pages\/12540"}],"collection":[{"href":"https:\/\/blogsaverroes.juntadeandalucia.es\/ieslagranja\/wp-json\/wp\/v2\/pages"}],"about":[{"href":"https:\/\/blogsaverroes.juntadeandalucia.es\/ieslagranja\/wp-json\/wp\/v2\/types\/page"}],"author":[{"embeddable":true,"href":"https:\/\/blogsaverroes.juntadeandalucia.es\/ieslagranja\/wp-json\/wp\/v2\/users\/11116"}],"replies":[{"embeddable":true,"href":"https:\/\/blogsaverroes.juntadeandalucia.es\/ieslagranja\/wp-json\/wp\/v2\/comments?post=12540"}],"version-history":[{"count":1,"href":"https:\/\/blogsaverroes.juntadeandalucia.es\/ieslagranja\/wp-json\/wp\/v2\/pages\/12540\/revisions"}],"predecessor-version":[{"id":12549,"href":"https:\/\/blogsaverroes.juntadeandalucia.es\/ieslagranja\/wp-json\/wp\/v2\/pages\/12540\/revisions\/12549"}],"wp:attachment":[{"href":"https:\/\/blogsaverroes.juntadeandalucia.es\/ieslagranja\/wp-json\/wp\/v2\/media?parent=12540"}],"curies":[{"name":"wp","href":"https:\/\/api.w.org\/{rel}","templated":true}]}}