{"id":12551,"date":"2026-01-21T10:16:56","date_gmt":"2026-01-21T08:16:56","guid":{"rendered":"https:\/\/blogsaverroes.juntadeandalucia.es\/ieslagranja\/?page_id=12551"},"modified":"2026-01-21T11:54:39","modified_gmt":"2026-01-21T09:54:39","slug":"agropecuaria","status":"publish","type":"page","link":"https:\/\/blogsaverroes.juntadeandalucia.es\/ieslagranja\/agropecuaria\/","title":{"rendered":"Agropecuaria"},"content":{"rendered":"<p style=\"text-align: center\"><a href=\"https:\/\/blogsaverroes.juntadeandalucia.es\/ieslagranja\/files\/2026\/01\/Trabajo-exterior.jpg\"><img loading=\"lazy\" decoding=\"async\" class=\"alignnone size-full wp-image-12559\" src=\"https:\/\/blogsaverroes.juntadeandalucia.es\/ieslagranja\/files\/2026\/01\/Trabajo-exterior.jpg\" alt=\"\" width=\"2940\" height=\"4476\" srcset=\"https:\/\/blogsaverroes.juntadeandalucia.es\/ieslagranja\/files\/2026\/01\/Trabajo-exterior.jpg 1051w, https:\/\/blogsaverroes.juntadeandalucia.es\/ieslagranja\/files\/2026\/01\/Trabajo-exterior-197x300.jpg 197w, https:\/\/blogsaverroes.juntadeandalucia.es\/ieslagranja\/files\/2026\/01\/Trabajo-exterior-673x1024.jpg 673w, https:\/\/blogsaverroes.juntadeandalucia.es\/ieslagranja\/files\/2026\/01\/Trabajo-exterior-768x1169.jpg 768w, https:\/\/blogsaverroes.juntadeandalucia.es\/ieslagranja\/files\/2026\/01\/Trabajo-exterior-1009x1536.jpg 1009w, https:\/\/blogsaverroes.juntadeandalucia.es\/ieslagranja\/files\/2026\/01\/Trabajo-exterior-1345x2048.jpg 1345w\" sizes=\"(max-width: 2940px) 100vw, 2940px\" \/><\/a><\/p>\n<p style=\"text-align: justify\">Aprender\u00e1s a gestionar y ejecutar todas las fases de una explotaci\u00f3n agraria y ganadera, desde la preparaci\u00f3n del terreno y siembra hasta el cuidado de animales y cosecha, manejando maquinaria, aplicando t\u00e9cnicas de sanidad vegetal y animal, manteniendo instalaciones y aplicando normativas de calidad, seguridad y sostenibilidad, prepar\u00e1ndote para ser un t\u00e9cnico vers\u00e1til en el sector primario.<\/p>\n<p>Ciclo LOE.<\/p>\n<p>Turno de ma\u00f1ana.<\/p>\n<p>Acceso a la informaci\u00f3n general relacionada con el Ciclo.<\/p>\n<p><a title=\"normativa boja jardineria y floristeria\" href=\"https:\/\/www.juntadeandalucia.es\/boja\/2010\/224\/22\" target=\"_blank\" rel=\"noopener noreferrer\">Acceso a la normativa que regula las ense\u00f1anzas del Ciclo Formativo de T\u00e9cnico de Grado Medio en Producci\u00f3n Agropecuaria.<\/a><\/p>\n","protected":false},"excerpt":{"rendered":"<p>Aprender\u00e1s a gestionar y ejecutar todas las fases de una explotaci\u00f3n agraria y ganadera, desde la preparaci\u00f3n del terreno y siembra hasta el cuidado de animales y cosecha, manejando maquinaria, aplicando t\u00e9cnicas de sanidad&#46;&#46;&#46;<\/p>\n","protected":false},"author":11116,"featured_media":0,"parent":0,"menu_order":0,"comment_status":"closed","ping_status":"closed","template":"","meta":{"ngg_post_thumbnail":0,"footnotes":"","_mc_calendar":[]},"aioseo_notices":[],"_links":{"self":[{"href":"https:\/\/blogsaverroes.juntadeandalucia.es\/ieslagranja\/wp-json\/wp\/v2\/pages\/12551"}],"collection":[{"href":"https:\/\/blogsaverroes.juntadeandalucia.es\/ieslagranja\/wp-json\/wp\/v2\/pages"}],"about":[{"href":"https:\/\/blogsaverroes.juntadeandalucia.es\/ieslagranja\/wp-json\/wp\/v2\/types\/page"}],"author":[{"embeddable":true,"href":"https:\/\/blogsaverroes.juntadeandalucia.es\/ieslagranja\/wp-json\/wp\/v2\/users\/11116"}],"replies":[{"embeddable":true,"href":"https:\/\/blogsaverroes.juntadeandalucia.es\/ieslagranja\/wp-json\/wp\/v2\/comments?post=12551"}],"version-history":[{"count":5,"href":"https:\/\/blogsaverroes.juntadeandalucia.es\/ieslagranja\/wp-json\/wp\/v2\/pages\/12551\/revisions"}],"predecessor-version":[{"id":12560,"href":"https:\/\/blogsaverroes.juntadeandalucia.es\/ieslagranja\/wp-json\/wp\/v2\/pages\/12551\/revisions\/12560"}],"wp:attachment":[{"href":"https:\/\/blogsaverroes.juntadeandalucia.es\/ieslagranja\/wp-json\/wp\/v2\/media?parent=12551"}],"curies":[{"name":"wp","href":"https:\/\/api.w.org\/{rel}","templated":true}]}}