{"id":200,"date":"2020-12-17T10:04:24","date_gmt":"2020-12-17T08:04:24","guid":{"rendered":"http:\/\/blogsaverroes.juntadeandalucia.es\/pre\/ceip\/?page_id=200"},"modified":"2020-12-17T12:08:58","modified_gmt":"2020-12-17T10:08:58","slug":"quienes-formamos-el-ampa","status":"publish","type":"page","link":"https:\/\/blogsaverroes.juntadeandalucia.es\/ieslagranja\/quienes-formamos-el-ampa\/","title":{"rendered":"AMPA"},"content":{"rendered":"<p style=\"text-align: center\"><span style=\"text-decoration: underline\"><strong>Bienvenidos a la AMPA del IES La Granja. <\/strong><\/span><\/p>\n<p>Presidenta: Estefan\u00eda Nova Suan.<\/p>\n<p>Vicepresidenta: Bego\u00f1a Parra Vara.<\/p>\n<p>Secretaria: Natalia L\u00f3pez-Cepero Ben\u00edtez.<\/p>\n<p>Tesorero: Francisco Jos\u00e9 Acosa Ceballos.<\/p>\n<p>&nbsp;<\/p>\n<p>Nuestro horario es:<\/p>\n<p>&#8211; Jueves de 9:30 a 10:30h (con cita previa).<\/p>\n<p>&nbsp;Puedes contactar con nosotros a trav\u00e9s de nuestro correo electr\u00f3nico:&nbsp;<\/p>\n<p style=\"text-align: center\"><a href=\"mailto:ampaieslagranja@gmail.com\">ampaieslagranja@gmail.com&nbsp;<\/a>&nbsp;&nbsp;&nbsp;<\/p>\n<p><strong>El futuro de nuestros hijos e hijas es muy importante. Trabajemos todos juntos.<\/strong><\/p>\n<p style=\"text-align: center\"><a href=\"https:\/\/blogsaverroes.juntadeandalucia.es\/ieslagranja\/files\/2020\/12\/taquilla-vestibulo-scaled.jpg\"><img loading=\"lazy\" decoding=\"async\" class=\"aligncenter wp-image-2599 size-large\" src=\"https:\/\/blogsaverroes.juntadeandalucia.es\/ieslagranja\/files\/2020\/12\/taquilla-vestibulo-1024x576.jpg\" alt=\"\" width=\"1024\" height=\"576\" srcset=\"https:\/\/blogsaverroes.juntadeandalucia.es\/ieslagranja\/files\/2020\/12\/taquilla-vestibulo-1024x576.jpg 1024w, https:\/\/blogsaverroes.juntadeandalucia.es\/ieslagranja\/files\/2020\/12\/taquilla-vestibulo-300x169.jpg 300w, https:\/\/blogsaverroes.juntadeandalucia.es\/ieslagranja\/files\/2020\/12\/taquilla-vestibulo-768x432.jpg 768w, https:\/\/blogsaverroes.juntadeandalucia.es\/ieslagranja\/files\/2020\/12\/taquilla-vestibulo-1536x864.jpg 1536w, https:\/\/blogsaverroes.juntadeandalucia.es\/ieslagranja\/files\/2020\/12\/taquilla-vestibulo-2048x1152.jpg 2048w, https:\/\/blogsaverroes.juntadeandalucia.es\/ieslagranja\/files\/2020\/12\/taquilla-vestibulo-24x14.jpg 24w, https:\/\/blogsaverroes.juntadeandalucia.es\/ieslagranja\/files\/2020\/12\/taquilla-vestibulo-36x20.jpg 36w, https:\/\/blogsaverroes.juntadeandalucia.es\/ieslagranja\/files\/2020\/12\/taquilla-vestibulo-48x27.jpg 48w, https:\/\/blogsaverroes.juntadeandalucia.es\/ieslagranja\/files\/2020\/12\/taquilla-vestibulo-scaled.jpg 1600w\" sizes=\"(max-width: 1024px) 100vw, 1024px\" \/><\/a><\/p>\n","protected":false},"excerpt":{"rendered":"<p>Bienvenidos a la AMPA del IES La Granja. Presidenta: Estefan\u00eda Nova Suan. Vicepresidenta: Bego\u00f1a Parra Vara. Secretaria: Natalia L\u00f3pez-Cepero Ben\u00edtez. Tesorero: Francisco Jos\u00e9 Acosa Ceballos. &nbsp; Nuestro horario es: &#8211; Jueves de 9:30 a&#46;&#46;&#46;<\/p>\n","protected":false},"author":1,"featured_media":2599,"parent":0,"menu_order":0,"comment_status":"open","ping_status":"open","template":"page-templates\/child-menu.php","meta":{"ngg_post_thumbnail":0,"footnotes":"","_mc_calendar":[]},"aioseo_notices":[],"_links":{"self":[{"href":"https:\/\/blogsaverroes.juntadeandalucia.es\/ieslagranja\/wp-json\/wp\/v2\/pages\/200"}],"collection":[{"href":"https:\/\/blogsaverroes.juntadeandalucia.es\/ieslagranja\/wp-json\/wp\/v2\/pages"}],"about":[{"href":"https:\/\/blogsaverroes.juntadeandalucia.es\/ieslagranja\/wp-json\/wp\/v2\/types\/page"}],"author":[{"embeddable":true,"href":"https:\/\/blogsaverroes.juntadeandalucia.es\/ieslagranja\/wp-json\/wp\/v2\/users\/1"}],"replies":[{"embeddable":true,"href":"https:\/\/blogsaverroes.juntadeandalucia.es\/ieslagranja\/wp-json\/wp\/v2\/comments?post=200"}],"version-history":[{"count":8,"href":"https:\/\/blogsaverroes.juntadeandalucia.es\/ieslagranja\/wp-json\/wp\/v2\/pages\/200\/revisions"}],"predecessor-version":[{"id":2603,"href":"https:\/\/blogsaverroes.juntadeandalucia.es\/ieslagranja\/wp-json\/wp\/v2\/pages\/200\/revisions\/2603"}],"wp:featuredmedia":[{"embeddable":true,"href":"https:\/\/blogsaverroes.juntadeandalucia.es\/ieslagranja\/wp-json\/wp\/v2\/media\/2599"}],"wp:attachment":[{"href":"https:\/\/blogsaverroes.juntadeandalucia.es\/ieslagranja\/wp-json\/wp\/v2\/media?parent=200"}],"curies":[{"name":"wp","href":"https:\/\/api.w.org\/{rel}","templated":true}]}}