{"id":2593,"date":"2020-12-15T10:10:53","date_gmt":"2020-12-15T08:10:53","guid":{"rendered":"https:\/\/blogsaverroes.juntadeandalucia.es\/ieslagranja\/?page_id=2593"},"modified":"2020-12-15T10:10:53","modified_gmt":"2020-12-15T08:10:53","slug":"lcb","status":"publish","type":"page","link":"https:\/\/blogsaverroes.juntadeandalucia.es\/ieslagranja\/lcb\/","title":{"rendered":"LCB"},"content":{"rendered":"<p><span style=\"text-decoration: underline\">Criterios de Calificaci\u00f3n:<\/span><\/p>\n<table border=\"0\">\n<tbody>\n<tr>\n<td>Curso<\/td>\n<td>M\u00f3dulo<\/td>\n<\/tr>\n<tr>\n<td rowspan=\"5\">1<\/td>\n<td><a href=\"https:\/\/drive.google.com\/file\/d\/17jrT6kyqizTaZdHNuLrPh0hBAe-9Mn6M\/view?usp=sharing\" rel=\"alternate\">Gesti\u00f3n de muestras biol\u00f3gicas.<\/a><\/td>\n<\/tr>\n<tr>\n<td><a href=\"https:\/\/drive.google.com\/file\/d\/16ygBcNx_4vbB5OogCNb9nUqyRaH0NaOD\/view?usp=sharing\" rel=\"alternate\">T\u00e9cnicas generales de laboratorio.<\/a><\/td>\n<\/tr>\n<tr>\n<td><a href=\"https:\/\/drive.google.com\/file\/d\/1Tto0Hs2U84rSvPLdH80kvTwtXGxpQzca\/view?usp=sharing\" rel=\"alternate\">Fisiopatolog\u00eda general.<\/a><\/td>\n<\/tr>\n<tr>\n<td><a href=\"https:\/\/drive.google.com\/file\/d\/1OGyb3nAVgFSvqfYKPv_2Ab_L1E3uSnkY\/view?usp=sharing\" rel=\"alternate\">Biolog\u00eda molecular y citogen\u00e9tica.<\/a><\/td>\n<\/tr>\n<tr>\n<td><a href=\"https:\/\/drive.google.com\/file\/d\/1Osjk4yjG1AUj0E8sCGtWc4kZo6Ayd2mV\/view?usp=sharing\" rel=\"alternate\">Formaci\u00f3n y orientaci\u00f3n laboral.<\/a><\/td>\n<\/tr>\n<tr>\n<td rowspan=\"6\">2<\/td>\n<td><a href=\"https:\/\/drive.google.com\/file\/d\/19Teq2HfZdZaQaCgqIbt2wiMef7GrR9HG\/view?usp=sharing\" rel=\"alternate\">An\u00e1lisis bioqu\u00edmico.<\/a><\/td>\n<\/tr>\n<tr>\n<td><a href=\"https:\/\/drive.google.com\/file\/d\/1r_QsMZuxLXKQlPOU1MOcrU0muhhbexx8\/view?usp=sharing\" rel=\"alternate\">Microbiolog\u00eda cl\u00ednica.<\/a><\/td>\n<\/tr>\n<tr>\n<td><a href=\"https:\/\/drive.google.com\/file\/d\/1ticI4JCT-ogjXQgj9xYon26Bo1XAcN_9\/view?usp=sharing\" rel=\"alternate\">T\u00e9cnicas de an\u00e1lisis hematol\u00f3gico.<\/a><\/td>\n<\/tr>\n<tr>\n<td><a href=\"https:\/\/drive.google.com\/file\/d\/1WvEyPjMFa_xTR5svdByHqR96h-DskUIF\/view?usp=sharing\" rel=\"alternate\">T\u00e9cnicas de inmunodiagn\u00f3stico.<\/a><\/td>\n<\/tr>\n<tr>\n<td><a href=\"https:\/\/drive.google.com\/file\/d\/15ntJViDQynhYQucIz7UnV6CYSdh5KmNv\/view?usp=sharing\" rel=\"alternate\">Empresa e iniciativa emprendedora.<\/a><\/td>\n<\/tr>\n<tr>\n<td>FCT y Proyecto integrado.<\/td>\n<\/tr>\n<\/tbody>\n<\/table>\n","protected":false},"excerpt":{"rendered":"<p>Criterios de Calificaci\u00f3n: Curso M\u00f3dulo 1 Gesti\u00f3n de muestras biol\u00f3gicas. T\u00e9cnicas generales de laboratorio. Fisiopatolog\u00eda general. Biolog\u00eda molecular y citogen\u00e9tica. Formaci\u00f3n y orientaci\u00f3n laboral. 2 An\u00e1lisis bioqu\u00edmico. Microbiolog\u00eda cl\u00ednica. T\u00e9cnicas de an\u00e1lisis hematol\u00f3gico. T\u00e9cnicas&#46;&#46;&#46;<\/p>\n","protected":false},"author":11116,"featured_media":0,"parent":0,"menu_order":0,"comment_status":"closed","ping_status":"closed","template":"","meta":{"ngg_post_thumbnail":0,"footnotes":"","_mc_calendar":[]},"aioseo_notices":[],"_links":{"self":[{"href":"https:\/\/blogsaverroes.juntadeandalucia.es\/ieslagranja\/wp-json\/wp\/v2\/pages\/2593"}],"collection":[{"href":"https:\/\/blogsaverroes.juntadeandalucia.es\/ieslagranja\/wp-json\/wp\/v2\/pages"}],"about":[{"href":"https:\/\/blogsaverroes.juntadeandalucia.es\/ieslagranja\/wp-json\/wp\/v2\/types\/page"}],"author":[{"embeddable":true,"href":"https:\/\/blogsaverroes.juntadeandalucia.es\/ieslagranja\/wp-json\/wp\/v2\/users\/11116"}],"replies":[{"embeddable":true,"href":"https:\/\/blogsaverroes.juntadeandalucia.es\/ieslagranja\/wp-json\/wp\/v2\/comments?post=2593"}],"version-history":[{"count":1,"href":"https:\/\/blogsaverroes.juntadeandalucia.es\/ieslagranja\/wp-json\/wp\/v2\/pages\/2593\/revisions"}],"predecessor-version":[{"id":2594,"href":"https:\/\/blogsaverroes.juntadeandalucia.es\/ieslagranja\/wp-json\/wp\/v2\/pages\/2593\/revisions\/2594"}],"wp:attachment":[{"href":"https:\/\/blogsaverroes.juntadeandalucia.es\/ieslagranja\/wp-json\/wp\/v2\/media?parent=2593"}],"curies":[{"name":"wp","href":"https:\/\/api.w.org\/{rel}","templated":true}]}}