{"id":2626,"date":"2020-12-22T13:47:13","date_gmt":"2020-12-22T11:47:13","guid":{"rendered":"https:\/\/blogsaverroes.juntadeandalucia.es\/ieslagranja\/?page_id=2626"},"modified":"2025-01-10T10:52:14","modified_gmt":"2025-01-10T08:52:14","slug":"instrucciones-solicitud-titulos","status":"publish","type":"page","link":"https:\/\/blogsaverroes.juntadeandalucia.es\/ieslagranja\/instrucciones-solicitud-titulos\/","title":{"rendered":"Solicitud de t\u00edtulos, instrucciones y tasas"},"content":{"rendered":"<div class=\"pre-article\">\n<p>Si has terminado tus estudios en nuestro Instituto, debes solicitar el t\u00edtulo correspondiente en secretar\u00eda, en horario de atenci\u00f3n al p\u00fablico. Para ello debes rellenar una solicitud y una carta de pago (por internet, modelo 046).<\/p>\n<p>En los enlaces que tienes&nbsp;a continuaci\u00f3n encontrar\u00e1s la solicitud para imprimirla y rellenarla, y las instrucciones necesarias.<\/p>\n<p>Si has terminado tus estudios de Bachillerato puedes solicitarlo telem\u00e1ticamente desde la <a href=\"https:\/\/blogsaverroes.juntadeandalucia.es\/ieslagranja\/files\/2024\/01\/Solicitud-t\u00edtulos-2\u00ba-Bach.pdf\">Secretar\u00eda Virtual<\/a> o presencialmente siguiendo las siguientes <a href=\"https:\/\/blogsaverroes.juntadeandalucia.es\/ieslagranja\/files\/2025\/01\/TASAS_2025.pdf\">instrucciones<\/a> (actualizado 2025).<\/p>\n<p>Pulsa aqu\u00ed si has terminado <a href=\"https:\/\/blogsaverroes.juntadeandalucia.es\/ieslagranja\/files\/2025\/01\/TASAS_2025.pdf\">tus estudios de Ciclo Formativo<\/a> (actualizado 2025).<\/p>\n<p>Pulsa<a href=\"https:\/\/blogsaverroes.juntadeandalucia.es\/ieslagranja\/files\/2022\/10\/SOL.TIT_.FPI-Y-II.pdf\"> aqu\u00ed si terminaste tus estudios de FPI o de FPII.<\/a><\/p>\n<p>Pulsa <a title=\"modelo 046\" href=\"https:\/\/www.juntadeandalucia.es\/economiayhacienda\/apl\/surweb\/modelos\/modelo046\/046.jsp\" target=\"_blank\" rel=\"noopener noreferrer\">aqu\u00ed para descargarte el modelo 046 <\/a>y rellenarlo on-line.<\/p>\n<p>Pulsa <a title=\"instrucciones y acceso al 570 059\" href=\"https:\/\/sede.administracionespublicas.gob.es\/pagina\/index\/directorio\/tasa059\" target=\"_blank\" rel=\"noopener noreferrer\">aqu\u00ed para ver instrucciones y acceder al modelo 570\/059<\/a>.&nbsp;Recuerda imprimirlo una vez relleno y pagar las tasas en el banco. Luego deber\u00e1s presentarlo en la Secretar\u00eda del Instituto. Normalmente, las tasas se actualizan en el mes de enero cada a\u00f1o, por lo que se recomienda hacer la carta de pago a partir de febrero.<\/p>\n<p style=\"text-align: right\">Secretar\u00eda IES La Granja.<\/p>\n<\/div>\n","protected":false},"excerpt":{"rendered":"<p>Si has terminado tus estudios en nuestro Instituto, debes solicitar el t\u00edtulo correspondiente en secretar\u00eda, en horario de atenci\u00f3n al p\u00fablico. Para ello debes rellenar una solicitud y una carta de pago (por internet,&#46;&#46;&#46;<\/p>\n","protected":false},"author":11116,"featured_media":0,"parent":0,"menu_order":0,"comment_status":"closed","ping_status":"closed","template":"","meta":{"ngg_post_thumbnail":0,"footnotes":"","_mc_calendar":[]},"aioseo_notices":[],"_links":{"self":[{"href":"https:\/\/blogsaverroes.juntadeandalucia.es\/ieslagranja\/wp-json\/wp\/v2\/pages\/2626"}],"collection":[{"href":"https:\/\/blogsaverroes.juntadeandalucia.es\/ieslagranja\/wp-json\/wp\/v2\/pages"}],"about":[{"href":"https:\/\/blogsaverroes.juntadeandalucia.es\/ieslagranja\/wp-json\/wp\/v2\/types\/page"}],"author":[{"embeddable":true,"href":"https:\/\/blogsaverroes.juntadeandalucia.es\/ieslagranja\/wp-json\/wp\/v2\/users\/11116"}],"replies":[{"embeddable":true,"href":"https:\/\/blogsaverroes.juntadeandalucia.es\/ieslagranja\/wp-json\/wp\/v2\/comments?post=2626"}],"version-history":[{"count":20,"href":"https:\/\/blogsaverroes.juntadeandalucia.es\/ieslagranja\/wp-json\/wp\/v2\/pages\/2626\/revisions"}],"predecessor-version":[{"id":10562,"href":"https:\/\/blogsaverroes.juntadeandalucia.es\/ieslagranja\/wp-json\/wp\/v2\/pages\/2626\/revisions\/10562"}],"wp:attachment":[{"href":"https:\/\/blogsaverroes.juntadeandalucia.es\/ieslagranja\/wp-json\/wp\/v2\/media?parent=2626"}],"curies":[{"name":"wp","href":"https:\/\/api.w.org\/{rel}","templated":true}]}}