{"id":2639,"date":"2021-01-11T12:04:48","date_gmt":"2021-01-11T10:04:48","guid":{"rendered":"https:\/\/blogsaverroes.juntadeandalucia.es\/ieslagranja\/?page_id=2639"},"modified":"2023-02-24T11:46:37","modified_gmt":"2023-02-24T09:46:37","slug":"nuestra-historia","status":"publish","type":"page","link":"https:\/\/blogsaverroes.juntadeandalucia.es\/ieslagranja\/nuestra-historia\/","title":{"rendered":"Nuestra Historia"},"content":{"rendered":"<div class=\"pre-postcontent clearfix\">\n<div class=\"pre-article\">\n<p>En esta secci\u00f3n os presentamos dos joyas de nuestra peque\u00f1a historia desde los a\u00f1os 70.<\/p>\n<p>La primera de ellas es una cronolog\u00eda elaborada por D\u00f1a. Adoraci\u00f3n Dom\u00ednguez, antigua directora de nuestro Instituto. Se trata de un relato muy interesante que termina en el a\u00f1o 1977.<\/p>\n<p><a title=\"cronologia adoracion dominguez\" href=\"https:\/\/blogsaverroes.juntadeandalucia.es\/ieslagranja\/files\/2023\/02\/20210216140237.pdf\" target=\"_blank\" rel=\"noopener noreferrer\">Pulsa aqu\u00ed para leerla.<\/a><\/p>\n<p>La segunda es una presentaci\u00f3n con im\u00e1genes muy entra\u00f1ables. \u00a1\u00a1A ver si conoc\u00e9is a alguien!!<\/p>\n<p><a title=\"fotos de nuestra historia\" href=\"https:\/\/sway.com\/i2nXKn5eS0sPshq7\" target=\"_blank\" rel=\"noopener noreferrer\">Pulsa aqu\u00ed para verla.<\/a><\/p>\n<p>A lo largo de los a\u00f1os estos han sido nuestros Directores:<\/p>\n<p style=\"text-align: center\"><a href=\"https:\/\/blogsaverroes.juntadeandalucia.es\/ieslagranja\/files\/2021\/01\/01-Rafael-Alejo.jpg\"><img loading=\"lazy\" decoding=\"async\" class=\"alignnone size-full wp-image-2654\" src=\"https:\/\/blogsaverroes.juntadeandalucia.es\/ieslagranja\/files\/2021\/01\/01-Rafael-Alejo.jpg\" alt=\"\" width=\"284\" height=\"425\" srcset=\"https:\/\/blogsaverroes.juntadeandalucia.es\/ieslagranja\/files\/2021\/01\/01-Rafael-Alejo.jpg 284w, https:\/\/blogsaverroes.juntadeandalucia.es\/ieslagranja\/files\/2021\/01\/01-Rafael-Alejo-200x300.jpg 200w, https:\/\/blogsaverroes.juntadeandalucia.es\/ieslagranja\/files\/2021\/01\/01-Rafael-Alejo-16x24.jpg 16w, https:\/\/blogsaverroes.juntadeandalucia.es\/ieslagranja\/files\/2021\/01\/01-Rafael-Alejo-24x36.jpg 24w, https:\/\/blogsaverroes.juntadeandalucia.es\/ieslagranja\/files\/2021\/01\/01-Rafael-Alejo-32x48.jpg 32w\" sizes=\"(max-width: 284px) 100vw, 284px\" \/><\/a> <a href=\"https:\/\/blogsaverroes.juntadeandalucia.es\/ieslagranja\/files\/2021\/01\/02-Angel-Lebrero.jpg\"><img loading=\"lazy\" decoding=\"async\" class=\"alignnone size-full wp-image-2655\" src=\"https:\/\/blogsaverroes.juntadeandalucia.es\/ieslagranja\/files\/2021\/01\/02-Angel-Lebrero.jpg\" alt=\"\" width=\"284\" height=\"425\" srcset=\"https:\/\/blogsaverroes.juntadeandalucia.es\/ieslagranja\/files\/2021\/01\/02-Angel-Lebrero.jpg 284w, https:\/\/blogsaverroes.juntadeandalucia.es\/ieslagranja\/files\/2021\/01\/02-Angel-Lebrero-200x300.jpg 200w, https:\/\/blogsaverroes.juntadeandalucia.es\/ieslagranja\/files\/2021\/01\/02-Angel-Lebrero-16x24.jpg 16w, https:\/\/blogsaverroes.juntadeandalucia.es\/ieslagranja\/files\/2021\/01\/02-Angel-Lebrero-24x36.jpg 24w, https:\/\/blogsaverroes.juntadeandalucia.es\/ieslagranja\/files\/2021\/01\/02-Angel-Lebrero-32x48.jpg 32w\" sizes=\"(max-width: 284px) 100vw, 284px\" \/><\/a> <a href=\"https:\/\/blogsaverroes.juntadeandalucia.es\/ieslagranja\/files\/2021\/01\/03-Fco-Romero-Vargas.jpg\"><img loading=\"lazy\" decoding=\"async\" class=\"alignnone size-full wp-image-2644\" src=\"https:\/\/blogsaverroes.juntadeandalucia.es\/ieslagranja\/files\/2021\/01\/03-Fco-Romero-Vargas.jpg\" alt=\"\" width=\"284\" height=\"425\" srcset=\"https:\/\/blogsaverroes.juntadeandalucia.es\/ieslagranja\/files\/2021\/01\/03-Fco-Romero-Vargas.jpg 284w, https:\/\/blogsaverroes.juntadeandalucia.es\/ieslagranja\/files\/2021\/01\/03-Fco-Romero-Vargas-200x300.jpg 200w, https:\/\/blogsaverroes.juntadeandalucia.es\/ieslagranja\/files\/2021\/01\/03-Fco-Romero-Vargas-16x24.jpg 16w, https:\/\/blogsaverroes.juntadeandalucia.es\/ieslagranja\/files\/2021\/01\/03-Fco-Romero-Vargas-24x36.jpg 24w, https:\/\/blogsaverroes.juntadeandalucia.es\/ieslagranja\/files\/2021\/01\/03-Fco-Romero-Vargas-32x48.jpg 32w\" sizes=\"(max-width: 284px) 100vw, 284px\" \/><\/a> <a href=\"https:\/\/blogsaverroes.juntadeandalucia.es\/ieslagranja\/files\/2021\/01\/04-Francisco-Romero-Abad.jpg\"><img loading=\"lazy\" decoding=\"async\" class=\"alignnone size-full wp-image-2645\" src=\"https:\/\/blogsaverroes.juntadeandalucia.es\/ieslagranja\/files\/2021\/01\/04-Francisco-Romero-Abad.jpg\" alt=\"\" width=\"284\" height=\"425\" srcset=\"https:\/\/blogsaverroes.juntadeandalucia.es\/ieslagranja\/files\/2021\/01\/04-Francisco-Romero-Abad.jpg 284w, https:\/\/blogsaverroes.juntadeandalucia.es\/ieslagranja\/files\/2021\/01\/04-Francisco-Romero-Abad-200x300.jpg 200w, https:\/\/blogsaverroes.juntadeandalucia.es\/ieslagranja\/files\/2021\/01\/04-Francisco-Romero-Abad-16x24.jpg 16w, https:\/\/blogsaverroes.juntadeandalucia.es\/ieslagranja\/files\/2021\/01\/04-Francisco-Romero-Abad-24x36.jpg 24w, https:\/\/blogsaverroes.juntadeandalucia.es\/ieslagranja\/files\/2021\/01\/04-Francisco-Romero-Abad-32x48.jpg 32w\" sizes=\"(max-width: 284px) 100vw, 284px\" \/><\/a> <a href=\"https:\/\/blogsaverroes.juntadeandalucia.es\/ieslagranja\/files\/2021\/01\/05-Carlos-Ruiz.jpg\"><img loading=\"lazy\" decoding=\"async\" class=\"alignnone size-full wp-image-2646\" src=\"https:\/\/blogsaverroes.juntadeandalucia.es\/ieslagranja\/files\/2021\/01\/05-Carlos-Ruiz.jpg\" alt=\"\" width=\"284\" height=\"425\" srcset=\"https:\/\/blogsaverroes.juntadeandalucia.es\/ieslagranja\/files\/2021\/01\/05-Carlos-Ruiz.jpg 284w, https:\/\/blogsaverroes.juntadeandalucia.es\/ieslagranja\/files\/2021\/01\/05-Carlos-Ruiz-200x300.jpg 200w, https:\/\/blogsaverroes.juntadeandalucia.es\/ieslagranja\/files\/2021\/01\/05-Carlos-Ruiz-16x24.jpg 16w, https:\/\/blogsaverroes.juntadeandalucia.es\/ieslagranja\/files\/2021\/01\/05-Carlos-Ruiz-24x36.jpg 24w, https:\/\/blogsaverroes.juntadeandalucia.es\/ieslagranja\/files\/2021\/01\/05-Carlos-Ruiz-32x48.jpg 32w\" sizes=\"(max-width: 284px) 100vw, 284px\" \/><\/a> <a href=\"https:\/\/blogsaverroes.juntadeandalucia.es\/ieslagranja\/files\/2021\/01\/06-Adoracion-Dominguez.jpg\"><img loading=\"lazy\" decoding=\"async\" class=\"alignnone size-full wp-image-2647\" src=\"https:\/\/blogsaverroes.juntadeandalucia.es\/ieslagranja\/files\/2021\/01\/06-Adoracion-Dominguez.jpg\" alt=\"\" width=\"284\" height=\"425\" srcset=\"https:\/\/blogsaverroes.juntadeandalucia.es\/ieslagranja\/files\/2021\/01\/06-Adoracion-Dominguez.jpg 284w, https:\/\/blogsaverroes.juntadeandalucia.es\/ieslagranja\/files\/2021\/01\/06-Adoracion-Dominguez-200x300.jpg 200w, https:\/\/blogsaverroes.juntadeandalucia.es\/ieslagranja\/files\/2021\/01\/06-Adoracion-Dominguez-16x24.jpg 16w, https:\/\/blogsaverroes.juntadeandalucia.es\/ieslagranja\/files\/2021\/01\/06-Adoracion-Dominguez-24x36.jpg 24w, https:\/\/blogsaverroes.juntadeandalucia.es\/ieslagranja\/files\/2021\/01\/06-Adoracion-Dominguez-32x48.jpg 32w\" sizes=\"(max-width: 284px) 100vw, 284px\" \/><\/a> <a href=\"https:\/\/blogsaverroes.juntadeandalucia.es\/ieslagranja\/files\/2021\/01\/07-Tomas-Romero.jpg\"><img loading=\"lazy\" decoding=\"async\" class=\"alignnone size-full wp-image-2648\" src=\"https:\/\/blogsaverroes.juntadeandalucia.es\/ieslagranja\/files\/2021\/01\/07-Tomas-Romero.jpg\" alt=\"\" width=\"284\" height=\"425\" srcset=\"https:\/\/blogsaverroes.juntadeandalucia.es\/ieslagranja\/files\/2021\/01\/07-Tomas-Romero.jpg 284w, https:\/\/blogsaverroes.juntadeandalucia.es\/ieslagranja\/files\/2021\/01\/07-Tomas-Romero-200x300.jpg 200w, https:\/\/blogsaverroes.juntadeandalucia.es\/ieslagranja\/files\/2021\/01\/07-Tomas-Romero-16x24.jpg 16w, https:\/\/blogsaverroes.juntadeandalucia.es\/ieslagranja\/files\/2021\/01\/07-Tomas-Romero-24x36.jpg 24w, https:\/\/blogsaverroes.juntadeandalucia.es\/ieslagranja\/files\/2021\/01\/07-Tomas-Romero-32x48.jpg 32w\" sizes=\"(max-width: 284px) 100vw, 284px\" \/><\/a> <a href=\"https:\/\/blogsaverroes.juntadeandalucia.es\/ieslagranja\/files\/2021\/01\/08-Manuel-del-Rosal.jpg\"><img loading=\"lazy\" decoding=\"async\" class=\"alignnone size-full wp-image-2649\" src=\"https:\/\/blogsaverroes.juntadeandalucia.es\/ieslagranja\/files\/2021\/01\/08-Manuel-del-Rosal.jpg\" alt=\"\" width=\"284\" height=\"425\" srcset=\"https:\/\/blogsaverroes.juntadeandalucia.es\/ieslagranja\/files\/2021\/01\/08-Manuel-del-Rosal.jpg 284w, https:\/\/blogsaverroes.juntadeandalucia.es\/ieslagranja\/files\/2021\/01\/08-Manuel-del-Rosal-200x300.jpg 200w, https:\/\/blogsaverroes.juntadeandalucia.es\/ieslagranja\/files\/2021\/01\/08-Manuel-del-Rosal-16x24.jpg 16w, https:\/\/blogsaverroes.juntadeandalucia.es\/ieslagranja\/files\/2021\/01\/08-Manuel-del-Rosal-24x36.jpg 24w, https:\/\/blogsaverroes.juntadeandalucia.es\/ieslagranja\/files\/2021\/01\/08-Manuel-del-Rosal-32x48.jpg 32w\" sizes=\"(max-width: 284px) 100vw, 284px\" \/><\/a> <a href=\"https:\/\/blogsaverroes.juntadeandalucia.es\/ieslagranja\/files\/2021\/01\/09-Antonio-Navarro.jpg\"><img loading=\"lazy\" decoding=\"async\" class=\"alignnone size-full wp-image-2650\" src=\"https:\/\/blogsaverroes.juntadeandalucia.es\/ieslagranja\/files\/2021\/01\/09-Antonio-Navarro.jpg\" alt=\"\" width=\"284\" height=\"425\" srcset=\"https:\/\/blogsaverroes.juntadeandalucia.es\/ieslagranja\/files\/2021\/01\/09-Antonio-Navarro.jpg 284w, https:\/\/blogsaverroes.juntadeandalucia.es\/ieslagranja\/files\/2021\/01\/09-Antonio-Navarro-200x300.jpg 200w, https:\/\/blogsaverroes.juntadeandalucia.es\/ieslagranja\/files\/2021\/01\/09-Antonio-Navarro-16x24.jpg 16w, https:\/\/blogsaverroes.juntadeandalucia.es\/ieslagranja\/files\/2021\/01\/09-Antonio-Navarro-24x36.jpg 24w, https:\/\/blogsaverroes.juntadeandalucia.es\/ieslagranja\/files\/2021\/01\/09-Antonio-Navarro-32x48.jpg 32w\" sizes=\"(max-width: 284px) 100vw, 284px\" \/><\/a> <a href=\"https:\/\/blogsaverroes.juntadeandalucia.es\/ieslagranja\/files\/2021\/01\/10-Juan-Pedro-Lopez.jpg\"><img loading=\"lazy\" decoding=\"async\" class=\"alignnone size-full wp-image-2651\" src=\"https:\/\/blogsaverroes.juntadeandalucia.es\/ieslagranja\/files\/2021\/01\/10-Juan-Pedro-Lopez.jpg\" alt=\"\" width=\"283\" height=\"425\" srcset=\"https:\/\/blogsaverroes.juntadeandalucia.es\/ieslagranja\/files\/2021\/01\/10-Juan-Pedro-Lopez.jpg 283w, https:\/\/blogsaverroes.juntadeandalucia.es\/ieslagranja\/files\/2021\/01\/10-Juan-Pedro-Lopez-200x300.jpg 200w, https:\/\/blogsaverroes.juntadeandalucia.es\/ieslagranja\/files\/2021\/01\/10-Juan-Pedro-Lopez-16x24.jpg 16w, https:\/\/blogsaverroes.juntadeandalucia.es\/ieslagranja\/files\/2021\/01\/10-Juan-Pedro-Lopez-24x36.jpg 24w, https:\/\/blogsaverroes.juntadeandalucia.es\/ieslagranja\/files\/2021\/01\/10-Juan-Pedro-Lopez-32x48.jpg 32w\" sizes=\"(max-width: 283px) 100vw, 283px\" \/><\/a> <a href=\"https:\/\/blogsaverroes.juntadeandalucia.es\/ieslagranja\/files\/2021\/01\/11-Antonio-Ledesma.jpg\"><img loading=\"lazy\" decoding=\"async\" class=\"alignnone size-full wp-image-2652\" src=\"https:\/\/blogsaverroes.juntadeandalucia.es\/ieslagranja\/files\/2021\/01\/11-Antonio-Ledesma.jpg\" alt=\"\" width=\"283\" height=\"425\" srcset=\"https:\/\/blogsaverroes.juntadeandalucia.es\/ieslagranja\/files\/2021\/01\/11-Antonio-Ledesma.jpg 283w, https:\/\/blogsaverroes.juntadeandalucia.es\/ieslagranja\/files\/2021\/01\/11-Antonio-Ledesma-200x300.jpg 200w, https:\/\/blogsaverroes.juntadeandalucia.es\/ieslagranja\/files\/2021\/01\/11-Antonio-Ledesma-16x24.jpg 16w, https:\/\/blogsaverroes.juntadeandalucia.es\/ieslagranja\/files\/2021\/01\/11-Antonio-Ledesma-24x36.jpg 24w, https:\/\/blogsaverroes.juntadeandalucia.es\/ieslagranja\/files\/2021\/01\/11-Antonio-Ledesma-32x48.jpg 32w\" sizes=\"(max-width: 283px) 100vw, 283px\" \/><\/a> <a href=\"https:\/\/blogsaverroes.juntadeandalucia.es\/ieslagranja\/files\/2021\/01\/12-Jose-Luis-Esteban.jpg\"><img loading=\"lazy\" decoding=\"async\" class=\"alignnone size-full wp-image-2653\" src=\"https:\/\/blogsaverroes.juntadeandalucia.es\/ieslagranja\/files\/2021\/01\/12-Jose-Luis-Esteban.jpg\" alt=\"\" width=\"283\" height=\"425\" srcset=\"https:\/\/blogsaverroes.juntadeandalucia.es\/ieslagranja\/files\/2021\/01\/12-Jose-Luis-Esteban.jpg 283w, https:\/\/blogsaverroes.juntadeandalucia.es\/ieslagranja\/files\/2021\/01\/12-Jose-Luis-Esteban-200x300.jpg 200w, https:\/\/blogsaverroes.juntadeandalucia.es\/ieslagranja\/files\/2021\/01\/12-Jose-Luis-Esteban-16x24.jpg 16w, https:\/\/blogsaverroes.juntadeandalucia.es\/ieslagranja\/files\/2021\/01\/12-Jose-Luis-Esteban-24x36.jpg 24w, https:\/\/blogsaverroes.juntadeandalucia.es\/ieslagranja\/files\/2021\/01\/12-Jose-Luis-Esteban-32x48.jpg 32w\" sizes=\"(max-width: 283px) 100vw, 283px\" \/><\/a><\/p>\n<\/div>\n<\/div>\n","protected":false},"excerpt":{"rendered":"<p>En esta secci\u00f3n os presentamos dos joyas de nuestra peque\u00f1a historia desde los a\u00f1os 70. La primera de ellas es una cronolog\u00eda elaborada por D\u00f1a. Adoraci\u00f3n Dom\u00ednguez, antigua directora de nuestro Instituto. Se trata&#46;&#46;&#46;<\/p>\n","protected":false},"author":11116,"featured_media":0,"parent":0,"menu_order":0,"comment_status":"closed","ping_status":"closed","template":"","meta":{"ngg_post_thumbnail":0,"footnotes":"","_mc_calendar":[]},"aioseo_notices":[],"_links":{"self":[{"href":"https:\/\/blogsaverroes.juntadeandalucia.es\/ieslagranja\/wp-json\/wp\/v2\/pages\/2639"}],"collection":[{"href":"https:\/\/blogsaverroes.juntadeandalucia.es\/ieslagranja\/wp-json\/wp\/v2\/pages"}],"about":[{"href":"https:\/\/blogsaverroes.juntadeandalucia.es\/ieslagranja\/wp-json\/wp\/v2\/types\/page"}],"author":[{"embeddable":true,"href":"https:\/\/blogsaverroes.juntadeandalucia.es\/ieslagranja\/wp-json\/wp\/v2\/users\/11116"}],"replies":[{"embeddable":true,"href":"https:\/\/blogsaverroes.juntadeandalucia.es\/ieslagranja\/wp-json\/wp\/v2\/comments?post=2639"}],"version-history":[{"count":10,"href":"https:\/\/blogsaverroes.juntadeandalucia.es\/ieslagranja\/wp-json\/wp\/v2\/pages\/2639\/revisions"}],"predecessor-version":[{"id":7703,"href":"https:\/\/blogsaverroes.juntadeandalucia.es\/ieslagranja\/wp-json\/wp\/v2\/pages\/2639\/revisions\/7703"}],"wp:attachment":[{"href":"https:\/\/blogsaverroes.juntadeandalucia.es\/ieslagranja\/wp-json\/wp\/v2\/media?parent=2639"}],"curies":[{"name":"wp","href":"https:\/\/api.w.org\/{rel}","templated":true}]}}