{"id":2689,"date":"2021-02-02T09:49:51","date_gmt":"2021-02-02T07:49:51","guid":{"rendered":"https:\/\/blogsaverroes.juntadeandalucia.es\/ieslagranja\/?page_id=2689"},"modified":"2025-12-03T20:19:59","modified_gmt":"2025-12-03T18:19:59","slug":"criterios-de-evaluacion-4o-eso","status":"publish","type":"page","link":"https:\/\/blogsaverroes.juntadeandalucia.es\/ieslagranja\/criterios-de-evaluacion-4o-eso\/","title":{"rendered":"Criterios de evaluaci\u00f3n 4\u00ba ESO"},"content":{"rendered":"<p>En esta p\u00e1gina encontrar\u00e1s los criterios de evaluaci\u00f3n de las asignaturas de 4\u00ba ESO para el curso 2025-26.<\/p>\n<p>Pulsa sobre cada enlace para verlas:<\/p>\n<p>&#8211; <a href=\"https:\/\/blogsaverroes.juntadeandalucia.es\/ieslagranja\/files\/2025\/12\/Criterios-Matematicas-A-4oESO-25-26.pdf\">Matem\u00e1ticas A<\/a>&nbsp;y <a href=\"https:\/\/blogsaverroes.juntadeandalucia.es\/ieslagranja\/files\/2025\/12\/Criterios-Matematicas-B-4oESO-25-26.pdf\">Matem\u00e1ticas B<\/a>.<\/p>\n<p>&#8211; <a href=\"https:\/\/blogsaverroes.juntadeandalucia.es\/ieslagranja\/files\/2025\/12\/COMPETENCIAS-CRITERIOS-4o-ESO.docx.pdf\">Lengua Castellana y Literatura<\/a>.<\/p>\n<p>&#8211; <a href=\"https:\/\/blogsaverroes.juntadeandalucia.es\/ieslagranja\/files\/2025\/12\/CRITERIOS-CALIFICACION-ByG-25_26.pdf\">Biolog\u00eda y Geolog\u00eda<\/a>.<\/p>\n<p>&#8211; <a href=\"https:\/\/blogsaverroes.juntadeandalucia.es\/ieslagranja\/files\/2025\/12\/CRITERIOS-CALIFICACION-FYQ-25-26.pdf\">F\u00edsica y Qu\u00edmica<\/a>.<\/p>\n<p>&#8211; <a href=\"https:\/\/blogsaverroes.juntadeandalucia.es\/ieslagranja\/files\/2025\/12\/Criterios-Calificacion-4o.odt\">Geograf\u00eda e Historia<\/a>.<\/p>\n<p>&#8211; <a href=\"https:\/\/blogsaverroes.juntadeandalucia.es\/ieslagranja\/files\/2025\/12\/4o-ESO-Y-DIVER-CRITERIOS-CALIFICACION-2025-2026.pdf\">Ingl\u00e9s<\/a>.<\/p>\n<p>&#8211; <a href=\"https:\/\/blogsaverroes.juntadeandalucia.es\/ieslagranja\/files\/2025\/12\/CRITERIOS-CALIFICACION-4o-ESO-25-26.pdf\">Franc\u00e9s<\/a>.<\/p>\n<p>&#8211; <a href=\"https:\/\/blogsaverroes.juntadeandalucia.es\/ieslagranja\/files\/2025\/12\/Criterios-de-calificacion-4o-ESO-Expresion-Plastica-1.pdf\">Expresi\u00f3n Pl\u00e1stica<\/a>.<\/p>\n<p>&#8211; <a href=\"https:\/\/blogsaverroes.juntadeandalucia.es\/ieslagranja\/files\/2025\/12\/Criterios-de-evaluacion-4o-ESO-Dibujo-tecnico-1.pdf\">Dibujo T\u00e9cnico<\/a>.<\/p>\n<p>&#8211; <a href=\"https:\/\/blogsaverroes.juntadeandalucia.es\/ieslagranja\/files\/2025\/12\/CRITERIOS-DE-CALIFICACION-ESO.pdf\">Educaci\u00f3n F\u00edsica<\/a>.<\/p>\n<p>&nbsp;&#8211; <a href=\"https:\/\/blogsaverroes.juntadeandalucia.es\/ieslagranja\/files\/2025\/12\/Criterios-de-calificacion-Departamento-de-filosofia-25-26.pdf\">Filosof\u00eda<\/a>.&nbsp;<\/p>\n<p>&#8211; <a href=\"https:\/\/blogsaverroes.juntadeandalucia.es\/ieslagranja\/files\/2025\/12\/Musica-4o-ESO-2.docx\">M\u00fasica<\/a>.<\/p>\n<p>&#8211; <a href=\"https:\/\/blogsaverroes.juntadeandalucia.es\/ieslagranja\/files\/2025\/12\/CRITERIOS-DE-CALIFICACION-25-26.docx\">Tecnolog\u00eda<\/a>.<\/p>\n<p>&#8211; Formaci\u00f3n y Orientaci\u00f3n Personal y Profesional.<\/p>\n<p>&#8211; <a href=\"https:\/\/blogsaverroes.juntadeandalucia.es\/ieslagranja\/files\/2025\/12\/Criterios-Economia-para-la-web.docx.pdf\">Econom\u00eda y Emprendimiento<\/a>.<\/p>\n<p>&#8211; <a href=\"https:\/\/blogsaverroes.juntadeandalucia.es\/ieslagranja\/files\/2025\/12\/Criterios-de-evaluacion-Latin-4o.docx.pdf\">Lat\u00edn<\/a>.<\/p>\n<p>&#8211; <a href=\"https:\/\/blogsaverroes.juntadeandalucia.es\/ieslagranja\/files\/2025\/12\/Criterios-de-calificacion-Departamento-de-filosofia-25-26.pdf\">Atenci\u00f3n Educativa<\/a>.<\/p>\n<p>&#8211; <a href=\"https:\/\/blogsaverroes.juntadeandalucia.es\/ieslagranja\/files\/2025\/12\/CRITERIOS-CALIFICACION-ByG-25_26.pdf\">Cultura Cient\u00edfica<\/a>.<\/p>\n<p>&#8211; <a href=\"https:\/\/blogsaverroes.juntadeandalucia.es\/ieslagranja\/files\/2025\/12\/CRITERIOS-DE-CALIFICACION-25-26.docx\">Digitalizaci\u00f3n<\/a>.<\/p>\n<p>&#8211; <a href=\"https:\/\/blogsaverroes.juntadeandalucia.es\/ieslagranja\/files\/2025\/12\/Criterios-de-calificacion-Departamento-de-filosofia-25-26.pdf\">Aprendizaje Social y Emocional.<\/a><\/p>\n<p>&#8211; <a href=\"https:\/\/blogsaverroes.juntadeandalucia.es\/ieslagranja\/files\/2025\/12\/4o-ESO-Y-DIVER-CRITERIOS-CALIFICACION-2025-2026.pdf\">\u00c1mbito Socio-Ling\u00fc\u00edstico (Diversificaci\u00f3n)<\/a>.<\/p>\n<p>&#8211; <a href=\"https:\/\/blogsaverroes.juntadeandalucia.es\/ieslagranja\/files\/2025\/12\/CRITERIOS-CALIFICACION-FYQ-25-26.pdf\">\u00c1mbito Cient\u00edfico-Tecnol\u00f3gico (Diversificaci\u00f3n)<\/a>.<\/p>\n","protected":false},"excerpt":{"rendered":"<p>En esta p\u00e1gina encontrar\u00e1s los criterios de evaluaci\u00f3n de las asignaturas de 4\u00ba ESO para el curso 2025-26. Pulsa sobre cada enlace para verlas: &#8211; Matem\u00e1ticas A&nbsp;y Matem\u00e1ticas B. &#8211; Lengua Castellana y Literatura.&#46;&#46;&#46;<\/p>\n","protected":false},"author":11116,"featured_media":0,"parent":0,"menu_order":0,"comment_status":"closed","ping_status":"closed","template":"","meta":{"ngg_post_thumbnail":0,"footnotes":"","_mc_calendar":[]},"aioseo_notices":[],"_links":{"self":[{"href":"https:\/\/blogsaverroes.juntadeandalucia.es\/ieslagranja\/wp-json\/wp\/v2\/pages\/2689"}],"collection":[{"href":"https:\/\/blogsaverroes.juntadeandalucia.es\/ieslagranja\/wp-json\/wp\/v2\/pages"}],"about":[{"href":"https:\/\/blogsaverroes.juntadeandalucia.es\/ieslagranja\/wp-json\/wp\/v2\/types\/page"}],"author":[{"embeddable":true,"href":"https:\/\/blogsaverroes.juntadeandalucia.es\/ieslagranja\/wp-json\/wp\/v2\/users\/11116"}],"replies":[{"embeddable":true,"href":"https:\/\/blogsaverroes.juntadeandalucia.es\/ieslagranja\/wp-json\/wp\/v2\/comments?post=2689"}],"version-history":[{"count":38,"href":"https:\/\/blogsaverroes.juntadeandalucia.es\/ieslagranja\/wp-json\/wp\/v2\/pages\/2689\/revisions"}],"predecessor-version":[{"id":12227,"href":"https:\/\/blogsaverroes.juntadeandalucia.es\/ieslagranja\/wp-json\/wp\/v2\/pages\/2689\/revisions\/12227"}],"wp:attachment":[{"href":"https:\/\/blogsaverroes.juntadeandalucia.es\/ieslagranja\/wp-json\/wp\/v2\/media?parent=2689"}],"curies":[{"name":"wp","href":"https:\/\/api.w.org\/{rel}","templated":true}]}}