{"id":2692,"date":"2021-02-02T09:50:40","date_gmt":"2021-02-02T07:50:40","guid":{"rendered":"https:\/\/blogsaverroes.juntadeandalucia.es\/ieslagranja\/?page_id=2692"},"modified":"2025-12-03T20:08:57","modified_gmt":"2025-12-03T18:08:57","slug":"criterios-de-evaluacion-1o-bachillerato","status":"publish","type":"page","link":"https:\/\/blogsaverroes.juntadeandalucia.es\/ieslagranja\/criterios-de-evaluacion-1o-bachillerato\/","title":{"rendered":"Criterios de evaluaci\u00f3n 1\u00ba Bachillerato"},"content":{"rendered":"<div class=\"pre-article\">\n<p>En esta p\u00e1gina encontrar\u00e1s los criterios de evaluaci\u00f3n de las asignaturas de 1\u00ba de Bachillerato para el curso 2025\/26.<\/p>\n<p>Pulsa sobre cada enlace para verlas:<\/p>\n<p>&#8211; <a href=\"https:\/\/blogsaverroes.juntadeandalucia.es\/ieslagranja\/files\/2025\/12\/criterios-de-calificacion-1o-bto.odt\">Historia del Mundo Contempor\u00e1neo<\/a>.<\/p>\n<p>&#8211; <a href=\"https:\/\/blogsaverroes.juntadeandalucia.es\/ieslagranja\/files\/2025\/12\/CRITERIOS-CALIFICACION-ByG-25_26.pdf\">Biolog\u00eda, Geolog\u00eda y Ciencias Ambientales<\/a>.<\/p>\n<p>&#8211; <a href=\"https:\/\/blogsaverroes.juntadeandalucia.es\/ieslagranja\/files\/2025\/12\/CRITERIOS-CALIFICACION-ByG-25_26.pdf\">Anatom\u00eda Aplicada.<\/a><\/p>\n<p>&#8211; <a href=\"https:\/\/blogsaverroes.juntadeandalucia.es\/ieslagranja\/files\/2025\/12\/Criterios-de-evaluacion-2o-Bachillerato-Dibujo-tecnico-1.pdf\">Dibujo T\u00e9cnico<\/a>.<\/p>\n<p>&#8211; <a href=\"https:\/\/blogsaverroes.juntadeandalucia.es\/ieslagranja\/files\/2025\/12\/Criterios-de-calificacion-Departamento-de-filosofia-25-26.pdf\">Educaci\u00f3n Para la Convivencia Democr\u00e1tica<\/a>.<\/p>\n<p>&#8211; <a href=\"https:\/\/blogsaverroes.juntadeandalucia.es\/ieslagranja\/files\/2025\/12\/Criterios-Economia-para-la-web.docx.pdf\">Econom\u00eda<\/a>.<\/p>\n<p>&#8211; <a href=\"https:\/\/blogsaverroes.juntadeandalucia.es\/ieslagranja\/files\/2025\/12\/Criterios-Economia-para-la-web.docx.pdf\">Cultura Emprendedora y Empresarial<\/a>.<\/p>\n<p>&#8211; <a href=\"https:\/\/blogsaverroes.juntadeandalucia.es\/ieslagranja\/files\/2025\/12\/CRITERIOS-DE-CALIFICACION-BACHILLERATO.pdf\">Educaci\u00f3n F\u00edsica<\/a>.<\/p>\n<p>&#8211; <a href=\"https:\/\/blogsaverroes.juntadeandalucia.es\/ieslagranja\/files\/2025\/12\/CRITERIOS-CALIFICACION-FYQ-25-26.pdf\">F\u00edsica y Qu\u00edmica<\/a>.<\/p>\n<p>&#8211; <a href=\"https:\/\/blogsaverroes.juntadeandalucia.es\/ieslagranja\/files\/2025\/12\/Criterios-de-calificacion-Departamento-de-filosofia-25-26.pdf\">Filosof\u00eda<\/a>.<\/p>\n<p>&#8211; <a href=\"https:\/\/blogsaverroes.juntadeandalucia.es\/ieslagranja\/files\/2025\/12\/1o-BACH-1.pdf\">Ingl\u00e9s<\/a>.<\/p>\n<p>&#8211; <a href=\"https:\/\/blogsaverroes.juntadeandalucia.es\/ieslagranja\/files\/2025\/12\/CRITERIOS-CALIFICACION-1oBTO-25-26.pdf\">Franc\u00e9s<\/a>.<\/p>\n<p>&#8211; <a href=\"https:\/\/blogsaverroes.juntadeandalucia.es\/ieslagranja\/files\/2025\/12\/Criterios-de-Evaluacion-de-1o-de-BTO-GRIEGO.docx.pdf\">Griego<\/a>.<\/p>\n<p>&#8211; <a href=\"https:\/\/blogsaverroes.juntadeandalucia.es\/ieslagranja\/files\/2025\/12\/Criterios-de-Evaluacion-de-1o-de-BTO-LATIN.docx.pdf\">Lat\u00edn<\/a>.<\/p>\n<p>&#8211; <a href=\"https:\/\/blogsaverroes.juntadeandalucia.es\/ieslagranja\/files\/2025\/12\/Criterios-LCL-1-Bachillerato.pdf\">Lengua Castellana y Literatura<\/a>.<\/p>\n<p>&#8211; <a href=\"https:\/\/blogsaverroes.juntadeandalucia.es\/ieslagranja\/files\/2025\/12\/Criterios-y-calificacion-Literatura-Universal.pdf\">Literatura Universal<\/a>.<\/p>\n<p>&#8211; <a href=\"https:\/\/blogsaverroes.juntadeandalucia.es\/ieslagranja\/files\/2025\/12\/Criterios-Matematicas-I-1oBTO-25-26.pdf\">Matem\u00e1ticas I<\/a>.<\/p>\n<p>&#8211; <a href=\"https:\/\/blogsaverroes.juntadeandalucia.es\/ieslagranja\/files\/2025\/12\/Criterios-Matematicas-CCSS-I-1oBTO-25-26.pdf\">Matem\u00e1ticas Aplicadas a las CC. Sociales I<\/a>.<\/p>\n<p>&#8211; <a href=\"https:\/\/blogsaverroes.juntadeandalucia.es\/ieslagranja\/files\/2025\/12\/Criterios-de-calificacion-Patrimonio-1o-Bach.odt\">Patrimonio Natural y Cultural de Andaluc\u00eda<\/a>.<\/p>\n<p>&#8211; <a href=\"https:\/\/blogsaverroes.juntadeandalucia.es\/ieslagranja\/files\/2025\/12\/CRITERIOS-DE-CALIFICACION-25-26.docx\">Tecnolog\u00eda e Ingenier\u00eda<\/a>.<\/p>\n<p>&#8211; <a href=\"https:\/\/blogsaverroes.juntadeandalucia.es\/ieslagranja\/files\/2025\/12\/CRITERIOS-DE-CALIFICACION-25-26.docx\">TIC<\/a>.<\/p>\n<p>&#8211; <a href=\"https:\/\/blogsaverroes.juntadeandalucia.es\/ieslagranja\/files\/2025\/12\/CRITERIOS-DE-CALIFICACION-25-26.docx\">Creaci\u00f3n Digital y Pensamiento Computacional<\/a>.&nbsp;<\/p>\n<\/div>\n","protected":false},"excerpt":{"rendered":"<p>En esta p\u00e1gina encontrar\u00e1s los criterios de evaluaci\u00f3n de las asignaturas de 1\u00ba de Bachillerato para el curso 2025\/26. Pulsa sobre cada enlace para verlas: &#8211; Historia del Mundo Contempor\u00e1neo. &#8211; Biolog\u00eda, Geolog\u00eda y&#46;&#46;&#46;<\/p>\n","protected":false},"author":11116,"featured_media":0,"parent":0,"menu_order":0,"comment_status":"closed","ping_status":"closed","template":"","meta":{"ngg_post_thumbnail":0,"footnotes":"","_mc_calendar":[]},"aioseo_notices":[],"_links":{"self":[{"href":"https:\/\/blogsaverroes.juntadeandalucia.es\/ieslagranja\/wp-json\/wp\/v2\/pages\/2692"}],"collection":[{"href":"https:\/\/blogsaverroes.juntadeandalucia.es\/ieslagranja\/wp-json\/wp\/v2\/pages"}],"about":[{"href":"https:\/\/blogsaverroes.juntadeandalucia.es\/ieslagranja\/wp-json\/wp\/v2\/types\/page"}],"author":[{"embeddable":true,"href":"https:\/\/blogsaverroes.juntadeandalucia.es\/ieslagranja\/wp-json\/wp\/v2\/users\/11116"}],"replies":[{"embeddable":true,"href":"https:\/\/blogsaverroes.juntadeandalucia.es\/ieslagranja\/wp-json\/wp\/v2\/comments?post=2692"}],"version-history":[{"count":39,"href":"https:\/\/blogsaverroes.juntadeandalucia.es\/ieslagranja\/wp-json\/wp\/v2\/pages\/2692\/revisions"}],"predecessor-version":[{"id":12223,"href":"https:\/\/blogsaverroes.juntadeandalucia.es\/ieslagranja\/wp-json\/wp\/v2\/pages\/2692\/revisions\/12223"}],"wp:attachment":[{"href":"https:\/\/blogsaverroes.juntadeandalucia.es\/ieslagranja\/wp-json\/wp\/v2\/media?parent=2692"}],"curies":[{"name":"wp","href":"https:\/\/api.w.org\/{rel}","templated":true}]}}