{"id":2694,"date":"2021-02-02T09:51:39","date_gmt":"2021-02-02T07:51:39","guid":{"rendered":"https:\/\/blogsaverroes.juntadeandalucia.es\/ieslagranja\/?page_id=2694"},"modified":"2025-12-03T19:51:15","modified_gmt":"2025-12-03T17:51:15","slug":"criterios-de-evaluacion-2o-bachillerato","status":"publish","type":"page","link":"https:\/\/blogsaverroes.juntadeandalucia.es\/ieslagranja\/criterios-de-evaluacion-2o-bachillerato\/","title":{"rendered":"Criterios de evaluaci\u00f3n 2\u00ba Bachillerato"},"content":{"rendered":"<p>En esta p\u00e1gina encontrar\u00e1s los criterios de evaluaci\u00f3n de las asignaturas de 2\u00ba de Bachillerato para el curso 2025\/26.<\/p>\n<p>Pulsa sobre cada enlace para verlas:<\/p>\n<p>&#8211; <a href=\"https:\/\/blogsaverroes.juntadeandalucia.es\/ieslagranja\/files\/2025\/12\/CRITERIOS-DECALIFICACION-AFSYS.pdf\">Actividad F\u00edsica, Salud y Sociedad<\/a>.<\/p>\n<p>&#8211; <a href=\"https:\/\/blogsaverroes.juntadeandalucia.es\/ieslagranja\/files\/2025\/12\/CRITERIOS-CALIFICACION-ByG-25_26.pdf\">Biolog\u00eda<\/a>.<\/p>\n<p>&#8211; <a href=\"https:\/\/blogsaverroes.juntadeandalucia.es\/ieslagranja\/files\/2025\/12\/Criterios-Economia-para-la-web.docx.pdf\">Empresa y Modelo de Dise\u00f1o de Negocios<\/a>.<\/p>\n<p>&#8211; <a href=\"https:\/\/blogsaverroes.juntadeandalucia.es\/ieslagranja\/files\/2025\/12\/Criterios-Economia-para-la-web.docx.pdf\">Fundamentos de Administraci\u00f3n y Gesti\u00f3n<\/a>.<\/p>\n<p>&#8211; <a href=\"https:\/\/blogsaverroes.juntadeandalucia.es\/ieslagranja\/files\/2025\/12\/Criterios-de-calificacion-Departamento-de-filosofia-25-26.pdf\">Historia de la Filosof\u00eda<\/a>.<\/p>\n<p>&#8211; <a href=\"https:\/\/blogsaverroes.juntadeandalucia.es\/ieslagranja\/files\/2025\/12\/CRITERIOS-CALIFICACION-FYQ-25-26.pdf\">F\u00edsica<\/a>.<\/p>\n<p>&#8211; <a href=\"https:\/\/blogsaverroes.juntadeandalucia.es\/ieslagranja\/files\/2025\/12\/CRITERIOS-CALIFICACION-2oBTO-25-26.pdf\">Franc\u00e9s<\/a>.<\/p>\n<p>&#8211; <a href=\"https:\/\/blogsaverroes.juntadeandalucia.es\/ieslagranja\/files\/2025\/12\/criterios-de-calificacion-de-Geografia.odt\">Geograf\u00eda<\/a>.<\/p>\n<p>&#8211; <a href=\"https:\/\/blogsaverroes.juntadeandalucia.es\/ieslagranja\/files\/2025\/12\/Criterios-de-evaluacion-Griego-2o-de-BTO.docx.pdf\">Griego<\/a>.<\/p>\n<p>&#8211; <a href=\"https:\/\/blogsaverroes.juntadeandalucia.es\/ieslagranja\/files\/2025\/12\/Criterios-de-calificacion-Historia-de-Espana.odt\">Historia de Espa\u00f1a<\/a>.<\/p>\n<p>&#8211; <a href=\"https:\/\/blogsaverroes.juntadeandalucia.es\/ieslagranja\/files\/2025\/12\/criterios-calificacion-arte.odt\">Historia del Arte<\/a>.<\/p>\n<p>&#8211; <a href=\"https:\/\/blogsaverroes.juntadeandalucia.es\/ieslagranja\/files\/2025\/12\/2o-BACH-1.pdf\">Ingl\u00e9s<\/a>.<\/p>\n<p>&#8211; <a href=\"https:\/\/blogsaverroes.juntadeandalucia.es\/ieslagranja\/files\/2025\/12\/Criterios-de-evaluacion-Latin-2o-de-BTO.docx.pdf\">Lat\u00edn<\/a>.<\/p>\n<p>&#8211; <a href=\"https:\/\/blogsaverroes.juntadeandalucia.es\/ieslagranja\/files\/2025\/12\/Criterios-de-evaluacion-y-competencias-2o-Bachillerato.pdf\">Lengua Castellana y Literatura<\/a>.<\/p>\n<p>&#8211; <a href=\"https:\/\/blogsaverroes.juntadeandalucia.es\/ieslagranja\/files\/2025\/12\/Criterios-Matematicas-II-2oBTO-25-26.pdf\">Matem\u00e1ticas II<\/a>.<\/p>\n<p>&#8211; <a href=\"https:\/\/blogsaverroes.juntadeandalucia.es\/ieslagranja\/files\/2025\/12\/Criterios-Matematicas-CCSS-II-2oBTO-25-26.pdf\">Matem\u00e1ticas Aplicadas a las CC. Sociales II<\/a>.<\/p>\n<p>&#8211; <a href=\"https:\/\/blogsaverroes.juntadeandalucia.es\/ieslagranja\/files\/2025\/12\/Criterios-de-Evaluacion-2o-de-BTO-MITOLOGIA-.docx.pdf\">Mitolog\u00eda<\/a>.<\/p>\n<p>&#8211; <a href=\"https:\/\/blogsaverroes.juntadeandalucia.es\/ieslagranja\/files\/2025\/12\/Criterios-de-calificacion-Departamento-de-filosofia-25-26.pdf\">Psicolog\u00eda<\/a>.<\/p>\n<p>&#8211; <a href=\"https:\/\/blogsaverroes.juntadeandalucia.es\/ieslagranja\/files\/2025\/12\/CRITERIOS-CALIFICACION-FYQ-25-26.pdf\">Proyectos Transversales de Educaci\u00f3n en Valores<\/a>.<\/p>\n<p>&#8211; <a href=\"https:\/\/blogsaverroes.juntadeandalucia.es\/ieslagranja\/files\/2025\/12\/CRITERIOS-CALIFICACION-FYQ-25-26.pdf\">Qu\u00edmica<\/a>.<\/p>\n<p>&#8211; <a href=\"https:\/\/blogsaverroes.juntadeandalucia.es\/ieslagranja\/files\/2025\/12\/CRITERIOS-DE-CALIFICACION-25-26.docx\">Tecnolog\u00eda e Ingenier\u00eda II<\/a>.<\/p>\n","protected":false},"excerpt":{"rendered":"<p>En esta p\u00e1gina encontrar\u00e1s los criterios de evaluaci\u00f3n de las asignaturas de 2\u00ba de Bachillerato para el curso 2025\/26. Pulsa sobre cada enlace para verlas: &#8211; Actividad F\u00edsica, Salud y Sociedad. &#8211; Biolog\u00eda. &#8211;&#46;&#46;&#46;<\/p>\n","protected":false},"author":11116,"featured_media":0,"parent":0,"menu_order":0,"comment_status":"closed","ping_status":"closed","template":"","meta":{"ngg_post_thumbnail":0,"footnotes":"","_mc_calendar":[]},"aioseo_notices":[],"_links":{"self":[{"href":"https:\/\/blogsaverroes.juntadeandalucia.es\/ieslagranja\/wp-json\/wp\/v2\/pages\/2694"}],"collection":[{"href":"https:\/\/blogsaverroes.juntadeandalucia.es\/ieslagranja\/wp-json\/wp\/v2\/pages"}],"about":[{"href":"https:\/\/blogsaverroes.juntadeandalucia.es\/ieslagranja\/wp-json\/wp\/v2\/types\/page"}],"author":[{"embeddable":true,"href":"https:\/\/blogsaverroes.juntadeandalucia.es\/ieslagranja\/wp-json\/wp\/v2\/users\/11116"}],"replies":[{"embeddable":true,"href":"https:\/\/blogsaverroes.juntadeandalucia.es\/ieslagranja\/wp-json\/wp\/v2\/comments?post=2694"}],"version-history":[{"count":30,"href":"https:\/\/blogsaverroes.juntadeandalucia.es\/ieslagranja\/wp-json\/wp\/v2\/pages\/2694\/revisions"}],"predecessor-version":[{"id":12217,"href":"https:\/\/blogsaverroes.juntadeandalucia.es\/ieslagranja\/wp-json\/wp\/v2\/pages\/2694\/revisions\/12217"}],"wp:attachment":[{"href":"https:\/\/blogsaverroes.juntadeandalucia.es\/ieslagranja\/wp-json\/wp\/v2\/media?parent=2694"}],"curies":[{"name":"wp","href":"https:\/\/api.w.org\/{rel}","templated":true}]}}