{"id":2701,"date":"2021-02-02T09:55:40","date_gmt":"2021-02-02T07:55:40","guid":{"rendered":"https:\/\/blogsaverroes.juntadeandalucia.es\/ieslagranja\/?page_id=2701"},"modified":"2026-02-09T10:12:17","modified_gmt":"2026-02-09T08:12:17","slug":"criterios-evaluacion-fpb","status":"publish","type":"page","link":"https:\/\/blogsaverroes.juntadeandalucia.es\/ieslagranja\/criterios-evaluacion-fpb\/","title":{"rendered":"Criterios de evaluaci\u00f3n FGB"},"content":{"rendered":"<p>Criterios de calificaci\u00f3n FGB Jardiner\u00eda: (Actualizaci\u00f3n 2025-2026):<\/p>\n<table style=\"width: 100%;height: 323px\" border=\"0\">\n<tbody>\n<tr style=\"height: 23px\">\n<td style=\"height: 23px;width: 8.44687%\">CURSO<\/td>\n<td style=\"height: 23px;width: 90.5995%\">M\u00d3DULO<\/td>\n<\/tr>\n<tr style=\"height: 23px\">\n<td style=\"height: 139px;width: 8.44687%\" rowspan=\"6\">1\u00ba<\/td>\n<td style=\"height: 23px;width: 90.5995%\"><a href=\"https:\/\/blogsaverroes.juntadeandalucia.es\/ieslagranja\/files\/2026\/01\/OPERACIONES-AUXILIARES-DE-PREPARACION-DEL-TERRENO-PLANTACION-Y-SIEMBRA-DE-CULTIVOS.pdf\">Operaciones auxiliares de preparaci\u00f3n del terreno, plantaci\u00f3n y siembra de cultivo<\/a>.<\/td>\n<\/tr>\n<tr style=\"height: 23px\">\n<td style=\"height: 23px;width: 90.5995%\"><a href=\"https:\/\/blogsaverroes.juntadeandalucia.es\/ieslagranja\/files\/2026\/02\/Operaciones-Basicas-de-instalacion-de-jardines-parques-y-zonas-verdes.pdf\">Operaciones b\u00e1sicas de instalaci\u00f3n de jardines, parques y zonas verdes<\/a>.<\/td>\n<\/tr>\n<tr style=\"height: 47px\">\n<td style=\"height: 47px;width: 90.5995%\"><a href=\"https:\/\/blogsaverroes.juntadeandalucia.es\/ieslagranja\/files\/2026\/01\/OPERACIONES-BASICAS-DE-PRODUCCION-Y-MANTENIMIENTO-DE-PLANTAS.pdf\">Operaciones b\u00e1sicas de producci\u00f3n y mantenimiento de plantas en viveros y centros de jardiner\u00eda<\/a>.<\/td>\n<\/tr>\n<tr>\n<td style=\"width: 90.5995%\"><a href=\"https:\/\/blogsaverroes.juntadeandalucia.es\/ieslagranja\/files\/2026\/01\/IPE-GRADO-BASICO.pdf\">IPE&nbsp;<\/a><\/td>\n<\/tr>\n<tr style=\"height: 23px\">\n<td style=\"width: 90.5995%;height: 23px\"><a href=\"https:\/\/blogsaverroes.juntadeandalucia.es\/ieslagranja\/files\/2026\/01\/CRITERIOS-CALIFICACION-FYQ-25-26.pdf\">\u00c1mbito Cient\u00edfico<\/a><\/td>\n<\/tr>\n<tr style=\"height: 23px\">\n<td style=\"width: 90.5995%;height: 23px\"><a href=\"https:\/\/blogsaverroes.juntadeandalucia.es\/ieslagranja\/files\/2026\/01\/FPB1-CRITERIOS-ESPECIFICOS-DE-EVALUACION-2025-2026.pdf\">\u00c1mbito Socioling\u00fc\u00edstico<\/a><\/td>\n<\/tr>\n<tr style=\"height: 23px\">\n<td style=\"height: 161px;width: 8.44687%\" rowspan=\"7\">2\u00ba<\/td>\n<td style=\"height: 23px;width: 90.5995%\"><a href=\"https:\/\/blogsaverroes.juntadeandalucia.es\/ieslagranja\/files\/2026\/01\/ACTIVIDADES-DE-RIEGO-ABONADO-Y-TRATAMIENTO-DE-CULTIVOS.pdf\">Actividades de riego, abonado y tratamientos de cultivos<\/a>.<\/td>\n<\/tr>\n<tr style=\"height: 23px\">\n<td style=\"height: 23px;width: 90.5995%\"><a href=\"https:\/\/blogsaverroes.juntadeandalucia.es\/ieslagranja\/files\/2026\/01\/MATERILES-DE-FLORISTERIA.pdf\">Materiales de florister\u00eda<\/a>.<\/td>\n<\/tr>\n<tr style=\"height: 23px\">\n<td style=\"height: 23px;width: 90.5995%\"><a href=\"https:\/\/blogsaverroes.juntadeandalucia.es\/ieslagranja\/files\/2026\/01\/OPERACIONES-AUXILIARES-EN-ELABORACION-CON-FLORES-Y-PLANTAS.pdf\">Operaciones auxiliares en la elaboraci\u00f3n de composiciones con flores y plantas<\/a>.<\/td>\n<\/tr>\n<tr style=\"height: 23px\">\n<td style=\"height: 23px;width: 90.5995%\"><a href=\"https:\/\/blogsaverroes.juntadeandalucia.es\/ieslagranja\/files\/2026\/01\/OPERACIONES-BASICAS-PARA-EL-MANTENIMIENTO-DE-JARDINES-PARQUES-Y-ZONAS-VERDES.pdf\">Operaciones b\u00e1sicas para el mantenimiento de jardines, parques y zonas verdes<\/a>.<\/td>\n<\/tr>\n<tr style=\"height: 23px\">\n<td style=\"height: 23px;width: 90.5995%\"><a href=\"https:\/\/blogsaverroes.juntadeandalucia.es\/ieslagranja\/files\/2026\/01\/PROYECTO-INTERMODULAR.pdf\">Proyecto intermodular<\/a>.<\/td>\n<\/tr>\n<tr style=\"height: 23px\">\n<td style=\"height: 23px;width: 90.5995%\"><a href=\"https:\/\/blogsaverroes.juntadeandalucia.es\/ieslagranja\/files\/2026\/01\/CRITERIOS-CALIFICACION-ByG-25_26.pdf\">\u00c1mbito Cient\u00edfico<\/a><\/td>\n<\/tr>\n<tr style=\"height: 23px\">\n<td style=\"height: 23px;width: 90.5995%\"><a href=\"https:\/\/blogsaverroes.juntadeandalucia.es\/ieslagranja\/files\/2026\/01\/FPB2-CRITERIOS-ESPECIFICOS-DE-EVALUACION-2025-2026.pdf\">\u00c1mbito Socioling\u00fc\u00edstico<\/a><\/td>\n<\/tr>\n<\/tbody>\n<\/table>\n<p>&nbsp;<\/p>\n","protected":false},"excerpt":{"rendered":"<p>Criterios de calificaci\u00f3n FGB Jardiner\u00eda: (Actualizaci\u00f3n 2025-2026): CURSO M\u00d3DULO 1\u00ba Operaciones auxiliares de preparaci\u00f3n del terreno, plantaci\u00f3n y siembra de cultivo. Operaciones b\u00e1sicas de instalaci\u00f3n de jardines, parques y zonas verdes. Operaciones b\u00e1sicas de&#46;&#46;&#46;<\/p>\n","protected":false},"author":11116,"featured_media":0,"parent":0,"menu_order":0,"comment_status":"closed","ping_status":"closed","template":"","meta":{"ngg_post_thumbnail":0,"footnotes":"","_mc_calendar":[]},"aioseo_notices":[],"_links":{"self":[{"href":"https:\/\/blogsaverroes.juntadeandalucia.es\/ieslagranja\/wp-json\/wp\/v2\/pages\/2701"}],"collection":[{"href":"https:\/\/blogsaverroes.juntadeandalucia.es\/ieslagranja\/wp-json\/wp\/v2\/pages"}],"about":[{"href":"https:\/\/blogsaverroes.juntadeandalucia.es\/ieslagranja\/wp-json\/wp\/v2\/types\/page"}],"author":[{"embeddable":true,"href":"https:\/\/blogsaverroes.juntadeandalucia.es\/ieslagranja\/wp-json\/wp\/v2\/users\/11116"}],"replies":[{"embeddable":true,"href":"https:\/\/blogsaverroes.juntadeandalucia.es\/ieslagranja\/wp-json\/wp\/v2\/comments?post=2701"}],"version-history":[{"count":16,"href":"https:\/\/blogsaverroes.juntadeandalucia.es\/ieslagranja\/wp-json\/wp\/v2\/pages\/2701\/revisions"}],"predecessor-version":[{"id":12608,"href":"https:\/\/blogsaverroes.juntadeandalucia.es\/ieslagranja\/wp-json\/wp\/v2\/pages\/2701\/revisions\/12608"}],"wp:attachment":[{"href":"https:\/\/blogsaverroes.juntadeandalucia.es\/ieslagranja\/wp-json\/wp\/v2\/media?parent=2701"}],"curies":[{"name":"wp","href":"https:\/\/api.w.org\/{rel}","templated":true}]}}