{"id":2711,"date":"2021-02-02T13:33:19","date_gmt":"2021-02-02T11:33:19","guid":{"rendered":"https:\/\/blogsaverroes.juntadeandalucia.es\/ieslagranja\/?page_id=2711"},"modified":"2026-01-20T17:53:49","modified_gmt":"2026-01-20T15:53:49","slug":"criterios-de-evaluacion","status":"publish","type":"page","link":"https:\/\/blogsaverroes.juntadeandalucia.es\/ieslagranja\/criterios-de-evaluacion\/","title":{"rendered":"Criterios de evaluaci\u00f3n Jardiner\u00eda"},"content":{"rendered":"<p>Criterios de calificaci\u00f3n CFGM Jardiner\u00eda: (Actualizaci\u00f3n 2025-26):<\/p>\n<table style=\"width: 87.3392%;height: 440px\" border=\"0\">\n<tbody>\n<tr style=\"height: 24px\">\n<td style=\"width: 21.0526%;text-align: center;height: 24px\">CURSO<\/td>\n<td style=\"width: 170.461%;text-align: center;height: 24px\">M\u00d3DULO<\/td>\n<\/tr>\n<tr style=\"height: 24px\">\n<td style=\"width: 21.0526%;text-align: center;height: 235px\" rowspan=\"9\">1\u00ba<\/td>\n<td style=\"width: 170.461%;height: 24px;text-align: left\"><a href=\"https:\/\/blogsaverroes.juntadeandalucia.es\/ieslagranja\/files\/2026\/01\/COMPOSICIONES-FLORALES-Y-CON-PLANTAS.pdf\">Composiciones con Flores y con Plantas<\/a><\/td>\n<\/tr>\n<tr style=\"height: 48px\">\n<td style=\"width: 170.461%;height: 34px;text-align: left\"><a href=\"https:\/\/blogsaverroes.juntadeandalucia.es\/ieslagranja\/files\/2026\/01\/DIGITALIZACION-JARDINERIA.pdf\">Digitalizaci\u00f3n Agraria<\/a><\/td>\n<\/tr>\n<tr style=\"height: 24px\">\n<td style=\"width: 170.461%;height: 24px;text-align: left\"><a href=\"https:\/\/blogsaverroes.juntadeandalucia.es\/ieslagranja\/files\/2026\/01\/INFRAESTRUCTURAS-E-INSTALACIONES-AGRICOLAS-JARDINERIA.pdf\">Infraestructuras e Instalaciones Agrarias<\/a><\/td>\n<\/tr>\n<tr style=\"height: 24px\">\n<td style=\"width: 170.461%;text-align: left;height: 24px\"><a href=\"https:\/\/blogsaverroes.juntadeandalucia.es\/ieslagranja\/files\/2026\/01\/IPE-I-JARDINERIA.pdf\">IPE I<\/a><\/td>\n<\/tr>\n<tr style=\"height: 48px\">\n<td style=\"width: 170.461%;height: 33px;text-align: left\"><a href=\"https:\/\/blogsaverroes.juntadeandalucia.es\/ieslagranja\/files\/2026\/01\/PRINCIPIOS-DE-SANIDAD-VEGETAL-JARDINERIA.pdf\">Principios de Sanidad Vegetal<\/a><\/td>\n<\/tr>\n<tr style=\"height: 24px\">\n<td style=\"width: 170.461%;height: 24px;text-align: left\"><a href=\"https:\/\/blogsaverroes.juntadeandalucia.es\/ieslagranja\/files\/2026\/01\/PRODUCCION-PLANTES-Y-TEPES-EN-VIVEROS.pdf\">Producci\u00f3n de Plantas y Tepes en Vivero<\/a><\/td>\n<\/tr>\n<tr style=\"height: 24px\">\n<td style=\"width: 170.461%;height: 24px;text-align: left\"><a href=\"https:\/\/blogsaverroes.juntadeandalucia.es\/ieslagranja\/files\/2026\/01\/SOSTENIBILIDAD-JARDINERIA.pdf\">Sostenibilidad Agraria<\/a><\/td>\n<\/tr>\n<tr style=\"height: 24px\">\n<td style=\"width: 170.461%;text-align: left;height: 24px\"><a href=\"https:\/\/blogsaverroes.juntadeandalucia.es\/ieslagranja\/files\/2026\/01\/FUNDAMENTOS-AGRONOMICOS-JARDINERIA.pdf\">Fundamentos Agron\u00f3micos<\/a><\/td>\n<\/tr>\n<tr style=\"height: 24px\">\n<td style=\"width: 170.461%;height: 24px;text-align: left\"><a href=\"https:\/\/blogsaverroes.juntadeandalucia.es\/ieslagranja\/files\/2026\/01\/TALLER-Y-EQUIPO-DE-TRACCION-JARDINERIA.pdf\">Taller y Equipos de Tracci\u00f3n<\/a><\/td>\n<\/tr>\n<tr style=\"height: 24px\">\n<td style=\"width: 21.0526%;text-align: center;height: 181px\" rowspan=\"7\">2\u00ba<\/td>\n<td style=\"width: 170.461%;height: 24px;text-align: left\"><a href=\"https:\/\/blogsaverroes.juntadeandalucia.es\/ieslagranja\/files\/2026\/01\/ESTABLECIMIENTOS-DE-FLORISTERIA.pdf\">Establecimientos de Florister\u00eda<\/a><\/td>\n<\/tr>\n<tr style=\"height: 48px\">\n<td style=\"width: 170.461%;height: 28px;text-align: left\"><a href=\"https:\/\/blogsaverroes.juntadeandalucia.es\/ieslagranja\/files\/2026\/01\/IPE-II-JARDINERIA.pdf\">IPE II<\/a><\/td>\n<\/tr>\n<tr style=\"height: 48px\">\n<td style=\"width: 170.461%;height: 33px;text-align: left\"><a href=\"https:\/\/blogsaverroes.juntadeandalucia.es\/ieslagranja\/files\/2026\/01\/INGLES-PROFESIONAL-JARDINERIA.pdf\">Ingl\u00e9s Profesional<\/a><\/td>\n<\/tr>\n<tr style=\"height: 24px\">\n<td style=\"width: 170.461%;height: 24px;text-align: left\"><a href=\"https:\/\/blogsaverroes.juntadeandalucia.es\/ieslagranja\/files\/2026\/01\/IMPLANTACION-DE-JARDINES-Y-ZONAS-VERDES.pdf\">Implantaci\u00f3n de Jardines y Zonas Verdes<\/a><\/td>\n<\/tr>\n<tr style=\"height: 24px\">\n<td style=\"width: 170.461%;height: 24px;text-align: left\"><a href=\"https:\/\/blogsaverroes.juntadeandalucia.es\/ieslagranja\/files\/2026\/01\/MANTENIMIENTO-Y-MEJORA-DE-JARDINES-Y-ZONAS-VERDES.pdf\">Mantenimiento y Mejora de Jardines y Zonas Verdes<\/a><\/td>\n<\/tr>\n<tr style=\"height: 24px\">\n<td style=\"width: 170.461%;text-align: left;height: 24px\"><a href=\"https:\/\/blogsaverroes.juntadeandalucia.es\/ieslagranja\/files\/2026\/01\/TECNICAS-DE-VENTA-EN-JARDINERIA-Y-FLORISTERIA.pdf\">T\u00e9cnicas de Venta<\/a><\/td>\n<\/tr>\n<tr style=\"height: 24px\">\n<td style=\"width: 170.461%;height: 24px;text-align: left\"><a href=\"https:\/\/blogsaverroes.juntadeandalucia.es\/ieslagranja\/files\/2026\/01\/OPTATIVA-JARDINERIA.pdf\">Optativa<\/a><\/td>\n<\/tr>\n<\/tbody>\n<\/table>\n","protected":false},"excerpt":{"rendered":"<p>Criterios de calificaci\u00f3n CFGM Jardiner\u00eda: (Actualizaci\u00f3n 2025-26): CURSO M\u00d3DULO 1\u00ba Composiciones con Flores y con Plantas Digitalizaci\u00f3n Agraria Infraestructuras e Instalaciones Agrarias IPE I Principios de Sanidad Vegetal Producci\u00f3n de Plantas y Tepes en&#46;&#46;&#46;<\/p>\n","protected":false},"author":11116,"featured_media":0,"parent":0,"menu_order":0,"comment_status":"closed","ping_status":"closed","template":"","meta":{"ngg_post_thumbnail":0,"footnotes":"","_mc_calendar":[]},"aioseo_notices":[],"_links":{"self":[{"href":"https:\/\/blogsaverroes.juntadeandalucia.es\/ieslagranja\/wp-json\/wp\/v2\/pages\/2711"}],"collection":[{"href":"https:\/\/blogsaverroes.juntadeandalucia.es\/ieslagranja\/wp-json\/wp\/v2\/pages"}],"about":[{"href":"https:\/\/blogsaverroes.juntadeandalucia.es\/ieslagranja\/wp-json\/wp\/v2\/types\/page"}],"author":[{"embeddable":true,"href":"https:\/\/blogsaverroes.juntadeandalucia.es\/ieslagranja\/wp-json\/wp\/v2\/users\/11116"}],"replies":[{"embeddable":true,"href":"https:\/\/blogsaverroes.juntadeandalucia.es\/ieslagranja\/wp-json\/wp\/v2\/comments?post=2711"}],"version-history":[{"count":15,"href":"https:\/\/blogsaverroes.juntadeandalucia.es\/ieslagranja\/wp-json\/wp\/v2\/pages\/2711\/revisions"}],"predecessor-version":[{"id":12528,"href":"https:\/\/blogsaverroes.juntadeandalucia.es\/ieslagranja\/wp-json\/wp\/v2\/pages\/2711\/revisions\/12528"}],"wp:attachment":[{"href":"https:\/\/blogsaverroes.juntadeandalucia.es\/ieslagranja\/wp-json\/wp\/v2\/media?parent=2711"}],"curies":[{"name":"wp","href":"https:\/\/api.w.org\/{rel}","templated":true}]}}