{"id":2715,"date":"2021-02-02T13:43:13","date_gmt":"2021-02-02T11:43:13","guid":{"rendered":"https:\/\/blogsaverroes.juntadeandalucia.es\/ieslagranja\/?page_id=2715"},"modified":"2026-01-20T17:39:48","modified_gmt":"2026-01-20T15:39:48","slug":"criterios-de-evaluacion-2","status":"publish","type":"page","link":"https:\/\/blogsaverroes.juntadeandalucia.es\/ieslagranja\/criterios-de-evaluacion-2\/","title":{"rendered":"Criterios de evaluaci\u00f3n PED"},"content":{"rendered":"<p>Criterios de Evaluaci\u00f3n del Ciclo Formativo. (Actualizado curso 2025-26)<\/p>\n<table style=\"width: 60.5542%;height: 384px\" summary=\"Modulos\">\n<thead>\n<tr style=\"height: 24px\">\n<th id=\"columna1\" style=\"height: 24px\">1\u00ba CURSO: PROGRAMACIONES M\u00d3DULOS PROFESIONALES<\/th>\n<th id=\"columna2\" style=\"height: 24px\">&nbsp;<\/th>\n<\/tr>\n<\/thead>\n<tbody>\n<tr style=\"height: 24px\">\n<td style=\"height: 24px\" headers=\"columna1\">1.- <a href=\"https:\/\/blogsaverroes.juntadeandalucia.es\/ieslagranja\/files\/2025\/12\/DIGITALIZACION-EDIFICACION.pdf\">Digitalizaci\u00f3n aplicada a los sectores productivos<\/a><\/td>\n<td style=\"height: 24px\" headers=\"columna2\">&nbsp;<\/td>\n<\/tr>\n<tr style=\"height: 24px\">\n<td style=\"height: 24px\" headers=\"columna1\">2.- <a href=\"https:\/\/blogsaverroes.juntadeandalucia.es\/ieslagranja\/files\/2025\/12\/DISENO-Y-CONSTRUCCION-DE-EDIFICIOS.pdf\">Dise\u00f1o y construcci\u00f3n de edificios<\/a><\/td>\n<td style=\"height: 24px\" headers=\"columna2\">&nbsp;<\/td>\n<\/tr>\n<tr style=\"height: 24px\">\n<td style=\"height: 24px\" headers=\"columna1\">3.- <a href=\"https:\/\/blogsaverroes.juntadeandalucia.es\/ieslagranja\/files\/2026\/01\/ESTRUCTURAS-DE-CONSTRUCCION.pdf\">Estructuras de construcci\u00f3n<\/a><\/td>\n<td style=\"height: 24px\" headers=\"columna2\">&nbsp;<\/td>\n<\/tr>\n<tr style=\"height: 24px\">\n<td style=\"height: 24px\" headers=\"columna1\">4.- <a href=\"https:\/\/blogsaverroes.juntadeandalucia.es\/ieslagranja\/files\/2025\/12\/INSTALACIONES-EN-CONSTRUCCION.pdf\">Instalaciones en edificaci\u00f3n<\/a><\/td>\n<td style=\"height: 24px\" headers=\"columna2\">&nbsp;<\/td>\n<\/tr>\n<tr style=\"height: 24px\">\n<td style=\"height: 24px\" headers=\"columna2\">5.- <a href=\"https:\/\/blogsaverroes.juntadeandalucia.es\/ieslagranja\/files\/2025\/12\/IPE-I-25-26-EDIFICACION.pdf\">IPE<\/a><\/td>\n<td style=\"height: 24px\" headers=\"columna2\">&nbsp;<\/td>\n<\/tr>\n<tr style=\"height: 24px\">\n<td style=\"height: 24px\" headers=\"columna1\">6.- <a href=\"https:\/\/blogsaverroes.juntadeandalucia.es\/ieslagranja\/files\/2026\/01\/REPLANTEOS-DE-CONSTRUCCION.pdf\">Replanteos de construcci\u00f3n<\/a><\/td>\n<td style=\"height: 24px\" headers=\"columna2\">&nbsp;<\/td>\n<\/tr>\n<tr style=\"height: 24px\">\n<td style=\"height: 24px\" headers=\"columna1\">7.- <a href=\"https:\/\/blogsaverroes.juntadeandalucia.es\/ieslagranja\/files\/2025\/12\/REPRESENTACIONES-DE-CONSTRUCCION.pdf\">Representaci\u00f3n de construcci\u00f3n<\/a><\/td>\n<td style=\"height: 24px\" headers=\"columna2\">&nbsp;<\/td>\n<\/tr>\n<tr style=\"height: 24px\">\n<td style=\"height: 24px\" headers=\"columna1\">8.- <a href=\"https:\/\/blogsaverroes.juntadeandalucia.es\/ieslagranja\/files\/2025\/12\/SOSTENIBILIDAD-EDIFICACION.pdf\">Sostenibilidad<\/a><\/td>\n<td style=\"height: 24px\" headers=\"columna2\">&nbsp;<\/td>\n<\/tr>\n<\/tbody>\n<\/table>\n<p>&nbsp;<\/p>\n<table style=\"width: 57.7267%;height: 240px\" summary=\"Modulos\">\n<thead>\n<tr style=\"height: 24px\">\n<th id=\"columna1\" style=\"height: 24px\">2\u00ba CURSO: PROGRAMACIONES M\u00d3DULOS PROFESIONALES<\/th>\n<\/tr>\n<\/thead>\n<tbody>\n<tr style=\"height: 24px\">\n<td style=\"height: 24px\" headers=\"columna1\">1.- <a href=\"https:\/\/blogsaverroes.juntadeandalucia.es\/ieslagranja\/files\/2025\/12\/INGLES-PROFESIONAL-EDIFICACION.pdf\">Ingl\u00e9s profesional<\/a><\/td>\n<\/tr>\n<tr style=\"height: 24px\">\n<td style=\"height: 24px\" headers=\"columna1\">2.- <a href=\"https:\/\/blogsaverroes.juntadeandalucia.es\/ieslagranja\/files\/2025\/12\/IPE-II-25-26-EDIFICACION.pdf\">IPE II<\/a><\/td>\n<\/tr>\n<tr style=\"height: 24px\">\n<td style=\"height: 24px\" headers=\"columna1\">3.- <a href=\"https:\/\/blogsaverroes.juntadeandalucia.es\/ieslagranja\/files\/2025\/12\/MEDICIONES-Y-VALORACIONES-DE-CONSTRUCCION.pdf\">Mediciones y valoraciones de construcci\u00f3n<\/a><\/td>\n<\/tr>\n<tr style=\"height: 24px\">\n<td style=\"height: 24px\" headers=\"columna1\">4.- <a href=\"https:\/\/blogsaverroes.juntadeandalucia.es\/ieslagranja\/files\/2025\/12\/PLANIFICACION-DE-LA-CONSTRUCCION.pdf\">Planificaci\u00f3n de la construcci\u00f3n<\/a><\/td>\n<\/tr>\n<tr style=\"height: 24px\">\n<td style=\"height: 24px\" headers=\"columna2\">5.- <a href=\"https:\/\/blogsaverroes.juntadeandalucia.es\/ieslagranja\/files\/2025\/12\/PROYECTO-INTERMODULAR.pdf\">Proyecto intermodular<\/a><\/td>\n<\/tr>\n<tr style=\"height: 24px\">\n<td style=\"height: 24px\" headers=\"columna1\">6.- <a href=\"https:\/\/blogsaverroes.juntadeandalucia.es\/ieslagranja\/files\/2025\/12\/REHABILIRACION-Y-CONSERVACION-DE-OBRAS-EN-CONSTRUCCION.pdf\">Rehabilitaci\u00f3n y conservaci\u00f3n de obras en construcci\u00f3n<\/a><\/td>\n<\/tr>\n<tr style=\"height: 24px\">\n<td style=\"height: 24px\">7.- <a href=\"https:\/\/blogsaverroes.juntadeandalucia.es\/ieslagranja\/files\/2026\/01\/DESARROLLO-DE-PROYECTOS-DE-EDIFICACION-NO-RESIDENCIAL.pdf\">Desarrollo de proyectos de edificaci\u00f3n no residencial<\/a>.<\/td>\n<\/tr>\n<tr style=\"height: 24px\">\n<td style=\"height: 24px\">8.- <a href=\"https:\/\/blogsaverroes.juntadeandalucia.es\/ieslagranja\/files\/2026\/01\/DESARROLLO-DE-PROYECTOS-DE-EDIFICACION-RESIDENCIAL.pdf\">Desarrollo de proyectos de edificaci\u00f3n residencial<\/a>.<\/td>\n<\/tr>\n<tr style=\"height: 24px\">\n<td style=\"height: 24px\">9.- <a href=\"https:\/\/blogsaverroes.juntadeandalucia.es\/ieslagranja\/files\/2026\/01\/EFICIENCIA-ENERGETICA.pdf\">Eficiencia energ\u00e9tica<\/a>.<\/td>\n<\/tr>\n<\/tbody>\n<\/table>\n","protected":false},"excerpt":{"rendered":"<p>Criterios de Evaluaci\u00f3n del Ciclo Formativo. (Actualizado curso 2025-26) 1\u00ba CURSO: PROGRAMACIONES M\u00d3DULOS PROFESIONALES &nbsp; 1.- Digitalizaci\u00f3n aplicada a los sectores productivos &nbsp; 2.- Dise\u00f1o y construcci\u00f3n de edificios &nbsp; 3.- Estructuras de construcci\u00f3n&#46;&#46;&#46;<\/p>\n","protected":false},"author":11116,"featured_media":0,"parent":0,"menu_order":0,"comment_status":"closed","ping_status":"closed","template":"","meta":{"ngg_post_thumbnail":0,"footnotes":"","_mc_calendar":[]},"aioseo_notices":[],"_links":{"self":[{"href":"https:\/\/blogsaverroes.juntadeandalucia.es\/ieslagranja\/wp-json\/wp\/v2\/pages\/2715"}],"collection":[{"href":"https:\/\/blogsaverroes.juntadeandalucia.es\/ieslagranja\/wp-json\/wp\/v2\/pages"}],"about":[{"href":"https:\/\/blogsaverroes.juntadeandalucia.es\/ieslagranja\/wp-json\/wp\/v2\/types\/page"}],"author":[{"embeddable":true,"href":"https:\/\/blogsaverroes.juntadeandalucia.es\/ieslagranja\/wp-json\/wp\/v2\/users\/11116"}],"replies":[{"embeddable":true,"href":"https:\/\/blogsaverroes.juntadeandalucia.es\/ieslagranja\/wp-json\/wp\/v2\/comments?post=2715"}],"version-history":[{"count":16,"href":"https:\/\/blogsaverroes.juntadeandalucia.es\/ieslagranja\/wp-json\/wp\/v2\/pages\/2715\/revisions"}],"predecessor-version":[{"id":12507,"href":"https:\/\/blogsaverroes.juntadeandalucia.es\/ieslagranja\/wp-json\/wp\/v2\/pages\/2715\/revisions\/12507"}],"wp:attachment":[{"href":"https:\/\/blogsaverroes.juntadeandalucia.es\/ieslagranja\/wp-json\/wp\/v2\/media?parent=2715"}],"curies":[{"name":"wp","href":"https:\/\/api.w.org\/{rel}","templated":true}]}}