{"id":2718,"date":"2021-02-02T13:46:05","date_gmt":"2021-02-02T11:46:05","guid":{"rendered":"https:\/\/blogsaverroes.juntadeandalucia.es\/ieslagranja\/?page_id=2718"},"modified":"2026-01-20T17:18:49","modified_gmt":"2026-01-20T15:18:49","slug":"criterios-de-evaluacion-cae","status":"publish","type":"page","link":"https:\/\/blogsaverroes.juntadeandalucia.es\/ieslagranja\/criterios-de-evaluacion-cae\/","title":{"rendered":"Criterios de evaluaci\u00f3n CAE"},"content":{"rendered":"<p>CFGM Cuidados Auxiliares de Enfermer\u00eda. Actualizado Curso 2025-26.<\/p>\n<table style=\"width: 75.741%;height: 235px\" border=\"0\">\n<tbody>\n<tr style=\"height: 24px\">\n<td style=\"height: 24px\">Curso<\/td>\n<td style=\"height: 24px\">M\u00f3dulo<\/td>\n<\/tr>\n<tr style=\"height: 48px\">\n<td style=\"height: 187px\" rowspan=\"8\">1<\/td>\n<td style=\"height: 19px\"><a href=\"https:\/\/blogsaverroes.juntadeandalucia.es\/ieslagranja\/files\/2026\/01\/FOL-CAE-25-26.pdf\">Formaci\u00f3n y Orientaci\u00f3n Laboral<\/a>.<\/td>\n<\/tr>\n<tr style=\"height: 24px\">\n<td style=\"height: 24px\"><a href=\"https:\/\/blogsaverroes.juntadeandalucia.es\/ieslagranja\/files\/2025\/12\/HIGIENE-DEL-MEDIO-HOSPITALARIO.pdf\">Higiene del medio hospitalario y limpieza del material.<\/a><\/td>\n<\/tr>\n<tr style=\"height: 24px\">\n<td style=\"height: 24px\"><a href=\"https:\/\/blogsaverroes.juntadeandalucia.es\/ieslagranja\/files\/2025\/12\/OPERACIONES-ADMINISTRATIVAS-Y-DOCUMENTACION-SANITARIA-.pdf\">Operaciones administrativas y documentaci\u00f3n sanitaria<\/a>.<\/td>\n<\/tr>\n<tr style=\"height: 24px\">\n<td style=\"height: 24px\"><a href=\"https:\/\/blogsaverroes.juntadeandalucia.es\/ieslagranja\/files\/2025\/12\/PROMOCION-DE-LA-SALUD-Y-APOYO-PSICOLOGICO-AL-PACIENTE.pdf\">Promoci\u00f3n de la salud y apoyo psicol\u00f3gico al paciente<\/a>.<\/td>\n<\/tr>\n<tr style=\"height: 24px\">\n<td style=\"height: 24px\"><a href=\"https:\/\/blogsaverroes.juntadeandalucia.es\/ieslagranja\/files\/2026\/01\/RET-CAE-25-26.pdf\">Relaciones en el Entorno de Trabajo<\/a>.<\/td>\n<\/tr>\n<tr style=\"height: 24px\">\n<td style=\"height: 24px\"><a href=\"https:\/\/blogsaverroes.juntadeandalucia.es\/ieslagranja\/files\/2025\/12\/SECTOR-DE-LA-SANIDAD-EN-ANDALUCIA.pdf\">Sector de la Sanidad en Andaluc\u00eda<\/a>.<\/td>\n<\/tr>\n<tr style=\"height: 24px\">\n<td style=\"height: 24px\"><a href=\"https:\/\/blogsaverroes.juntadeandalucia.es\/ieslagranja\/files\/2025\/12\/TECNICAS-BASICAS-DE-ENFERMERIA.pdf\">T\u00e9cnicas b\u00e1sicas de enfermer\u00eda<\/a>.<\/td>\n<\/tr>\n<tr style=\"height: 24px\">\n<td style=\"height: 24px\"><a href=\"https:\/\/blogsaverroes.juntadeandalucia.es\/ieslagranja\/files\/2025\/12\/TECNICAS-DE-AYUDA-ODONTO-ESTOMATOLOGICA.pdf\">T\u00e9cnica de ayuda odonto-estomatol\u00f3gica<\/a>.<\/td>\n<\/tr>\n<tr style=\"height: 24px\">\n<td style=\"height: 24px\">2<\/td>\n<td style=\"height: 24px\"><a href=\"https:\/\/blogsaverroes.juntadeandalucia.es\/ieslagranja\/files\/2025\/12\/FCT-CAE-25-26.pdf\">FCT y Proyecto Integrado<\/a><\/td>\n<\/tr>\n<\/tbody>\n<\/table>\n","protected":false},"excerpt":{"rendered":"<p>CFGM Cuidados Auxiliares de Enfermer\u00eda. Actualizado Curso 2025-26. Curso M\u00f3dulo 1 Formaci\u00f3n y Orientaci\u00f3n Laboral. Higiene del medio hospitalario y limpieza del material. Operaciones administrativas y documentaci\u00f3n sanitaria. Promoci\u00f3n de la salud y apoyo&#46;&#46;&#46;<\/p>\n","protected":false},"author":11116,"featured_media":0,"parent":0,"menu_order":0,"comment_status":"closed","ping_status":"closed","template":"","meta":{"ngg_post_thumbnail":0,"footnotes":"","_mc_calendar":[]},"aioseo_notices":[],"_links":{"self":[{"href":"https:\/\/blogsaverroes.juntadeandalucia.es\/ieslagranja\/wp-json\/wp\/v2\/pages\/2718"}],"collection":[{"href":"https:\/\/blogsaverroes.juntadeandalucia.es\/ieslagranja\/wp-json\/wp\/v2\/pages"}],"about":[{"href":"https:\/\/blogsaverroes.juntadeandalucia.es\/ieslagranja\/wp-json\/wp\/v2\/types\/page"}],"author":[{"embeddable":true,"href":"https:\/\/blogsaverroes.juntadeandalucia.es\/ieslagranja\/wp-json\/wp\/v2\/users\/11116"}],"replies":[{"embeddable":true,"href":"https:\/\/blogsaverroes.juntadeandalucia.es\/ieslagranja\/wp-json\/wp\/v2\/comments?post=2718"}],"version-history":[{"count":9,"href":"https:\/\/blogsaverroes.juntadeandalucia.es\/ieslagranja\/wp-json\/wp\/v2\/pages\/2718\/revisions"}],"predecessor-version":[{"id":12489,"href":"https:\/\/blogsaverroes.juntadeandalucia.es\/ieslagranja\/wp-json\/wp\/v2\/pages\/2718\/revisions\/12489"}],"wp:attachment":[{"href":"https:\/\/blogsaverroes.juntadeandalucia.es\/ieslagranja\/wp-json\/wp\/v2\/media?parent=2718"}],"curies":[{"name":"wp","href":"https:\/\/api.w.org\/{rel}","templated":true}]}}