{"id":2720,"date":"2021-02-02T13:46:52","date_gmt":"2021-02-02T11:46:52","guid":{"rendered":"https:\/\/blogsaverroes.juntadeandalucia.es\/ieslagranja\/?page_id=2720"},"modified":"2026-01-20T17:22:26","modified_gmt":"2026-01-20T15:22:26","slug":"criterios-de-evaluacion-far","status":"publish","type":"page","link":"https:\/\/blogsaverroes.juntadeandalucia.es\/ieslagranja\/criterios-de-evaluacion-far\/","title":{"rendered":"Criterios de evaluaci\u00f3n Farmacia y Parafarmacia"},"content":{"rendered":"<p>CFGM Farmacia y Parafarmacia. Actualizado Curso 2025-26.<\/p>\n<table style=\"width: 67.5541%;height: 408px\" border=\"0\">\n<tbody>\n<tr style=\"height: 24px\">\n<td style=\"height: 24px;width: 14.1207%\">Curso<\/td>\n<td style=\"height: 24px;width: 148.033%\">M\u00f3dulo<\/td>\n<\/tr>\n<tr style=\"height: 24px\">\n<td style=\"height: 216px;width: 14.1207%\" rowspan=\"9\">1<\/td>\n<td style=\"height: 24px;width: 148.033%\"><a href=\"https:\/\/blogsaverroes.juntadeandalucia.es\/ieslagranja\/files\/2025\/12\/ANATOMOFISIOLOGIA-Y-PATOLOGIA-BASICAS.pdf\">Anatom\u00eda y patolog\u00eda b\u00e1sicas<\/a>.<\/td>\n<\/tr>\n<tr style=\"height: 24px\">\n<td style=\"height: 24px;width: 148.033%\"><a href=\"https:\/\/blogsaverroes.juntadeandalucia.es\/ieslagranja\/files\/2025\/12\/DIGITALIZACION-FARMACIA.pdf\">Digitalizaci\u00f3n aplicada a los sectores productivos.<\/a><\/td>\n<\/tr>\n<tr style=\"height: 24px\">\n<td style=\"height: 24px;width: 148.033%\"><a href=\"https:\/\/blogsaverroes.juntadeandalucia.es\/ieslagranja\/files\/2025\/12\/DISPENSACION-DE-PRODUCTOS-PARAFARMACEUTICOS.pdf\">Dispensaci\u00f3n de productos parafarmac\u00e9uticos<\/a>.<\/td>\n<\/tr>\n<tr style=\"height: 24px\">\n<td style=\"height: 24px;width: 148.033%\"><a href=\"https:\/\/blogsaverroes.juntadeandalucia.es\/ieslagranja\/files\/2025\/12\/DISPOSICION-Y-VENTA-DE-PRODUCTOS.pdf\">Disposici\u00f3n y venta de productos<\/a>.<\/td>\n<\/tr>\n<tr style=\"height: 24px\">\n<td style=\"height: 24px;width: 148.033%\"><a href=\"https:\/\/blogsaverroes.juntadeandalucia.es\/ieslagranja\/files\/2025\/12\/IPE-I-FARMACIA.pdf\">IPE<\/a><\/td>\n<\/tr>\n<tr style=\"height: 24px\">\n<td style=\"height: 24px;width: 148.033%\"><a href=\"https:\/\/blogsaverroes.juntadeandalucia.es\/ieslagranja\/files\/2025\/12\/OPERACIONES-BASICAS-DE-LABORATORIO.pdf\">Operaciones b\u00e1sicas de laboratorio<\/a>.<\/td>\n<\/tr>\n<tr style=\"height: 24px\">\n<td style=\"width: 148.033%;height: 24px\"><a href=\"https:\/\/blogsaverroes.juntadeandalucia.es\/ieslagranja\/files\/2025\/12\/PRIMEROS-AUXILIOS.pdf\">Primeros auxilios<\/a>.<\/td>\n<\/tr>\n<tr style=\"height: 24px\">\n<td style=\"width: 148.033%;height: 24px\"><a href=\"https:\/\/blogsaverroes.juntadeandalucia.es\/ieslagranja\/files\/2025\/12\/PROMOCION-DE-LA-SALUD.pdf\">Promoci\u00f3n de la salud.<\/a><\/td>\n<\/tr>\n<tr style=\"height: 24px\">\n<td style=\"height: 24px;width: 148.033%\"><a href=\"https:\/\/blogsaverroes.juntadeandalucia.es\/ieslagranja\/files\/2025\/12\/SOSTENIBILIDAD-FARMACIA.pdf\">Sostenibilidad aplicada al sistema productivo<\/a>.<\/td>\n<\/tr>\n<tr style=\"height: 24px\">\n<td style=\"height: 168px;width: 14.1207%\" rowspan=\"7\">2<\/td>\n<td style=\"height: 24px;width: 148.033%\"><a href=\"https:\/\/blogsaverroes.juntadeandalucia.es\/ieslagranja\/files\/2025\/12\/IPE-II-FARMACIA.pdf\">IPE II<\/a>.<\/td>\n<\/tr>\n<tr style=\"height: 24px\">\n<td style=\"height: 24px;width: 148.033%\"><a href=\"https:\/\/blogsaverroes.juntadeandalucia.es\/ieslagranja\/files\/2025\/12\/INGLES-PROFESIONAL-FARMACIA.pdf\">Ingl\u00e9s profesional<\/a>.<\/td>\n<\/tr>\n<tr style=\"height: 24px\">\n<td style=\"width: 148.033%;height: 24px\"><a href=\"https:\/\/blogsaverroes.juntadeandalucia.es\/ieslagranja\/files\/2026\/01\/DISPENSACION-DE-PRODUCTOS-FAMACEUTICOS.pdf\">Dispensaci\u00f3n de productos farmac\u00e9uticos<\/a>.<\/td>\n<\/tr>\n<tr style=\"height: 24px\">\n<td style=\"width: 148.033%;height: 24px\"><a href=\"https:\/\/blogsaverroes.juntadeandalucia.es\/ieslagranja\/files\/2026\/01\/OFICINA-DE-FARMACIA.pdf\">Oficina de farmacia<\/a>.<\/td>\n<\/tr>\n<tr style=\"height: 24px\">\n<td style=\"width: 148.033%;height: 24px\"><a href=\"https:\/\/blogsaverroes.juntadeandalucia.es\/ieslagranja\/files\/2026\/01\/OPTATIVA-FARMACIA.pdf\">Optativa farmacia<\/a>.<\/td>\n<\/tr>\n<tr style=\"height: 24px\">\n<td style=\"height: 24px;width: 148.033%\"><a href=\"https:\/\/blogsaverroes.juntadeandalucia.es\/ieslagranja\/files\/2025\/12\/FORMULACION-MAGISTRAL.pdf\">Formulaci\u00f3n magistral<\/a>.<\/td>\n<\/tr>\n<tr style=\"height: 24px\">\n<td style=\"height: 24px;width: 148.033%\"><a href=\"https:\/\/blogsaverroes.juntadeandalucia.es\/ieslagranja\/files\/2025\/12\/PROYECTO-INTERMODULAR-FARMACIA.pdf\">Proyecto intermodular<\/a>.<\/td>\n<\/tr>\n<\/tbody>\n<\/table>\n<p>&nbsp;<\/p>\n","protected":false},"excerpt":{"rendered":"<p>CFGM Farmacia y Parafarmacia. Actualizado Curso 2025-26. Curso M\u00f3dulo 1 Anatom\u00eda y patolog\u00eda b\u00e1sicas. Digitalizaci\u00f3n aplicada a los sectores productivos. Dispensaci\u00f3n de productos parafarmac\u00e9uticos. Disposici\u00f3n y venta de productos. IPE Operaciones b\u00e1sicas de laboratorio.&#46;&#46;&#46;<\/p>\n","protected":false},"author":11116,"featured_media":0,"parent":0,"menu_order":0,"comment_status":"closed","ping_status":"closed","template":"","meta":{"ngg_post_thumbnail":0,"footnotes":"","_mc_calendar":[]},"aioseo_notices":[],"_links":{"self":[{"href":"https:\/\/blogsaverroes.juntadeandalucia.es\/ieslagranja\/wp-json\/wp\/v2\/pages\/2720"}],"collection":[{"href":"https:\/\/blogsaverroes.juntadeandalucia.es\/ieslagranja\/wp-json\/wp\/v2\/pages"}],"about":[{"href":"https:\/\/blogsaverroes.juntadeandalucia.es\/ieslagranja\/wp-json\/wp\/v2\/types\/page"}],"author":[{"embeddable":true,"href":"https:\/\/blogsaverroes.juntadeandalucia.es\/ieslagranja\/wp-json\/wp\/v2\/users\/11116"}],"replies":[{"embeddable":true,"href":"https:\/\/blogsaverroes.juntadeandalucia.es\/ieslagranja\/wp-json\/wp\/v2\/comments?post=2720"}],"version-history":[{"count":13,"href":"https:\/\/blogsaverroes.juntadeandalucia.es\/ieslagranja\/wp-json\/wp\/v2\/pages\/2720\/revisions"}],"predecessor-version":[{"id":12493,"href":"https:\/\/blogsaverroes.juntadeandalucia.es\/ieslagranja\/wp-json\/wp\/v2\/pages\/2720\/revisions\/12493"}],"wp:attachment":[{"href":"https:\/\/blogsaverroes.juntadeandalucia.es\/ieslagranja\/wp-json\/wp\/v2\/media?parent=2720"}],"curies":[{"name":"wp","href":"https:\/\/api.w.org\/{rel}","templated":true}]}}