{"id":2728,"date":"2021-02-02T13:52:53","date_gmt":"2021-02-02T11:52:53","guid":{"rendered":"https:\/\/blogsaverroes.juntadeandalucia.es\/ieslagranja\/?page_id=2728"},"modified":"2025-12-22T13:44:19","modified_gmt":"2025-12-22T11:44:19","slug":"criterios-de-evaluacion-lcb","status":"publish","type":"page","link":"https:\/\/blogsaverroes.juntadeandalucia.es\/ieslagranja\/criterios-de-evaluacion-lcb\/","title":{"rendered":"Criterios de evaluaci\u00f3n LCB"},"content":{"rendered":"<p>CFGS Laboratorio Cl\u00ednico y Biom\u00e9dico. Actualizado Curso 2025-26.<\/p>\n<table style=\"width: 61.2067%;height: 384px\" border=\"0\">\n<tbody>\n<tr style=\"height: 24px\">\n<td style=\"width: 14.9682%;height: 24px\">Curso<\/td>\n<td style=\"width: 144.268%;height: 24px\">M\u00f3dulo<\/td>\n<\/tr>\n<tr style=\"height: 24px\">\n<td style=\"width: 14.9682%;height: 168px\" rowspan=\"7\">1<\/td>\n<td style=\"width: 144.268%;height: 24px\"><a href=\"https:\/\/blogsaverroes.juntadeandalucia.es\/ieslagranja\/files\/2025\/12\/BIOLOGIA-MOLECULAR-Y-CITOGENETICA.pdf\">Biolog\u00eda molecular y citogen\u00e9tica<\/a>.<\/td>\n<\/tr>\n<tr style=\"height: 24px\">\n<td style=\"width: 144.268%;height: 24px\"><a href=\"https:\/\/blogsaverroes.juntadeandalucia.es\/ieslagranja\/files\/2025\/12\/DIGITALIZACION-LCB.pdf\">Digitalizaci\u00f3n aplicada a los sectores productivos<\/a>.<\/td>\n<\/tr>\n<tr style=\"height: 24px\">\n<td style=\"width: 144.268%;height: 24px\"><a href=\"https:\/\/blogsaverroes.juntadeandalucia.es\/ieslagranja\/files\/2025\/12\/FISIOPATOLOGIA-GENERAL.pdf\">Fisiopatolog\u00eda general<\/a>.<\/td>\n<\/tr>\n<tr style=\"height: 24px\">\n<td style=\"width: 144.268%;height: 24px\"><a href=\"https:\/\/blogsaverroes.juntadeandalucia.es\/ieslagranja\/files\/2025\/12\/GESTION-DE-MUESTRAS-BIOLOGICAS.pdf\">Gesti\u00f3n de muestras biol\u00f3gicas<\/a>.<\/td>\n<\/tr>\n<tr style=\"height: 24px\">\n<td style=\"width: 144.268%;height: 24px\"><a href=\"https:\/\/blogsaverroes.juntadeandalucia.es\/ieslagranja\/files\/2025\/12\/IPE-I-25-26-LCB.pdf\">IPE I<\/a><\/td>\n<\/tr>\n<tr style=\"height: 24px\">\n<td style=\"width: 144.268%;height: 24px\"><a href=\"https:\/\/blogsaverroes.juntadeandalucia.es\/ieslagranja\/files\/2025\/12\/SOSTENIBILIDAD-LCB.pdf\">Sostenibilidad aplicada al sistema productivo<\/a>.<\/td>\n<\/tr>\n<tr style=\"height: 24px\">\n<td style=\"width: 144.268%;height: 24px\"><a href=\"https:\/\/blogsaverroes.juntadeandalucia.es\/ieslagranja\/files\/2025\/12\/TECNICAS-GENERALES-DE-LABORATORIO.pdf\">T\u00e9cnicas generales de laboratorio<\/a>.<\/td>\n<\/tr>\n<tr style=\"height: 24px\">\n<td style=\"width: 14.9682%;height: 192px\" rowspan=\"8\">2<\/td>\n<td style=\"width: 144.268%;height: 24px\"><a href=\"https:\/\/blogsaverroes.juntadeandalucia.es\/ieslagranja\/files\/2025\/12\/ANALISIS-BIOQUIMICO.pdf\">An\u00e1lisis bioqu\u00edmico<\/a>.<\/td>\n<\/tr>\n<tr style=\"height: 24px\">\n<td style=\"width: 144.268%;height: 24px\"><a href=\"https:\/\/blogsaverroes.juntadeandalucia.es\/ieslagranja\/files\/2025\/12\/INGLES-PROFESIONAL-LABORATORIO.pdf\">Ingl\u00e9s profesional<\/a>.<\/td>\n<\/tr>\n<tr style=\"height: 24px\">\n<td style=\"width: 144.268%;height: 24px\"><a href=\"https:\/\/blogsaverroes.juntadeandalucia.es\/ieslagranja\/files\/2025\/12\/IPE-II-25-26-LCB.pdf\">IPE II<\/a><\/td>\n<\/tr>\n<tr style=\"height: 24px\">\n<td style=\"width: 144.268%;height: 24px\"><a href=\"https:\/\/blogsaverroes.juntadeandalucia.es\/ieslagranja\/files\/2025\/12\/MICROBIOLOGIA-CLINICA.pdf\">Microbiolog\u00eda cl\u00ednica<\/a>.<\/td>\n<\/tr>\n<tr style=\"height: 24px\">\n<td style=\"width: 144.268%;height: 24px\"><a href=\"https:\/\/blogsaverroes.juntadeandalucia.es\/ieslagranja\/files\/2025\/12\/PRIMEROS-AUXILIOS-EN-EL-LABORATORIO.pdf\">Primeros auxilios en el laboratorio<\/a><\/td>\n<\/tr>\n<tr style=\"height: 24px\">\n<td style=\"width: 144.268%;height: 24px\"><a href=\"https:\/\/blogsaverroes.juntadeandalucia.es\/ieslagranja\/files\/2025\/12\/PROYECTO-INTERMODULAR-LCB.pdf\">Proyecto intermodular<\/a>.<\/td>\n<\/tr>\n<tr style=\"height: 24px\">\n<td style=\"width: 144.268%;height: 24px\"><a href=\"https:\/\/blogsaverroes.juntadeandalucia.es\/ieslagranja\/files\/2025\/12\/TECNICAS-DE-ANALISIS-HEMATOLOGICO.pdf\">T\u00e9cnicas de an\u00e1lisis hematol\u00f3gico<\/a>.<\/td>\n<\/tr>\n<tr style=\"height: 24px\">\n<td style=\"width: 144.268%;height: 24px\"><a href=\"https:\/\/blogsaverroes.juntadeandalucia.es\/ieslagranja\/files\/2025\/12\/TECNICAS-DE-INMUNODIAGNOSTICO.pdf\">T\u00e9cnicas de inmunodiagn\u00f3stico<\/a>.<\/td>\n<\/tr>\n<\/tbody>\n<\/table>\n<p>&nbsp;<\/p>\n","protected":false},"excerpt":{"rendered":"<p>CFGS Laboratorio Cl\u00ednico y Biom\u00e9dico. Actualizado Curso 2025-26. Curso M\u00f3dulo 1 Biolog\u00eda molecular y citogen\u00e9tica. Digitalizaci\u00f3n aplicada a los sectores productivos. Fisiopatolog\u00eda general. Gesti\u00f3n de muestras biol\u00f3gicas. IPE I Sostenibilidad aplicada al sistema productivo.&#46;&#46;&#46;<\/p>\n","protected":false},"author":11116,"featured_media":0,"parent":0,"menu_order":0,"comment_status":"closed","ping_status":"closed","template":"","meta":{"ngg_post_thumbnail":0,"footnotes":"","_mc_calendar":[]},"aioseo_notices":[],"_links":{"self":[{"href":"https:\/\/blogsaverroes.juntadeandalucia.es\/ieslagranja\/wp-json\/wp\/v2\/pages\/2728"}],"collection":[{"href":"https:\/\/blogsaverroes.juntadeandalucia.es\/ieslagranja\/wp-json\/wp\/v2\/pages"}],"about":[{"href":"https:\/\/blogsaverroes.juntadeandalucia.es\/ieslagranja\/wp-json\/wp\/v2\/types\/page"}],"author":[{"embeddable":true,"href":"https:\/\/blogsaverroes.juntadeandalucia.es\/ieslagranja\/wp-json\/wp\/v2\/users\/11116"}],"replies":[{"embeddable":true,"href":"https:\/\/blogsaverroes.juntadeandalucia.es\/ieslagranja\/wp-json\/wp\/v2\/comments?post=2728"}],"version-history":[{"count":15,"href":"https:\/\/blogsaverroes.juntadeandalucia.es\/ieslagranja\/wp-json\/wp\/v2\/pages\/2728\/revisions"}],"predecessor-version":[{"id":12419,"href":"https:\/\/blogsaverroes.juntadeandalucia.es\/ieslagranja\/wp-json\/wp\/v2\/pages\/2728\/revisions\/12419"}],"wp:attachment":[{"href":"https:\/\/blogsaverroes.juntadeandalucia.es\/ieslagranja\/wp-json\/wp\/v2\/media?parent=2728"}],"curies":[{"name":"wp","href":"https:\/\/api.w.org\/{rel}","templated":true}]}}