{"id":2767,"date":"2021-02-08T13:42:54","date_gmt":"2021-02-08T11:42:54","guid":{"rendered":"https:\/\/blogsaverroes.juntadeandalucia.es\/ieslagranja\/?page_id=2767"},"modified":"2022-03-14T11:01:21","modified_gmt":"2022-03-14T09:01:21","slug":"cuidados-auxiliares-de-enfermeria-1400-horas","status":"publish","type":"page","link":"https:\/\/blogsaverroes.juntadeandalucia.es\/ieslagranja\/cuidados-auxiliares-de-enfermeria-1400-horas\/","title":{"rendered":"Cuidados Auxiliares de Enfermer\u00eda"},"content":{"rendered":"<p><a href=\"https:\/\/blogsaverroes.juntadeandalucia.es\/ieslagranja\/files\/2021\/04\/Instrumento-scaled.jpg\"><img loading=\"lazy\" decoding=\"async\" class=\"alignnone size-full wp-image-3133\" src=\"https:\/\/blogsaverroes.juntadeandalucia.es\/ieslagranja\/files\/2021\/04\/Instrumento-scaled.jpg\" alt=\"\" width=\"1600\" height=\"1067\" srcset=\"https:\/\/blogsaverroes.juntadeandalucia.es\/ieslagranja\/files\/2021\/04\/Instrumento-scaled.jpg 1600w, https:\/\/blogsaverroes.juntadeandalucia.es\/ieslagranja\/files\/2021\/04\/Instrumento-300x200.jpg 300w, https:\/\/blogsaverroes.juntadeandalucia.es\/ieslagranja\/files\/2021\/04\/Instrumento-1024x683.jpg 1024w, https:\/\/blogsaverroes.juntadeandalucia.es\/ieslagranja\/files\/2021\/04\/Instrumento-768x512.jpg 768w, https:\/\/blogsaverroes.juntadeandalucia.es\/ieslagranja\/files\/2021\/04\/Instrumento-1536x1024.jpg 1536w, https:\/\/blogsaverroes.juntadeandalucia.es\/ieslagranja\/files\/2021\/04\/Instrumento-2048x1365.jpg 2048w\" sizes=\"(max-width: 1600px) 100vw, 1600px\" \/><\/a><\/p>\n<p>Podr\u00e1s aplicar cuidados auxiliares de enfermer\u00eda al paciente y cuidar las condiciones sanitarias del entorno.<\/p>\n<p>Ciclo LOGSE.<\/p>\n<p>Turno de ma\u00f1ana y tarde.<\/p>\n<p><a title=\"informacion general cae\" href=\"http:\/\/www.juntadeandalucia.es\/educacion\/portals\/web\/formacion-profesional-andaluza\/fp-grado-medio\/detalle-titulo?idTitulo=324\" target=\"_blank\" rel=\"noopener noreferrer\">Acceso a los documentos relacionados con el t\u00edtulo.<\/a><\/p>\n<p><a title=\"normativa boja cuidados auxiliares\" href=\"http:\/\/www.juntadeandalucia.es\/boja\/1996\/61\/8\" target=\"_blank\" rel=\"noopener noreferrer\">Acceso a la normativa que regula las ense\u00f1anzas del Ciclo Formativo de T\u00e9cnico de Grado Medio en Cuidados Auxiliares de Enfermer\u00eda.<\/a><\/p>\n<p style=\"text-align: center\">&nbsp;<\/p>\n","protected":false},"excerpt":{"rendered":"<p>Podr\u00e1s aplicar cuidados auxiliares de enfermer\u00eda al paciente y cuidar las condiciones sanitarias del entorno. Ciclo LOGSE. Turno de ma\u00f1ana y tarde. Acceso a los documentos relacionados con el t\u00edtulo. Acceso a la normativa&#46;&#46;&#46;<\/p>\n","protected":false},"author":11116,"featured_media":0,"parent":0,"menu_order":0,"comment_status":"closed","ping_status":"closed","template":"","meta":{"ngg_post_thumbnail":0,"footnotes":"","_mc_calendar":[]},"aioseo_notices":[],"_links":{"self":[{"href":"https:\/\/blogsaverroes.juntadeandalucia.es\/ieslagranja\/wp-json\/wp\/v2\/pages\/2767"}],"collection":[{"href":"https:\/\/blogsaverroes.juntadeandalucia.es\/ieslagranja\/wp-json\/wp\/v2\/pages"}],"about":[{"href":"https:\/\/blogsaverroes.juntadeandalucia.es\/ieslagranja\/wp-json\/wp\/v2\/types\/page"}],"author":[{"embeddable":true,"href":"https:\/\/blogsaverroes.juntadeandalucia.es\/ieslagranja\/wp-json\/wp\/v2\/users\/11116"}],"replies":[{"embeddable":true,"href":"https:\/\/blogsaverroes.juntadeandalucia.es\/ieslagranja\/wp-json\/wp\/v2\/comments?post=2767"}],"version-history":[{"count":4,"href":"https:\/\/blogsaverroes.juntadeandalucia.es\/ieslagranja\/wp-json\/wp\/v2\/pages\/2767\/revisions"}],"predecessor-version":[{"id":5126,"href":"https:\/\/blogsaverroes.juntadeandalucia.es\/ieslagranja\/wp-json\/wp\/v2\/pages\/2767\/revisions\/5126"}],"wp:attachment":[{"href":"https:\/\/blogsaverroes.juntadeandalucia.es\/ieslagranja\/wp-json\/wp\/v2\/media?parent=2767"}],"curies":[{"name":"wp","href":"https:\/\/api.w.org\/{rel}","templated":true}]}}