{"id":2775,"date":"2021-02-08T14:00:30","date_gmt":"2021-02-08T12:00:30","guid":{"rendered":"https:\/\/blogsaverroes.juntadeandalucia.es\/ieslagranja\/?page_id=2775"},"modified":"2023-09-20T21:53:17","modified_gmt":"2023-09-20T19:53:17","slug":"realizacion-de-proyectos-audiovisuales-y-espectaculos","status":"publish","type":"page","link":"https:\/\/blogsaverroes.juntadeandalucia.es\/ieslagranja\/realizacion-de-proyectos-audiovisuales-y-espectaculos\/","title":{"rendered":"Realizaci\u00f3n de Proyectos Audiovisuales y Espect\u00e1culos"},"content":{"rendered":"<p>Podr\u00e1s coordinar el desarrollo de la realizaci\u00f3n de programas audiovisuales, participar en los procesos de montaje\/edici\u00f3n y post-producci\u00f3n de audiovisuales. Ciclo LOE. Sustituye al anterior Ciclo LOGSE (Realizaci\u00f3n de Audiovisuales y Espect\u00e1culos).<\/p>\n<p>Turnos de ma\u00f1ana y tarde.<\/p>\n<p><a title=\"informacion general realizacion proyectos audiovisuales\" href=\"http:\/\/www.juntadeandalucia.es\/educacion\/portals\/web\/formacion-profesional-andaluza\/fp-grado-superior\/detalle-titulo?idTitulo=101\" target=\"_blank\" rel=\"noopener noreferrer\">Acceso a la informaci\u00f3n general sobre este&nbsp;Ciclo Formativo.<\/a><\/p>\n<p><a title=\"normativa boja rpae\" href=\"https:\/\/portals.ced.junta-andalucia.es\/educacion\/portals\/galion\/ORD\/ORD_101.pdf\" target=\"_blank\" rel=\"noopener noreferrer\">Acceso a la normativa BOJA que regula las ense\u00f1anzas del Ciclo de T\u00e9cnico Superior en Realizaci\u00f3n de Proyectos de Audiovisuales y Espect\u00e1culos.<\/a><\/p>\n<p style=\"text-align: center\"><a href=\"https:\/\/blogsaverroes.juntadeandalucia.es\/ieslagranja\/files\/2021\/02\/realizacion-audiovisuales.jpg\"><img loading=\"lazy\" decoding=\"async\" class=\"alignnone size-full wp-image-2778\" src=\"https:\/\/blogsaverroes.juntadeandalucia.es\/ieslagranja\/files\/2021\/02\/realizacion-audiovisuales.jpg\" alt=\"\" width=\"217\" height=\"141\"><\/a><\/p>\n","protected":false},"excerpt":{"rendered":"<p>Podr\u00e1s coordinar el desarrollo de la realizaci\u00f3n de programas audiovisuales, participar en los procesos de montaje\/edici\u00f3n y post-producci\u00f3n de audiovisuales. Ciclo LOE. Sustituye al anterior Ciclo LOGSE (Realizaci\u00f3n de Audiovisuales y Espect\u00e1culos). Turnos de&#46;&#46;&#46;<\/p>\n","protected":false},"author":11116,"featured_media":2778,"parent":0,"menu_order":0,"comment_status":"closed","ping_status":"closed","template":"","meta":{"ngg_post_thumbnail":0,"footnotes":"","_mc_calendar":[]},"aioseo_notices":[],"_links":{"self":[{"href":"https:\/\/blogsaverroes.juntadeandalucia.es\/ieslagranja\/wp-json\/wp\/v2\/pages\/2775"}],"collection":[{"href":"https:\/\/blogsaverroes.juntadeandalucia.es\/ieslagranja\/wp-json\/wp\/v2\/pages"}],"about":[{"href":"https:\/\/blogsaverroes.juntadeandalucia.es\/ieslagranja\/wp-json\/wp\/v2\/types\/page"}],"author":[{"embeddable":true,"href":"https:\/\/blogsaverroes.juntadeandalucia.es\/ieslagranja\/wp-json\/wp\/v2\/users\/11116"}],"replies":[{"embeddable":true,"href":"https:\/\/blogsaverroes.juntadeandalucia.es\/ieslagranja\/wp-json\/wp\/v2\/comments?post=2775"}],"version-history":[{"count":5,"href":"https:\/\/blogsaverroes.juntadeandalucia.es\/ieslagranja\/wp-json\/wp\/v2\/pages\/2775\/revisions"}],"predecessor-version":[{"id":8571,"href":"https:\/\/blogsaverroes.juntadeandalucia.es\/ieslagranja\/wp-json\/wp\/v2\/pages\/2775\/revisions\/8571"}],"wp:featuredmedia":[{"embeddable":true,"href":"https:\/\/blogsaverroes.juntadeandalucia.es\/ieslagranja\/wp-json\/wp\/v2\/media\/2778"}],"wp:attachment":[{"href":"https:\/\/blogsaverroes.juntadeandalucia.es\/ieslagranja\/wp-json\/wp\/v2\/media?parent=2775"}],"curies":[{"name":"wp","href":"https:\/\/api.w.org\/{rel}","templated":true}]}}